{"id":37304,"date":"2019-04-01T12:13:28","date_gmt":"2019-04-01T10:13:28","guid":{"rendered":"https:\/\/univet.hu\/?page_id=37304"},"modified":"2019-04-01T12:13:28","modified_gmt":"2019-04-01T10:13:28","slug":"magyary-kossa-gyula-1865-1944","status":"publish","type":"page","link":"https:\/\/univet.hu\/hu\/magyary-kossa-gyula-1865-1944\/","title":{"rendered":"Magyary-Kossa Gyula (1865-1944)"},"content":{"rendered":"<p>A gy\u00f3gyszertan \u00e9s m\u00e9regtan, valamint a n\u00f6v\u00e9nytan, illetve az \u00e1llatorvos-t\u00f6rt\u00e9net tan\u00e1ra.<\/p> <p>Tudom\u00e1nyos tev\u00e9kenys\u00e9ge a toxikus vegy\u00fcletek hat\u00e1smechanizmus\u00e1ra \u00e9s az azok okozta m\u00e9rgez\u00e9sek t\u00fcnettan\u00e1ra ir\u00e1nyult. Az \u00e1ltala kidolgozott m\u00e9szkimutat\u00e1si reakci\u00f3 ma is az \u0150 nev\u00e9t viseli. Szem\u00e9ly\u00e9ben a legnagyobb magyar orvos- \u00e9s \u00e1llatorvos-t\u00f6rt\u00e9n\u00e9szt tisztelhetj\u00fck.<\/p> <p>K\u00e9t \u00edzben rektor-helyettesi tiszts\u00e9get t\u00f6lt\u00f6tt be. A Magyar Tudom\u00e1nyos Akad\u00e9mia levelez\u0151 tagja.<\/p>","protected":false},"excerpt":{"rendered":"<p>A gy\u00f3gyszertan \u00e9s m\u00e9regtan, valamint a n\u00f6v\u00e9nytan, illetve az \u00e1llatorvos-t\u00f6rt\u00e9net tan\u00e1ra. Tudom\u00e1nyos tev\u00e9kenys\u00e9ge a toxikus vegy\u00fcletek hat\u00e1smechanizmus\u00e1ra \u00e9s az azok okozta m\u00e9rgez\u00e9sek t\u00fcnettan\u00e1ra ir\u00e1nyult. Az \u00e1ltala kidolgozott m\u00e9szkimutat\u00e1si reakci\u00f3 ma is az \u0150 nev\u00e9t viseli. Szem\u00e9ly\u00e9ben a legnagyobb magyar orvos- \u00e9s \u00e1llatorvos-t\u00f6rt\u00e9n\u00e9szt tisztelhetj\u00fck. K\u00e9t \u00edzben rektor-helyettesi tiszts\u00e9get t\u00f6lt\u00f6tt be. A Magyar Tudom\u00e1nyos Akad\u00e9mia levelez\u0151 tagja.<\/p>\n","protected":false},"author":7,"featured_media":0,"parent":0,"menu_order":68,"comment_status":"closed","ping_status":"closed","template":"","meta":{"_acf_changed":false,"footnotes":""},"categories":[],"tags":[],"class_list":["post-37304","page","type-page","status-publish","hentry"],"acf":[],"_links":{"self":[{"href":"https:\/\/univet.hu\/hu\/wp-json\/wp\/v2\/pages\/37304","targetHints":{"allow":["GET"]}}],"collection":[{"href":"https:\/\/univet.hu\/hu\/wp-json\/wp\/v2\/pages"}],"about":[{"href":"https:\/\/univet.hu\/hu\/wp-json\/wp\/v2\/types\/page"}],"author":[{"embeddable":true,"href":"https:\/\/univet.hu\/hu\/wp-json\/wp\/v2\/users\/7"}],"replies":[{"embeddable":true,"href":"https:\/\/univet.hu\/hu\/wp-json\/wp\/v2\/comments?post=37304"}],"version-history":[{"count":0,"href":"https:\/\/univet.hu\/hu\/wp-json\/wp\/v2\/pages\/37304\/revisions"}],"wp:attachment":[{"href":"https:\/\/univet.hu\/hu\/wp-json\/wp\/v2\/media?parent=37304"}],"wp:term":[{"taxonomy":"category","embeddable":true,"href":"https:\/\/univet.hu\/hu\/wp-json\/wp\/v2\/categories?post=37304"},{"taxonomy":"post_tag","embeddable":true,"href":"https:\/\/univet.hu\/hu\/wp-json\/wp\/v2\/tags?post=37304"}],"curies":[{"name":"wp","href":"https:\/\/api.w.org\/{rel}","templated":true}]}}