{"id":37358,"date":"2019-04-01T14:15:13","date_gmt":"2019-04-01T12:15:13","guid":{"rendered":"https:\/\/univet.hu\/?page_id=37358"},"modified":"2023-05-11T13:15:28","modified_gmt":"2023-05-11T11:15:28","slug":"2019-20","status":"publish","type":"page","link":"https:\/\/univet.hu\/hu\/oktatas\/tanulmanyi-osztaly\/a-tanev-idobeosztasa\/2019-20\/","title":{"rendered":"2019\/20"},"content":{"rendered":"<p style=\"text-align: center;\"><strong>A 2019\/2020. tan\u00e9v id\u0151beoszt\u00e1sa<\/strong><\/p> <p>&nbsp;<\/p> <p><strong><u>Els\u0151 f\u00e9l\u00e9v:<\/u><\/strong><\/p> <p>&nbsp;<\/p> <p><strong>G\u00f3lyat\u00e1bor:<\/strong>\u00a0\u00a0\u00a0\u00a0\u00a0\u00a0\u00a0\u00a0\u00a0\u00a0\u00a0\u00a0\u00a0\u00a0\u00a0\u00a0\u00a0\u00a0\u00a0\u00a0\u00a0\u00a0\u00a0\u00a0\u00a0\u00a0\u00a0\u00a0\u00a0\u00a0\u00a0\u00a0\u00a0\u00a0\u00a0\u00a0\u00a0\u00a0 2019. szeptember 2 \u2013 szeptember 4.<\/p> <p><strong>\u00a0<\/strong><\/p> <p><strong>Tan\u00e9vkezd\u00e9s:<\/strong>\u00a0\u00a0\u00a0\u00a0\u00a0\u00a0\u00a0\u00a0\u00a0\u00a0\u00a0\u00a0\u00a0\u00a0\u00a0\u00a0\u00a0\u00a0\u00a0\u00a0\u00a0\u00a0\u00a0\u00a0\u00a0\u00a0\u00a0\u00a0\u00a0\u00a0\u00a0\u00a0\u00a0\u00a0\u00a0\u00a0 2019. szeptember 9. (h\u00e9tf\u0151).<\/p> <p>&nbsp;<\/p> <p><strong>Tan\u00e9vnyit\u00f3 \u00fcnneps\u00e9g:<\/strong>\u00a0\u00a0\u00a0\u00a0\u00a0\u00a0\u00a0\u00a0\u00a0\u00a0\u00a0\u00a0\u00a0\u00a0\u00a0\u00a0\u00a0\u00a0\u00a0\u00a0\u00a0\u00a0\u00a0 2019. szeptember 6. (p\u00e9ntek) 10.00 \u00f3ra.<\/p> <p>&nbsp;<\/p> <p><strong>G\u00f3lyah\u00e9t:<\/strong>\u00a0\u00a0\u00a0\u00a0\u00a0\u00a0\u00a0\u00a0\u00a0\u00a0\u00a0\u00a0\u00a0\u00a0\u00a0\u00a0\u00a0\u00a0\u00a0\u00a0\u00a0\u00a0\u00a0\u00a0\u00a0\u00a0\u00a0\u00a0\u00a0\u00a0\u00a0\u00a0\u00a0\u00a0\u00a0\u00a0\u00a0\u00a0\u00a0\u00a0\u00a0\u00a0 2019. szeptember 9 \u201313-ig.<\/p> <p>&nbsp;<\/p> <p><strong>Beiratkoz\u00e1s I. \u00e9vf. hallgat\u00f3k r\u00e9sz\u00e9re: <\/strong> 2019. szeptember 6. (p\u00e9ntek)<\/p> <p>13.00 \u00f3ra \u00e1llatorvosi szak,<\/p> <p>14.00 \u00f3ra biol\u00f3gia BSc, illetve biol\u00f3gus MSc szak.<\/p> <p>&nbsp;<\/p> <p><strong>Bejelentkez\u00e9s az els\u0151 f\u00e9l\u00e9vre <\/strong><\/p> <p><strong>fels\u0151bb \u00e9vesek:<\/strong>\u00a0\u00a0\u00a0\u00a0\u00a0\u00a0\u00a0\u00a0\u00a0\u00a0\u00a0 \u00a0\u00a0\u00a0\u00a0\u00a0\u00a0\u00a0\u00a0\u00a0\u00a0\u00a0\u00a0\u00a0\u00a0\u00a0\u00a0\u00a0\u00a0\u00a0\u00a0\u00a0\u00a0\u00a0 2019. szeptember 9-t\u0151l \u00ad- 13-ig (szem\u00e9lyesen).<\/p> <p>&nbsp;<\/p> <p>A NEPTUN-rendszerben:\u00a0\u00a0\u00a0\u00a0\u00a0\u00a0\u00a0\u00a0\u00a0\u00a0\u00a0\u00a0\u00a0\u00a0\u00a0\u00a0\u00a0\u00a0\u00a0 2019. szeptember 6. 20.00 \u00f3r\u00e1t\u00f3l &#8211;<\/p> <ol start=\"2019\"> <li>szeptember 13. 13.00 \u00f3r\u00e1ig.<\/li> <\/ol> <p>&nbsp;<\/p> <p><strong>Oktat\u00e1si id\u0151szak:<\/strong>\u00a0\u00a0\u00a0\u00a0\u00a0\u00a0\u00a0\u00a0\u00a0\u00a0\u00a0\u00a0\u00a0\u00a0\u00a0\u00a0\u00a0\u00a0\u00a0\u00a0\u00a0\u00a0\u00a0\u00a0\u00a0\u00a0\u00a0\u00a0\u00a0\u00a0 2019. szeptember 9-t\u0151l &#8211; 2019. december 13-ig.<\/p> <p>&nbsp;<\/p> <p><strong>Diplomahonos\u00edt\u00f3 vizsg\u00e1k:<\/strong> 2019. szeptember 16., 17., 2020. febru\u00e1r 3., 4. m\u00e1jus 18., 19.<\/p> <p>&nbsp;<\/p> <p><strong>Dolgoz\u00f3i-Hallgat\u00f3i piknik \u00e9s \u00d6k\u00f6rs\u00fct\u00e9s: <\/strong>2019. szeptember 18. (szerda)<\/p> <p><strong>\u00a0<\/strong><\/p> <p><strong>Hetesi gyakorlat<\/strong> az \u00e1llatorvosi szak (magyar nyelv\u0171 k\u00e9pz\u00e9s) 1., 2., 3. \u00e9vfolyama sz\u00e1m\u00e1ra:<\/p> <p>&nbsp;<\/p> <ol start=\"2019\"> <li>szeptember 16 &#8211; december 6-ig.<\/li> <\/ol> <p>&nbsp;<\/p> <p><strong>Z\u00e1r\u00f3vizsga, \u00e1llatorvosi szak:<\/strong> (magyar, idegen nyelv\u0171 k\u00e9pz\u00e9s)<\/p> <p><strong>\u00a0<\/strong><\/p> <ol start=\"11\"> <li>gyakorlati f\u00e9l\u00e9v: 2019. szeptember 2-t\u0151l 2020. janu\u00e1r 17-ig<\/li> <\/ol> <p>(sz\u00fcnet: 2019. december 23-2020. janu\u00e1r 5-ig)<\/p> <p>Szakdolgozat-lead\u00e1s:\u00a0\u00a0\u00a0\u00a0\u00a0\u00a0\u00a0\u00a0\u00a0\u00a0\u00a0\u00a0\u00a0\u00a0 2019. november 22. (p\u00e9ntek).<\/p> <p>z\u00e1r\u00f3vizsga-id\u0151szak:\u00a0\u00a0\u00a0\u00a0\u00a0\u00a0\u00a0\u00a0\u00a0\u00a0\u00a0\u00a0\u00a0\u00a0\u00a0\u00a0 2020. febru\u00e1r 3-t\u0151l febru\u00e1r 7-ig<\/p> <p>(esetleges ut\u00f3vizsg\u00e1k: 2020. febru\u00e1r 10-t\u0151l 14-ig).<\/p> <p>&nbsp;<\/p> <p><strong>Keresztf\u00e9l\u00e9ves gyakorlat:<\/strong><\/p> <p>&nbsp;<\/p> <p>Kiz\u00e1r\u00f3lag a 11 f\u00e9l\u00e9ves mintatanterv szerint tanul\u00f3 <strong>idegen nyelv\u0171 k\u00e9pz\u00e9s<\/strong> hallgat\u00f3i sz\u00e1m\u00e1ra, csak k\u00fclf\u00f6ldi gyakorlati helyeken<\/p> <p>&nbsp;<\/p> <p>Gyakorlati f\u00e9l\u00e9v:\u00a0\u00a0\u00a0\u00a0\u00a0\u00a0\u00a0\u00a0\u00a0\u00a0\u00a0\u00a0\u00a0\u00a0\u00a0\u00a0\u00a0\u00a0\u00a0\u00a0\u00a0\u00a0\u00a0\u00a0\u00a0\u00a0\u00a0\u00a0\u00a0\u00a0\u00a0\u00a0 2020. janu\u00e1r 13 &#8211; 2020. m\u00e1jus 15.<\/p> <ol start=\"11\"> <li>f\u00e9l\u00e9vre bejelentkez\u00e9s: A jogosult hallgat\u00f3k sz\u00e1m\u00e1ra kiadott e-mailes t\u00e1j\u00e9koztat\u00e1s alapj\u00e1n.<\/li> <\/ol> <p>&nbsp;<\/p> <p>A keresztf\u00e9l\u00e9ves gyakorlat szerint halad\u00f3 hallgat\u00f3k r\u00e9sz\u00e9re<\/p> <p>&nbsp;<\/p> <p>Szakdolgozat-lead\u00e1s:\u00a0\u00a0\u00a0\u00a0\u00a0\u00a0\u00a0\u00a0\u00a0\u00a0\u00a0\u00a0\u00a0\u00a0 2020. m\u00e1rcius 30. (h\u00e9tf\u0151).<\/p> <p>z\u00e1r\u00f3vizsga-id\u0151szak:\u00a0\u00a0\u00a0\u00a0\u00a0\u00a0\u00a0\u00a0\u00a0\u00a0\u00a0\u00a0\u00a0\u00a0\u00a0\u00a0 2020. j\u00fanius 2-t\u0151l 2020. j\u00fanius 5-ig<\/p> <p>(esetleges ut\u00f3vizsg\u00e1k: 2020. j\u00fanius 8-t\u00f3l 12-ig).<\/p> <p>&nbsp;<\/p> <p><strong>G\u00f3lyab\u00e1l:<\/strong>\u00a0\u00a0\u00a0\u00a0\u00a0\u00a0 \u00a0\u00a0\u00a0\u00a0\u00a0\u00a0\u00a0\u00a0\u00a0\u00a0\u00a0\u00a0\u00a0\u00a0\u00a0\u00a0\u00a0\u00a0\u00a0\u00a0\u00a0\u00a0\u00a0\u00a0\u00a0\u00a0\u00a0\u00a0\u00a0\u00a0\u00a0\u00a0\u00a0\u00a0\u00a0 2019. november 9. (szombat).<\/p> <p>&nbsp;<\/p> <p><strong>Tudom\u00e1nyos Di\u00e1kk\u00f6ri Konferencia: <\/strong> 2019. november 20. (szerda).<\/p> <p>&nbsp;<\/p> <p><strong>Ny\u00edlt Nap:<\/strong>\u00a0\u00a0\u00a0\u00a0\u00a0\u00a0\u00a0\u00a0\u00a0\u00a0\u00a0\u00a0\u00a0\u00a0\u00a0\u00a0\u00a0\u00a0\u00a0\u00a0\u00a0\u00a0\u00a0\u00a0\u00a0\u00a0\u00a0\u00a0\u00a0\u00a0\u00a0\u00a0\u00a0\u00a0\u00a0\u00a0\u00a0\u00a0\u00a0\u00a0\u00a0 2019. december 4. (szerda) 15.00 \u00f3ra.<\/p> <p><strong>Vizsgaid\u0151szak <\/strong><\/p> <p><strong>\u00a0<\/strong><\/p> <p>(I-V. \u00e9vfolyam, minden szak:) \u00a0\u00a0\u00a0\u00a0\u00a0\u00a0\u00a0\u00a0\u00a0\u00a0\u00a0 2019. december 16 &#8211; 20. \u00e9s 2020. janu\u00e1r 2- janu\u00e1r 31.<\/p> <p>&nbsp;<\/p> <p>Rektori, rektorhelyettesi k\u00e9relmek lead\u00e1sa: 2020. janu\u00e1r 30. cs\u00fct\u00f6rt\u00f6k 10.00 \u00f3r\u00e1ig, illetve a janu\u00e1r 31-\u00e9n az adott tant\u00e1rgyb\u00f3l vizsg\u00e1z\u00f3 hallgat\u00f3k r\u00e9sz\u00e9re 2020. febru\u00e1r 3. (h\u00e9tf\u0151) 10.00 \u00f3r\u00e1ig.<\/p> <p>Az energiatakar\u00e9kos \u00fczemeltet\u00e9s \u00e9rdek\u00e9ben 2019. december 24. \u00e9s 2020. janu\u00e1r 1. k\u00f6z\u00f6tt z\u00e1rva lesz az Egyetem, ezen id\u0151szak rendk\u00edv\u00fcli vizsg\u00e1ztat\u00e1s c\u00e9lj\u00e1ra sem jel\u00f6lhet\u0151 ki.<\/p> <p>&nbsp;<\/p> <p><strong>\u00dcnnepnapok, munkasz\u00fcneti napok: <\/strong><\/p> <p><strong>\u00a0<\/strong><\/p> <ol start=\"2019\"> <li>okt\u00f3ber 23. (szerda) az 1956-os Forradalom \u00dcnnepe, november 1. (p\u00e9ntek) Mindenszentek, 2019. december 25., 26. (szerda, cs\u00fct\u00f6rt\u00f6k) Kar\u00e1csony, valamint 2020. janu\u00e1r 1. (szerda).<\/li> <\/ol> <p>&nbsp;<\/p> <p><strong>Munkanap- \u00e1thelyez\u00e9s: <\/strong><\/p> <p><strong>\u00a0<\/strong><\/p> <p>Munkanap szombati napok: 2019. december 7., december 14.<\/p> <p>Pihen\u0151nap: december 24. (kedd), december 27. (p\u00e9ntek)<\/p> <p>&nbsp;<\/p> <p><strong><u>M\u00e1sodik f\u00e9l\u00e9v:<\/u><\/strong><\/p> <p><u>\u00a0<\/u><\/p> <p><strong>Bejelentkez\u00e9s a m\u00e1sodik f\u00e9l\u00e9vre:<\/strong>\u00a0\u00a0\u00a0\u00a0\u00a0\u00a0\u00a0 2020. febru\u00e1r 3-t\u0151l &#8211; 2020. febru\u00e1r 7-ig szem\u00e9lyesen.<\/p> <p>&nbsp;<\/p> <p>A NEPTUN- rendszerben:\u00a0\u00a0\u00a0\u00a0\u00a0\u00a0\u00a0\u00a0\u00a0\u00a0\u00a0\u00a0\u00a0\u00a0\u00a0\u00a0\u00a0\u00a0 2020. febru\u00e1r 3. 20.00 \u00f3r\u00e1t\u00f3l &#8211; 2020. febru\u00e1r 7. 23.00 \u00f3r\u00e1ig.<\/p> <p>&nbsp;<\/p> <p><strong>\u00c1llatorvos doktorr\u00e1 avat\u00f3 diplomaoszt\u00f3 \u00fcnneps\u00e9g: <\/strong>\u00a0\u00a0\u00a0\u00a0\u00a0\u00a0\u00a0\u00a0\u00a0\u00a0\u00a0\u00a0\u00a0 2020. febru\u00e1r 28. (p\u00e9ntek) 10.00 \u00f3ra<\/p> <p>(rektori sz\u00fcnet: 10.00 \u00e9s 13.00 \u00f3ra k\u00f6z\u00f6tt).<\/p> <p><strong>Oktat\u00e1si id\u0151szak:<\/strong><\/p> <ol start=\"2020\"> <li>febru\u00e1r 3-t\u00f3l 2020. m\u00e1jus 15-ig.<\/li> <\/ol> <p><strong>\u00a0<\/strong><\/p> <p><strong>Hetesi gyakorlat<\/strong> az \u00e1llatorvosi szak (magyar nyelv\u0171 k\u00e9pz\u00e9s) 1., 2., 3. \u00e9vfolyama sz\u00e1m\u00e1ra:<\/p> <p>&nbsp;<\/p> <ol start=\"2020\"> <li>febru\u00e1r 17- m\u00e1jus 8-ig.<\/li> <\/ol> <p><strong>\u00a0<\/strong><\/p> <p><strong>\u00c1llatorvosi Hallgat\u00f3i Koncert: \u00a0\u00a0\u00a0\u00a0\u00a0\u00a0\u00a0\u00a0\u00a0\u00a0\u00a0\u00a0\u00a0\u00a0\u00a0\u00a0\u00a0\u00a0\u00a0\u00a0\u00a0 <\/strong>2020. \u00e1prilis 1. (szerda) 17.00<\/p> <p>&nbsp;<\/p> <p><strong>\u00c1ll\u00e1sb\u00f6rze:<\/strong>\u00a0\u00a0\u00a0\u00a0\u00a0\u00a0\u00a0\u00a0\u00a0\u00a0\u00a0\u00a0\u00a0\u00a0\u00a0\u00a0\u00a0\u00a0\u00a0\u00a0\u00a0\u00a0\u00a0\u00a0\u00a0\u00a0\u00a0\u00a0\u00a0\u00a0\u00a0\u00a0\u00a0\u00a0\u00a0\u00a0\u00a0\u00a0\u00a0\u00a0\u00a0\u00a0\u00a0\u00a0\u00a0\u00a0\u00a0\u00a0\u00a0\u00a0\u00a0 2020. febru\u00e1r 13. (cs\u00fct\u00f6rt\u00f6k) 10.00<\/p> <p>(rektori sz\u00fcnet: 13.00 \u00f3r\u00e1t\u00f3l a magyar nyelv\u0171 k\u00e9pz\u00e9s<\/p> <p>hallgat\u00f3i sz\u00e1m\u00e1ra).<\/p> <p>&nbsp;<\/p> <p><strong>Equus napok:<\/strong> \u00a0\u00a0\u00a0\u00a0\u00a0\u00a0\u00a0\u00a0\u00a0\u00a0\u00a0\u00a0\u00a0\u00a0\u00a0\u00a0\u00a0\u00a0\u00a0\u00a0\u00a0\u00a0\u00a0\u00a0\u00a0\u00a0\u00a0\u00a0\u00a0\u00a0\u00a0\u00a0\u00a0\u00a0\u00a0\u00a0\u00a0\u00a0\u00a0\u00a0\u00a0\u00a0\u00a0\u00a0\u00a0\u00a0 2020. \u00e1prilis 15 &#8211; 19.<\/p> <p>&nbsp;<\/p> <p><strong>Nemzetk\u00f6zi nap:<\/strong> \u00a0\u00a0\u00a0\u00a0\u00a0\u00a0\u00a0\u00a0\u00a0\u00a0\u00a0\u00a0\u00a0\u00a0\u00a0\u00a0\u00a0\u00a0\u00a0\u00a0\u00a0\u00a0\u00a0\u00a0\u00a0\u00a0\u00a0\u00a0\u00a0\u00a0\u00a0\u00a0\u00a0\u00a0\u00a0\u00a0\u00a0\u00a0\u00a0\u00a0\u00a0\u00a0 2020. \u00e1prilis 15. szerda<\/p> <p>&nbsp;<\/p> <p><strong>Rektori sz\u00fcnet:<\/strong>\u00a0\u00a0\u00a0\u00a0\u00a0\u00a0\u00a0\u00a0\u00a0\u00a0\u00a0\u00a0\u00a0\u00a0\u00a0\u00a0\u00a0\u00a0\u00a0\u00a0\u00a0\u00a0\u00a0\u00a0\u00a0\u00a0\u00a0\u00a0\u00a0\u00a0\u00a0\u00a0\u00a0\u00a0\u00a0\u00a0\u00a0\u00a0\u00a0\u00a0\u00a0\u00a0\u00a0\u00a0\u00a0 2020. \u00e1prilis 6-t\u0151l 2020. \u00e1prilis 13-ig.<\/p> <p>&nbsp;<\/p> <p><strong>Ballag\u00e1s:<\/strong>\u00a0\u00a0\u00a0\u00a0\u00a0\u00a0\u00a0\u00a0\u00a0\u00a0\u00a0\u00a0\u00a0\u00a0\u00a0\u00a0\u00a0\u00a0\u00a0\u00a0\u00a0\u00a0\u00a0\u00a0\u00a0\u00a0\u00a0\u00a0\u00a0\u00a0\u00a0 \u00a0\u00a0\u00a0\u00a0\u00a0\u00a0\u00a0\u00a0\u00a0\u00a0\u00a0\u00a0\u00a0\u00a0\u00a0\u00a0\u00a0\u00a0\u00a0\u00a0\u00a0\u00a0\u00a0 2020. m\u00e1jus 15. (p\u00e9ntek) 13.00 \u00f3ra<\/p> <p>(rektori sz\u00fcnet: 12.00 \u00f3r\u00e1t\u00f3l).<\/p> <p>&nbsp;<\/p> <p><strong>H\u0151s\u00f6k napja:<\/strong>\u00a0\u00a0\u00a0\u00a0\u00a0\u00a0\u00a0\u00a0\u00a0\u00a0\u00a0\u00a0\u00a0\u00a0\u00a0\u00a0\u00a0\u00a0\u00a0\u00a0\u00a0\u00a0\u00a0\u00a0\u00a0\u00a0\u00a0\u00a0\u00a0\u00a0\u00a0\u00a0\u00a0\u00a0\u00a0\u00a0\u00a0\u00a0\u00a0\u00a0\u00a0\u00a0\u00a0\u00a0\u00a0\u00a0\u00a0\u00a0 2020. m\u00e1jus 29. (p\u00e9ntek) 11.00 \u00f3ra<\/p> <p>&nbsp;<\/p> <p><strong>Z\u00e1r\u00f3vizsga biol\u00f3gusk\u00e9pz\u00e9s:<\/strong><\/p> <p><strong>\u00a0<\/strong><\/p> <p>Diplomadolgozat-lead\u00e1s:\u00a0\u00a0\u00a0\u00a0\u00a0\u00a0\u00a0\u00a0\u00a0\u00a0\u00a0\u00a0\u00a0\u00a0\u00a0\u00a0\u00a0\u00a0\u00a0\u00a0 2020. \u00e1prilis 24.<\/p> <p>Diplomadolgozat-v\u00e9d\u00e9s:\u00a0\u00a0\u00a0\u00a0\u00a0\u00a0\u00a0\u00a0\u00a0\u00a0\u00a0\u00a0\u00a0\u00a0\u00a0\u00a0\u00a0\u00a0\u00a0\u00a0\u00a0 2020. m\u00e1jus 25. (h\u00e9tf\u0151) biol\u00f3gia BSc<\/p> <ol start=\"2020\"> <li>m\u00e1jus 26. (kedd) biol\u00f3gus MSc<\/li> <\/ol> <p>&nbsp;<\/p> <p>Z\u00e1r\u00f3vizsga:\u00a0\u00a0\u00a0\u00a0\u00a0\u00a0\u00a0\u00a0\u00a0\u00a0\u00a0\u00a0\u00a0\u00a0\u00a0\u00a0\u00a0\u00a0\u00a0\u00a0\u00a0\u00a0\u00a0\u00a0\u00a0\u00a0\u00a0\u00a0\u00a0\u00a0\u00a0\u00a0\u00a0\u00a0\u00a0\u00a0\u00a0\u00a0\u00a0\u00a0 2020. j\u00fanius 16. kedd (BSc),<\/p> <ol start=\"2020\"> <li>j\u00fanius 17. szerda (MSc).<\/li> <\/ol> <p><strong>\u00a0<\/strong><\/p> <p><strong>Vizsgaid\u0151szak<\/strong><\/p> <p>&nbsp;<\/p> <p>az I &#8211; V. \u00e9vfolyam r\u00e9sz\u00e9re (minden szak):\u00a0\u00a0\u00a0\u00a0\u00a0\u00a0\u00a0\u00a0 2020. m\u00e1jus 18-t\u00f3l 2020. j\u00fanius 26-ig.<\/p> <p>&nbsp;<\/p> <p>Rektori, rektorhelyettesi k\u00e9relmek lead\u00e1sa: 2020. j\u00fanius 25. cs\u00fct\u00f6rt\u00f6k 10.00 \u00f3r\u00e1ig, illetve a j\u00fanius 25-\u00e9n \u00e9s j\u00fanius 26-\u00e1n az adott tant\u00e1rgyb\u00f3l vizsg\u00e1z\u00f3 hallgat\u00f3k r\u00e9sz\u00e9re 2020. j\u00falius 1. (h\u00e9tf\u0151) 10.00 \u00f3r\u00e1ig.<\/p> <p><strong>\u00a0<\/strong><\/p> <p><strong>Biol\u00f3gus diplomaoszt\u00f3 \u00fcnneps\u00e9g:<\/strong>\u00a0\u00a0\u00a0\u00a0\u00a0\u00a0\u00a0\u00a0\u00a0\u00a0\u00a0\u00a0\u00a0\u00a0\u00a0\u00a0\u00a0 2020. j\u00fanius 26. (p\u00e9ntek).<\/p> <p>&nbsp;<\/p> <p><strong>\u00dcnnepnapok, munkasz\u00fcneti napok:<\/strong><\/p> <p>&nbsp;<\/p> <ol start=\"2020\"> <li>m\u00e1rcius 15. (vas\u00e1rnap) Nemzeti \u00dcnnep, \u00e1prilis 10. (p\u00e9ntek) Nagyp\u00e9ntek, \u00e1prilis 13. (H\u00fasv\u00e9t h\u00e9tf\u0151), m\u00e1jus 1. (p\u00e9ntek) Munka \u00dcnnepe, j\u00fanius 1. (h\u00e9tf\u0151) (P\u00fcnk\u00f6sd h\u00e9tf\u0151), <strong><em>\u00e1prilis 13. (h\u00e9tf\u0151), az oktat\u00e1si sz\u00fcnet helyett oktat\u00e1si nap \u00e1prilis 18. (szombat) h\u00e9tf\u0151i munkarend szerint. <\/em><\/strong><\/li> <\/ol> <p><strong><u>\u00a0<\/u><\/strong><\/p> <p><strong><u>Szakmai gyakorlatok \u00e1llatorvostan- hallgat\u00f3k sz\u00e1m\u00e1ra<\/u><\/strong><\/p> <p>II. \u00e9vfolyam: 2 h\u00e9t \u00e1llatteny\u00e9szt\u00e9si \u00a0\u00a0\u00a0\u00a0\u00a0\u00a0\u00a0\u00a0\u00a0\u00a0 2020. j\u00fanius 29-t\u0151l 2020. j\u00falius 10-ig.<\/p> <p>III. \u00e9vfolyam:\u00a0\u00a0 2 h\u00e9t takarm\u00e1nyoz\u00e1stani \u00a0\u00a0\u00a0\u00a0\u00a0\u00a0\u00a0\u00a0\u00a0 2020. j\u00fanius 29-t\u0151l 2020. j\u00falius 10-ig.<\/p> <p>IV. \u00e9vfolyam: 4 h\u00e9t orvosl\u00e1si 2020. j\u00fanius 29. \u00e9s 2020. szeptember 4. k\u00f6z\u00f6tt<\/p> <p>(ebb\u0151l <strong>kett\u0151 <\/strong>hetet az Egyetem egyik klinik\u00e1j\u00e1n kell elt\u00f6lteni)<\/p> <p>&nbsp;<\/p> <p><strong><u>Szakmai gyakorlatok a biol\u00f3gia BSc-szak hallgat\u00f3i sz\u00e1m\u00e1ra<\/u><\/strong><\/p> <p><strong><u>\u00a0<\/u><\/strong><\/p> <ol> <li>\u00e9vfolyam: 2 h\u00e9t Terepgyakorlat 1., 2. \u00a0\u00a0\u00a0\u00a0\u00a0\u00a0\u00a0\u00a0\u00a0\u00a0\u00a0 2020. j\u00fanius 29-t\u0151l 2020. j\u00falius 10-ig.<\/li> <li>\u00e9vfolyam: 2 h\u00e9t Terepgyakorlat 3., 4. 2020. j\u00fanius 29-t\u0151l 2020. j\u00falius 10-ig.<\/li> <\/ol> <p>&nbsp;<\/p>","protected":false},"excerpt":{"rendered":"<p>A 2019\/2020. tan\u00e9v id\u0151beoszt\u00e1sa &nbsp; Els\u0151 f\u00e9l\u00e9v: &nbsp; G\u00f3lyat\u00e1bor:\u00a0\u00a0\u00a0\u00a0\u00a0\u00a0\u00a0\u00a0\u00a0\u00a0\u00a0\u00a0\u00a0\u00a0\u00a0\u00a0\u00a0\u00a0\u00a0\u00a0\u00a0\u00a0\u00a0\u00a0\u00a0\u00a0\u00a0\u00a0\u00a0\u00a0\u00a0\u00a0\u00a0\u00a0\u00a0\u00a0\u00a0\u00a0 2019. szeptember 2 \u2013 szeptember 4. \u00a0 Tan\u00e9vkezd\u00e9s:\u00a0\u00a0\u00a0\u00a0\u00a0\u00a0\u00a0\u00a0\u00a0\u00a0\u00a0\u00a0\u00a0\u00a0\u00a0\u00a0\u00a0\u00a0\u00a0\u00a0\u00a0\u00a0\u00a0\u00a0\u00a0\u00a0\u00a0\u00a0\u00a0\u00a0\u00a0\u00a0\u00a0\u00a0\u00a0\u00a0 2019. szeptember 9. (h\u00e9tf\u0151). &nbsp; Tan\u00e9vnyit\u00f3 \u00fcnneps\u00e9g:\u00a0\u00a0\u00a0\u00a0\u00a0\u00a0\u00a0\u00a0\u00a0\u00a0\u00a0\u00a0\u00a0\u00a0\u00a0\u00a0\u00a0\u00a0\u00a0\u00a0\u00a0\u00a0\u00a0 2019. szeptember 6. (p\u00e9ntek) 10.00 \u00f3ra. &nbsp; G\u00f3lyah\u00e9t:\u00a0\u00a0\u00a0\u00a0\u00a0\u00a0\u00a0\u00a0\u00a0\u00a0\u00a0\u00a0\u00a0\u00a0\u00a0\u00a0\u00a0\u00a0\u00a0\u00a0\u00a0\u00a0\u00a0\u00a0\u00a0\u00a0\u00a0\u00a0\u00a0\u00a0\u00a0\u00a0\u00a0\u00a0\u00a0\u00a0\u00a0\u00a0\u00a0\u00a0\u00a0\u00a0 2019. szeptember 9 \u201313-ig. &nbsp; Beiratkoz\u00e1s I. \u00e9vf. hallgat\u00f3k r\u00e9sz\u00e9re: 2019. szeptember 6. (p\u00e9ntek) 13.00 \u00f3ra \u00e1llatorvosi szak, 14.00 \u00f3ra biol\u00f3gia BSc, illetve<\/p>\n","protected":false},"author":5823,"featured_media":0,"parent":635,"menu_order":108,"comment_status":"closed","ping_status":"closed","template":"","meta":{"_acf_changed":false,"footnotes":""},"categories":[],"tags":[],"class_list":["post-37358","page","type-page","status-publish","hentry"],"acf":[],"_links":{"self":[{"href":"https:\/\/univet.hu\/hu\/wp-json\/wp\/v2\/pages\/37358","targetHints":{"allow":["GET"]}}],"collection":[{"href":"https:\/\/univet.hu\/hu\/wp-json\/wp\/v2\/pages"}],"about":[{"href":"https:\/\/univet.hu\/hu\/wp-json\/wp\/v2\/types\/page"}],"author":[{"embeddable":true,"href":"https:\/\/univet.hu\/hu\/wp-json\/wp\/v2\/users\/5823"}],"replies":[{"embeddable":true,"href":"https:\/\/univet.hu\/hu\/wp-json\/wp\/v2\/comments?post=37358"}],"version-history":[{"count":0,"href":"https:\/\/univet.hu\/hu\/wp-json\/wp\/v2\/pages\/37358\/revisions"}],"up":[{"embeddable":true,"href":"https:\/\/univet.hu\/hu\/wp-json\/wp\/v2\/pages\/635"}],"wp:attachment":[{"href":"https:\/\/univet.hu\/hu\/wp-json\/wp\/v2\/media?parent=37358"}],"wp:term":[{"taxonomy":"category","embeddable":true,"href":"https:\/\/univet.hu\/hu\/wp-json\/wp\/v2\/categories?post=37358"},{"taxonomy":"post_tag","embeddable":true,"href":"https:\/\/univet.hu\/hu\/wp-json\/wp\/v2\/tags?post=37358"}],"curies":[{"name":"wp","href":"https:\/\/api.w.org\/{rel}","templated":true}]}}