{"id":37361,"date":"2019-04-01T14:16:47","date_gmt":"2019-04-01T12:16:47","guid":{"rendered":"https:\/\/univet.hu\/?page_id=37361"},"modified":"2023-05-11T13:15:39","modified_gmt":"2023-05-11T11:15:39","slug":"2018-19","status":"publish","type":"page","link":"https:\/\/univet.hu\/hu\/oktatas\/tanulmanyi-osztaly\/a-tanev-idobeosztasa\/2018-19\/","title":{"rendered":"2018\/19"},"content":{"rendered":"<p lang=\"en-GB\" align=\"center\"><span style=\"font-size: small;\"><b><span lang=\"hu-HU\">A 2018\/2019. tan\u00e9v id\u0151beoszt\u00e1sa<\/span><\/b><\/span><\/p> <p class=\"western\" align=\"justify\"><span style=\"font-size: large;\"><u><b>Els\u0151 f\u00e9l\u00e9v:<\/b><\/u><\/span><\/p> <p class=\"western\" align=\"justify\"><span style=\"font-size: small;\"><b>G\u00f3lyat\u00e1bor:<\/b><\/span><span style=\"font-size: small;\"> 2018. szeptember 3 \u2013 szeptember 5. <\/span><\/p> <p class=\"western\" align=\"justify\"><span style=\"font-size: small;\"><b>Tan\u00e9vkezd\u00e9s:<\/b><\/span><span style=\"font-size: small;\"> 2018. szeptember 10. (h\u00e9tf\u0151).<\/span><\/p> <p class=\"western\" align=\"justify\"><span style=\"font-size: small;\"><b>Tan\u00e9vnyit\u00f3 \u00fcnneps\u00e9g:<\/b><\/span><span style=\"font-size: small;\"> 2018. szeptember 7. (p\u00e9ntek) 10.00 \u00f3ra.<\/span><\/p> <p class=\"western\" align=\"justify\"><span style=\"font-size: small;\"><b>G\u00f3lyah\u00e9t:<\/b><\/span><span style=\"font-size: small;\"> 2018. szeptember 10 \u201314-ig.<\/span><\/p> <p class=\"western\" align=\"justify\"><span style=\"font-size: small;\"><b>Beiratkoz\u00e1s I. \u00e9vf. hallgat\u00f3k r\u00e9sz\u00e9re: <\/b><\/span><span style=\"font-size: small;\"> 2018. szeptember 7. (p\u00e9ntek) <\/span><\/p> <p class=\"western\" align=\"justify\"><span style=\"font-size: small;\">13.00 \u00f3ra \u00e1llatorvosi szak, <\/span><\/p> <p class=\"western\" align=\"justify\"><span style=\"font-size: small;\">14.00 \u00f3ra biol\u00f3gia BSc, illetve biol\u00f3gus MSc szak.<\/span><\/p> <p class=\"western\" align=\"justify\"><span style=\"font-size: small;\"><b>Bejelentkez\u00e9s az els\u0151 f\u00e9l\u00e9vre <\/b><\/span><\/p> <p class=\"western\" align=\"justify\"><span style=\"font-size: small;\"><b>fels\u0151bb \u00e9vesek:<\/b><\/span><span style=\"font-size: small;\"> 2018. szeptember 10-t\u0151l \u00ad- 14-ig (szem\u00e9lyesen).<\/span><\/p> <p class=\"western\" align=\"justify\"><span style=\"font-size: small;\"><span lang=\"de-DE\">A NEPTUN-rendszerben: 2018. szeptember 7. 20.00 \u00f3r\u00e1t\u00f3l &#8211;<\/span><\/span><\/p> <p class=\"western\" align=\"justify\"><span style=\"font-size: small;\"><span lang=\"de-DE\">2018. szeptember 14. 13.00 \u00f3r\u00e1ig.<\/span><\/span><\/p> <p class=\"western\" align=\"justify\"><span style=\"font-size: small;\"><span lang=\"de-DE\"><b>Oktat\u00e1si id\u0151szak:<\/b><\/span><\/span><span style=\"font-size: small;\"><span lang=\"de-DE\"> 2018. szeptember 10-t\u0151l &#8211; 2018. december 14-ig.<\/span><\/span><\/p> <p class=\"western\" align=\"justify\"><span style=\"font-size: small;\"><span lang=\"de-DE\"><b>Diplomahonos\u00edt\u00f3 vizsg\u00e1k:<\/b><\/span><\/span><span style=\"font-size: small;\"><span lang=\"de-DE\"> 2018. szeptember 17., 18., 2019. febru\u00e1r 4., 5. m\u00e1jus 20., 21.<\/span><\/span><\/p> <p class=\"western\" align=\"justify\"><span style=\"font-size: small;\"><span lang=\"de-DE\"><b>Dolgoz\u00f3i-Hallgat\u00f3i piknik \u00e9s \u00d6k\u00f6rs\u00fct\u00e9s: <\/b><\/span><\/span><span style=\"font-size: small;\"><span lang=\"de-DE\">2018. szeptember 19. (szerda)<\/span><\/span><\/p> <p class=\"western\" align=\"justify\"><span style=\"font-size: small;\"><span lang=\"de-DE\"><b>Hetesi gyakorlat<\/b><\/span><\/span><span style=\"font-size: small;\"><span lang=\"de-DE\"> az \u00e1llatorvosi szak (magyar nyelv\u0171 k\u00e9pz\u00e9s) 1., 2. \u00e9vfolyama sz\u00e1m\u00e1ra: <\/span><\/span><\/p> <p class=\"western\" lang=\"de-DE\" align=\"justify\"><span style=\"font-size: small;\">2018. szeptember 17- december 7-ig.<\/span><\/p> <p class=\"western\" align=\"justify\"><span lang=\"de-DE\"><b>Z\u00e1r\u00f3vizsga, \u00e1llatorvosi szak:<\/b><\/span><span style=\"font-size: small;\"><span lang=\"de-DE\"> (magyar, idegen nyelv\u0171 k\u00e9pz\u00e9s) <\/span><\/span><\/p> <p class=\"western\" align=\"justify\"><span style=\"font-size: small;\"><span lang=\"de-DE\">11. gyakorlati f\u00e9l\u00e9v: 2018. szeptember 3-t\u00f3l 2019. janu\u00e1r 18-ig <\/span><\/span><\/p> <p class=\"western\" align=\"justify\"><span style=\"font-size: small;\"><span lang=\"de-DE\">(sz\u00fcnet: 2018. december 17-31-ig)<\/span><\/span><\/p> <p class=\"western\" align=\"justify\"><span style=\"font-size: small;\"><span lang=\"de-DE\">Sz<\/span><\/span><span style=\"font-size: small;\"><span lang=\"en-GB\">akdolgozat-lead\u00e1s: 2018. november 23. (p\u00e9ntek).<\/span><\/span><\/p> <p class=\"western\" align=\"justify\"><span style=\"font-size: small;\"><span lang=\"en-GB\"> z\u00e1r\u00f3vizsga-id\u0151szak: 2019. febru\u00e1r 4-t\u0151l febru\u00e1r 8-ig<\/span><\/span><\/p> <p class=\"western\" align=\"justify\"><span style=\"font-size: small;\"><span lang=\"en-GB\"> (esetleges ut\u00f3vizsg\u00e1k: 2019. febru\u00e1r 11-t\u0151l 15-ig).<\/span><\/span><\/p> <p class=\"western\" lang=\"en-GB\" align=\"justify\"><span style=\"font-size: small;\"><b>Keresztf\u00e9l\u00e9ves gyakorlat:<\/b><\/span><\/p> <p class=\"western\" align=\"justify\"><span style=\"font-size: small;\"><span lang=\"en-GB\">Kiz\u00e1r\u00f3lag a 11 f\u00e9l\u00e9ves mintatanterv szerint tanul\u00f3 <\/span><\/span><span style=\"font-size: small;\"><span lang=\"en-GB\"><b>idegen nyelv\u0171 k\u00e9pz\u00e9s<\/b><\/span><\/span><span style=\"font-size: small;\"><span lang=\"en-GB\"> hallgat\u00f3i sz\u00e1m\u00e1ra, csak k\u00fclf\u00f6ldi gyakorlati helyeken<\/span><\/span><\/p> <p class=\"western\" align=\"justify\"><span style=\"font-size: small;\"><span lang=\"fr-FR\">Gyakorlati f\u00e9l\u00e9v: 2019. janu\u00e1r 14 &#8211; 2019. m\u00e1jus 17.<\/span><\/span><\/p> <p class=\"western\" align=\"justify\"><span style=\"font-size: small;\"><span lang=\"fr-FR\">11. f\u00e9l\u00e9vre bejelentkez\u00e9s: A jogosult hallgat\u00f3k sz\u00e1m\u00e1ra kiadott e-mailes t\u00e1j\u00e9koztat\u00e1s alapj\u00e1n.<\/span><\/span><\/p> <p class=\"western\" align=\"justify\"><span style=\"font-size: small;\"><span lang=\"fr-FR\">A keresztf\u00e9l\u00e9ve<\/span><\/span><span style=\"font-size: small;\"><span lang=\"en-GB\">s gyakorlat szerint halad\u00f3 hallgat\u00f3k r\u00e9sz\u00e9re<\/span><\/span><\/p> <p class=\"western\" align=\"justify\"><span style=\"font-size: small;\"><span lang=\"en-GB\">Szakdolgozat-lead\u00e1s: 2019. \u00e1prilis 1. (h\u00e9tf\u0151).<\/span><\/span><\/p> <p class=\"western\" align=\"justify\"><span style=\"font-size: small;\"><span lang=\"en-GB\"> z\u00e1r\u00f3vizsga-id\u0151szak: 2019. j\u00fanius 3-t\u00f3l 2018. j\u00fanius 7-ig<\/span><\/span><\/p> <p class=\"western\" align=\"justify\"><span style=\"font-size: small;\"><span lang=\"en-GB\"> (esetleges ut\u00f3vizsg\u00e1k: 2019. j\u00fanius 11-t\u0151l 14-ig).<\/span><\/span><\/p> <p class=\"western\" align=\"justify\"><span style=\"font-size: small;\"><span lang=\"en-GB\"><b>G\u00f3lyab\u00e1l:<\/b><\/span><\/span><span style=\"font-size: small;\"><span lang=\"en-GB\"> 2018. november 10. <\/span><\/span><span style=\"font-size: small;\"><span lang=\"pt-PT\">(szombat).<\/span><\/span><\/p> <p class=\"western\" align=\"justify\"><span style=\"font-size: small;\"><span lang=\"pt-PT\"><b>Tudom\u00e1nyos Di\u00e1kk\u00f6ri Konferencia: <\/b><\/span><\/span><span style=\"font-size: small;\"><span lang=\"pt-PT\"> 2018. november 21. (szerda). <\/span><\/span><\/p> <p class=\"western\" align=\"justify\"><span style=\"font-size: small;\"><span lang=\"pt-PT\"><b>Ny\u00edlt Nap:<\/b><\/span><\/span><span style=\"font-size: small;\"><span lang=\"pt-PT\"> 2018. december 5. (szerda) 15.00 \u00f3ra.<\/span><\/span><\/p> <p class=\"western\" lang=\"pt-PT\" align=\"justify\"><span style=\"font-size: small;\"><b>Vizsgaid\u0151szak <\/b><\/span><\/p> <p class=\"western\" align=\"justify\"><span style=\"font-size: small;\"><span lang=\"pt-PT\">(I-V. \u00e9vfolyam, minden szak:) 2018. december 17 &#8211; 21. \u00e9s 2019. janu\u00e1r 2- febru\u00e1r 1.<\/span><\/span><\/p> <p class=\"western\" align=\"justify\"><span style=\"font-size: small;\"><span lang=\"pt-PT\">Rektori, rektorhelyettesi k\u00e9relmek lead\u00e1sa: 2019. janu\u00e1r 31. cs\u00fct\u00f6rt\u00f6k 10.00 \u00f3r\u00e1ig, illetve a febru\u00e1r 1-j\u00e9n az adott tant\u00e1rgyb\u00f3l vizsg\u00e1z\u00f3 hallgat\u00f3k r\u00e9sz\u00e9re 2019. febru\u00e1r 4. (h\u00e9tf\u0151) 10.00 \u00f3r\u00e1ig. <\/span><\/span><\/p> <p class=\"western\" align=\"justify\"><span style=\"font-size: small;\"><span lang=\"pt-PT\">Az energiatakar\u00e9kos \u00fczemeltet\u00e9s \u00e9rdek\u00e9ben 2018. december 24. \u00e9s 2019. janu\u00e1r 1. k\u00f6z\u00f6tt z\u00e1rva lesz az Egyetem, ezen id\u0151szak rendk\u00edv\u00fcli vizsg\u00e1ztat\u00e1s c\u00e9lj\u00e1ra sem jel\u00f6lhet\u0151 ki.<\/span><\/span><\/p> <p class=\"western\" align=\"justify\"><span style=\"font-size: small;\"><span lang=\"pt-PT\"><b>\u00dcnnepnapok, munkasz\u00fcneti napok: <\/b><\/span><\/span><\/p> <p class=\"western\" align=\"justify\"><span style=\"font-size: small;\"><span lang=\"pt-PT\">2018. okt\u00f3ber 23. (kedd) az 1956-os Forradalom \u00dcnnepe, november 1. (cs\u00fct\u00f6rt\u00f6k) Mindenszentek, 2018. <\/span><\/span><span style=\"font-size: small;\">december 25., 26. (kedd, szerda) Kar\u00e1csony, valamint 2019. janu\u00e1r 1. (kedd). <\/span><\/p> <p class=\"western\" align=\"justify\"><span style=\"font-size: small;\"><b>Munkanap- \u00e1thelyez\u00e9s: <\/b><\/span><\/p> <p class=\"western\" align=\"justify\"><span style=\"font-size: small;\">Munkanap szombati napok: 2018. okt\u00f3ber 13., november 10., december 1., december 15.<\/span><\/p> <p class=\"western\" align=\"justify\"><span style=\"font-size: small;\">Pihen\u0151nap: okt\u00f3ber 22. (h\u00e9tf\u0151), november 2. (p\u00e9ntek), december 24. (h\u00e9tf\u0151) december 31. (h\u00e9tf\u0151) <\/span><\/p> <p class=\"western\" align=\"justify\"><span style=\"font-size: large;\"><u><b>M\u00e1sodik f\u00e9l\u00e9v:<\/b><\/u><\/span><\/p> <p class=\"western\" align=\"justify\"><span style=\"font-size: small;\"><b>Bejelentkez\u00e9s a m\u00e1sodik f\u00e9l\u00e9vre:<\/b><\/span><span style=\"font-size: small;\"> 2019. febru\u00e1r 4-t\u0151l &#8211; 2019. febru\u00e1r 8-ig szem\u00e9lyesen.<\/span><\/p> <p class=\"western\" align=\"justify\"><span style=\"font-size: small;\">A NEPTUN- rendszerben: 2019. febru\u00e1r 4. 20.00 \u00f3r\u00e1t\u00f3l &#8211; 2019. febru\u00e1r 8. 23.00 \u00f3r\u00e1ig.<\/span><\/p> <p class=\"western\" align=\"justify\"><span style=\"font-size: small;\"><b>Diplomaoszt\u00f3 \u00fcnneps\u00e9g: <\/b><\/span><span style=\"font-size: small;\"> 2019. febru\u00e1r 22. (p\u00e9ntek) 10.00 \u00f3ra<\/span><\/p> <p class=\"western\" align=\"justify\"><span style=\"font-size: small;\"> (rektori sz\u00fcnet: 10.00 \u00e9s 13.00 \u00f3ra k\u00f6z\u00f6tt).<\/span><\/p> <p class=\"western\" align=\"justify\"><span style=\"font-size: small;\"><b>Oktat\u00e1si id\u0151szak:<\/b><\/span><\/p> <p class=\"western\" align=\"justify\"><span style=\"font-size: small;\"> 2019. febru\u00e1r 4-t\u0151l <\/span><span style=\"font-size: small;\"><span lang=\"de-DE\">2019.<\/span><\/span><span style=\"font-size: small;\"> m\u00e1jus 17-ig.<\/span><\/p> <p class=\"western\" align=\"justify\"><span style=\"font-size: small;\"><span lang=\"de-DE\"><b>Hetesi gyakorlat<\/b><\/span><\/span><span style=\"font-size: small;\"><span lang=\"de-DE\"> az \u00e1llatorvosi szak (magyar nyelv\u0171 k\u00e9pz\u00e9s) 1., 2. \u00e9vfolyama sz\u00e1m\u00e1ra: <\/span><\/span><\/p> <p class=\"western\" align=\"justify\"><span style=\"font-size: small;\"><span lang=\"de-DE\">2019. febru\u00e1r 18- m\u00e1jus 10-ig.<\/span><\/span><\/p> <p class=\"western\" align=\"justify\"><span style=\"font-size: small;\"><span lang=\"de-DE\"><b>\u00c1llatorvosi Hallgat\u00f3i Koncert: <\/b><\/span><\/span><span style=\"font-size: small;\"><span lang=\"de-DE\">2019. m\u00e1rcius 6. (szerda) 17.00<\/span><\/span><\/p> <p class=\"western\" align=\"justify\"><span style=\"font-size: small;\"><span lang=\"de-DE\"><b>\u00c1ll\u00e1sb\u00f6rze:<\/b><\/span><\/span><span style=\"font-size: small;\"><span lang=\"de-DE\"> 2019. m\u00e1rcius 13. (szerda) 13.00<\/span><\/span><\/p> <p class=\"western\" align=\"justify\"><span style=\"font-size: small;\">(rektori sz\u00fcnet: 13.00 \u00f3r\u00e1t\u00f3l a magyar nyelv\u0171 k\u00e9pz\u00e9s<\/span><\/p> <p class=\"western\" align=\"justify\"><span style=\"font-size: small;\">hallgat\u00f3i sz\u00e1m\u00e1ra).<\/span><\/p> <p class=\"western\" align=\"justify\"><span style=\"font-size: small;\"><b>Equus napok:<\/b><\/span><span style=\"font-size: small;\"> 2019. \u00e1prilis 24 &#8211; 28.<\/span><\/p> <p class=\"western\" align=\"justify\"><span style=\"font-size: small;\"><b>Nemzetk\u00f6zi nap:<\/b><\/span><span style=\"font-size: small;\"> 2019. \u00e1prilis 24. szerda<\/span><\/p> <p class=\"western\" align=\"justify\"><span style=\"font-size: small;\"><b>Rektori sz\u00fcnet:<\/b><\/span><span style=\"font-size: small;\"> 2019. \u00e1prilis 15-t\u0151l 2019. \u00e1prilis 22-ig.<\/span><\/p> <p class=\"western\" align=\"justify\"><span style=\"font-size: small;\"><b>Ballag\u00e1s:<\/b><\/span><span style=\"font-size: small;\"> 2019. m\u00e1jus 17. (p\u00e9ntek) 13.00 \u00f3ra<\/span><\/p> <p class=\"western\" align=\"justify\"><span style=\"font-size: small;\"> (rektori sz\u00fcnet: 12.00 \u00f3r\u00e1t\u00f3l).<\/span><\/p> <p class=\"western\" align=\"justify\"><span style=\"font-size: small;\"><b>H\u0151s\u00f6k napja:<\/b><\/span><span style=\"font-size: small;\"> 2019. m\u00e1jus 24. (p\u00e9ntek) 11.00 \u00f3ra <\/span><\/p> <p class=\"western\" align=\"justify\"><span style=\"font-size: small;\"><b>Z\u00e1r\u00f3vizsga biol\u00f3gusk\u00e9pz\u00e9s:<\/b><\/span><\/p> <p class=\"western\" align=\"justify\"><span style=\"font-size: small;\">Diplomadolgozat-lead\u00e1s: 2019. \u00e1prilis 26.<\/span><\/p> <p class=\"western\" align=\"justify\"><span style=\"font-size: small;\">Diplomadolgozat-v\u00e9d\u00e9s: 2019. m\u00e1jus 27. (h\u00e9tf\u0151) biol\u00f3gia BSc<\/span><\/p> <p class=\"western\" align=\"justify\"><span style=\"font-size: small;\"> 2019. m\u00e1jus 28. (kedd) biol\u00f3gus MSc<\/span><\/p> <p class=\"western\" align=\"justify\"><span style=\"font-size: small;\">Z\u00e1r\u00f3vizsga: 2019. j\u00fanius 18. kedd (BSc),<\/span><\/p> <p class=\"western\" align=\"justify\"><span style=\"font-size: small;\">2019. j\u00fanius 19. szerda (MSc).<\/span><\/p> <p class=\"western\" align=\"justify\"><span style=\"font-size: small;\"><b>Vizsgaid\u0151szak<\/b><\/span><\/p> <p class=\"western\" align=\"justify\"><span style=\"font-size: small;\">az I &#8211; V. \u00e9vfolyam r\u00e9sz\u00e9re (minden szak): 2019. m\u00e1jus 20-t\u00f3l 2019. j\u00fanius 28-ig.<\/span><\/p> <p class=\"western\" align=\"justify\"><span style=\"font-size: small;\">Rektori, rektorhelyettesi k\u00e9relmek lead\u00e1sa: 2019. j\u00fanius 27. cs\u00fct\u00f6rt\u00f6k 10.00 \u00f3r\u00e1ig, illetve a j\u00fanius 27-\u00e9n \u00e9s j\u00fanius 28-\u00e1n az adott tant\u00e1rgyb\u00f3l vizsg\u00e1z\u00f3 hallgat\u00f3k r\u00e9sz\u00e9re 2019. j\u00falius 1. (h\u00e9tf\u0151) 10.00 \u00f3r\u00e1ig. <\/span><\/p> <p class=\"western\" align=\"justify\"><span style=\"font-size: small;\"><b>Tan\u00e9vz\u00e1r\u00f3 diplomaoszt\u00f3 \u00fcnneps\u00e9g:<\/b><\/span><span style=\"font-size: small;\"> 2019. j\u00fanius 28. (p\u00e9ntek).<\/span><\/p> <p class=\"western\" align=\"justify\"><span style=\"font-size: small;\"><b>\u00dcnnepnapok, munkasz\u00fcneti napok:<\/b><\/span><\/p> <p class=\"western\" align=\"justify\"><span style=\"font-size: small;\">2019. m\u00e1rcius 15. (p\u00e9ntek) Nemzeti \u00dcnnep, \u00e1prilis 19. (p\u00e9ntek) Nagyp\u00e9ntek, \u00e1prilis 22. (H\u00fasv\u00e9t h\u00e9tf\u0151), m\u00e1jus 1. (szerda) Munka \u00dcnnepe, j\u00fanius 10. (h\u00e9tf\u0151) (P\u00fcnk\u00f6sd h\u00e9tf\u0151), <\/span><span style=\"font-size: small;\"><i><b>\u00e1prilis 22. (h\u00e9tf\u0151), az oktat\u00e1si sz\u00fcnet helyett oktat\u00e1si nap \u00e1prilis 27. (szombat) h\u00e9tf\u0151i munkarend szerint. <\/b><\/i><\/span><\/p> <p class=\"western\" align=\"justify\"><span style=\"font-size: small;\"><u><b>Szakmai gyakorlatok \u00e1llatorvostan- hallgat\u00f3k sz\u00e1m\u00e1ra<\/b><\/u><\/span><\/p> <p class=\"western\" align=\"justify\"><span style=\"font-size: small;\">II. \u00e9vfolyam: 2 h\u00e9t \u00e1llatteny\u00e9szt\u00e9stani \u00e9s takarm\u00e1nyoz\u00e1stani 2019. j\u00falius 1-t\u0151l 2019. j\u00falius 12-ig.<\/span><\/p> <p class=\"western\" align=\"justify\"><span style=\"font-size: small;\">IV. \u00e9vfolyam: 4 h\u00e9t orvosl\u00e1si 2019. j\u00falius 1. \u00e9s 2019. szeptember 6. k\u00f6z\u00f6tt<\/span><\/p> <p class=\"western\" align=\"justify\"><span style=\"font-size: small;\">(ebb\u0151l <\/span><span style=\"font-size: small;\"><b>kett\u0151 <\/b><\/span><span style=\"font-size: small;\">hetet az Egyetem egyik klinik\u00e1j\u00e1n kell elt\u00f6lteni)<\/span><\/p> <p class=\"western\" align=\"justify\"><span style=\"font-size: small;\"><u><b>Szakmai gyakorlatok a biol\u00f3gia BSc-szak hallgat\u00f3i sz\u00e1m\u00e1ra<\/b><\/u><\/span><\/p> <p class=\"western\" align=\"justify\"><span style=\"font-size: small;\">I. \u00e9vfolyam: 2 h\u00e9t faj- \u00e9s \u00e9l\u0151helyismereti terepgyakorlat 2019. j\u00falius 1-t\u0151l 2019. j\u00falius 12-ig.<\/span><\/p> <p class=\"western\" align=\"justify\"><span style=\"font-size: small;\">II. \u00e9vfolyam: 2 h\u00e9t \u00f6kol\u00f3giai terepgyakorlat 2019. j\u00falius 1-t\u0151l 2019. j\u00falius 12-ig.<\/span><\/p>","protected":false},"excerpt":{"rendered":"<p>A 2018\/2019. tan\u00e9v id\u0151beoszt\u00e1sa Els\u0151 f\u00e9l\u00e9v: G\u00f3lyat\u00e1bor: 2018. szeptember 3 \u2013 szeptember 5. Tan\u00e9vkezd\u00e9s: 2018. szeptember 10. (h\u00e9tf\u0151). Tan\u00e9vnyit\u00f3 \u00fcnneps\u00e9g: 2018. szeptember 7. (p\u00e9ntek) 10.00 \u00f3ra. G\u00f3lyah\u00e9t: 2018. szeptember 10 \u201314-ig. Beiratkoz\u00e1s I. \u00e9vf. hallgat\u00f3k r\u00e9sz\u00e9re: 2018. szeptember 7. (p\u00e9ntek) 13.00 \u00f3ra \u00e1llatorvosi szak, 14.00 \u00f3ra biol\u00f3gia BSc, illetve biol\u00f3gus MSc szak. Bejelentkez\u00e9s az els\u0151<\/p>\n","protected":false},"author":5823,"featured_media":0,"parent":635,"menu_order":106,"comment_status":"closed","ping_status":"closed","template":"","meta":{"_acf_changed":false,"footnotes":""},"categories":[],"tags":[],"class_list":["post-37361","page","type-page","status-publish","hentry"],"acf":[],"_links":{"self":[{"href":"https:\/\/univet.hu\/hu\/wp-json\/wp\/v2\/pages\/37361","targetHints":{"allow":["GET"]}}],"collection":[{"href":"https:\/\/univet.hu\/hu\/wp-json\/wp\/v2\/pages"}],"about":[{"href":"https:\/\/univet.hu\/hu\/wp-json\/wp\/v2\/types\/page"}],"author":[{"embeddable":true,"href":"https:\/\/univet.hu\/hu\/wp-json\/wp\/v2\/users\/5823"}],"replies":[{"embeddable":true,"href":"https:\/\/univet.hu\/hu\/wp-json\/wp\/v2\/comments?post=37361"}],"version-history":[{"count":0,"href":"https:\/\/univet.hu\/hu\/wp-json\/wp\/v2\/pages\/37361\/revisions"}],"up":[{"embeddable":true,"href":"https:\/\/univet.hu\/hu\/wp-json\/wp\/v2\/pages\/635"}],"wp:attachment":[{"href":"https:\/\/univet.hu\/hu\/wp-json\/wp\/v2\/media?parent=37361"}],"wp:term":[{"taxonomy":"category","embeddable":true,"href":"https:\/\/univet.hu\/hu\/wp-json\/wp\/v2\/categories?post=37361"},{"taxonomy":"post_tag","embeddable":true,"href":"https:\/\/univet.hu\/hu\/wp-json\/wp\/v2\/tags?post=37361"}],"curies":[{"name":"wp","href":"https:\/\/api.w.org\/{rel}","templated":true}]}}