{"id":3742,"date":"2016-08-01T14:12:00","date_gmt":"2016-08-01T12:12:00","guid":{"rendered":"http:\/\/univet.hu\/egyetem\/munkatarsak\/dunay-miklos-pal\/"},"modified":"2026-02-10T04:00:41","modified_gmt":"2026-02-10T03:00:41","slug":"dunay-miklos-pal","status":"publish","type":"page","link":"https:\/\/univet.hu\/hu\/egyetem\/munkatarsak\/dunay-miklos-pal\/","title":{"rendered":"Dunay Mikl\u00f3s P\u00e1l"},"content":{"rendered":"<p>&nbsp;<\/p> <h2>Tev\u00e9kenys\u00e9g<\/h2> <div> <p>Diploma: 1995. Tansz\u00e9k munkat\u00e1rsa: 1998. \u00f3ta. Szakter\u00fclet: kis\u00e1llatfog\u00e1szat, kis\u00e1llatseb\u00e9szet, aneszteziol\u00f3gia. Oktat\u00e1s: gradu\u00e1lis aneszteziol\u00f3gia, fog\u00e1szat \u00e9s seb\u00e9szet el\u0151ad\u00e1sok \u00e9s gyakorlatok magyar \u00e9s angol nyelven, seb\u00e9szeti propedeutika gyakorlatok n\u00e9met<br \/> nyelven, kis\u00e1llatok fog\u00e1szata \u00e9s sz\u00e1jseb\u00e9szete fakult\u00e1ci\u00f3 magyar \u00e9s angol nyelven, posztgradu\u00e1lis aneszteziol\u00f3gia \u00e9s fog\u00e1szat el\u0151ad\u00e1sok \u00e9s tov\u00e1bbk\u00e9pz\u00e9sek. Nyelvismeret: n\u00e9met, angol.<\/p> <\/div> <p><a href=\"http:\/\/www.kisallatsebeszet.hu\" target=\"_blank\" rel=\"noopener\" data-replaced=\"true\">Saj\u00e1t honlap<\/a><\/p>","protected":false},"excerpt":{"rendered":"<p>&nbsp; Tev\u00e9kenys\u00e9g Diploma: 1995. Tansz\u00e9k munkat\u00e1rsa: 1998. \u00f3ta. Szakter\u00fclet: kis\u00e1llatfog\u00e1szat, kis\u00e1llatseb\u00e9szet, aneszteziol\u00f3gia. Oktat\u00e1s: gradu\u00e1lis aneszteziol\u00f3gia, fog\u00e1szat \u00e9s seb\u00e9szet el\u0151ad\u00e1sok \u00e9s gyakorlatok magyar \u00e9s angol nyelven, seb\u00e9szeti propedeutika gyakorlatok n\u00e9met nyelven, kis\u00e1llatok fog\u00e1szata \u00e9s sz\u00e1jseb\u00e9szete fakult\u00e1ci\u00f3 magyar \u00e9s angol nyelven, posztgradu\u00e1lis aneszteziol\u00f3gia \u00e9s fog\u00e1szat el\u0151ad\u00e1sok \u00e9s tov\u00e1bbk\u00e9pz\u00e9sek. Nyelvismeret: n\u00e9met, angol. Saj\u00e1t honlap<\/p>\n","protected":false},"author":5824,"featured_media":0,"parent":858,"menu_order":211,"comment_status":"closed","ping_status":"closed","template":"","meta":{"_acf_changed":false,"footnotes":""},"categories":[56],"tags":[],"class_list":["post-3742","page","type-page","status-publish","hentry","category-munkatarsak"],"acf":[],"_links":{"self":[{"href":"https:\/\/univet.hu\/hu\/wp-json\/wp\/v2\/pages\/3742","targetHints":{"allow":["GET"]}}],"collection":[{"href":"https:\/\/univet.hu\/hu\/wp-json\/wp\/v2\/pages"}],"about":[{"href":"https:\/\/univet.hu\/hu\/wp-json\/wp\/v2\/types\/page"}],"author":[{"embeddable":true,"href":"https:\/\/univet.hu\/hu\/wp-json\/wp\/v2\/users\/5824"}],"replies":[{"embeddable":true,"href":"https:\/\/univet.hu\/hu\/wp-json\/wp\/v2\/comments?post=3742"}],"version-history":[{"count":1,"href":"https:\/\/univet.hu\/hu\/wp-json\/wp\/v2\/pages\/3742\/revisions"}],"predecessor-version":[{"id":199591,"href":"https:\/\/univet.hu\/hu\/wp-json\/wp\/v2\/pages\/3742\/revisions\/199591"}],"up":[{"embeddable":true,"href":"https:\/\/univet.hu\/hu\/wp-json\/wp\/v2\/pages\/858"}],"wp:attachment":[{"href":"https:\/\/univet.hu\/hu\/wp-json\/wp\/v2\/media?parent=3742"}],"wp:term":[{"taxonomy":"category","embeddable":true,"href":"https:\/\/univet.hu\/hu\/wp-json\/wp\/v2\/categories?post=3742"},{"taxonomy":"post_tag","embeddable":true,"href":"https:\/\/univet.hu\/hu\/wp-json\/wp\/v2\/tags?post=3742"}],"curies":[{"name":"wp","href":"https:\/\/api.w.org\/{rel}","templated":true}]}}