{"id":3760,"date":"2017-09-27T13:34:00","date_gmt":"2017-09-27T11:34:00","guid":{"rendered":"http:\/\/univet.hu\/egyetem\/munkatarsak\/eszesne-ilonka-rozalia\/"},"modified":"2026-02-10T04:00:43","modified_gmt":"2026-02-10T03:00:43","slug":"eszesne-ilonka-rozalia","status":"publish","type":"page","link":"https:\/\/univet.hu\/hu\/egyetem\/munkatarsak\/eszesne-ilonka-rozalia\/","title":{"rendered":"Eszesn\u00e9 Ilonka Roz\u00e1lia"},"content":{"rendered":"<h2>Bemutatkoz\u00e1s<\/h2> <div> <ul> <li>Informatikai term\u00e9kek beszerz\u00e9se (DK\u00dc)<\/li> <li>Irodai pap\u00edrok, pap\u00edr\u00e1ruk, \u00edr\u00f3- \u00e9s irodaszerek k\u00f6zbeszerz\u00e9se (KEF)<\/li> <li>Orvosi keszty\u0171k, fert\u0151tlen\u00edt\u0151szerek, k\u00f6tszerek, injekci\u00f3s t\u0171k k\u00f6zbeszerz\u00e9se (KEF)<\/li> <\/ul> <\/div>","protected":false},"excerpt":{"rendered":"<p>Bemutatkoz\u00e1s Informatikai term\u00e9kek beszerz\u00e9se (DK\u00dc) Irodai pap\u00edrok, pap\u00edr\u00e1ruk, \u00edr\u00f3- \u00e9s irodaszerek k\u00f6zbeszerz\u00e9se (KEF) Orvosi keszty\u0171k, fert\u0151tlen\u00edt\u0151szerek, k\u00f6tszerek, injekci\u00f3s t\u0171k k\u00f6zbeszerz\u00e9se (KEF)<\/p>\n","protected":false},"author":5824,"featured_media":0,"parent":858,"menu_order":211,"comment_status":"closed","ping_status":"closed","template":"","meta":{"_acf_changed":false,"footnotes":""},"categories":[56],"tags":[],"class_list":["post-3760","page","type-page","status-publish","hentry","category-munkatarsak"],"acf":[],"_links":{"self":[{"href":"https:\/\/univet.hu\/hu\/wp-json\/wp\/v2\/pages\/3760","targetHints":{"allow":["GET"]}}],"collection":[{"href":"https:\/\/univet.hu\/hu\/wp-json\/wp\/v2\/pages"}],"about":[{"href":"https:\/\/univet.hu\/hu\/wp-json\/wp\/v2\/types\/page"}],"author":[{"embeddable":true,"href":"https:\/\/univet.hu\/hu\/wp-json\/wp\/v2\/users\/5824"}],"replies":[{"embeddable":true,"href":"https:\/\/univet.hu\/hu\/wp-json\/wp\/v2\/comments?post=3760"}],"version-history":[{"count":1,"href":"https:\/\/univet.hu\/hu\/wp-json\/wp\/v2\/pages\/3760\/revisions"}],"predecessor-version":[{"id":199594,"href":"https:\/\/univet.hu\/hu\/wp-json\/wp\/v2\/pages\/3760\/revisions\/199594"}],"up":[{"embeddable":true,"href":"https:\/\/univet.hu\/hu\/wp-json\/wp\/v2\/pages\/858"}],"wp:attachment":[{"href":"https:\/\/univet.hu\/hu\/wp-json\/wp\/v2\/media?parent=3760"}],"wp:term":[{"taxonomy":"category","embeddable":true,"href":"https:\/\/univet.hu\/hu\/wp-json\/wp\/v2\/categories?post=3760"},{"taxonomy":"post_tag","embeddable":true,"href":"https:\/\/univet.hu\/hu\/wp-json\/wp\/v2\/tags?post=3760"}],"curies":[{"name":"wp","href":"https:\/\/api.w.org\/{rel}","templated":true}]}}