{"id":3763,"date":"2016-07-12T12:23:00","date_gmt":"2016-07-12T10:23:00","guid":{"rendered":"http:\/\/univet.hu\/egyetem\/munkatarsak\/falus-fruzsina\/"},"modified":"2026-04-29T13:43:00","modified_gmt":"2026-04-29T11:43:00","slug":"falus-fruzsina","status":"publish","type":"page","link":"https:\/\/univet.hu\/hu\/egyetem\/munkatarsak\/falus-fruzsina\/","title":{"rendered":"Falus Fruzsina"},"content":{"rendered":"<p style=\"text-align: center\"><span style=\"font-size: 14pt\"><strong>Bemutatkoz\u00e1s\u00a0 <\/strong><\/span><\/p> <p>\u00c1llatorvosi diplom\u00e1j\u00e1t 2014-ben szerezte. Az\u00f3ta a Belgy\u00f3gy\u00e1szati Tansz\u00e9k \u00e9s klinika munkat\u00e1rsa, ahol r\u00e9szt vesz a klinikai, oktat\u00e1si \u00e9s kutat\u00e1si munk\u00e1kban egyar\u00e1nt. A Kis\u00e1llatklinik\u00e1n bel\u00fcl a Nefrol\u00f3giai- \u00e9s Urol\u00f3giai szakrendel\u00e9sen, az Intez\u00edv Ter\u00e1pi\u00e1s Oszt\u00e1lyon, valamint a Dial\u00edzis K\u00f6zpontban dolgozik.<\/p> <p>Klinikai tapasztalat\u00e1t t\u00f6bb k\u00fclf\u00f6ldi klinik\u00e1n b\u0151v\u00edtette: a berni, b\u00e9csi, berlini, hannoveri \u00e9s utrechti \u00c1llatorvostudom\u00e1nyi Egyetemek Kis\u00e1llatklinik\u00e1in, illetve egy New York-i s\u00fcrg\u0151ss\u00e9gi mag\u00e1n\u00e1llatorvosi klinik\u00e1n.<\/p> <p>2019-ben l\u00e9trehozta Magyarorsz\u00e1g els\u0151 \u00e1llatorvosi Dial\u00edzis K\u00f6zpontj\u00e1t, melyben az orsz\u00e1gban el\u0151sz\u00f6r v\u00e9gzett hemodial\u00edzis kezel\u00e9st kuty\u00e1n.<\/p> <p>R\u00e9szt vesz az egyetemi oktat\u00e1sban magyar, n\u00e9met \u00e9s angol nyelven, illetve a Kis\u00e1llatgy\u00f3gy\u00e1sz Szak\u00e1llatorvos \u00e9s a Kis\u00e1llatgy\u00f3gy\u00e1sz Asszisztens k\u00e9pz\u00e9sben. Rendszeres el\u0151ad\u00f3ja nefrol\u00f3giai \u00e9s urol\u00f3giai t\u00e9m\u00e1j\u00fa \u00e1llatorvosi tov\u00e1bbk\u00e9pz\u00e9seknek.<\/p> <p>PhD fokozat\u00e1t 2024-ben szerezte, \u00e9rtekez\u00e9s\u00e9t kuty\u00e1k feh\u00e9rjevizel\u00e9ssel j\u00e1r\u00f3 vesebetegs\u00e9geib\u0151l \u00edrta.<\/p> <p>Jelenleg a Dial\u00edzis K\u00f6zpont vezet\u0151je, emellett a Nefrol\u00f3giai- \u00e9s Urol\u00f3giai Szakrendel\u00e9sen \u00e9rhet\u0151 el.<\/p> <p><strong>F\u0151bb kutat\u00e1si ter\u00fcletek:<\/strong><\/p> <ul> <li>\u00daj diagnosztikai \u00e9s prognosztikai lehet\u0151s\u00e9gek kuty\u00e1k \u00e9s macsk\u00e1k akut vesek\u00e1rosod\u00e1s\u00e1ban<\/li> <li>Kuty\u00e1k \u00e9s macsk\u00e1k hemodial\u00edzis-kezel\u00e9se, saj\u00e1t protokollok kidolgoz\u00e1sa<\/li> <li>Kuty\u00e1k \u00e9s macsk\u00e1k proteinuri\u00e1val, illetve albuminuri\u00e1val j\u00e1r\u00f3 kr\u00f3nikus vesebetegs\u00e9i<\/li> <li>Kuty\u00e1k \u00e9s macsk\u00e1k v\u00e9rnyom\u00e1sm\u00e9r\u00e9s\u00e9nek helyes kivitelez\u00e9se<\/li> <\/ul> <p>&nbsp;<\/p> <p><strong>\u00a0<\/strong><strong>Eddigi szakdolgozat\/TDK hallgat\u00f3k sz\u00e1ma<\/strong><\/p> <p>4 TDK-s hallgat\u00f3<\/p> <p>11 szakdolgozatos hallgat\u00f3<\/p> <p>&nbsp;<\/p> <p><strong>Publik\u00e1ci\u00f3s lista (Top10)<\/strong><\/p> <p>MTMT azonos\u00edt\u00f3: 10047497<\/p> <table style=\"height: 304px\" width=\"1287\"> <tbody> <tr> <td style=\"width: 46.0312px\">1.<\/td> <td style=\"width: 1224.97px\"> <p>Falus, Fruzsina A.; Szab\u00f3, Korinna \u00c9.; Becker, Zsolt; M\u00fcller, Linda; Fok, \u00c9va; Balogh, N\u00e1ndor; Manczur, Ferenc<\/p> <p>Albuminuria and proteinuria in dogs infected with Dirofilaria repens: A cross\u2010sectional study<\/p> <p>JOURNAL OF VETERINARY INTERNAL MEDICINE 37 : 3 pp. 992-997. , 6 p. (2023)<\/td> <\/tr> <tr> <td style=\"width: 46.0312px\">2.<\/td> <td style=\"width: 1224.97px\"> <p>Falus, Fruzsina Anna; Vizi, Zsuzsanna; Szab\u00f3, Korinna \u00c9va; M\u00fcller, Linda; Reiczigel, Jen\u0151; Balogh, N\u00e1ndor; Manczur, Ferenc<\/p> <p>Establishment of a reference interval for urinary albumin\u2010to\u2010creatinine ratio in dogs<\/p> <p>VETERINARY CLINICAL PATHOLOGY 51 : 4 pp. 585-590. , 6 p. (2022)<\/td> <\/tr> <tr> <td style=\"width: 46.0312px\">3.<\/td> <td style=\"width: 1224.97px\"> <p>Falus, Fruzsina<\/p> <p>Novel insights into canine proteinuria 93 p.<\/p> <p>University of Veterinary Medicine, Budapest Doctoral School of Veterinary Science, Manczur Ferenc Disszert\u00e1ci\u00f3 beny\u00fajt\u00e1s\u00e1nak \u00e9ve: 2024, V\u00e9d\u00e9s \u00e9ve: 2024 Megjelen\u00e9s\/Fokozatszerz\u00e9s \u00e9ve: 2024<\/p> <p>PhD (Disszert\u00e1ci\u00f3)<\/td> <\/tr> <tr> <td style=\"width: 46.0312px\">4.<\/td> <td style=\"width: 1224.97px\"> <p>Falus, FA ; Szekely, D ; Manczur, F<\/p> <p>Kuty\u00e1k \u00e9s macsk\u00e1k proteinuri\u00e1ja : Irodalmi \u00f6sszefoglal\u00f3 I. r\u00e9sz: Proteinuria in dogs and cats<\/p> <p>MAGYAR \u00c1LLATORVOSOK LAPJA 139 : 2 pp. 89-100. , 12 p. (2017)<\/td> <\/tr> <tr> <td style=\"width: 46.0312px\">5.<\/td> <td style=\"width: 1224.97px\"> <p>Falus, Fruzsina Anna ; Manczur, Ferenc<\/p> <p>Kuty\u00e1k \u00e9s macsk\u00e1k proteinuri\u00e1ja : II. r\u00e9sz: Kuty\u00e1k \u00e9s macsk\u00e1k proteinuri\u00e1j\u00e1nak gy\u00f3gykezel\u00e9se : Irodalmi \u00f6sszefoglal\u00f3: Proteinuria in dogs and cats Part 2. Treatment of proteinuria in dogs and cats Literature review<\/p> <p>MAGYAR \u00c1LLATORVOSOK LAPJA 140 : 3 pp. 135-149. , 15 p. (2018)<\/td> <\/tr> <tr> <td style=\"width: 46.0312px\">6.<\/td> <td style=\"width: 1224.97px\"> <p>Manczur, Ferenc ; Falus, Fruzsina ; Bende, Bal\u00e1zs ; V\u00f6r\u00f6s, K\u00e1roly<\/p> <p>A vese \u00e9s a vizeletelvezet\u0151 szervek betegs\u00e9gei<\/p> <p>In: V\u00f6r\u00f6s, K\u00e1roly (szerk.) \u00c1llatorvosi belgy\u00f3gy\u00e1szat<\/p> <p>Budapest, Magyarorsz\u00e1g : Magyar \u00c1llatorvosi Kamara (2019) 960 p. pp. 423-498. , 76 p.<\/td> <\/tr> <tr> <td style=\"width: 46.0312px\">7.<\/td> <td style=\"width: 1224.97px\"> <p>Falus, F.A. ; Vizi, Zs. ; T\u00f6r\u00f6k, B. ; Manczur, F<\/p> <p>Evaluation of the diagnostic value of urinary albumin to protein ratio in proteinuric dogs<\/p> <p>JOURNAL OF VETERINARY INTERNAL MEDICINE 34 : 1 pp. 421-422. Paper: ESVNU-P-4 , 2 p. (2019)<\/td> <\/tr> <tr> <td style=\"width: 46.0312px\">8.<\/td> <td style=\"width: 1224.97px\"> <p>F, Manczur; F A, Falus ; N, Kubik; L, M\u00fcller; Zs, Vizi; \u00c1, Sterczer; Gy, Rabnecz<\/p> <p>Microalbuminuria in dogs infected with Dirofilaria repens: Research Communications of the27th ECVIM-CA Congress p. 531 , 1 p. (2018)<\/p> <p>Foly\u00f3irat: JOURNAL OF VETERINARY INTERNAL MEDICINE (0891-6640);K\u00f6tet: 32; (1); 2017-09-14-16,<\/td> <\/tr> <tr> <td style=\"width: 46.0312px\">9.<\/td> <td style=\"width: 1224.97px\"> <p>Szab\u00f3, Korinna \u00c9va; Falus, Fruzsina Anna ; Vizi, Zsuzsanna ; Manczur, Ferenc<\/p> <p>Dial\u00edzistechnik\u00e1k a Kis\u00e1llatorvosl\u00e1sban : I. r\u00e9sz: Peritonealis Dial\u00edzis Irodalmi \u00f6sszefoglal\u00f3<\/p> <p>MAGYAR \u00c1LLATORVOSOK LAPJA 143 : 11 pp. 697-703. , 7 p. (2021)<\/td> <\/tr> <tr> <td style=\"width: 46.0312px\">10.<\/td> <td style=\"width: 1224.97px\"> <p>F, Manczur ; F A, Falus ; Z, Vizi<\/p> <p>Microalbuminuria in healthy dogs<\/p> <p>JOURNAL OF VETERINARY INTERNAL MEDICINE 31 p. 253 , 1 p. (2017)<\/td> <\/tr> <\/tbody> <\/table> <p>&nbsp;<\/p> <p>&nbsp;<\/p>","protected":false},"excerpt":{"rendered":"<p>Bemutatkoz\u00e1s\u00a0 \u00c1llatorvosi diplom\u00e1j\u00e1t 2014-ben szerezte. Az\u00f3ta a Belgy\u00f3gy\u00e1szati Tansz\u00e9k \u00e9s klinika munkat\u00e1rsa, ahol r\u00e9szt vesz a klinikai, oktat\u00e1si \u00e9s kutat\u00e1si munk\u00e1kban egyar\u00e1nt. A Kis\u00e1llatklinik\u00e1n bel\u00fcl a Nefrol\u00f3giai- \u00e9s Urol\u00f3giai szakrendel\u00e9sen, az Intez\u00edv Ter\u00e1pi\u00e1s Oszt\u00e1lyon, valamint a Dial\u00edzis K\u00f6zpontban dolgozik. Klinikai tapasztalat\u00e1t t\u00f6bb k\u00fclf\u00f6ldi klinik\u00e1n b\u0151v\u00edtette: a berni, b\u00e9csi, berlini, hannoveri \u00e9s utrechti \u00c1llatorvostudom\u00e1nyi Egyetemek Kis\u00e1llatklinik\u00e1in,<\/p>\n","protected":false},"author":5824,"featured_media":0,"parent":858,"menu_order":211,"comment_status":"closed","ping_status":"closed","template":"","meta":{"_acf_changed":false,"footnotes":""},"categories":[56],"tags":[],"class_list":["post-3763","page","type-page","status-publish","hentry","category-munkatarsak"],"acf":[],"_links":{"self":[{"href":"https:\/\/univet.hu\/hu\/wp-json\/wp\/v2\/pages\/3763","targetHints":{"allow":["GET"]}}],"collection":[{"href":"https:\/\/univet.hu\/hu\/wp-json\/wp\/v2\/pages"}],"about":[{"href":"https:\/\/univet.hu\/hu\/wp-json\/wp\/v2\/types\/page"}],"author":[{"embeddable":true,"href":"https:\/\/univet.hu\/hu\/wp-json\/wp\/v2\/users\/5824"}],"replies":[{"embeddable":true,"href":"https:\/\/univet.hu\/hu\/wp-json\/wp\/v2\/comments?post=3763"}],"version-history":[{"count":3,"href":"https:\/\/univet.hu\/hu\/wp-json\/wp\/v2\/pages\/3763\/revisions"}],"predecessor-version":[{"id":206485,"href":"https:\/\/univet.hu\/hu\/wp-json\/wp\/v2\/pages\/3763\/revisions\/206485"}],"up":[{"embeddable":true,"href":"https:\/\/univet.hu\/hu\/wp-json\/wp\/v2\/pages\/858"}],"wp:attachment":[{"href":"https:\/\/univet.hu\/hu\/wp-json\/wp\/v2\/media?parent=3763"}],"wp:term":[{"taxonomy":"category","embeddable":true,"href":"https:\/\/univet.hu\/hu\/wp-json\/wp\/v2\/categories?post=3763"},{"taxonomy":"post_tag","embeddable":true,"href":"https:\/\/univet.hu\/hu\/wp-json\/wp\/v2\/tags?post=3763"}],"curies":[{"name":"wp","href":"https:\/\/api.w.org\/{rel}","templated":true}]}}