{"id":3769,"date":"2016-08-01T14:25:00","date_gmt":"2016-08-01T12:25:00","guid":{"rendered":"http:\/\/univet.hu\/egyetem\/munkatarsak\/farkas-orsolya\/"},"modified":"2026-02-10T04:00:44","modified_gmt":"2026-02-10T03:00:44","slug":"farkas-orsolya","status":"publish","type":"page","link":"https:\/\/univet.hu\/hu\/egyetem\/munkatarsak\/farkas-orsolya\/","title":{"rendered":"Farkas Orsolya"},"content":{"rendered":"<p style=\"font-family: impact, sans-serif\" align=\"justify\">Bemutatkoz\u00e1s<\/p> <p><strong>Tanulm\u00e1nyok:<\/strong><\/p> <p align=\"justify\">2001-ben v\u00e9gzett a BME-VBK-n, biom\u00e9rn\u00f6k szakon. Ezut\u00e1n szint\u00e9n a BME-n az Ol\u00e1h Gy\u00f6rgy Doktori Iskola hallgat\u00f3ja lett, 2008-ban szerezte meg a PhD fokozatot. 2018-ban habilit\u00e1lt az \u00c1llatorvostudom\u00e1nyi Egyetemen.<\/p> <p><strong>Munkahelyek:<\/strong><\/p> <p align=\"justify\">2001-t\u0151l az MTA Term\u00e9szettudom\u00e1nyi Kutat\u00f3k\u00f6zpontban dolgozott, a Biooxid\u00e1ci\u00f3s csoport tagjak\u00e9nt. Itt ismerkedett meg az <em>in vitro<\/em> technik\u00e1k alapjaival, kutat\u00e1si ter\u00fclete k\u00fcl\u00f6nf\u00e9le fotoszenzibiliz\u00e1tor vegy\u00fcletek daganatellenes hat\u00e1s\u00e1nak vizsg\u00e1lata volt sejtteny\u00e9szeten, valamint t\u00f6bbv\u00e1ltoz\u00f3s adatelemz\u00e9ssel is foglalkozott. 2011 \u00f3ta dolgozik az \u00c1llatorvostudom\u00e1nyi Egyetem Gy\u00f3gyszertani \u00e9s M\u00e9regtani Tansz\u00e9k\u00e9n, 2012-t\u0151l tudom\u00e1nyos munkat\u00e1rsk\u00e9nt, 2019-t\u0151l pedig tudom\u00e1nyos f\u0151munkat\u00e1rsk\u00e9nt.<\/p> <p><strong>Tudom\u00e1nyos szakter\u00fclet\/kutat\u00e1si ter\u00fclet:<\/strong><\/p> <p align=\"justify\">Gyullad\u00e1s \u00e9s oxidat\u00edv stressz vizsg\u00e1lat\u00e1val foglalkozik eukari\u00f3ta sejtekben, f\u0151k\u00e9nt az em\u00e9szt\u0151trakust \u00e9rint\u0151 bakteri\u00e1lis, illetve k\u00f6rnyezeti \u00e1rtalmak okozta megbeteged\u00e9sekkel \u00f6sszef\u00fcgg\u00e9sben. I<em>n vitro<\/em> modelleken tanulm\u00e1nyozza k\u00fcl\u00f6nf\u00e9le term\u00e9szetes eredet\u0171 anyagok (pl. polifenolok, n\u00f6v\u00e9nyi kivonatok, probiotikus bakt\u00e9riumok \u00e1ltal termelt vegy\u00fcletek) szerep\u00e9t az em\u00e9szt\u0151rendszer eg\u00e9szs\u00e9g\u00e9nek meg\u0151rz\u00e9s\u00e9ben, \u00e9s az antibiotikum-haszn\u00e1lat cs\u00f6kkent\u00e9s\u00e9ben.<\/p> <p align=\"justify\">\u00c1llatorvosi gy\u00f3gyszertan gyakorlatokat tart magyar \u00e9s angol nyelven, tov\u00e1bb\u00e1 r\u00e9szt vesz az \u00c1llatorvosi toxikol\u00f3gia tant\u00e1rgy el\u0151ad\u00e1sainak megtart\u00e1s\u00e1ban. \u201eBevezet\u00e9s a sejtteny\u00e9szt\u00e9sbe\u201d c\u00edmen fakultat\u00edv tant\u00e1rgyat tart \u00e1llatorvos \u00e9s biol\u00f3gus hallgat\u00f3knak. Az \u00c1TE Doktori Iskola oktat\u00f3ja.<\/p> <p align=\"justify\"><strong>TDK \u00e9s szakdolgozatos hallgat\u00f3k:<\/strong><\/p> <p align=\"justify\">Jelenleg t\u00f6bb hallgat\u00f3 t\u00e9mavezet\u00e9s\u00e9t v\u00e9gzi, a kor\u00e1bbi \u00e9vekben 10 TDK \u00e9s 4 szakdolgozatos di\u00e1kja volt (magyar \u00e9s angol \u00e9vfolyamb\u00f3l). 2017-ben hallgat\u00f3ja, Kov\u00e1cs D\u00f3ra els\u0151 helyez\u00e9st \u00e9rt el az OTDK-n az \u00c1llat\u00e9lettan szekci\u00f3ban.\u00a02023-ban hallgat\u00f3ja Somogyi Fanni szint\u00e9n els\u0151 helyez\u00e9st \u00e9rt el az OTDK-n az \u00c1llat\u00e9lettan szekci\u00f3ban.<\/p> <hr align=\"center\" size=\"5\" width=\"60%\" \/> <p><span style=\"font-family: impact, sans-serif\">El\u0151rehalad\u00e1s<\/span><\/p> <table style=\"height: 96px\" width=\"436\"> <tbody> <tr style=\"height: 24px\"> <td style=\"width: 209px;text-align: center;height: 24px\">2011-2012<\/td> <td style=\"width: 211px;text-align: center;height: 24px\">tansz\u00e9ki munkat\u00e1rs<\/td> <\/tr> <tr style=\"height: 24px\"> <td style=\"width: 209px;text-align: center;height: 24px\">2012 &#8211; 2019<\/td> <td style=\"width: 211px;text-align: center;height: 24px\">tudom\u00e1nyos munkat\u00e1rs<\/td> <\/tr> <tr style=\"height: 24px\"> <td style=\"width: 209px;text-align: center;height: 24px\">2018.<\/td> <td style=\"width: 211px;text-align: center;height: 24px\">habilit\u00e1ci\u00f3<\/td> <\/tr> <tr style=\"height: 24px\"> <td style=\"width: 209px;text-align: center;height: 24px\">2019 &#8211;<\/td> <td style=\"width: 211px;text-align: center;height: 24px\">tudom\u00e1nyos f\u0151munkat\u00e1rs<\/td> <\/tr> <\/tbody> <\/table> <p>&nbsp;<\/p> <table style=\"height: 122px\" width=\"421\"> <tbody> <tr> <td style=\"width: 202px;text-align: center\" colspan=\"2\"><strong>PhD-hallgat\u00f3k<\/strong><\/td> <\/tr> <tr> <td style=\"width: 202px;text-align: center\">Dr. Karancsi Zita<\/td> <td style=\"width: 203px;text-align: center\">2015<\/td> <\/tr> <tr> <td style=\"width: 202px;text-align: center\">P\u00e9zsa Nikolett<\/td> <td style=\"width: 203px;text-align: center\">\u00a02017<\/td> <\/tr> <tr> <td style=\"width: 202px;text-align: center\">Dr. Kov\u00e1cs D\u00f3ra<\/td> <td style=\"width: 203px;text-align: center\">2018<\/td> <\/tr> <tr> <td style=\"width: 202px;text-align: center\">Dr. M\u00f3ritz Alma<\/td> <td style=\"width: 203px;text-align: center\">2021<\/td> <\/tr> <\/tbody> <\/table> <hr align=\"center\" size=\"5\" width=\"60%\" \/> <p><span style=\"font-family: impact, sans-serif\">Publik\u00e1ci\u00f3s lista (Top10)<\/span><\/p> <p style=\"text-align: center\">MTMT:\u00a0<a href=\"https:\/\/m2.mtmt.hu\/gui2\/?type=authors&amp;mode=browse&amp;sel=authors10013542\">https:\/\/m2.mtmt.hu\/gui2\/?type=authors&amp;mode=browse&amp;sel=authors10013542<\/a><\/p> <table style=\"height: 398px;width: 1140px\" width=\"1140\"> <tbody> <tr style=\"height: 86px\"> <td style=\"width: 36px;height: 86px;text-align: center\">1.<\/td> <td style=\"width: 1088px;height: 86px\">Z. Karancsi, D. Kovacs, N. P\u00e9zsa; P. G\u00e1lfi, \u00c1. Jerzsele, O. Farkas The Impact of Quercetin and Its Methylated Derivatives 3-o-Methylquercetin and Rhamnazin in Lipopolysaccharide-Induced Inflammation in Porcine Intestinal Cells Antioxidants 11: 7 Paper: 1265, 12 p. 2022<\/td> <\/tr> <tr style=\"height: 54px\"> <td style=\"width: 36px;height: 54px;text-align: center\">2.<\/td> <td style=\"width: 1088px;height: 54px\">Kov\u00e1cs, D; Palkovicsn\u00e9 P\u00e9zsa, N.; Jerzsele, \u00c1.; S\u00fcth, M.; Farkas, O. Protective Effects of Grape Seed Oligomeric Proanthocyanidins in IPEC-J2\u2013Escherichia coli\/Salmonella Typhimurium Co-Culture Antibiotics 11: 1 Paper: 110 202<\/td> <\/tr> <tr style=\"height: 54px\"> <td style=\"width: 36px;height: 54px;text-align: center\">3.<\/td> <td style=\"width: 1088px;height: 54px\">Palkovicsn\u00e9 P\u00e9zsa, N.; Kov\u00e1cs, D.; R\u00e1cz, B.; Farkas, O. Effects of Bacillus licheniformis and Bacillus subtilis on Gut Barrier Function, Proinflammatory Response, ROS Production and Pathogen Inhibition Properties in IPEC-J2\u2014Escherichia coli\/Salmonella Typhimurium Co-Culture Microorganisms 10: 5 Paper: 936, 17 p. 2022<\/td> <\/tr> <tr style=\"height: 54px\"> <td style=\"width: 36px;height: 54px;text-align: center\">4.<\/td> <td style=\"width: 1088px;height: 54px\">Palkovicsn\u00e9, P\u00e9zsa N.; Kov\u00e1cs, D.; G\u00e1lfi, P.; R\u00e1cz, B.; Farkas, O. Effect of Enterococcus faecium NCIMB 10415 on Gut Barrier Function, Internal Redox State, Proinflammatory Response and Pathogen Inhibition Properties in Porcine Intestinal Epithelial Cells Nutrients 14: 7 Paper: 1486, 18 p. 202<\/td> <\/tr> <tr style=\"height: 31px\"> <td style=\"width: 36px;height: 31px;text-align: center\">5.<\/td> <td style=\"width: 1088px;height: 31px\">Z. Karancsi, A.V. M\u00f3ritz, N. Lewin, A. M. Veres, \u00c1. Jerzsele, O. Farkas. Beneficial effect of fermented wheat germ extract in intestinal epithelial cells in case of lipopolysaccharide-evoked inflammation. Oxidative Medicine and Cellular Longevity. 2020<\/td> <\/tr> <tr style=\"height: 23px\"> <td style=\"width: 36px;height: 23px;text-align: center\">6.<\/td> <td style=\"width: 1088px;height: 23px\">\u00a0D, Kov\u00e1cs; Z, Karancsi; O, Farkas; \u00c1, Jerzsele Antioxidant activity of flavonoids in LPS-treated IPEC-J2 porcine intestinal epithelial cells and their antibacterial effect against bacteria of swine origin Antioxidants 9: 12 Paper: 1267 2020<\/td> <\/tr> <tr style=\"height: 24px\"> <td style=\"width: 36px;text-align: center;height: 24px\">7.<\/td> <td style=\"width: 1088px;height: 24px\">\u00a0Farkas O, Karancsi Z, Kovacs D, Lubov B, Csiko G, Palocz O Effect of flavonoids on cytochrome P450 activity in porcine intestinal epithelial cells &#8211; in vitro interaction study Journal of Veterinary Pharmacology And Therapeutics 41:(1) pp. 142-143<\/td> <\/tr> <tr style=\"height: 24px\"> <td style=\"width: 36px;text-align: center;height: 24px\">8.<\/td> <td style=\"width: 1088px;height: 24px\">Palocz O, Paszti-Gere E, Galfi P, Farkas O. Chlorogenic Acid Combined with Lactobacillus plantarum 2142 Reduced LPS-Induced Intestinal Inflammation and Oxidative Stress in IPEC-J2 Cells. Plos One 11:(11) Paper e0166642.<\/td> <\/tr> <tr style=\"height: 24px\"> <td style=\"width: 36px;text-align: center;height: 24px\">9.<\/td> <td style=\"width: 1088px;height: 24px\">Farkas O, Pal\u00f3cz O, P\u00e1szti-Gere E, G\u00e1lfi P Polymethoxyflavone apigenin-trimethylether suppresses LPS-induced inflammatory response in non-transformed porcine intestinal cell line IPEC-J2 Oxidative Medicine and Cellular Longevity, Paper 673847<\/td> <\/tr> <tr style=\"height: 24px\"> <td style=\"width: 36px;text-align: center;height: 24px\">10.<\/td> <td style=\"width: 1088px;height: 24px\">\u00a0Farkas O., G. M\u00e1tis, E. P\u00e1szti-Gere, O. Pal\u00f3cz, A. Kulcs\u00e1r, J. Petrilla, Gy. Csik\u00f3, Zs. Neogr\u00e1dy, P. G\u00e1lfi Effects of Lactobacillus plantarum 2142 and sodium n-butyrate in LPS-triggered inflammation: comparison of IPEC-J2 and primary hepatocyte mono-cultures with a porcine enterohepatic co-culture system Journal of Animal Science 92:(9), 3835-3845<\/td> <\/tr> <\/tbody> <\/table> <p>&nbsp;<\/p> <p style=\"text-align: center\">(Friss\u00edtve: 2023. \u00e1prilis)<\/p>","protected":false},"excerpt":{"rendered":"<p>Bemutatkoz\u00e1s Tanulm\u00e1nyok: 2001-ben v\u00e9gzett a BME-VBK-n, biom\u00e9rn\u00f6k szakon. Ezut\u00e1n szint\u00e9n a BME-n az Ol\u00e1h Gy\u00f6rgy Doktori Iskola hallgat\u00f3ja lett, 2008-ban szerezte meg a PhD fokozatot. 2018-ban habilit\u00e1lt az \u00c1llatorvostudom\u00e1nyi Egyetemen. Munkahelyek: 2001-t\u0151l az MTA Term\u00e9szettudom\u00e1nyi Kutat\u00f3k\u00f6zpontban dolgozott, a Biooxid\u00e1ci\u00f3s csoport tagjak\u00e9nt. Itt ismerkedett meg az in vitro technik\u00e1k alapjaival, kutat\u00e1si ter\u00fclete k\u00fcl\u00f6nf\u00e9le fotoszenzibiliz\u00e1tor vegy\u00fcletek daganatellenes<\/p>\n","protected":false},"author":5824,"featured_media":0,"parent":858,"menu_order":211,"comment_status":"closed","ping_status":"closed","template":"","meta":{"_acf_changed":false,"footnotes":""},"categories":[56],"tags":[],"class_list":["post-3769","page","type-page","status-publish","hentry","category-munkatarsak"],"acf":[],"_links":{"self":[{"href":"https:\/\/univet.hu\/hu\/wp-json\/wp\/v2\/pages\/3769","targetHints":{"allow":["GET"]}}],"collection":[{"href":"https:\/\/univet.hu\/hu\/wp-json\/wp\/v2\/pages"}],"about":[{"href":"https:\/\/univet.hu\/hu\/wp-json\/wp\/v2\/types\/page"}],"author":[{"embeddable":true,"href":"https:\/\/univet.hu\/hu\/wp-json\/wp\/v2\/users\/5824"}],"replies":[{"embeddable":true,"href":"https:\/\/univet.hu\/hu\/wp-json\/wp\/v2\/comments?post=3769"}],"version-history":[{"count":1,"href":"https:\/\/univet.hu\/hu\/wp-json\/wp\/v2\/pages\/3769\/revisions"}],"predecessor-version":[{"id":185972,"href":"https:\/\/univet.hu\/hu\/wp-json\/wp\/v2\/pages\/3769\/revisions\/185972"}],"up":[{"embeddable":true,"href":"https:\/\/univet.hu\/hu\/wp-json\/wp\/v2\/pages\/858"}],"wp:attachment":[{"href":"https:\/\/univet.hu\/hu\/wp-json\/wp\/v2\/media?parent=3769"}],"wp:term":[{"taxonomy":"category","embeddable":true,"href":"https:\/\/univet.hu\/hu\/wp-json\/wp\/v2\/categories?post=3769"},{"taxonomy":"post_tag","embeddable":true,"href":"https:\/\/univet.hu\/hu\/wp-json\/wp\/v2\/tags?post=3769"}],"curies":[{"name":"wp","href":"https:\/\/api.w.org\/{rel}","templated":true}]}}