{"id":37710,"date":"2019-04-10T15:28:06","date_gmt":"2019-04-10T13:28:06","guid":{"rendered":"https:\/\/univet.hu\/?page_id=37710"},"modified":"2019-10-29T15:08:28","modified_gmt":"2019-10-29T14:08:28","slug":"prezentacios-nap-2019","status":"publish","type":"page","link":"https:\/\/univet.hu\/hu\/egyetem\/palyazati-projektek\/prezentacios-nap-2019\/","title":{"rendered":"Prezent\u00e1ci\u00f3s Program"},"content":{"rendered":"<p><strong>A Prezent\u00e1ci\u00f3s Programba olyan lelkes hallgat\u00f3k jelentkez\u00e9s\u00e9t v\u00e1rjuk,\u00a0akik j\u00f3 el\u0151ad\u00f3k\u00e9szs\u00e9g\u00fck birtok\u00e1ban a m\u00e1r megl\u00e9v\u0151 innovat\u00edv kutat\u00e1sukat, vagy a p\u00e1ly\u00e1zat megadott t\u00e9m\u00e1j\u00e1nak \u00fajszer\u0171 megk\u00f6zel\u00edt\u00e9s\u00e9vel kapcsolatos \u00f6tleteiket sz\u00edvesen megosztj\u00e1k a szakmai zs\u0171rivel.\u00a0<\/strong><\/p> <p>&nbsp;<\/p> <p>&nbsp;<\/p> <p>&nbsp;<\/p>","protected":false},"excerpt":{"rendered":"<p>A Prezent\u00e1ci\u00f3s Programba olyan lelkes hallgat\u00f3k jelentkez\u00e9s\u00e9t v\u00e1rjuk,\u00a0akik j\u00f3 el\u0151ad\u00f3k\u00e9szs\u00e9g\u00fck birtok\u00e1ban a m\u00e1r megl\u00e9v\u0151 innovat\u00edv kutat\u00e1sukat, vagy a p\u00e1ly\u00e1zat megadott t\u00e9m\u00e1j\u00e1nak \u00fajszer\u0171 megk\u00f6zel\u00edt\u00e9s\u00e9vel kapcsolatos \u00f6tleteiket sz\u00edvesen megosztj\u00e1k a szakmai zs\u0171rivel.\u00a0 &nbsp; &nbsp; &nbsp;<\/p>\n","protected":false},"author":7,"featured_media":0,"parent":1058,"menu_order":0,"comment_status":"closed","ping_status":"closed","template":"","meta":{"_acf_changed":false,"footnotes":""},"categories":[],"tags":[],"class_list":["post-37710","page","type-page","status-publish","hentry"],"acf":[],"_links":{"self":[{"href":"https:\/\/univet.hu\/hu\/wp-json\/wp\/v2\/pages\/37710","targetHints":{"allow":["GET"]}}],"collection":[{"href":"https:\/\/univet.hu\/hu\/wp-json\/wp\/v2\/pages"}],"about":[{"href":"https:\/\/univet.hu\/hu\/wp-json\/wp\/v2\/types\/page"}],"author":[{"embeddable":true,"href":"https:\/\/univet.hu\/hu\/wp-json\/wp\/v2\/users\/7"}],"replies":[{"embeddable":true,"href":"https:\/\/univet.hu\/hu\/wp-json\/wp\/v2\/comments?post=37710"}],"version-history":[{"count":0,"href":"https:\/\/univet.hu\/hu\/wp-json\/wp\/v2\/pages\/37710\/revisions"}],"up":[{"embeddable":true,"href":"https:\/\/univet.hu\/hu\/wp-json\/wp\/v2\/pages\/1058"}],"wp:attachment":[{"href":"https:\/\/univet.hu\/hu\/wp-json\/wp\/v2\/media?parent=37710"}],"wp:term":[{"taxonomy":"category","embeddable":true,"href":"https:\/\/univet.hu\/hu\/wp-json\/wp\/v2\/categories?post=37710"},{"taxonomy":"post_tag","embeddable":true,"href":"https:\/\/univet.hu\/hu\/wp-json\/wp\/v2\/tags?post=37710"}],"curies":[{"name":"wp","href":"https:\/\/api.w.org\/{rel}","templated":true}]}}