{"id":3772,"date":"2017-05-04T10:47:00","date_gmt":"2017-05-04T08:47:00","guid":{"rendered":"http:\/\/univet.hu\/egyetem\/munkatarsak\/farkas-robert\/"},"modified":"2026-02-10T04:00:44","modified_gmt":"2026-02-10T03:00:44","slug":"farkas-robert","status":"publish","type":"page","link":"https:\/\/univet.hu\/hu\/egyetem\/munkatarsak\/farkas-robert\/","title":{"rendered":"Farkas R\u00f3bert"},"content":{"rendered":"<p style=\"text-align: center\"><span style=\"font-size: 14pt\"><strong>Bemutatkoz\u00e1s<\/strong><\/span><\/p> <p>Dr. Farkas R\u00f3bert 1982-t\u0151l dolgozik az \u00c1TE Parazitol\u00f3giai \u00e9s \u00c1llattani Tansz\u00e9k\u00e9n, amelynek 2001 \u00e9s 2018 k\u00f6z\u00f6tt tansz\u00e9kvezet\u0151je volt. \u00a0A parazitol\u00f3gi\u00e1t \u00e9s m\u00e9heg\u00e9szs\u00e9g\u00fcgyet, valamint k\u00e9t fakultat\u00edv tant\u00e1rgyat oktat magyar \u00e9s angol nyelven. A szak\u00e1llatorvosi- \u00e9s m\u00e1s szakmai tov\u00e1bbk\u00e9pz\u00e9sben folyamatosan k\u00f6zrem\u0171k\u00f6dik. 2012-t\u0151l 2016-ig oktat\u00e1si d\u00e9k\u00e1n- ill. rektorhelyettes volt. T\u00f6bb hazai \u00e9s nemzetk\u00f6zi kutat\u00f3hellyel alak\u00edtott ki szakmai kapcsolatot \u00e9s vett r\u00e9szt hazai \u00e9s nemzetk\u00f6zi kutat\u00e1sokban. Tudom\u00e1nyos k\u00f6zlem\u00e9nyeinek sz\u00e1ma 225. K\u00f6zrem\u0171k\u00f6d\u00f6tt 17 angol \u00e9s 2 magyar nyelv\u0171 k\u00f6nyvfejezet meg\u00edr\u00e1s\u00e1ban. 2003 \u00e9s 2006 k\u00f6z\u00f6tt Sz\u00e9chenyi \u00f6szt\u00f6nd\u00edjban r\u00e9szes\u00fclt. Az \u00e1llatorvos parazitol\u00f3gusok eur\u00f3pai koll\u00e9gium\u00e1nak diplomat\u00e1ja. A Magyar Parazitol\u00f3gusok T\u00e1rsas\u00e1ga eml\u00e9k\u00e9rm\u00e9vel 2007-ben, Tolnai S\u00e1ndor D\u00edjjal 2012-ben, a Magyar \u00c9rdemrend Tisztikeresztje kit\u00fcntet\u00e9ssel 2017-ben ismert\u00e9k el szakmai munk\u00e1j\u00e1t.<\/p> <p><strong>F\u0151bb kutat\u00e1si ter\u00fclet:<\/strong><\/p> <p>\u00c1llatorvosi jelent\u0151s\u00e9g\u0171 k\u00fcls\u0151 \u00e9l\u0151sk\u00f6d\u0151kkel terjed\u0151 k\u00f3rokoz\u00f3k el\u0151fordul\u00e1sa, gazdas\u00e1gi haszon- \u00e9s t\u00e1rs\u00e1llatok parazit\u00e1s b\u00e1ntalmai.<\/p> <p><strong>El\u0151rehalad\u00e1s<\/strong><\/p> <p>1976 &#8211; \u00e1llatorvosdoktor<\/p> <p>1992 &#8211; kandid\u00e1tus<\/p> <p>1998 &#8211; habilit\u00e1ci\u00f3<\/p> <p>2013 &#8211; MTA doktora<\/p> <p><strong>Szakmai szervezeti tags\u00e1g<\/strong><\/p> <table style=\"height: 272px\" width=\"973\"> <tbody> <tr> <td style=\"width: 508.383px;text-align: center\"><strong>Bizotts\u00e1g neve<\/strong><\/td> <td style=\"width: 101.45px;text-align: center\"><strong>Id\u0151<\/strong><\/td> <td style=\"width: 342.767px;text-align: center\"><strong>Tiszts\u00e9g<\/strong><\/td> <\/tr> <tr> <td style=\"width: 508.383px;text-align: center\">\u00a0Akkredit\u00e1ci\u00f3s \u00e9s Min\u0151s\u00e9g\u00fcgyi Bizotts\u00e1g<\/td> <td style=\"width: 101.45px;text-align: center\"><\/td> <td style=\"width: 342.767px;text-align: center\">\u00a0eln\u00f6k<\/td> <\/tr> <tr> <td style=\"width: 508.383px;text-align: center\">\u00a0Tudom\u00e1nyos D\u00f6nt\u0151bizotts\u00e1g<\/td> <td style=\"width: 101.45px;text-align: center\"><\/td> <td style=\"width: 342.767px;text-align: center\">\u00a0tag<\/td> <\/tr> <tr> <td style=\"width: 508.383px;text-align: center\">\u00a0Doktori Iskola Tan\u00e1csa<\/td> <td style=\"width: 101.45px;text-align: center\"><\/td> <td style=\"width: 342.767px;text-align: center\">\u00a0tag<\/td> <\/tr> <tr> <td style=\"width: 508.383px;text-align: center\">\u00a0MTA \u00c1llatorvostudom\u00e1nyi Bizotts\u00e1ga<\/td> <td style=\"width: 101.45px;text-align: center\"><\/td> <td style=\"width: 342.767px;text-align: center\">\u00a0tag<\/td> <\/tr> <tr> <td style=\"width: 508.383px;text-align: center\">\u00a0\u00c1llat-eg\u00e9szs\u00e9g\u00fcgyi Igazs\u00e1g\u00fcgyi Szak\u00e9rt\u0151i Test\u00fclet<\/td> <td style=\"width: 101.45px;text-align: center\"><\/td> <td style=\"width: 342.767px;text-align: center\">\u00a0tag<\/td> <\/tr> <tr> <td style=\"width: 508.383px;text-align: center\">Magyar Parazitol\u00f3gusok T\u00e1rsas\u00e1ga<\/td> <td style=\"width: 101.45px;text-align: center\"><\/td> <td style=\"width: 342.767px;text-align: center\">eln\u00f6k<\/td> <\/tr> <\/tbody> <\/table> <p>&nbsp;<\/p> <p><strong>Eddigi szakdolgozat\/TDK hallgat\u00f3k sz\u00e1ma: 86<\/strong><\/p> <table width=\"569\"> <tbody> <tr> <td colspan=\"2\" width=\"569\"> <p><strong>PhD-hallgat\u00f3k:<\/strong><\/p> <p>F\u00f6ldv\u00e1ri G\u00e1bor<\/p> <p>T\u00e1nczos Bal\u00e1zs<\/p> <p>Boz\u00f3 Csaba<\/p> <p>T\u00f3th Mariann<\/p> <p>Dr. Becker Zsolt<\/p> <p>Krik\u00f3 Eszter<\/td> <\/tr> <tr> <td width=\"281\"><\/td> <td width=\"288\"><\/td> <\/tr> <\/tbody> <\/table> <p>&nbsp;<\/p> <p><strong>Publik\u00e1ci\u00f3s lista (Top10)<\/strong><\/p> <p>MTMT:\u00a0 <a href=\"https:\/\/m2.mtmt.hu\/gui2\/?type=authors&amp;mode=browse&amp;sel=authors10002347\">https:\/\/m2.mtmt.hu\/gui2\/?type=authors&amp;mode=browse&amp;sel=authors10002347<\/a><\/p> <table style=\"height: 280px\" width=\"985\"> <tbody> <tr style=\"height: 80px\"> <td style=\"width: 42.0167px;height: 80px;text-align: center\">1.<\/td> <td style=\"width: 928.183px;height: 80px;text-align: center\">Far, Dima\u00a0;\u00a0<a href=\"https:\/\/m2.mtmt.hu\/api\/author\/10050807\">Tak\u00e1cs, N\u00f3ra<\/a>;\u00a0<a href=\"https:\/\/m2.mtmt.hu\/api\/author\/10022994\">Gyurkovszky, M\u00f3nika<\/a>;\u00a0<a href=\"https:\/\/m2.mtmt.hu\/api\/author\/10017846\">Solymosi, Norbert<\/a>\u00a0;\u00a0<a href=\"https:\/\/m2.mtmt.hu\/api\/author\/10002347\">Farkas, R\u00f3bert,<\/a>\u00a0\u00a0 <a href=\"https:\/\/m2.mtmt.hu\/api\/publication\/32060695\"><em>Ticks and Tick-Borne Infections of Dogs in Two Jordanian Shelters.\u00a0<\/em><\/a><em>\u00a0\u00a0\u00a0<\/em>VECTOR-BORNE AND ZOONOTIC DISEASES\u00a021\u00a0:\u00a08\u00a0pp. 573-578. 6 p.\u00a0(2021)<\/td> <\/tr> <tr style=\"height: 24px\"> <td style=\"width: 42.0167px;height: 24px;text-align: center\">2.<\/td> <td style=\"width: 928.183px;height: 24px;text-align: center\">Fuehrer, Hans-Peter\u00a0;\u00a0Morelli, Simone\u00a0;\u00a0Unterk\u00f6fler, Maria Sophia\u00a0;\u00a0Bajer, Anna\u00a0;\u00a0Bakran-Lebl, Karin\u00a0;\u00a0Dwu\u017cnik-Szarek, Dorota\u00a0;\u00a0<a href=\"https:\/\/m2.mtmt.hu\/api\/author\/10002347\">Farkas, R\u00f3bert<\/a>;\u00a0Grandi, Giulio\u00a0;\u00a0Heddergott, Mike\u00a0;\u00a0Jokelainen, Pikka\u00a0et al.: <a href=\"https:\/\/m2.mtmt.hu\/api\/publication\/32460421\"><em>Dirofilaria spp. and Angiostrongylus vasorum: Current Risk of Spreading in Central and Northern Europe<\/em><\/a><em>. <\/em>PATHOGENS\u00a010:\u00a010\u00a0p. 1268\u00a0(2021)<\/td> <\/tr> <tr style=\"height: 24px\"> <td style=\"width: 42.0167px;height: 24px;text-align: center\">3.<\/td> <td style=\"width: 928.183px;height: 24px;text-align: center\"><a href=\"https:\/\/m2.mtmt.hu\/api\/author\/10075036\">Tuska-Szalay, Barbara<\/a>;\u00a0<a href=\"https:\/\/m2.mtmt.hu\/api\/author\/10049334\">Vizi, Zsuzsanna<\/a>;\u00a0Hofmann-Lehmann, Regina\u00a0;\u00a0<a href=\"https:\/\/m2.mtmt.hu\/api\/author\/10002293\">Vajdovich, P\u00e9ter<\/a>\u00a0;\u00a0<a href=\"https:\/\/m2.mtmt.hu\/api\/author\/10050807\">Tak\u00e1cs, N\u00f3ra<\/a>\u00a0;\u00a0Meli, Marina L.\u00a0;\u00a0<a href=\"https:\/\/m2.mtmt.hu\/api\/author\/10002347\">Farkas, R\u00f3bert<\/a>\u00a0;\u00a0Stummer-Knyih\u00e1r, Vikt\u00f3ria\u00a0;\u00a0<a href=\"https:\/\/m2.mtmt.hu\/api\/author\/10023378\">Jerzsele, \u00c1kos<\/a>\u00a0;\u00a0<a href=\"https:\/\/m2.mtmt.hu\/api\/author\/10000654\">Kontsch\u00e1n, Jen\u0151<\/a>\u00a0et al. <a href=\"https:\/\/m2.mtmt.hu\/api\/publication\/32195890\"><em>Babesia gibsoni emerging with high prevalence and co-infections in \u201cfighting dogs\u201d in Hungary<\/em><\/a><em>. <\/em>TRENT RESEARCH IN PARASITOLOGY &amp; VECTOR-BORNE DISEASES\u00a0p.100048\u00a0(2021)<\/td> <\/tr> <tr style=\"height: 24px\"> <td style=\"width: 42.0167px;height: 24px;text-align: center\">4.<\/td> <td style=\"width: 928.183px;height: 24px;text-align: center\">Becskei, Csilla\u00a0;\u00a0Fias, Daphne\u00a0;\u00a0Mahabir, Sean P.\u00a0;\u00a0<a href=\"https:\/\/m2.mtmt.hu\/api\/author\/10002347\">Farkas, Robert<\/a>. <a href=\"https:\/\/m2.mtmt.hu\/api\/publication\/31236399\"><em>Efficacy of a novel oral chewable tablet containing sarolaner, moxidectin and pyrantel (Simparica Trio&#x2122;) against natural flea and tick infestations on dogs presented as veterinary patients in Europe<\/em><\/a><em>.\u00a0 <\/em>PARASITES AND VECTORS\u00a013:\u00a01\u00a0p. 72\u00a0(2020)<\/td> <\/tr> <tr style=\"height: 24px\"> <td style=\"width: 42.0167px;height: 24px;text-align: center\">5.<\/td> <td style=\"width: 928.183px;height: 24px;text-align: center\">Becskei, Csilla\u00a0;\u00a0Kryda, Kristina\u00a0;\u00a0Fias, Daphne\u00a0;\u00a0Follis, Stacey L.\u00a0;\u00a0Wozniakiewicz, Magda\u00a0;\u00a0Mahabir, Sean P.\u00a0;\u00a0<a href=\"https:\/\/m2.mtmt.hu\/api\/author\/10002347\">Farkas, Robert<\/a>. <a href=\"https:\/\/m2.mtmt.hu\/api\/publication\/31236210\"><em>Field efficacy and safety of a novel oral chewable tablet containing sarolaner, moxidectin and pyrantel (Simparica Trio&#x2122;) against naturally acquired gastrointestinal nematode infections in dogs presented as veterinary patients in Europe and the USA<\/em><\/a><em> \u00a0 \u00a0 <\/em>PARASITES AND VECTORS\u00a013:\u00a01\u00a0p. 70\u00a0(2020)<\/td> <\/tr> <tr style=\"height: 10px\"> <td style=\"width: 42.0167px;height: 10px;text-align: center\">6.<\/td> <td style=\"width: 928.183px;height: 10px;text-align: center\"><a href=\"https:\/\/m2.mtmt.hu\/api\/author\/10002347\">Farkas, R\u00f3bert<\/a>;\u00a0Mag, Vikt\u00f3ria\u00a0;\u00a0<a href=\"https:\/\/m2.mtmt.hu\/api\/author\/10022994\">Gyurkovszky, M\u00f3nika<\/a>;\u00a0<a href=\"https:\/\/m2.mtmt.hu\/api\/author\/10050807\">Tak\u00e1cs, N\u00f3ra<\/a>\u00a0;\u00a0<a href=\"https:\/\/m2.mtmt.hu\/api\/author\/10002315\">V\u00f6r\u00f6s, K\u00e1roly<\/a>\u00a0;\u00a0<a href=\"https:\/\/m2.mtmt.hu\/api\/author\/10017846\">Solymosi, Norbert<\/a>. <a href=\"https:\/\/m2.mtmt.hu\/api\/publication\/30935286\"><em>The current situation of canine dirofilariosis in Hungary.<\/em><\/a><em>\u00a0\u00a0<\/em>PARASITOLOGY RESEARCH\u00a0119\u00a0pp. 129-135, 7 p.\u00a0(2020)<\/td> <\/tr> <tr style=\"height: 22px\"> <td style=\"width: 42.0167px;height: 22px;text-align: center\">7.<\/td> <td style=\"width: 928.183px;height: 22px;text-align: center\"><a href=\"https:\/\/m2.mtmt.hu\/api\/author\/10003063\">Hornok, S\u00e1ndor<\/a>;\u00a0Kov\u00e1ts, D\u00e1vid\u00a0;\u00a0Horv\u00e1th, G\u00e1bor\u00a0;\u00a0<a href=\"https:\/\/m2.mtmt.hu\/api\/author\/10000654\">Kontsch\u00e1n, Jen\u0151<\/a>;\u00a0<a href=\"https:\/\/m2.mtmt.hu\/api\/author\/10002347\">Farkas, R\u00f3bert:<\/a>\u00a0 <a href=\"https:\/\/m2.mtmt.hu\/api\/publication\/31167755\"><em>Checklist of the hard tick (Acari: Ixodidae) fauna of Hungary with emphasis on host-associations and the emergence of Rhipicephalus sanguineus<\/em><\/a><em>\u00a0\u00a0 E<\/em>XPERIMENTAL AND APPLIED ACAROLOGY\u00a080:\u00a03\u00a0pp. 311-328, 18 p.\u00a0(2020)<\/td> <\/tr> <tr style=\"height: 24px\"> <td style=\"width: 42.0167px;height: 24px;text-align: center\">8.<\/td> <td style=\"width: 928.183px;height: 24px;text-align: center\">Mifsud, Marta\u00a0;\u00a0<a href=\"https:\/\/m2.mtmt.hu\/api\/author\/10050807\">Takacs, Nora<\/a>;\u00a0<a href=\"https:\/\/m2.mtmt.hu\/api\/author\/10022994\">Gyurkovszky, Monika<\/a>;\u00a0<a href=\"https:\/\/m2.mtmt.hu\/api\/author\/10017846\">Solymosi, Norbert<\/a>\u00a0;\u00a0<a href=\"https:\/\/m2.mtmt.hu\/api\/author\/10002347\">Farkas, Robert <\/a>:\u00a0\u00a0 <a href=\"https:\/\/m2.mtmt.hu\/api\/publication\/31288035\"><em>Detection of Flea-Borne Pathogens from Cats and Fleas in a Maltese Shelter<\/em><\/a><em>\u00a0\u00a0<\/em>VECTOR-BORNE AND ZOONOTIC DISEASES\u00a020:\u00a07\u00a0pp. 529-534, 6 p.\u00a0(2020)<\/td> <\/tr> <tr style=\"height: 24px\"> <td style=\"width: 42.0167px;height: 24px;text-align: center\">9.<\/td> <td style=\"width: 928.183px;height: 24px;text-align: center\"><a href=\"https:\/\/m2.mtmt.hu\/api\/author\/10002347\">Farkas, R\u00f3bert<\/a>;\u00a0Ambrusics, Petra\u00a0;\u00a0<a href=\"https:\/\/m2.mtmt.hu\/api\/author\/10022994\">Gyurkovszky, M\u00f3nika<\/a>. <a href=\"https:\/\/m2.mtmt.hu\/api\/publication\/30643100\"><em>Juhok haemonchosisa: Irodalmi \u00f6sszefoglal\u00f3<\/em><\/a><em>\u00a0<\/em><em>\u00a0<\/em>MAGYAR \u00c1LLATORVOSOK LAPJA\u00a0141\u00a0:\u00a04\u00a0pp. 219-226, 8 p.\u00a0(2019)<\/td> <\/tr> <tr style=\"height: 24px\"> <td style=\"width: 42.0167px;height: 24px;text-align: center\">10.<\/td> <td style=\"width: 928.183px;height: 24px;text-align: center\">Kiszely, S\u00e1ra\u00a0;\u00a0<a href=\"https:\/\/m2.mtmt.hu\/api\/author\/10022994\">Gyurkovszky, M\u00f3nika<\/a>;\u00a0<a href=\"https:\/\/m2.mtmt.hu\/api\/author\/10017846\">Solymosi, Norbert<\/a>;\u00a0<a href=\"https:\/\/m2.mtmt.hu\/api\/author\/10002347\">Farkas, R\u00f3bert<\/a>. <a href=\"https:\/\/m2.mtmt.hu\/api\/publication\/30815715\"><em>Survey of lungworm infection of domestic cats in Hungary<\/em><\/a><em>\u00a0\u00a0 <\/em>ACTA VETERINARIA HUNGARICA\u00a067\u00a0:\u00a03\u00a0pp. 407-417, 11 p.\u00a0(2019)<\/td> <\/tr> <\/tbody> <\/table> <p>&nbsp;<\/p> <p>&nbsp;<\/p> <p>&nbsp;<\/p> <p>&nbsp;<\/p> <p>&nbsp;<\/p> <p>&nbsp;<\/p> <p>&nbsp;<\/p> <div> <p>&nbsp;<\/p> <\/div>","protected":false},"excerpt":{"rendered":"<p>Bemutatkoz\u00e1s Dr. Farkas R\u00f3bert 1982-t\u0151l dolgozik az \u00c1TE Parazitol\u00f3giai \u00e9s \u00c1llattani Tansz\u00e9k\u00e9n, amelynek 2001 \u00e9s 2018 k\u00f6z\u00f6tt tansz\u00e9kvezet\u0151je volt. \u00a0A parazitol\u00f3gi\u00e1t \u00e9s m\u00e9heg\u00e9szs\u00e9g\u00fcgyet, valamint k\u00e9t fakultat\u00edv tant\u00e1rgyat oktat magyar \u00e9s angol nyelven. A szak\u00e1llatorvosi- \u00e9s m\u00e1s szakmai tov\u00e1bbk\u00e9pz\u00e9sben folyamatosan k\u00f6zrem\u0171k\u00f6dik. 2012-t\u0151l 2016-ig oktat\u00e1si d\u00e9k\u00e1n- ill. rektorhelyettes volt. T\u00f6bb hazai \u00e9s nemzetk\u00f6zi kutat\u00f3hellyel alak\u00edtott ki szakmai<\/p>\n","protected":false},"author":5824,"featured_media":0,"parent":858,"menu_order":211,"comment_status":"closed","ping_status":"closed","template":"","meta":{"_acf_changed":false,"footnotes":""},"categories":[56],"tags":[],"class_list":["post-3772","page","type-page","status-publish","hentry","category-munkatarsak"],"acf":[],"_links":{"self":[{"href":"https:\/\/univet.hu\/hu\/wp-json\/wp\/v2\/pages\/3772","targetHints":{"allow":["GET"]}}],"collection":[{"href":"https:\/\/univet.hu\/hu\/wp-json\/wp\/v2\/pages"}],"about":[{"href":"https:\/\/univet.hu\/hu\/wp-json\/wp\/v2\/types\/page"}],"author":[{"embeddable":true,"href":"https:\/\/univet.hu\/hu\/wp-json\/wp\/v2\/users\/5824"}],"replies":[{"embeddable":true,"href":"https:\/\/univet.hu\/hu\/wp-json\/wp\/v2\/comments?post=3772"}],"version-history":[{"count":2,"href":"https:\/\/univet.hu\/hu\/wp-json\/wp\/v2\/pages\/3772\/revisions"}],"predecessor-version":[{"id":199595,"href":"https:\/\/univet.hu\/hu\/wp-json\/wp\/v2\/pages\/3772\/revisions\/199595"}],"up":[{"embeddable":true,"href":"https:\/\/univet.hu\/hu\/wp-json\/wp\/v2\/pages\/858"}],"wp:attachment":[{"href":"https:\/\/univet.hu\/hu\/wp-json\/wp\/v2\/media?parent=3772"}],"wp:term":[{"taxonomy":"category","embeddable":true,"href":"https:\/\/univet.hu\/hu\/wp-json\/wp\/v2\/categories?post=3772"},{"taxonomy":"post_tag","embeddable":true,"href":"https:\/\/univet.hu\/hu\/wp-json\/wp\/v2\/tags?post=3772"}],"curies":[{"name":"wp","href":"https:\/\/api.w.org\/{rel}","templated":true}]}}