{"id":3784,"date":"2016-08-01T14:26:00","date_gmt":"2016-08-01T12:26:00","guid":{"rendered":"http:\/\/univet.hu\/egyetem\/munkatarsak\/fekete-sandor-gyorgy\/"},"modified":"2026-02-10T04:00:48","modified_gmt":"2026-02-10T03:00:48","slug":"fekete-sandor-gyorgy","status":"publish","type":"page","link":"https:\/\/univet.hu\/hu\/egyetem\/munkatarsak\/fekete-sandor-gyorgy\/","title":{"rendered":"Fekete S\u00e1ndor Gy\u00f6rgy"},"content":{"rendered":"<p>&nbsp;<\/p> <h2>Bemutatkoz\u00e1s<\/h2> <div> <p><strong>DR. FEKETE S\u00c1NDOR GY\u00d6RGY SZAKMAI \u00c9LETRAJZA\u00a0<\/strong><\/p> <p><span class=\"emphasis\">K\u00e9pes\u00edt\u00e9sek<\/span><br \/> 1974 \u00e1llatorvosdoktor (\u00c1llatorvostudom\u00e1nyi Egyetem Budapest): &#8222;Sub auspiciis rei publici popularis&#8221; kit\u00fcntet\u00e9ses doktorr\u00e1 avat\u00e1s 1975-ben<br \/> 1983 \u00e1llathigi\u00e9nikus szak\u00e1llatorvos<br \/> 1987 mez\u0151gazdas\u00e1g-tudom\u00e1ny (takarm\u00e1nyoz\u00e1stan) kandid\u00e1tusa (~PhD) (Moszkva-Budapest): &#8222;A t\u00e1pl\u00e1l\u00f3anyagok em\u00e9szthet\u0151s\u00e9g\u00e9t befoly\u00e1sol\u00f3 fontosabb bels\u0151 \u00e9s k\u00fcls\u0151 t\u00e9nyez\u0151k vizsg\u00e1lata ny\u00falon\u201d<br \/> 2002 \u00c1llatetikai tov\u00e1bbk\u00e9pz\u00e9s (International Bioethics Institute, Lisbon, Portugal)<br \/> 2004 MTA doktora (\u00e1llatorvos-tudom\u00e1ny): \u201cA takarm\u00e1nyoz\u00e1s \u00f6sszef\u00fcgg\u00e9sei az \u00e1llatok test\u00f6sszet\u00e9tel\u00e9velel, termel\u00e9s\u00e9vel, eg\u00e9szs\u00e9gi \u00e9s szaporod\u00e1si \u00e1llapot\u00e1val.\u201d<\/p> <p><span class=\"emphasis\">Szakmai tapasztalatok<\/span><br \/> \uf071 1974-1976: vid\u00e9ki k\u00f6rzeti \u00e1llatorvos Hajdu-Bihar megy\u00e9ben (vegyes praxis).<br \/> \uf071 1976: Takarm\u00e1nyoz\u00e1stani Tansz\u00e9k (\u00c1llatorvostudom\u00e1nyi Egyetem Budapest), tan\u00e1rseg\u00e9d, adjunktus, 1987-t\u0151l egyetemi docens, majd egyetemi tan\u00e1r (1991).<br \/> \uf071 1998-2004: int\u00e9zetvezet\u0151je az \u00f6sszevont \u201c\u00c1llatteny\u00e9szt\u00e9si \u00e9s Takarm\u00e1nyoz\u00e1stani Int\u00e9zet\u201d-nek.<br \/> \uf071 2004&#8211;: az \u201cLabor\u00e1llat-tudom\u00e1nyi Oszt\u00e1ly\u201d vezet\u0151je a k\u00f6zben kib\u0151v\u00fclt \u201c\u00c1llatteny\u00e9szt\u00e9si, Takarm\u00e1nyoz\u00e1stani \u00e9s Labor\u00e1llat-tudom\u00e1nyi Int\u00e9zetben, a Szent-Istv\u00e1n Egyetem \u00c1llatorvos-tudom\u00e1nyi Kar\u00e1n (Budapest)<\/p> <p><span class=\"emphasis\">Tanulm\u00e1nyutak, szabbatikus id\u0151k<\/span><\/p> <p>\uf071 1979: Institute National de la Recherche Agronomique: ny\u00faltakarm\u00e1nyoz\u00e1si \u00e9s \u2013patol\u00f3giai k\u00e9rd\u00e9sek<br \/> \uf071 1990 kutat\u00f3munka a UC Davis Egyetem (CA, USA), Department of Animal Sciencen: teljes test\u00f6sszet\u00e9tel vizsg\u00e1lata nem-inv\u00e1z\u00edv m\u00f3dszerekkel<br \/> \uf071 2006: 5 szabbatikus h\u00f3nap a Brigham Young Egyetemen (Provo, UT, USA): \u201cHolistic Animal Science\u201d t\u00e1rgy megalkot\u00e1sa \u00e9s tananyag\u00e1nak kidolgoz\u00e1sa<br \/> \uf071 2011-ben 5 szabbatikus h\u00f3nap Fulbright professzori \u00f6szt\u00f6nd\u00edjjal a Cornell Egyetemen (Ithaca, NY, USA), szemin\u00e1riumok tart\u00e1sa \u00e9s bioakusztikai-zoomuzikol\u00f3giai kutat\u00e1sok v\u00e9gz\u00e9se laborr\u00e1gcs\u00e1l\u00f3kkal.<\/p> <p>\uf071 Munkak\u00f6ri k\u00f6telezetts\u00e9ge: (r\u00e9szbeni) el\u0151ad\u00e1sok tart\u00e1sa \u00e9s (r\u00e9szbeni) vizsg\u00e1ztat\u00e1s a magyar \u00e1s angol nyelv\u0171 takarm\u00e1nyoz\u00e1stan \u00e9s \u201cFuttermittelkunde\u201d t\u00e1rgyak ter\u00fclet\u00e9n. Tant\u00e1rgyfelel\u0151sk\u00e9nt szervez\u00e9s \u00e9s nagyr\u00e9szbeni el\u0151ad\u00f3ja:<br \/> \uf076 \u201cLabor\u00e1llat-tudom\u00e1ny \u00e9s bioetika\u201d (2007-t\u0151l k\u00f6telez\u0151 \u00e1llatorvostan-hallgat\u00f3i t\u00e1rgy magyarul \u00e9s angolul (15 h elm\u00e9let, 8 h gyakorlat)<br \/> \uf076 \u201cLabortierkunde\u201d n\u00e9met \u00e1llatorvostan-hallgat\u00f3knak (fakultat\u00edv, 15 h elm\u00e9let)<br \/> \uf076 \u201cLabor\u00e1llat-tudom\u00e1ny \u00e9s k\u00eds\u00e9rleti elrendez\u00e9s\u201d (2008-t\u00f3l: \u201cLabor\u00e1llat-tudom\u00e1ny \u00e9s \u00e1llatv\u00e9delem\u201d c\u00edmen) k\u00f6telez\u0151 PhD-t\u00e1rgy, magyarul \u00e9s angolul (1996-t\u00f3l): 80 \u00f3ra (EU-FELASA \u201cC\u201d-szint ekvivalens bizony\u00edtv\u00e1ny az \u00e1llatk\u00eds\u00e9rletez\u00e9sben)<br \/> \uf076 \u201cModellek a k\u00eds\u00e9rletez\u00e9sben\u201d fakultat\u00edv t\u00e1rgy magyar \u00e9s angol PhD-hallgat\u00f3knak (15 h elm\u00e9let)<br \/> \uf076 \u201cT\u00e1rs\u00e1llat Dietetika\u201d illetve \u201cCompanion Animal Dietetics\u201d a magyar \u00e9s angol nyelv\u0171 \u00e1llatorvostan-hallgat\u00f3knak (fakultat\u00edv B, 20 \u00f3ra elm\u00e9let, 10 \u00f3ra gyakorlat)<\/p> <p>K\u00f6zlem\u00e9nyek<br \/> &#8211; \u00d6sszesen 179 peer-reviewed tudom\u00e1nyos \u00e9s 61 n\u00e9pszer\u0171-tudom\u00e1nyos \u00edr\u00e1s \u00d6ssz impact (a k\u00f6zl\u00e9skori \u00e9rt\u00e9kekkel sz\u00e1m\u00edtva): ~54,185<br \/> &#8211; Kumulat\u00edv id\u00e9zetts\u00e9g (\u00f6nid\u00e9zetts\u00e9g n\u00e9lk\u00fcl): ~172.<br \/> &#8211; Fejezet t\u00e1rsszerz\u0151je a portug\u00e1l \u201cBioethics\u201d egyetemi ktank\u00f6nyvnek (\u201cTransgenic salmon: towards a super fish ?\u201d), Lisbon, 2004<\/p> <p><span class=\"emphasis\">A H\u00c1ROM LEFONTOSABB K\u00d6ZLEM\u00c9NY<\/span><br \/> 1) FEKETE, S.-Bokori, J (1985): The effect of the fiber and protein level of the ration upon the cecotrophy of rabbit. J. Appl. Rabbit Res. 8, 68-71. IF= &#8211;<br \/> 2) FEKETE, S., G\u00e1lfi, P., Boissonneault, G.A., Szab\u00f3, J. (1995): Alternative method for assessing the biological effects of minerals (Abstract). In: The FASEB Journal, Abstracts Part II. 1995.04.09-1995.04.13. Atlanta. p. 54655, IF=18.5<br \/> 3) FEKETE, S.Gy., Andr\u00e1sofszky, E., Gl\u00e1vits, R. (2009): Pathological changes induced by rancid feed in rats and effect on growth and protein utilisation. Acta Vet. Hung. 2009. 57, 247-261. IF= 0.58<\/p> <p><span class=\"emphasis\">Nyelvtud\u00e1s<\/span><br \/> Kiv\u00e1l\u00f3: angol, n\u00e9met \u00e9s francia: el\u0151ad\u00e1s tart\u00e1sa \u00e9s \u00edr\u00e1s. J\u00f3: orosz: besz\u00e9lek \u00e9s \u00edrok Egy\u00e9b szakmai feladatok<br \/> Alap\u00edt\u00f3ja eln\u00f6ke a Magyar Labor\u00e1llat-tudom\u00e1nyi T\u00e1rsas\u00e1gnak(1999-2003; 2006-), az Eur\u00f3pai \u00c1llatorvosi \u00e9s \u00d6sszehasonl\u00edt\u00f3 Takarm\u00e1nyoz\u00e1si Koll\u00e9gium alap\u00edt\u00f3 tagja (1998-).<br \/> A Magyar \u00c1llatorvosi Kamara Dietetikai Tagozat\u00e1nak tudom\u00e1nyos eln\u00f6ke (2007-t\u0151l, az alap\u00edt\u00e1st\u00f3l, majd eln\u00f6ke 2011&#8211;).<br \/> Nemzeti k\u00e9pvisel\u0151je az European Society of Laboratory Animal Veterinarians (ESLAV, 2007-),<br \/> az International Council of Laboratory Animal Science (ICLAS, 2008- FELASA, 2007-) labor\u00e1llatokkal foglalkoz\u00f3 nemzetk\u00f6zi szakmai szervezeteknek \u00e9s tagja az ALTEX-EUSAAT (\u00e1llatk\u00eds\u00e9rletek alternat\u00edv\u00e1ival foglalkoz\u00f3) eur\u00f3pai szervezetnek (2008-).<\/p> <p><span class=\"emphasis\">AMIRE IGAZ\u00c1N B\u00dcSZKE VAGYOK:<\/span><\/p> <p>1. Els\u0151k\u00e9nt tiszt\u00e1ztam a ny\u00fal l\u00e1gy b\u00e9ls\u00e1rev\u00e9s\u00e9nek \u00e9lettani szab\u00e1lyoz\u00e1s\u00e1t.<br \/> 2. A magyar \u00e1llatorvosi takarm\u00e1nyoz\u00e1stan \u00e9s dietetika megalap\u00edt\u00e1sa \u00e9s els\u0151 k\u00e9zik\u00f6nyv\u00e9nek meg\u00edr\u00e1sa magyarul (Budapest, 2003), ill angolul (2008).<br \/> 3. A t\u00e1pl\u00e1lkoz\u00e1sgenomika bevezet\u00e9se a magyar tudom\u00e1nyos \u00e9letbe.<br \/> 4. A \u201cLabor\u00e1llat-tudom\u00e1y \u00e9s k\u00eds\u00e9rleti elrendez\u00e9s\u201d (1996-) c. k\u00f6telez\u0151 PhD-t\u00e1rgynak bevezet\u00e9se, kurrikulum\u00e1nak kidolgoz\u00e1s \u00e9s gondoz\u00e1sa; a k\u00f6telez\u0151 \u00e1llatorvostan-hallgat\u00f3i t\u00e1rgynak, a \u201cLabor\u00e1llat-tudom\u00e1ny \u00e9s bioetik\u00e1\u201d-\u00e1nak (2007-) bevezet\u00e9se, tananyag\u00e1nak kidolgoz\u00e1sa \u00e9s gondoz\u00e1sa \u00e9s nagy r\u00e9sz\u00e9nek el\u0151ad\u00e1sa.<\/p> <\/div> <h2>Tev\u00e9kenys\u00e9g<\/h2> <div> <p>Labor\u00e1llat-tudom\u00e1ny \u00e9s \u00e1llatv\u00e9delem (80 \u00f3r\u00e1s, EU-konform \u201cC-certificate\u201d) tanfolyam<\/p> <\/div>","protected":false},"excerpt":{"rendered":"<p>&nbsp; Bemutatkoz\u00e1s DR. FEKETE S\u00c1NDOR GY\u00d6RGY SZAKMAI \u00c9LETRAJZA\u00a0 K\u00e9pes\u00edt\u00e9sek 1974 \u00e1llatorvosdoktor (\u00c1llatorvostudom\u00e1nyi Egyetem Budapest): &#8222;Sub auspiciis rei publici popularis&#8221; kit\u00fcntet\u00e9ses doktorr\u00e1 avat\u00e1s 1975-ben 1983 \u00e1llathigi\u00e9nikus szak\u00e1llatorvos 1987 mez\u0151gazdas\u00e1g-tudom\u00e1ny (takarm\u00e1nyoz\u00e1stan) kandid\u00e1tusa (~PhD) (Moszkva-Budapest): &#8222;A t\u00e1pl\u00e1l\u00f3anyagok em\u00e9szthet\u0151s\u00e9g\u00e9t befoly\u00e1sol\u00f3 fontosabb bels\u0151 \u00e9s k\u00fcls\u0151 t\u00e9nyez\u0151k vizsg\u00e1lata ny\u00falon\u201d 2002 \u00c1llatetikai tov\u00e1bbk\u00e9pz\u00e9s (International Bioethics Institute, Lisbon, Portugal) 2004 MTA doktora (\u00e1llatorvos-tudom\u00e1ny):<\/p>\n","protected":false},"author":5824,"featured_media":0,"parent":858,"menu_order":211,"comment_status":"closed","ping_status":"closed","template":"","meta":{"_acf_changed":false,"footnotes":""},"categories":[56],"tags":[],"class_list":["post-3784","page","type-page","status-publish","hentry","category-munkatarsak"],"acf":[],"_links":{"self":[{"href":"https:\/\/univet.hu\/hu\/wp-json\/wp\/v2\/pages\/3784","targetHints":{"allow":["GET"]}}],"collection":[{"href":"https:\/\/univet.hu\/hu\/wp-json\/wp\/v2\/pages"}],"about":[{"href":"https:\/\/univet.hu\/hu\/wp-json\/wp\/v2\/types\/page"}],"author":[{"embeddable":true,"href":"https:\/\/univet.hu\/hu\/wp-json\/wp\/v2\/users\/5824"}],"replies":[{"embeddable":true,"href":"https:\/\/univet.hu\/hu\/wp-json\/wp\/v2\/comments?post=3784"}],"version-history":[{"count":1,"href":"https:\/\/univet.hu\/hu\/wp-json\/wp\/v2\/pages\/3784\/revisions"}],"predecessor-version":[{"id":199596,"href":"https:\/\/univet.hu\/hu\/wp-json\/wp\/v2\/pages\/3784\/revisions\/199596"}],"up":[{"embeddable":true,"href":"https:\/\/univet.hu\/hu\/wp-json\/wp\/v2\/pages\/858"}],"wp:attachment":[{"href":"https:\/\/univet.hu\/hu\/wp-json\/wp\/v2\/media?parent=3784"}],"wp:term":[{"taxonomy":"category","embeddable":true,"href":"https:\/\/univet.hu\/hu\/wp-json\/wp\/v2\/categories?post=3784"},{"taxonomy":"post_tag","embeddable":true,"href":"https:\/\/univet.hu\/hu\/wp-json\/wp\/v2\/tags?post=3784"}],"curies":[{"name":"wp","href":"https:\/\/api.w.org\/{rel}","templated":true}]}}