{"id":37886,"date":"2019-04-11T19:49:34","date_gmt":"2019-04-11T17:49:34","guid":{"rendered":"https:\/\/univet.hu\/?page_id=37886"},"modified":"2019-10-29T14:18:35","modified_gmt":"2019-10-29T13:18:35","slug":"novinszky-petra","status":"publish","type":"page","link":"https:\/\/univet.hu\/hu\/egyetem\/palyazati-projektek\/prezentacios-nap-2019\/prezentacios-nap-2019\/novinszky-petra\/","title":{"rendered":"Novinszky Petra"},"content":{"rendered":"<h4><strong>Bio:<\/strong><\/h4> <p><a href=\"https:\/\/univet.hu\/wp-content\/uploads\/2019\/04\/Novinszky-Petra_Fot\u00f3.png\"><img loading=\"lazy\" decoding=\"async\" class=\"alignright size-medium wp-image-37890\" src=\"https:\/\/univet.hu\/wp-content\/uploads\/2019\/04\/Novinszky-Petra_Fot\u00f3-213x320.png\" alt=\"\" width=\"213\" height=\"320\" data-replaced=\"true\" srcset=\"https:\/\/univet.hu\/wp-content\/uploads\/2019\/04\/Novinszky-Petra_Fot\u00f3-213x320.png 213w, https:\/\/univet.hu\/wp-content\/uploads\/2019\/04\/Novinszky-Petra_Fot\u00f3-768x1152.png 768w, https:\/\/univet.hu\/wp-content\/uploads\/2019\/04\/Novinszky-Petra_Fot\u00f3-640x960.png 640w\" sizes=\"auto, (max-width: 213px) 100vw, 213px\" \/><\/a>2015-ben hungarikumm\u00e1 min\u0151s\u00edtett\u00e9k a H\u00e9vizi-tavat, melyet \u00e9vente csaknem egymilli\u00f3 ember l\u00e1togat meg, \u00e9s melynek gy\u00f3gyhat\u00e1s\u00e1t hum\u00e1n orvosi klinikai vizsg\u00e1latok is bizony\u00edtj\u00e1k. \u00c1llatok kezel\u00e9s\u00e9vel kapcsolatban egy eset ismeretes. 1914 nyar\u00e1n \u00e1llatorvosi javaslatra a Nelly nev\u0171 elef\u00e1nt kezd\u0151d\u0151 reum\u00e1j\u00e1t a H\u00e9v\u00edzi-t\u00f3ban kezelt\u00e9k sikerrel. A korabeli k\u00e9pek tan\u00fas\u00e1ga szerint az \u00e1llat nagyszer\u0171en \u00e9rezte mag\u00e1t a term\u00e1lv\u00edzben. Mi\u00e9rt ne alkalmazhatn\u00e1nk a H\u00e9v\u00edzi-t\u00f3 gy\u00f3gyviz\u00e9t az \u00e1llatokn\u00e1l is? A t\u00f3 viz\u00e9t levezet\u0151 csatorn\u00e1n\u00e1l egy term\u00e9szetes l\u00f3j\u00e1rtat\u00f3 berendez\u00e9s kialak\u00edt\u00e1s\u00e1val lehet\u0151v\u00e9 v\u00e1lna a lovak \u00e9s m\u00e1s \u00e1llatok balneoter\u00e1pi\u00e1s kezel\u00e9se az ez id\u00e1ig semmilyen m\u00f3don nem hasznos\u00edtott, elfoly\u00f3 \u201emarad\u00e9k gy\u00f3gyv\u00edz\u201d felhaszn\u00e1l\u00e1s\u00e1val.<\/p> <p><strong>El\u0151ad\u00e1s\u00e1nak a t\u00e9m\u00e1ja:\u00a0\u00a0A H\u00e9vizi-t\u00f3 \u00e9s az \u00e1llatgy\u00f3gy\u00e1szat. Lehet\u0151s\u00e9gek \u00e9s kih\u00edv\u00e1sok.<\/strong><\/p> <p>&nbsp;<\/p>","protected":false},"excerpt":{"rendered":"<p>Bio: 2015-ben hungarikumm\u00e1 min\u0151s\u00edtett\u00e9k a H\u00e9vizi-tavat, melyet \u00e9vente csaknem egymilli\u00f3 ember l\u00e1togat meg, \u00e9s melynek gy\u00f3gyhat\u00e1s\u00e1t hum\u00e1n orvosi klinikai vizsg\u00e1latok is bizony\u00edtj\u00e1k. \u00c1llatok kezel\u00e9s\u00e9vel kapcsolatban egy eset ismeretes. 1914 nyar\u00e1n \u00e1llatorvosi javaslatra a Nelly nev\u0171 elef\u00e1nt kezd\u0151d\u0151 reum\u00e1j\u00e1t a H\u00e9v\u00edzi-t\u00f3ban kezelt\u00e9k sikerrel. A korabeli k\u00e9pek tan\u00fas\u00e1ga szerint az \u00e1llat nagyszer\u0171en \u00e9rezte mag\u00e1t a term\u00e1lv\u00edzben. Mi\u00e9rt<\/p>\n","protected":false},"author":7,"featured_media":0,"parent":45620,"menu_order":0,"comment_status":"closed","ping_status":"closed","template":"","meta":{"_acf_changed":false,"footnotes":""},"categories":[],"tags":[],"class_list":["post-37886","page","type-page","status-publish","hentry"],"acf":[],"_links":{"self":[{"href":"https:\/\/univet.hu\/hu\/wp-json\/wp\/v2\/pages\/37886","targetHints":{"allow":["GET"]}}],"collection":[{"href":"https:\/\/univet.hu\/hu\/wp-json\/wp\/v2\/pages"}],"about":[{"href":"https:\/\/univet.hu\/hu\/wp-json\/wp\/v2\/types\/page"}],"author":[{"embeddable":true,"href":"https:\/\/univet.hu\/hu\/wp-json\/wp\/v2\/users\/7"}],"replies":[{"embeddable":true,"href":"https:\/\/univet.hu\/hu\/wp-json\/wp\/v2\/comments?post=37886"}],"version-history":[{"count":0,"href":"https:\/\/univet.hu\/hu\/wp-json\/wp\/v2\/pages\/37886\/revisions"}],"up":[{"embeddable":true,"href":"https:\/\/univet.hu\/hu\/wp-json\/wp\/v2\/pages\/45620"}],"wp:attachment":[{"href":"https:\/\/univet.hu\/hu\/wp-json\/wp\/v2\/media?parent=37886"}],"wp:term":[{"taxonomy":"category","embeddable":true,"href":"https:\/\/univet.hu\/hu\/wp-json\/wp\/v2\/categories?post=37886"},{"taxonomy":"post_tag","embeddable":true,"href":"https:\/\/univet.hu\/hu\/wp-json\/wp\/v2\/tags?post=37886"}],"curies":[{"name":"wp","href":"https:\/\/api.w.org\/{rel}","templated":true}]}}