{"id":3802,"date":"2017-09-12T13:58:00","date_gmt":"2017-09-12T11:58:00","guid":{"rendered":"http:\/\/univet.hu\/egyetem\/munkatarsak\/fodor-kinga\/"},"modified":"2026-02-10T04:02:54","modified_gmt":"2026-02-10T03:02:54","slug":"fodor-kinga","status":"publish","type":"page","link":"https:\/\/univet.hu\/hu\/egyetem\/munkatarsak\/fodor-kinga\/","title":{"rendered":"Fodor Kinga"},"content":{"rendered":"<p style=\"text-align: center;\"><span style=\"font-size: 14pt;\"><strong>Bemutatkoz\u00e1s <\/strong><\/span><\/p> <p>Fodor Kinga 1997-ben vette \u00e1t \u00e1llatorvos-doktori diplom\u00e1j\u00e1t, melyet k\u00f6vet\u0151en el\u0151sz\u00f6r kis\u00e1llat-dietetikai, majd a labor\u00e1llat-tudom\u00e1nyi, v\u00e9g\u00fcl szakmai \u00e1llatv\u00e9delmi kutat\u00e1sokba kezdett.<\/p> <p>1990-ben kutya- \u00e9s macskakozmetikusi v\u00e9gzetts\u00e9get, 2006-ban Ph.D. fokozatott, 2007-ben Irodalmi \u00e9s alkalmazott \u00edr\u00f3i referens v\u00e9gzetts\u00e9get szerzett. Habilit\u00e1ci\u00f3j\u00e1t 2017-ben szerezte meg.<\/p> <p>1999-t\u0151l az \u00c1llatorvostudom\u00e1nyi Egyetem \u00c1llatteny\u00e9szt\u00e9si \u00e9s Takarm\u00e1nyoz\u00e1stani Tansz\u00e9k\u00e9nek munkat\u00e1rsak\u00e9nt dolgozott, ahol dietetikai kutat\u00e1sai mellett a takarm\u00e1nyoz\u00e1stan tant\u00e1rgy oktat\u00e1s\u00e1ban vett r\u00e9szt.<\/p> <p>2008-t\u00f3l \u2013 2017-ig egyetemi adjunktusk\u00e9nt dolgozott az \u00c1llat-eg\u00e9szs\u00e9g\u00fcgyi Igazgat\u00e1stani \u00e9s Agr\u00e1r-gazdas\u00e1gtani (jelenlegi nev\u00e9n T\u00f6rv\u00e9nysz\u00e9ki \u00c1llatorvostani, Jogi- \u00e9s Gazdas\u00e1gtudom\u00e1nyi) Tansz\u00e9k\u00e9n, ahol a parxismenedzsment, az igazs\u00e1g\u00fcgyi \u00e1llatorvostan \u00e9s a (fakultat\u00edv) \u00e1llatv\u00e9delem tant\u00e1rgyak oktat\u00e1s\u00e1ban vett r\u00e9szt.<\/p> <p>2017-t\u00f3l az \u00c1llatorvostudom\u00e1nyi Egyetem Labor\u00e1llat-tudom\u00e1nyi \u00e9s \u00c1llatv\u00e9delmi Oszt\u00e1ly\u00e1n dolgozott, ahol a magyar, az angol \u00e9s n\u00e9met nyelv\u0171 gradu\u00e1lis k\u00e9pz\u00e9s keret\u00e9ben beindul\u00f3 \u00e1llatv\u00e9delem c. tant\u00e1rgy tant\u00e1rgyfelel\u0151se, tematik\u00e1j\u00e1nak kidolgoz\u00f3ja, valamint a labor\u00e1llat-tudom\u00e1ny, \u00e9s az \u00e1llatv\u00e9delem tant\u00e1rgyak \u00f3raad\u00f3 tan\u00e1ra.<\/p> <p>2021-t\u00f3l az \u00f6n\u00e1ll\u00f3v\u00e1 v\u00e1lt Labor\u00e1llat-tudom\u00e1nyi \u00e9s \u00c1llatv\u00e9delmi Tansz\u00e9k tansz\u00e9kvezet\u0151 egyetemi docense, \u00e9s az \u00e1llatv\u00e9delem c. tant\u00e1rgy mellett a labor\u00e1llat-tudom\u00e1ny \u00e9s bioetika tant\u00e1rgy felel\u0151se is egyben.<\/p> <p>2014 \u00f3ta r\u00e9szt vesz a magyarorsz\u00e1gi \u00e1llatorvosi asszisztensk\u00e9pz\u00e9sben, ahol az \u00e1llatv\u00e9delem, az \u00e1llatok t\u00e1pl\u00e1l\u00e1sa \u00e9s tart\u00e1sa tant\u00e1rgyak felel\u0151se \u00e9s \u00f3raad\u00f3ja, valamint a k\u00e9pz\u00e9s egyik vizsg\u00e1ztat\u00f3ja. Mindezek mellett t\u00f6bb k\u00eds\u00e9rleti \u00e1llath\u00e1z \u00e1llateg\u00e9szs\u00e9g\u00fcgyi \u00e9s \u00e1llatv\u00e9delmi felel\u0151se, k\u00e9t k\u00eds\u00e9rleti \u00e1llatteny\u00e9szt\u0151 telep-, \u00e9s tizenegy \u00e1llatkeresked\u00e9s ell\u00e1t\u00f3 \u00e1llatorvosa. Dolgozott m\u00e9g medvemenhelyen, valamint az egyik legnagyobb hazai \u00e1llatgy\u00f3gyszereket forgalmaz\u00f3 c\u00e9g kis\u00e1llat-eg\u00e9szs\u00e9g\u00fcgyi szakmai vezet\u0151jek\u00e9nt is.<\/p> <p>A Szent Istv\u00e1n Egyetem Mez\u0151gazdas\u00e1g-\u00e9s K\u00f6rnyezettudom\u00e1nyi Kara \u00e1ltal szervezett Kynol\u00f3gus szakir\u00e1ny\u00fa tov\u00e1bbk\u00e9pz\u00e9se, a Budapesti M\u0171szaki \u00e9s Gazdas\u00e1gtudom\u00e1nyi Egyetem Szent-Gy\u00f6rgyi Albert szakkoll\u00e9giuma, valamint a P\u00e9csi- \u00e9s a Szegedi Tudom\u00e1nyegyetemek \u00c1ltal\u00e1nos Orvostudom\u00e1nyi Kara tov\u00e1bbk\u00e9pz\u00e9seinek megh\u00edvott el\u0151ad\u00f3ja, emellett a Magyar \u00c1llatorvosi Kamara \u00e9s az Orvosi Kamara tov\u00e1bbk\u00e9pz\u0151 rendezv\u00e9nyein rendszeresen felk\u00e9rt el\u0151ad\u00f3ja.<\/p> <p>Az \u00c1llatorvostudom\u00e1nyi Egyetem Munkahelyi \u00c1llatj\u00f3l\u00e9ti Bizotts\u00e1g\u00e1nak az Eln\u00f6ke.<\/p> <p>2018 \u00f3ta az Igazs\u00e1g\u00fcgyi Miniszt\u00e9rium az \u00c1llateg\u00e9szs\u00e9g\u00fcgyi Igazs\u00e1g\u00fcgyi Szak\u00e9rt\u0151i Test\u00fclet tagja, valamint ugyanebben az \u00e9vben a Magyar Tudom\u00e1nyos Akad\u00e9mia \u00c1llatk\u00eds\u00e9rleti Oszt\u00e1lyk\u00f6zi \u00c1lland\u00f3 Bizotts\u00e1g\u00e1ba is bev\u00e1lasztott\u00e1k.<\/p> <p>A magyar nyelv\u0171 \u00e1llatorvosi szaksajt\u00f3 fejleszt\u00e9s\u00e9ben kifejtett kimagasl\u00f3 tev\u00e9kenys\u00e9g\u00e9\u00e9rt 2007-ben a N\u00e1daskay-Hagenlocher-d\u00edjban r\u00e9szes\u00fclt.<\/p> <p>2018-ban a Magyar \u00c1llatorvosi Kamara az \u201e\u00c9v \u00e1llatv\u00e9d\u0151 \u00e1llatorvosa\u201d kit\u00fcntet\u00e9sben r\u00e9szes\u00edtette.<\/p> <p><strong>F\u0151bb kutat\u00e1si ter\u00fcletek: <\/strong><\/p> <ul> <li>labor\u00e1llat-tudom\u00e1ny<\/li> <li>kis\u00e1llatdietetika<\/li> <li>szakmai \u00e1llatv\u00e9delem<\/li> <\/ul> <p><strong>Szakmai szervezeti tags\u00e1g<\/strong><\/p> <table style=\"font-weight: 400; width: 514px; height: 432px;\" width=\"0\"> <tbody> <tr style=\"height: 24px;\"> <td style=\"width: 374.125px; height: 24px;\"><strong>Bizotts\u00e1g neve<\/strong><\/td> <td style=\"width: 123.875px; text-align: center; height: 24px;\"><strong>Tiszts\u00e9g<\/strong><\/td> <\/tr> <tr style=\"height: 48px;\"> <td style=\"width: 374.125px; height: 48px;\">\u00c1llatorvostudom\u00e1nyi Egyetem, Munkahelyi \u00c1llatj\u00f3l\u00e9ti Bizotts\u00e1ga<\/td> <td style=\"width: 123.875px; text-align: center; height: 48px;\">Eln\u00f6k<\/td> <\/tr> <tr style=\"height: 48px;\"> <td style=\"width: 374.125px; height: 48px;\">Nemzeti N\u00e9peg\u00e9szs\u00e9g\u00fcgyi \u00e9s Gy\u00f3gyszer\u00e9szeti K\u00f6zpont Munkahelyi \u00c1llatj\u00f3l\u00e9ti Bizotts\u00e1ga<\/td> <td style=\"width: 123.875px; text-align: center; height: 48px;\">Eln\u00f6k<\/td> <\/tr> <tr style=\"height: 24px;\"> <td style=\"width: 374.125px; height: 24px;\">Magyar \u00c1llatv\u00e9delmi \u00e9s \u00c1llatj\u00f3ll\u00e9ti T\u00e1rsas\u00e1g<\/td> <td style=\"width: 123.875px; text-align: center; height: 24px;\">Aleln\u00f6k<\/td> <\/tr> <tr style=\"height: 24px;\"> <td style=\"width: 374.125px; height: 24px;\">Magyar \u00c1llatorvosi Kamara Orsz\u00e1gos Szervezete<\/td> <td style=\"width: 123.875px; text-align: center; height: 24px;\">Eln\u00f6ks\u00e9gi Tag<\/td> <\/tr> <tr style=\"height: 24px;\"> <td style=\"width: 374.125px; height: 24px;\">Magyar \u00c1llatorvosi Kamara F\u0151v\u00e1rosi Szervezete<\/td> <td style=\"width: 123.875px; text-align: center; height: 24px;\">Eln\u00f6ks\u00e9gi Tag<\/td> <\/tr> <tr style=\"height: 48px;\"> <td style=\"width: 374.125px; height: 48px;\">Magyar \u00c1llatorvosi Kamara \u00c1llatv\u00e9delmi Kurat\u00f3riuma<\/td> <td style=\"width: 123.875px; text-align: center; height: 48px;\">Aleln\u00f6k<\/td> <\/tr> <tr style=\"height: 48px;\"> <td style=\"width: 374.125px; height: 48px;\">Bojt\u00e1r, Telefonos \u00c1llatv\u00e9delmi Jogseg\u00e9lyszolg\u00e1lat Egyes\u00fclet<\/td> <td style=\"width: 123.875px; text-align: center; height: 48px;\">Aleln\u00f6k<\/td> <\/tr> <tr style=\"height: 24px;\"> <td style=\"width: 374.125px; height: 24px;\">\u00c1llateg\u00e9szs\u00e9g\u00fcgyi Igazs\u00e1g\u00fcgyi Szak\u00e9rt\u0151 Test\u00fclet<\/td> <td style=\"width: 123.875px; text-align: center; height: 24px;\">Tag<\/td> <\/tr> <tr style=\"height: 24px;\"> <td style=\"width: 374.125px; height: 24px;\">World Rabbit Science Assocation (WRSA)<\/td> <td style=\"width: 123.875px; text-align: center; height: 24px;\">Tag<\/td> <\/tr> <tr style=\"height: 24px;\"> <td style=\"width: 374.125px; height: 24px;\">Magyar Labor\u00e1llat-tudom\u00e1nyi Egyes\u00fclet (MLTE),<\/td> <td style=\"width: 123.875px; text-align: center; height: 24px;\">Tag<\/td> <\/tr> <tr style=\"height: 48px;\"> <td style=\"width: 374.125px; height: 48px;\">FELASA (Federation for Laboratory Animal Science Association)<\/td> <td style=\"width: 123.875px; text-align: center; height: 48px;\">Tag<\/td> <\/tr> <tr style=\"height: 24px;\"> <td style=\"width: 374.125px; height: 24px;\">Magyar Zoon\u00f3zis T\u00e1rsas\u00e1g<\/td> <td style=\"width: 123.875px; text-align: center; height: 24px;\">Tag<\/td> <\/tr> <\/tbody> <\/table> <p>&nbsp;<\/p> <p><strong>\u00a0<\/strong><strong>Eddigi szakdolgozat\/TDK hallgat\u00f3k sz\u00e1ma: 81<\/strong><strong><br \/> <\/strong><\/p> <p>&nbsp;<\/p> <table style=\"height: 149px;\" width=\"864\"> <tbody> <tr style=\"height: 50px;\"> <td style=\"width: 841.783px; height: 50px;\"><strong>PhD-hallgat\u00f3k<\/strong><\/td> <td style=\"width: 7.41667px; height: 50px;\"><\/td> <\/tr> <tr style=\"height: 99px;\"> <td style=\"width: 841.783px; height: 99px;\">dr. Kiss Annam\u00e1ria: Az \u00e1llatb\u00e1ntalmaz\u00e1sok felismer\u00e9se \u00e9s esetsz\u00e1m\u00e1nak m\u00e9rs\u00e9kl\u00e9se c\u00e9lj\u00e1b\u00f3l kidolgozott online bejelent\u0151 rendszer kifejleszt\u00e9se, teszt \u00fczemm\u00f3dba helyez\u00e9se \u00e9s bevezet\u00e9se<\/td> <td style=\"width: 7.41667px; height: 99px;\"><\/td> <\/tr> <\/tbody> <\/table> <p><strong>Publik\u00e1ci\u00f3s lista (Top10)<\/strong><\/p> <table style=\"height: 851px; width: 1914px;\" width=\"967\"> <tbody> <tr> <td style=\"width: 50.0156px;\">1.<\/td> <td style=\"width: 1847.98px;\"> <p>Chiara Bellini, Emil Vergara, Fruzsina Bencs, <strong>Kinga Fodor<\/strong>, Szilvia B\u0151sze, Denis Krivi\u0107, Bernadett Bacsa, S\u00e1ra Eszter Surguta, J\u00f3zsef T\u00f3v\u00e1ri, Rajko Reljic, and Kata Horv\u00e1ti*<\/p> <p>Design and Characterization of a Multistage Peptide-Based Vaccine Platform to Target Mycobacterium tuberculosis Infection<\/p> <p>Bioconjugate Chemistry Article ASAP\u00a0DOI: 10.1021\/acs.bioconjchem.3c00273<\/td> <\/tr> <tr style=\"height: 140px;\"> <td style=\"width: 50.0156px; height: 140px;\">2.<\/td> <td style=\"width: 1847.98px; height: 140px;\"> <p>Kata Horv\u00e1ri,\u00a0<strong>Kinga Fodor,<\/strong>\u00a0Bernadett P\u00e1lyi, Judit Henczk\u00f3, Gyula Balka, Gerg\u0151 Gyulai, \u00c9va Kiss, Be\u00e1ta Biri-Kov\u00e1cs, Zsuzsanna Senoner and Szilvia B\u0151sze<\/p> <p>Novel Assay Platform to Evaluate Intracellular Killing of Mycobacterium tuberculosis: In vitro and In Vivo Validation<\/p> <p>Frontiers in Immunology, 12 November 2021<\/td> <\/tr> <tr style=\"height: 102px;\"> <td style=\"width: 50.0156px; height: 102px;\">3.<\/td> <td style=\"width: 1847.98px; height: 102px;\">K Horv\u00e1ti, B Bacsa, N Szab\u00f3, <u>K Fodor<\/u>, Gy Balka, M Rusvai, \u00c9 Kiss, G Mez\u0151, V Grolmusz, B V\u00e9rtessy, F Hudecz, Sz B\u0151sze<br \/> Antimycobacterial activity of peptide conjugate of pyridopyrimidine derivative against Mycobacterium tuberculosis in a series of in vitro and in vivo models<br \/> TUBERCULOSIS 95:(S1) pp. S207-S211. (2015)<\/td> <\/tr> <tr style=\"height: 135px;\"> <td style=\"width: 50.0156px; height: 135px;\">4.<\/td> <td style=\"width: 1847.98px; height: 135px;\">Sarkadi J, Jankovics M, <u>Fodor K<\/u>, Kis Z, Takacs M, Visontai I, Jankovics I, Gonczol E<br \/> High-level cellular and humoral immune responses in Guinea pigs immunized intradermally with a heat-inactivated varicella-zoster virus vaccine.<br \/> CLINICAL AND VACCINE IMMUNOLOGY 22:(5) pp. 570-577. (2015)<\/td> <\/tr> <tr style=\"height: 113px;\"> <td style=\"width: 50.0156px; height: 113px;\">5.<\/td> <td style=\"width: 1847.98px; height: 113px;\">Horv\u00e1ti Kata, Bacsa Bernadett, Kiss \u00c9va, Gyulai Gerg\u0151, <u>Fodor Kinga<\/u>, Balka Gyula, Rusvai Mikl\u00f3s, Szab\u00f3 Eleon\u00f3ra, Hudecz Ferenc, B\u0151sze Szilvia<br \/> Nanoparticle Encapsulated Lipopeptide Conjugate of Antitubercular Drug Isoniazid: In Vitro Intracellular Activity and in Vivo Efficacy in a Guinea Pig Model of Tuberculosis<br \/> BIOCONJUGATE CHEMISTRY 25:(12) pp. 2260-2268. (2014)<\/td> <\/tr> <tr style=\"height: 141px;\"> <td style=\"width: 50.0156px; height: 141px;\">6.<\/td> <td style=\"width: 1847.98px; height: 141px;\">Csintalan Csaba, <u>Fodor Kinga<\/u>, Gyerty\u00e1n Istv\u00e1n, \u00d3zsv\u00e1ri L\u00e1szl\u00f3<br \/> Az \u00e1llatv\u00e9delem \u00e1ltal\u00e1nos \u00e9s jogi vonatkoz\u00e1sai<br \/> Budapest: Szent Istv\u00e1n Egyetem, \u00c1llatorvos-tudom\u00e1nyi Kar, 2013.<br \/> (Szent Istv\u00e1n Egyetem \u00c1llatorvos-tudom\u00e1nyi Kar Jegyzete)<\/td> <\/tr> <tr style=\"height: 112px;\"> <td style=\"width: 50.0156px; height: 112px;\">7.<\/td> <td style=\"width: 1847.98px; height: 112px;\">Sarkadi J, Jankovics M, Kis Z, Skare J, <u>Fodor K<\/u>, Gonczol E, Visontai I, Vajo Z, Jankovics I<br \/> Protection of Chinese painted quails (Coturnix chinensis) against a highly pathogenic H5N1 avian influenza virus strain after vaccination.<br \/> ARCHIVES OF VIROLOGY 158:(12) pp. 2577-2581. (2013)<\/td> <\/tr> <tr style=\"height: 46px;\"> <td style=\"width: 50.0156px; height: 46px;\">8.<\/td> <td style=\"width: 1847.98px; height: 46px;\"><u>Fodor Kinga<\/u> \u00c1llatv\u00e9delem tudom\u00e1nyos alapokon<br \/> MAGYAR \u00c1LLATORVOSOK LAPJA 133:(8) p. 479. (2011)<\/td> <\/tr> <tr style=\"height: 62px;\"> <td style=\"width: 50.0156px; height: 62px;\">9.<\/td> <td style=\"width: 1847.98px; height: 62px;\"><u>Fodor Kinga<\/u>, Fekete S\u00e1ndor<br \/> Az \u00e1llatok f\u00e1jdalm\u00e1nak \u00e9s kellemetlen k\u00f6z\u00e9rzet\u00e9nek f\u00f6lismer\u00e9se<br \/> MAGYAR \u00c1LLATORVOSOK LAPJA 128: pp. 751-759. (2006)<\/td> <\/tr> <\/tbody> <\/table> <p>&nbsp;<\/p>","protected":false},"excerpt":{"rendered":"<p>Bemutatkoz\u00e1s Fodor Kinga 1997-ben vette \u00e1t \u00e1llatorvos-doktori diplom\u00e1j\u00e1t, melyet k\u00f6vet\u0151en el\u0151sz\u00f6r kis\u00e1llat-dietetikai, majd a labor\u00e1llat-tudom\u00e1nyi, v\u00e9g\u00fcl szakmai \u00e1llatv\u00e9delmi kutat\u00e1sokba kezdett. 1990-ben kutya- \u00e9s macskakozmetikusi v\u00e9gzetts\u00e9get, 2006-ban Ph.D. fokozatott, 2007-ben Irodalmi \u00e9s alkalmazott \u00edr\u00f3i referens v\u00e9gzetts\u00e9get szerzett. Habilit\u00e1ci\u00f3j\u00e1t 2017-ben szerezte meg. 1999-t\u0151l az \u00c1llatorvostudom\u00e1nyi Egyetem \u00c1llatteny\u00e9szt\u00e9si \u00e9s Takarm\u00e1nyoz\u00e1stani Tansz\u00e9k\u00e9nek munkat\u00e1rsak\u00e9nt dolgozott, ahol dietetikai kutat\u00e1sai mellett a<\/p>\n","protected":false},"author":5824,"featured_media":0,"parent":858,"menu_order":212,"comment_status":"closed","ping_status":"closed","template":"","meta":{"_acf_changed":false,"footnotes":""},"categories":[56],"tags":[],"class_list":["post-3802","page","type-page","status-publish","hentry","category-munkatarsak"],"acf":[],"_links":{"self":[{"href":"https:\/\/univet.hu\/hu\/wp-json\/wp\/v2\/pages\/3802","targetHints":{"allow":["GET"]}}],"collection":[{"href":"https:\/\/univet.hu\/hu\/wp-json\/wp\/v2\/pages"}],"about":[{"href":"https:\/\/univet.hu\/hu\/wp-json\/wp\/v2\/types\/page"}],"author":[{"embeddable":true,"href":"https:\/\/univet.hu\/hu\/wp-json\/wp\/v2\/users\/5824"}],"replies":[{"embeddable":true,"href":"https:\/\/univet.hu\/hu\/wp-json\/wp\/v2\/comments?post=3802"}],"version-history":[{"count":1,"href":"https:\/\/univet.hu\/hu\/wp-json\/wp\/v2\/pages\/3802\/revisions"}],"predecessor-version":[{"id":199689,"href":"https:\/\/univet.hu\/hu\/wp-json\/wp\/v2\/pages\/3802\/revisions\/199689"}],"up":[{"embeddable":true,"href":"https:\/\/univet.hu\/hu\/wp-json\/wp\/v2\/pages\/858"}],"wp:attachment":[{"href":"https:\/\/univet.hu\/hu\/wp-json\/wp\/v2\/media?parent=3802"}],"wp:term":[{"taxonomy":"category","embeddable":true,"href":"https:\/\/univet.hu\/hu\/wp-json\/wp\/v2\/categories?post=3802"},{"taxonomy":"post_tag","embeddable":true,"href":"https:\/\/univet.hu\/hu\/wp-json\/wp\/v2\/tags?post=3802"}],"curies":[{"name":"wp","href":"https:\/\/api.w.org\/{rel}","templated":true}]}}