{"id":3805,"date":"2016-08-01T14:28:00","date_gmt":"2016-08-01T12:28:00","guid":{"rendered":"http:\/\/univet.hu\/egyetem\/munkatarsak\/fodor-laszlo\/"},"modified":"2026-03-25T09:30:55","modified_gmt":"2026-03-25T08:30:55","slug":"fodor-laszlo","status":"publish","type":"page","link":"https:\/\/univet.hu\/hu\/egyetem\/munkatarsak\/fodor-laszlo\/","title":{"rendered":"Fodor L\u00e1szl\u00f3"},"content":{"rendered":"<p><strong>Bemutatkoz\u00e1s<\/strong><\/p> <p>Fodor L\u00e1szl\u00f3 1955-ben sz\u00fcletett, \u00e9s 1979-ben avatt\u00e1k summa cum laude \u00e1llatorvos-doktorr\u00e1 az \u00c1llatorvostudom\u00e1nyi Egyetemen. V\u00e9gz\u00e9se ut\u00e1n a Phylaxia Olt\u00f3anyag- \u00e9s T\u00e1pszertermel\u0151 V\u00e1llalatn\u00e1l helyezkedett el kutat\u00f3-\u00e1llatorvosk\u00e9nt. Az \u00c1llatorvostudom\u00e1nyi Egyetem J\u00e1rv\u00e1nytani \u00e9s Mikrobiol\u00f3giai Tansz\u00e9k\u00e9n 1981 \u00f3ra dolgozik, 1997 \u00e9s 2021 k\u00f6z\u00f6tt a tansz\u00e9k vezet\u0151je volt. 1997 \u00e9s 2004 k\u00f6z\u00f6tt az egyetem nemzetk\u00f6zi \u00fcgyei\u00e9rt felel\u0151s rektorhelyettes, illetve d\u00e9k\u00e1nhelyettes volt, 2004 \u00e9s 2012 k\u00f6z\u00f6tt d\u00e9k\u00e1nk\u00e9nt vezette a kart. T\u00f6bb \u00e9vtizeden kereszt\u00fcl tartott bakteriol\u00f3giai gyakorlatokat \u00e9s el\u0151ad\u00e1sokat, majd 1997 \u00f3ta a j\u00e1rv\u00e1nytan el\u0151ad\u00e1sokat. Rendszeresen tart a szak\u00e1llatorvos-k\u00e9pz\u00e9s keret\u00e9ben \u00e9s \u00e1llatorvos-tov\u00e1bbk\u00e9pz\u00e9s keret\u00e9ben mikrobiol\u00f3giai \u00e9s j\u00e1rv\u00e1nytani el\u0151ad\u00e1sokat.<\/p> <p><strong>F\u0151bb kutat\u00e1si ter\u00fcletek: <\/strong><\/p> <ul> <li>\u00e1llatorvosi bakteriol\u00f3gia<\/li> <li>fert\u0151z\u0151 betegs\u00e9gek<\/li> <li>a Pasteurellaceae csal\u00e1d bakt\u00e9riumai<\/li> <li>a k\u00e9r\u0151dz\u0151k \u00e9s a sert\u00e9s fert\u0151z\u0151 eredet\u0171 l\u00e9gz\u0151szervi megbeteged\u00e9sei<\/li> <\/ul> <p><strong>\u00a0 El\u0151rehalad\u00e1s \u00a0\u00a0\u00a0<\/strong><\/p> <table width=\"604\"> <tbody> <tr> <td width=\"147\"><strong>Munkahelyek<\/strong><\/td> <td width=\"125\"><strong>Int\u00e9zm\u00e9ny neve<\/strong><\/td> <td width=\"324\"><strong>beoszt\u00e1s<\/strong><\/td> <\/tr> <tr style=\"height: 18.0pt\"> <td width=\"147\">2004-2012<\/td> <td width=\"125\">SZIE \u00c1OTK<\/td> <td width=\"324\">d\u00e9k\u00e1n<\/td> <\/tr> <tr style=\"height: 19.5pt\"> <td width=\"147\">2000-2004<\/td> <td width=\"125\">SZIE \u00c1OTK<\/td> <td width=\"324\">d\u00e9k\u00e1nhelyettes<\/td> <\/tr> <tr> <td width=\"147\">1997-1999<\/td> <td width=\"125\">\u00c1TE<\/td> <td width=\"324\">rektorhelyettes<\/td> <\/tr> <tr style=\"height: 19.5pt\"> <td width=\"147\">1997-2021<\/td> <td width=\"125\">\u00c1TE (SZIE \u00c1OTK)<\/td> <td width=\"324\">tansz\u00e9kvezet\u0151<\/td> <\/tr> <tr style=\"height: 19.5pt\"> <td width=\"147\">1997-<\/td> <td width=\"125\">\u00c1TE (SZIE \u00c1OTK)<\/td> <td width=\"324\">egyetemi tan\u00e1r<\/td> <\/tr> <tr style=\"height: 19.5pt\"> <td width=\"147\">1993-1997<\/td> <td width=\"125\">\u00c1TE<\/td> <td width=\"324\">egyetemi docens<\/td> <\/tr> <tr style=\"height: 19.5pt\"> <td width=\"147\">1986-1993<\/td> <td width=\"125\">\u00c1TE<\/td> <td width=\"324\">egyetemi adjunktus<\/td> <\/tr> <tr> <td width=\"147\">1981-1986<\/td> <td width=\"125\">\u00c1TE<\/td> <td width=\"324\">egyetemi tan\u00e1rseg\u00e9d<\/td> <\/tr> <tr> <td width=\"147\">1979-1981<\/td> <td width=\"125\">Phylaxia Olt\u00f3anyag \u00e9s T\u00e1pszertermel\u0151 V\u00e1llalat<\/td> <td width=\"324\">kutat\u00f3-\u00e1llatorvos<\/td> <\/tr> <\/tbody> <\/table> <p>&nbsp;<\/p> <p><strong>Szakmai szervezeti tags\u00e1g<\/strong><\/p> <table width=\"604\"> <tbody> <tr> <td width=\"307\"><strong>Bizotts\u00e1g neve<\/strong><\/td> <td width=\"106\"><strong>Id\u0151<\/strong><\/td> <td width=\"183\"><strong>Tiszts\u00e9g<\/strong><\/td> <\/tr> <tr> <td width=\"307\">Magyar Zoon\u00f3zis T\u00e1rsas\u00e1g<\/td> <td width=\"106\"> <p>2012-2017-\u00e9s 2022-2027<\/p> <p>2017-2022<\/td> <td width=\"183\"> <p>aleln\u00f6k<\/p> <p>&nbsp;<\/p> <p>eln\u00f6k<\/td> <\/tr> <tr> <td width=\"307\">MTA \u00c1llatorvos-tudom\u00e1nyi Bizotts\u00e1g<\/td> <td width=\"106\"> <p>2014-2020<\/p> <p>2021-2026<\/td> <td width=\"183\"> <p>aleln\u00f6k<\/p> <p>titk\u00e1r<\/td> <\/tr> <tr> <td width=\"307\">Eur\u00f3pai \u00c1llatorvosk\u00e9pz\u0151 Int\u00e9zm\u00e9nyek Sz\u00f6vets\u00e9ge<\/td> <td width=\"106\">2010-2014<\/td> <td width=\"183\">eln\u00f6k<\/td> <\/tr> <tr> <td width=\"307\">\u00c1llatorvostudom\u00e1nyi Doktori Iskola Tan\u00e1cs<\/td> <td width=\"106\">2013-2026<\/td> <td width=\"183\">tag<\/td> <\/tr> <tr> <td width=\"307\">\u00c1llateg\u00e9szs\u00e9g\u00fcgyi Igazs\u00e1g\u00fcgyi Szak\u00e9rt\u0151i Test\u00fclet<\/td> <td width=\"106\">2013-2028<\/td> <td width=\"183\">eln\u00f6k<\/td> <\/tr> <tr> <td width=\"307\">Fels\u0151oktat\u00e1si Tudom\u00e1nyos Tan\u00e1cs<\/td> <td width=\"106\">2010-2012<\/td> <td width=\"183\">tag<\/td> <\/tr> <tr> <td width=\"307\">Magyar Orsz\u00e1gos \u00c1llatorvos Egyes\u00fclet<\/td> <td width=\"106\">2007-2013<\/td> <td width=\"183\">eln\u00f6k<\/td> <\/tr> <\/tbody> <\/table> <p>&nbsp;<\/p> <p><strong>Eddigi szakdolgozat\/TDK hallgat\u00f3k sz\u00e1ma<\/strong><\/p> <p>61 f\u0151 szakdolgozat\/6 f\u0151 TDK dolgozat<\/p> <p><strong>PhD-hallgat\u00f3k<\/strong><\/p> <table width=\"463\"> <tbody> <tr> <td width=\"299\">J\u00e1nosi Katalin<\/td> <td width=\"158\">2006-2009<\/td> <\/tr> <tr> <td width=\"299\">Gyuranecz Mikl\u00f3s<\/td> <td width=\"158\">2008-2011<\/td> <\/tr> <tr> <td width=\"299\">S\u00e1rk\u00f6zi Rita<\/td> <td width=\"158\">2011-2014<\/td> <\/tr> <tr> <td width=\"299\">T\u00f3th Gergely<\/td> <td width=\"158\">2016-2020<\/td> <\/tr> <\/tbody> <\/table> <p>&nbsp;<\/p> <p><strong>Publik\u00e1ci\u00f3s lista (Top10)<\/strong><\/p> <p>MTMT:\u00a0 <a href=\"https:\/\/m2.mtmt.hu\/gui2\/?type=authors&amp;mode=browse&amp;sel=10002303\">https:\/\/m2.mtmt.hu\/gui2\/?type=authors&amp;mode=browse&amp;sel=10002303<\/a><\/p> <table width=\"613\"> <tbody> <tr> <td width=\"55\">1.<\/td> <td width=\"553\"> <p>&nbsp;<\/p> <p>Tenk, M., T\u00f3th, G., M\u00e1rton, Z., S\u00e1rk\u00f6zi, R., Sz\u00f3r\u00e1di, A., Makrai, L., P\u00e1lmai, N., Szalai, T., Albert, M., Fodor, L.: Examination of the virulence of <em>Actinobacillus pleuropneumoniae<\/em> serovar 16 in pigs. Vet. Sci. 2024. 11: 62. https:\/\/doi.org\/10.3390\/vetsci11020062<\/td> <\/tr> <tr> <td width=\"55\">2.<\/td> <td width=\"553\"> <p>&nbsp;<\/p> <p>Kardos, G., S\u00e1rk\u00f6zi, R., Laczk\u00f3, L., Marton, S., Makrai, L., B\u00e1nyai, K., Fodor, L: Genetic diversity of <em>Actinobacillus pleuropneumoniae<\/em> serovars in Hungary. Vet. Sci., 2022. 9: 511. https:\/\/doi.org\/10.3390\/vetsci9100511<\/td> <\/tr> <tr> <td width=\"55\">3.<\/td> <td width=\"553\">S\u00e1rk\u00f6zi, R., Makrai, L., Fodor, L.: Identification of a proposed new serovar of <em>Actinobacillus pleuropneumoniae<\/em>: serovar 16. Acta Vet. Hung., 2015. 63: 444-450.<\/td> <\/tr> <tr> <td width=\"55\">4.<\/td> <td width=\"553\">J\u00e1nosi; K., Hajt\u00f3s, I., Makrai, L., Gyuranecz, M., Varga, J. and Fodor, L.: First isolation of <em>Histophilus somni<\/em> from goats. Vet. Microbiol., 2009. 133: 383-386<\/td> <\/tr> <tr> <td width=\"55\">5.<\/td> <td width=\"553\">Fodor, L., Reeve-Johnson, Hodge, A. and Varga, J.: Efficacy evaluations of the use of oral tilmicosin in pneumonic calves. The Vet. J., 2000. 159: 194-200.<\/td> <\/tr> <tr> <td width=\"55\">6.<\/td> <td width=\"553\">Fodor., L., Varga, J., Hajt\u00f3s, I. and Moln\u00e1r, T.: Serotypes of <em>Pasteurella haemolytica<\/em> and <em>P. trehalosi<\/em> isolated from farm animals in Hungary. J. Vet. Med. B., 1999. 46: 241-247.<\/td> <\/tr> <tr> <td width=\"55\">7.<\/td> <td width=\"553\">Fodor, L., P\u00e9nzes, Z. and Varga, J.: Coagglutination test for serotyping <em>Pasteurella haemolytica. <\/em>J. Clin. Microbiol., 1996. 34: 393-397.<\/td> <\/tr> <tr> <td width=\"55\">8.<\/td> <td width=\"553\">Younan, M. and Fodor, L.: Characterisation of a new <em>Pasteurella haemolytica <\/em>serotype (A17). Res. Vet. Sci., 1995. 58: 98.<\/td> <\/tr> <tr> <td width=\"55\">9.<\/td> <td width=\"553\">Fodor, L., Varga, J., Moln\u00e1r, \u00c9. and Hajt\u00f3s, I.: Biochemical and serological properties of<em> Actinobacillus pleuropneumoniae<\/em> biotype 2 strains isolated from swine. Vet. Microbiol., 1989. 20: 173-180.<\/td> <\/tr> <tr> <td width=\"55\">10.<\/td> <td width=\"553\">Fodor, L., Varga, J., Hajt\u00f3s, I., Donachie, W. and Gilmour, N.J.L.: Characterisation of a new serotype of <em>P haemolytica<\/em> isolated in Hungary. Res. Vet. Sci., 1988. 44: 399.<\/td> <\/tr> <\/tbody> <\/table> <p>&nbsp;<\/p> <p>&nbsp;<\/p>","protected":false},"excerpt":{"rendered":"<p>Bemutatkoz\u00e1s Fodor L\u00e1szl\u00f3 1955-ben sz\u00fcletett, \u00e9s 1979-ben avatt\u00e1k summa cum laude \u00e1llatorvos-doktorr\u00e1 az \u00c1llatorvostudom\u00e1nyi Egyetemen. V\u00e9gz\u00e9se ut\u00e1n a Phylaxia Olt\u00f3anyag- \u00e9s T\u00e1pszertermel\u0151 V\u00e1llalatn\u00e1l helyezkedett el kutat\u00f3-\u00e1llatorvosk\u00e9nt. Az \u00c1llatorvostudom\u00e1nyi Egyetem J\u00e1rv\u00e1nytani \u00e9s Mikrobiol\u00f3giai Tansz\u00e9k\u00e9n 1981 \u00f3ra dolgozik, 1997 \u00e9s 2021 k\u00f6z\u00f6tt a tansz\u00e9k vezet\u0151je volt. 1997 \u00e9s 2004 k\u00f6z\u00f6tt az egyetem nemzetk\u00f6zi \u00fcgyei\u00e9rt felel\u0151s rektorhelyettes, illetve<\/p>\n","protected":false},"author":5824,"featured_media":0,"parent":858,"menu_order":212,"comment_status":"closed","ping_status":"closed","template":"","meta":{"_acf_changed":false,"footnotes":""},"categories":[56],"tags":[],"class_list":["post-3805","page","type-page","status-publish","hentry","category-munkatarsak"],"acf":[],"_links":{"self":[{"href":"https:\/\/univet.hu\/hu\/wp-json\/wp\/v2\/pages\/3805","targetHints":{"allow":["GET"]}}],"collection":[{"href":"https:\/\/univet.hu\/hu\/wp-json\/wp\/v2\/pages"}],"about":[{"href":"https:\/\/univet.hu\/hu\/wp-json\/wp\/v2\/types\/page"}],"author":[{"embeddable":true,"href":"https:\/\/univet.hu\/hu\/wp-json\/wp\/v2\/users\/5824"}],"replies":[{"embeddable":true,"href":"https:\/\/univet.hu\/hu\/wp-json\/wp\/v2\/comments?post=3805"}],"version-history":[{"count":4,"href":"https:\/\/univet.hu\/hu\/wp-json\/wp\/v2\/pages\/3805\/revisions"}],"predecessor-version":[{"id":204148,"href":"https:\/\/univet.hu\/hu\/wp-json\/wp\/v2\/pages\/3805\/revisions\/204148"}],"up":[{"embeddable":true,"href":"https:\/\/univet.hu\/hu\/wp-json\/wp\/v2\/pages\/858"}],"wp:attachment":[{"href":"https:\/\/univet.hu\/hu\/wp-json\/wp\/v2\/media?parent=3805"}],"wp:term":[{"taxonomy":"category","embeddable":true,"href":"https:\/\/univet.hu\/hu\/wp-json\/wp\/v2\/categories?post=3805"},{"taxonomy":"post_tag","embeddable":true,"href":"https:\/\/univet.hu\/hu\/wp-json\/wp\/v2\/tags?post=3805"}],"curies":[{"name":"wp","href":"https:\/\/api.w.org\/{rel}","templated":true}]}}