{"id":3808,"date":"2017-02-08T09:29:00","date_gmt":"2017-02-08T08:29:00","guid":{"rendered":"http:\/\/univet.hu\/egyetem\/munkatarsak\/forgach-petra\/"},"modified":"2026-02-10T04:02:55","modified_gmt":"2026-02-10T03:02:55","slug":"forgach-petra","status":"publish","type":"page","link":"https:\/\/univet.hu\/hu\/egyetem\/munkatarsak\/forgach-petra\/","title":{"rendered":"Forg\u00e1ch Petra"},"content":{"rendered":"<p style=\"text-align: center;\"><strong><span style=\"font-size: 14pt;\">Bemutatkoz\u00e1s<\/span><\/strong><\/p> <p>Dr. Forg\u00e1ch Petra Kecskem\u00e9ten sz\u00fcletett, gimn\u00e1ziumi tanulm\u00e1nyait k\u00f6vet\u0151en 1998-ban felv\u00e9telt nyert a budapesti \u00c1llatorvostudom\u00e1nyi Egyetemre. 2003-ban, <em>cum laude<\/em> min\u0151s\u00edt\u00e9ssel v\u00e9gzett, \u00e9s diplom\u00e1j\u00e1nak k\u00e9zhezv\u00e9tel\u00e9t k\u00f6vet\u0151en azonnal, 2003. november 1-t\u0151l az Egyetem J\u00e1rv\u00e1nytani \u00e9s Mikrobiol\u00f3giai Tansz\u00e9k virol\u00f3gia laborat\u00f3rium\u00e1nak munkat\u00e1rsa lett. 2011-ben szerezte meg PhD-fokozat\u00e1t, miut\u00e1n megv\u00e9dte doktori disszert\u00e1ci\u00f3j\u00e1t \u201cA Hepatitis E v\u00edrus el\u0151fordul\u00e1sa hazai h\u00e1zi \u00e9s vadon \u00e9l\u0151 eml\u0151s\u00f6kben; a v\u00edrust\u00f6rzsek genetikai jellemz\u00e9se\u201d c\u00edmmel. Az elm\u00falt 18 \u00e9vben 25 szakdolgoz\u00f3- \u00e9s TDK-hallgat\u00f3 t\u00e9mavezet\u0151je volt. t\u00f6bb nemzetk\u00f6zi \u00e9s hazai tudom\u00e1nyos projektben r\u00e9sztvev\u0151k\u00e9nt vagy projektvezet\u0151k\u00e9nt szerepelt. Az \u00c1llatorvostudom\u00e1nyi Egyetemen v\u00e9gzett oktat\u00f3i munk\u00e1ja mellett az ELTE TTK vend\u00e9goktat\u00f3ja.<\/p> <p><strong>F\u0151bb kutat\u00e1si ter\u00fcletek: <\/strong><\/p> <ul> <li>Hepatitis E v\u00edrus el\u0151fordul\u00e1sa h\u00e1zi- \u00e9s vadon \u00e9l\u0151 \u00e1llatokban,<\/li> <li>potenci\u00e1lisan zoonotikus enter\u00e1lis v\u00edrusok el\u0151fordul\u00e1sa \u00e1llatokban,<\/li> <li>\u00edzeltl\u00e1b\u00fa vektorok k\u00f6zvet\u00edtett zoonotikus vir\u00e1lis betegs\u00e9gek,<\/li> <li>m\u00e9zel\u0151 m\u00e9hek v\u00edrusfert\u0151z\u00e9sei \u00e9s nosema-fert\u0151z\u00f6tts\u00e9ge,<\/li> <li>haszon\u00e1llatok-, t\u00e1rs\u00e1llatok- \u00e9s vadon \u00e9l\u0151 \u00e1llatok v\u00edrusok okozta betegs\u00e9gei<\/li> <\/ul> <p style=\"text-align: center;\"><strong>El\u0151rehalad\u00e1s<\/strong><\/p> <table style=\"height: 360px; width: 949px;\" width=\"1013\"> <tbody> <tr style=\"height: 24px;\"> <td style=\"width: 199.133px; height: 24px; text-align: center;\"><strong>Munkahelyek<\/strong><\/td> <td style=\"width: 510.333px; height: 24px; text-align: center;\"><strong>Int\u00e9zm\u00e9ny neve<\/strong><\/td> <td style=\"width: 219.133px; height: 24px; text-align: center;\"><strong>beoszt\u00e1s<\/strong><\/td> <\/tr> <tr style=\"height: 48px;\"> <td style=\"width: 199.133px; height: 48px; text-align: center;\">2012. 05. 01.-<\/td> <td style=\"width: 510.333px; height: 48px; text-align: center;\">Szent Istv\u00e1n Egyetem, \u00c1llatorvos-tudom\u00e1nyi Kar\/ J\u00e1rv\u00e1nytani \u00e9s Mikrobiol\u00f3giai Tansz\u00e9k<\/td> <td style=\"width: 219.133px; height: 48px; text-align: center;\">egyetemi adjunktus<\/td> <\/tr> <tr style=\"height: 48px;\"> <td style=\"width: 199.133px; height: 48px; text-align: center;\">2007. 11. 01.-2012. 04. 30.<\/td> <td style=\"width: 510.333px; height: 48px; text-align: center;\">Szent Istv\u00e1n Egyetem, \u00c1llatorvos-tudom\u00e1nyi Kar\/ J\u00e1rv\u00e1nytani \u00e9s Mikrobiol\u00f3giai Tansz\u00e9k<\/td> <td style=\"width: 219.133px; height: 48px; text-align: center;\">tudom\u00e1nyos seg\u00e9dmunkat\u00e1rs<\/td> <\/tr> <tr style=\"height: 48px;\"> <td style=\"width: 199.133px; height: 48px; text-align: center;\">2006. 05. 01.-2007. 10. 31.<\/td> <td style=\"width: 510.333px; height: 48px; text-align: center;\">Szent Istv\u00e1n Egyetem, \u00c1llatorvos-tudom\u00e1nyi Kar\/ J\u00e1rv\u00e1nytani \u00e9s Mikrobiol\u00f3giai Tansz\u00e9k<\/td> <td style=\"width: 219.133px; height: 48px; text-align: center;\">Tudom\u00e1nyos seg\u00e9dmunkat\u00e1rs \/r\u00e9szmunkaid\u0151\/<\/td> <\/tr> <tr style=\"height: 48px;\"> <td style=\"width: 199.133px; height: 48px; text-align: center;\">2004. 11. 01-2006. 04. 30.<\/td> <td style=\"width: 510.333px; height: 48px; text-align: center;\">Szent Istv\u00e1n Egyetem, \u00c1llatorvos-tudom\u00e1nyi Kar\/ J\u00e1rv\u00e1nytani \u00e9s Mikrobiol\u00f3giai Tansz\u00e9k<\/td> <td style=\"width: 219.133px; height: 48px; text-align: center;\">\u00e1llatorvos<\/td> <\/tr> <tr style=\"height: 48px;\"> <td style=\"width: 199.133px; height: 48px; text-align: center;\">2004. 11. 01. -2007. 10. 31.<\/td> <td style=\"width: 510.333px; height: 48px; text-align: center;\">Szent Istv\u00e1n Egyetem, \u00c1llatorvos-tudom\u00e1nyi Kar\/ J\u00e1rv\u00e1nytani \u00e9s Mikrobiol\u00f3giai Tansz\u00e9k<\/td> <td style=\"width: 219.133px; height: 48px; text-align: center;\">PhD hallgat\u00f3<\/td> <\/tr> <tr style=\"height: 48px;\"> <td style=\"width: 199.133px; height: 48px; text-align: center;\">2003. 11. 01.- 2004. 10. 31.<\/td> <td style=\"width: 510.333px; height: 48px; text-align: center;\">Szent Istv\u00e1n Egyetem, \u00c1llatorvos-tudom\u00e1nyi Kar\/ J\u00e1rv\u00e1nytani \u00e9s Mikrobiol\u00f3giai Tansz\u00e9k<\/td> <td style=\"width: 219.133px; height: 48px; text-align: center;\">\u00e1llatorvos<\/td> <\/tr> <tr style=\"height: 48px;\"> <td style=\"width: 199.133px; height: 48px; text-align: center;\">2003. 07. 15-2003. 09.15.<\/td> <td style=\"width: 510.333px; height: 48px; text-align: center;\">Szent Istv\u00e1n Egyetem, \u00c1llatorvos-tudom\u00e1nyi Kar\/ J\u00e1rv\u00e1nytani \u00e9s Mikrobiol\u00f3giai Tansz\u00e9k<\/td> <td style=\"width: 219.133px; height: 48px; text-align: center;\">laborat\u00f3riumi asszisztens<\/td> <\/tr> <\/tbody> <\/table> <p><strong>Eddigi szakdolgozat\/TDK hallgat\u00f3k sz\u00e1ma: 25<\/strong><\/p> <table style=\"height: 105px;\" width=\"569\"> <tbody> <tr style=\"height: 56px;\"> <td style=\"height: 56px; width: 559.8px; text-align: center;\" colspan=\"2\"><strong>PhD-hallgat\u00f3k<\/strong><\/td> <\/tr> <tr style=\"height: 49px;\"> <td style=\"height: 49px; width: 273.95px; text-align: center;\">Tolnai Csenge<\/td> <td style=\"height: 49px; width: 280.25px; text-align: center;\">2021<\/td> <\/tr> <\/tbody> <\/table> <p><strong>Publik\u00e1ci\u00f3s lista (Top10)<\/strong><\/p> <p>MTMT:\u00a0 <a href=\"https:\/\/m2.mtmt.hu\/gui2\/?type=authors&amp;mode=browse&amp;sel=10023050\">https:\/\/m2.mtmt.hu\/gui2\/?type=authors&amp;mode=browse&amp;sel=10023050<\/a><\/p> <p>&nbsp;<\/p> <p>&nbsp;<\/p>","protected":false},"excerpt":{"rendered":"<p>Bemutatkoz\u00e1s Dr. Forg\u00e1ch Petra Kecskem\u00e9ten sz\u00fcletett, gimn\u00e1ziumi tanulm\u00e1nyait k\u00f6vet\u0151en 1998-ban felv\u00e9telt nyert a budapesti \u00c1llatorvostudom\u00e1nyi Egyetemre. 2003-ban, cum laude min\u0151s\u00edt\u00e9ssel v\u00e9gzett, \u00e9s diplom\u00e1j\u00e1nak k\u00e9zhezv\u00e9tel\u00e9t k\u00f6vet\u0151en azonnal, 2003. november 1-t\u0151l az Egyetem J\u00e1rv\u00e1nytani \u00e9s Mikrobiol\u00f3giai Tansz\u00e9k virol\u00f3gia laborat\u00f3rium\u00e1nak munkat\u00e1rsa lett. 2011-ben szerezte meg PhD-fokozat\u00e1t, miut\u00e1n megv\u00e9dte doktori disszert\u00e1ci\u00f3j\u00e1t \u201cA Hepatitis E v\u00edrus el\u0151fordul\u00e1sa hazai h\u00e1zi \u00e9s<\/p>\n","protected":false},"author":5824,"featured_media":0,"parent":858,"menu_order":212,"comment_status":"closed","ping_status":"closed","template":"","meta":{"_acf_changed":false,"footnotes":""},"categories":[56],"tags":[],"class_list":["post-3808","page","type-page","status-publish","hentry","category-munkatarsak"],"acf":[],"_links":{"self":[{"href":"https:\/\/univet.hu\/hu\/wp-json\/wp\/v2\/pages\/3808","targetHints":{"allow":["GET"]}}],"collection":[{"href":"https:\/\/univet.hu\/hu\/wp-json\/wp\/v2\/pages"}],"about":[{"href":"https:\/\/univet.hu\/hu\/wp-json\/wp\/v2\/types\/page"}],"author":[{"embeddable":true,"href":"https:\/\/univet.hu\/hu\/wp-json\/wp\/v2\/users\/5824"}],"replies":[{"embeddable":true,"href":"https:\/\/univet.hu\/hu\/wp-json\/wp\/v2\/comments?post=3808"}],"version-history":[{"count":1,"href":"https:\/\/univet.hu\/hu\/wp-json\/wp\/v2\/pages\/3808\/revisions"}],"predecessor-version":[{"id":199691,"href":"https:\/\/univet.hu\/hu\/wp-json\/wp\/v2\/pages\/3808\/revisions\/199691"}],"up":[{"embeddable":true,"href":"https:\/\/univet.hu\/hu\/wp-json\/wp\/v2\/pages\/858"}],"wp:attachment":[{"href":"https:\/\/univet.hu\/hu\/wp-json\/wp\/v2\/media?parent=3808"}],"wp:term":[{"taxonomy":"category","embeddable":true,"href":"https:\/\/univet.hu\/hu\/wp-json\/wp\/v2\/categories?post=3808"},{"taxonomy":"post_tag","embeddable":true,"href":"https:\/\/univet.hu\/hu\/wp-json\/wp\/v2\/tags?post=3808"}],"curies":[{"name":"wp","href":"https:\/\/api.w.org\/{rel}","templated":true}]}}