{"id":38100,"date":"2019-04-24T09:10:49","date_gmt":"2019-04-24T07:10:49","guid":{"rendered":"https:\/\/univet.hu\/?page_id=38100"},"modified":"2019-07-25T14:49:51","modified_gmt":"2019-07-25T12:49:51","slug":"uj-nemzeti-kivalosag-program-unkp-2019-2020","status":"publish","type":"page","link":"https:\/\/univet.hu\/hu\/kutatas\/uj-nemzeti-kivalosag-program-unkp-2019-2020\/","title":{"rendered":"\u00daj Nemzeti Kiv\u00e1l\u00f3s\u00e1g Program (\u00daNKP) \u2013 2019\/2020"},"content":{"rendered":"<p>&nbsp;<\/p> <p><span style=\"font-size: 14pt; color: #000000;\">Az idei tan\u00e9vben az al\u00e1bbi \u00f6t p\u00e1ly\u00e1zati ki\u00edr\u00e1s jelent meg:<\/span><\/p> <p>&nbsp;<\/p> <p><strong><a href=\"https:\/\/univet.hu\/wp-content\/uploads\/2019\/05\/UNKP_PALYAZATI_KIIRAS_ALAPKEPZES_UNKP_2019.pdf\">Fels\u0151oktat\u00e1si Alapk\u00e9pz\u00e9s Hallgat\u00f3i Kutat\u00f3i \u00d6szt\u00f6nd\u00edj<\/a>:<\/strong> C\u00e9lja az alapk\u00e9pz\u00e9sben r\u00e9szt vev\u0151, tehets\u00e9ges hallgat\u00f3k kutat\u00e1si tev\u00e9kenys\u00e9g\u00e9nek \u00e9s szakmai fejl\u0151d\u00e9s\u00e9nek t\u00e1mogat\u00e1sa.<\/p> <p>Tov\u00e1bbi r\u00e9szletek az \u00daNKP hivatalos oldal\u00e1n:\u00a0\u00a0<a href=\"http:\/\/www.unkp.gov.hu\/palyazatok\/felsooktatasi-alapkepzes-hallgatoi-kutatoi-osztondij\">http:\/\/www.unkp.gov.hu\/palyazatok\/felsooktatasi-alapkepzes-hallgatoi-kutatoi-osztondij<\/a><\/p> <p>&nbsp;<\/p> <p><strong><a href=\"https:\/\/univet.hu\/wp-content\/uploads\/2019\/05\/UNKP_PALYAZATI_KIIRAS_MESTERKEPZES_2019.pdf\">Fels\u0151oktat\u00e1si Mesterk\u00e9pz\u00e9s Hallgat\u00f3i Kutat\u00f3i \u00d6szt\u00f6nd\u00edj<\/a>:\u00a0<\/strong>C\u00e9lja a mester- (osztatlan) k\u00e9pz\u00e9sben r\u00e9szt vev\u0151, tehets\u00e9ges hallgat\u00f3k kutat\u00e1si tev\u00e9kenys\u00e9g\u00e9nek \u00e9s szakmai fejl\u0151d\u00e9s\u00e9nek t\u00e1mogat\u00e1sa.<\/p> <p>Tov\u00e1bbi\u00a0r\u00e9szletek az \u00daNKP hivatalos oldal\u00e1n:\u00a0<a href=\"http:\/\/www.unkp.gov.hu\/palyazatok\/felsooktatasi-mesterkepzes-hallgatoi-kutatoi-osztondij\/palyazati-felhivas-unkp-19-2\">http:\/\/www.unkp.gov.hu\/palyazatok\/felsooktatasi-mesterkepzes-hallgatoi-kutatoi-osztondij\/palyazati-felhivas-unkp-19-2<\/a><\/p> <p>&nbsp;<\/p> <p><strong><a href=\"https:\/\/univet.hu\/wp-content\/uploads\/2019\/05\/UNKP_PALYAZATI_KIIRAS_DOKTORI_KEPZES_DOKTORJELOLT_2019.pdf\">Fels\u0151oktat\u00e1si Doktori Hallgat\u00f3i, Doktorjel\u00f6lti Kutat\u00f3i \u00d6szt\u00f6nd\u00edj:<\/a>\u00a0<\/strong>C\u00e9lja a kiemelked\u0151 tudom\u00e1nyos \u00e9s m\u0171v\u00e9szi eredm\u00e9nyeket felmutat\u00f3, doktori k\u00e9pz\u00e9sben r\u00e9szt vev\u0151 hallgat\u00f3k, doktorjel\u00f6ltek kutat\u00e1si \u00e9s alkot\u00f3 tev\u00e9kenys\u00e9g\u00e9nek \u00e9s szakmai fejl\u0151d\u00e9s\u00e9nek t\u00e1mogat\u00e1sa.<\/p> <p>Tov\u00e1bbi r\u00e9szletek az \u00daNKP hivatalos oldal\u00e1n:\u00a0<a href=\"http:\/\/www.unkp.gov.hu\/palyazatok\/felsooktatasi-doktori-hallgatoi-doktorjelolti-kutatoi-osztondij\/palyazati-felhivas-unkp-19-3\">http:\/\/www.unkp.gov.hu\/palyazatok\/felsooktatasi-doktori-hallgatoi-doktorjelolti-kutatoi-osztondij\/palyazati-felhivas-unkp-19-3<\/a><\/p> <p>&nbsp;<\/p> <p><strong><a href=\"https:\/\/univet.hu\/wp-content\/uploads\/2019\/05\/UNKP_PALYAZATI_KIIRAS_BOLYAI_2019.pdf\">Bolyai+ Fels\u0151oktat\u00e1si Fiatal Oktat\u00f3i, Kutat\u00f3i \u00d6szt\u00f6nd\u00edj<\/a>:\u00a0<\/strong>C\u00e9lja a kiemelked\u0151 tudom\u00e1nyos \u00e9s m\u0171v\u00e9szi kutat\u00e1si eredm\u00e9nyeket felmutat\u00f3, az MTA Bolyai J\u00e1nos Kutat\u00e1si \u00d6szt\u00f6nd\u00edj\u00e1ban r\u00e9szes\u00fcl\u0151 oktat\u00f3k, kutat\u00f3k t\u00e1mogat\u00e1sa.<\/p> <p>Tov\u00e1bbi\u00a0r\u00e9szletek az \u00daNKP hivatalos oldal\u00e1n:\u00a0<a href=\"http:\/\/www.unkp.gov.hu\/palyazatok\/bolyai-felsooktatasi-fiatal-oktatoi-kutatoi-osztondij\">http:\/\/www.unkp.gov.hu\/palyazatok\/bolyai-felsooktatasi-fiatal-oktatoi-kutatoi-osztondij<\/a><\/p> <p>&nbsp;<\/p> <p><strong><a href=\"https:\/\/univet.hu\/wp-content\/uploads\/2019\/05\/UNKP_PALYAZATI_KIIRAS_TEHETSEGGEL_FEL_2019.pdf\">\u201eTehets\u00e9ggel fel!\u201d Fels\u0151oktat\u00e1st Megkezd\u0151 Kutat\u00f3i \u00d6szt\u00f6nd\u00edj<\/a>:\u00a0<\/strong>C\u00e9lja a k\u00f6z\u00e9piskolai tanulm\u00e1nyaikat sikeresen befejez\u0151, a k\u00f6z\u00e9piskolai tudom\u00e1nyos tanulm\u00e1nyi versenyen eredm\u00e9nyesen teljes\u00edt\u0151, alapk\u00e9pz\u00e9sre, osztatlan mesterk\u00e9pz\u00e9sre jelentkez\u0151, els\u0151\u00e9ves tehets\u00e9ges hallgat\u00f3k kutat\u00e1si tev\u00e9kenys\u00e9g\u00e9nek \u00e9s szakmai fejl\u0151d\u00e9s\u00e9nek t\u00e1mogat\u00e1sa, valamint a tanulm\u00e1nyi k\u00f6telezetts\u00e9gen t\u00falmutat\u00f3 kutat\u00f3i tev\u00e9kenys\u00e9g t\u00e1mogat\u00e1sa.<\/p> <p>Tov\u00e1bbi r\u00e9sztelek az \u00daNKP hivatalos oldal\u00e1n:<\/p> <p><a href=\"http:\/\/www.unkp.gov.hu\/palyazatok\/tehetseggel-fel-felsooktatast-megkezdo-kutatoi-osztondij\">http:\/\/www.unkp.gov.hu\/palyazatok\/tehetseggel-fel-felsooktatast-megkezdo-kutatoi-osztondij<\/a><\/p> <p>&nbsp;<\/p> <p>\u00daNKP p\u00e1ly\u00e1zati \u00fcgyint\u00e9z\u0151: Rem\u00e9nyi Rita<\/p> <p>El\u00e9rhet\u0151s\u00e9g: + 36 1 478 4100\/8448; <a class=\"decrypt\" rel=\"sfnfozj\/sjubAvojwfu\/iv\" href=\"javascript:void(0);\">[Kattintson az emailc\u00edmhez]<\/a><\/p> <p>\u00dcgyf\u00e9lfogad\u00e1si id\u0151: H: 13.00 &#8211; 15.00; K: 9.00 &#8211; 11.00;SZ: 13.00 &#8211; 15.00; CS: 9.00 &#8211; 11.00.<\/p> <p>P\u00e1ly\u00e1zat beny\u00fajt\u00e1sa: postai \u00faton.<\/p> <p><img decoding=\"async\" src=\"https:\/\/www.elte.hu\/media\/c1\/4f\/e9d657d3ae4fc9b87fa42d7ac788dff850fe3287f99b93440af06c355251\/unkp2019logo-thumb.png\" alt=\"\u00c3\u009aj Nemzeti Kiv\u00c3\u00a1l\u00c3\u00b3s\u00c3\u00a1g Program (\u00c3\u009aNKP) \u00e2\u0080\u0093 2019\/2020-as tan\u00c3\u00a9v\" data-replaced=\"true\" \/><\/p>","protected":false},"excerpt":{"rendered":"<p>&nbsp; Az idei tan\u00e9vben az al\u00e1bbi \u00f6t p\u00e1ly\u00e1zati ki\u00edr\u00e1s jelent meg: &nbsp; Fels\u0151oktat\u00e1si Alapk\u00e9pz\u00e9s Hallgat\u00f3i Kutat\u00f3i \u00d6szt\u00f6nd\u00edj: C\u00e9lja az alapk\u00e9pz\u00e9sben r\u00e9szt vev\u0151, tehets\u00e9ges hallgat\u00f3k kutat\u00e1si tev\u00e9kenys\u00e9g\u00e9nek \u00e9s szakmai fejl\u0151d\u00e9s\u00e9nek t\u00e1mogat\u00e1sa. Tov\u00e1bbi r\u00e9szletek az \u00daNKP hivatalos oldal\u00e1n:\u00a0\u00a0http:\/\/www.unkp.gov.hu\/palyazatok\/felsooktatasi-alapkepzes-hallgatoi-kutatoi-osztondij &nbsp; Fels\u0151oktat\u00e1si Mesterk\u00e9pz\u00e9s Hallgat\u00f3i Kutat\u00f3i \u00d6szt\u00f6nd\u00edj:\u00a0C\u00e9lja a mester- (osztatlan) k\u00e9pz\u00e9sben r\u00e9szt vev\u0151, tehets\u00e9ges hallgat\u00f3k kutat\u00e1si tev\u00e9kenys\u00e9g\u00e9nek \u00e9s szakmai fejl\u0151d\u00e9s\u00e9nek<\/p>\n","protected":false},"author":5823,"featured_media":0,"parent":1353,"menu_order":0,"comment_status":"closed","ping_status":"closed","template":"","meta":{"_acf_changed":false,"footnotes":""},"categories":[],"tags":[],"class_list":["post-38100","page","type-page","status-publish","hentry"],"acf":[],"_links":{"self":[{"href":"https:\/\/univet.hu\/hu\/wp-json\/wp\/v2\/pages\/38100","targetHints":{"allow":["GET"]}}],"collection":[{"href":"https:\/\/univet.hu\/hu\/wp-json\/wp\/v2\/pages"}],"about":[{"href":"https:\/\/univet.hu\/hu\/wp-json\/wp\/v2\/types\/page"}],"author":[{"embeddable":true,"href":"https:\/\/univet.hu\/hu\/wp-json\/wp\/v2\/users\/5823"}],"replies":[{"embeddable":true,"href":"https:\/\/univet.hu\/hu\/wp-json\/wp\/v2\/comments?post=38100"}],"version-history":[{"count":0,"href":"https:\/\/univet.hu\/hu\/wp-json\/wp\/v2\/pages\/38100\/revisions"}],"up":[{"embeddable":true,"href":"https:\/\/univet.hu\/hu\/wp-json\/wp\/v2\/pages\/1353"}],"wp:attachment":[{"href":"https:\/\/univet.hu\/hu\/wp-json\/wp\/v2\/media?parent=38100"}],"wp:term":[{"taxonomy":"category","embeddable":true,"href":"https:\/\/univet.hu\/hu\/wp-json\/wp\/v2\/categories?post=38100"},{"taxonomy":"post_tag","embeddable":true,"href":"https:\/\/univet.hu\/hu\/wp-json\/wp\/v2\/tags?post=38100"}],"curies":[{"name":"wp","href":"https:\/\/api.w.org\/{rel}","templated":true}]}}