{"id":38109,"date":"2019-04-23T18:12:27","date_gmt":"2019-04-23T16:12:27","guid":{"rendered":"https:\/\/univet.hu\/?page_id=38109"},"modified":"2024-02-19T11:26:06","modified_gmt":"2024-02-19T10:26:06","slug":"alpha-vet-allatgyogyaszati-kft","status":"publish","type":"page","link":"https:\/\/univet.hu\/hu\/oktatas\/tanulmanyi-osztaly\/allasajanlatok\/alpha-vet-allatgyogyaszati-kft\/","title":{"rendered":"Alpha-Vet \u00c1llatgy\u00f3gy\u00e1szati Kft."},"content":{"rendered":"<p>2024.02.19<\/p> <p>\u00c1llatorvosi eszk\u00f6z\u00f6k be\u00fczemel\u00e9s\u00e9re keres\u00fcnk m\u0171szer\u00e9sz koll\u00e9g\u00e1t<\/p> <p><a href=\"https:\/\/karrier.alphavet.hu\/jobs\/M-szeresz-allatorvosi-eszkozok-beuzemelese\" data-auth=\"NotApplicable\" data-linkindex=\"0\">https:\/\/karrier.alphavet.hu\/jobs\/M-szeresz-allatorvosi-eszkozok-beuzemelese<\/a><\/p> <p>&nbsp;<\/p>","protected":false},"excerpt":{"rendered":"<p>2024.02.19 \u00c1llatorvosi eszk\u00f6z\u00f6k be\u00fczemel\u00e9s\u00e9re keres\u00fcnk m\u0171szer\u00e9sz koll\u00e9g\u00e1t https:\/\/karrier.alphavet.hu\/jobs\/M-szeresz-allatorvosi-eszkozok-beuzemelese &nbsp;<\/p>\n","protected":false},"author":5823,"featured_media":0,"parent":26415,"menu_order":112,"comment_status":"closed","ping_status":"closed","template":"","meta":{"_acf_changed":false,"footnotes":""},"categories":[],"tags":[],"class_list":["post-38109","page","type-page","status-publish","hentry"],"acf":[],"_links":{"self":[{"href":"https:\/\/univet.hu\/hu\/wp-json\/wp\/v2\/pages\/38109","targetHints":{"allow":["GET"]}}],"collection":[{"href":"https:\/\/univet.hu\/hu\/wp-json\/wp\/v2\/pages"}],"about":[{"href":"https:\/\/univet.hu\/hu\/wp-json\/wp\/v2\/types\/page"}],"author":[{"embeddable":true,"href":"https:\/\/univet.hu\/hu\/wp-json\/wp\/v2\/users\/5823"}],"replies":[{"embeddable":true,"href":"https:\/\/univet.hu\/hu\/wp-json\/wp\/v2\/comments?post=38109"}],"version-history":[{"count":0,"href":"https:\/\/univet.hu\/hu\/wp-json\/wp\/v2\/pages\/38109\/revisions"}],"up":[{"embeddable":true,"href":"https:\/\/univet.hu\/hu\/wp-json\/wp\/v2\/pages\/26415"}],"wp:attachment":[{"href":"https:\/\/univet.hu\/hu\/wp-json\/wp\/v2\/media?parent=38109"}],"wp:term":[{"taxonomy":"category","embeddable":true,"href":"https:\/\/univet.hu\/hu\/wp-json\/wp\/v2\/categories?post=38109"},{"taxonomy":"post_tag","embeddable":true,"href":"https:\/\/univet.hu\/hu\/wp-json\/wp\/v2\/tags?post=38109"}],"curies":[{"name":"wp","href":"https:\/\/api.w.org\/{rel}","templated":true}]}}