{"id":38157,"date":"2019-04-24T14:19:50","date_gmt":"2019-04-24T12:19:50","guid":{"rendered":"https:\/\/univet.hu\/?page_id=38157"},"modified":"2019-10-29T14:16:39","modified_gmt":"2019-10-29T13:16:39","slug":"makk-timea","status":"publish","type":"page","link":"https:\/\/univet.hu\/hu\/egyetem\/palyazati-projektek\/prezentacios-nap-2019\/prezentacios-nap-2019\/makk-timea\/","title":{"rendered":"Makk T\u00edmea"},"content":{"rendered":"<p><strong>Bio:<\/strong><\/p> <p><a href=\"https:\/\/univet.hu\/wp-content\/uploads\/2019\/04\/Makk-T\u00edmea_Fot\u00f3.jpg\"><img loading=\"lazy\" decoding=\"async\" class=\"alignright size-medium wp-image-38137\" src=\"https:\/\/univet.hu\/wp-content\/uploads\/2019\/04\/Makk-T\u00edmea_Fot\u00f3-320x297.jpg\" alt=\"\" width=\"320\" height=\"297\" data-replaced=\"true\" srcset=\"https:\/\/univet.hu\/wp-content\/uploads\/2019\/04\/Makk-T\u00edmea_Fot\u00f3-320x297.jpg 320w, https:\/\/univet.hu\/wp-content\/uploads\/2019\/04\/Makk-T\u00edmea_Fot\u00f3-768x712.jpg 768w, https:\/\/univet.hu\/wp-content\/uploads\/2019\/04\/Makk-T\u00edmea_Fot\u00f3-960x890.jpg 960w\" sizes=\"auto, (max-width: 320px) 100vw, 320px\" \/><\/a>Makk T\u00edmea vagyok, \u00f6t\u00f6dik \u00e9vemet t\u00f6lt\u00f6m Budapesten \u00e1llatorvostan hallgat\u00f3k\u00e9nt. Ez id\u0151 alatt az egyetem szorosan a sz\u00edvemhez n\u0151tt, ez\u00e9rt sz\u00e1momra kiemelt fontoss\u00e1g\u00fa t\u00e9ma az oktat\u00e1s kutat\u00e1s \u00e9s fejleszt\u00e9s. Ahhoz, hogy a frissdiplom\u00e1s \u00e1llatorvosok versenyk\u00e9pes tud\u00e1ssal l\u00e9pjenek ki a hazai \u00e9s az eur\u00f3pai munkaer\u0151piacra, a hagyom\u00e1nyos szakmai tud\u00e1s mellett fel kell ruh\u00e1zni \u0151ket egy\u00e9b kompetenci\u00e1kkal is. Ezek az \u00fan. \u201esoft skill\u201d-ek a kommunik\u00e1ci\u00f3, digit\u00e1lis- \u00e9s v\u00e1llalkoz\u00f3i ismeretek. Egyetem\u00fcnk r\u00e9szt vesz egy eur\u00f3pai oktat\u00e1sfejleszt\u00e9si projektben, melynek c\u00e9lja, hogy ezek oktat\u00e1sa nagyobb hangs\u00falyt kapjon. Prezent\u00e1ci\u00f3m c\u00e9lja, hogy felnyissam a hallgat\u00f3s\u00e1g szem\u00e9t ennek a fontoss\u00e1g\u00e1ra.<\/p> <p><b>El\u0151ad\u00e1s\u00e1nak a t\u00e9m\u00e1ja:\u00a0<\/b><strong>Soft-skill-ek az \u00e1llatorvosk\u00e9pz\u00e9sben<\/strong><\/p>","protected":false},"excerpt":{"rendered":"<p>Bio: Makk T\u00edmea vagyok, \u00f6t\u00f6dik \u00e9vemet t\u00f6lt\u00f6m Budapesten \u00e1llatorvostan hallgat\u00f3k\u00e9nt. Ez id\u0151 alatt az egyetem szorosan a sz\u00edvemhez n\u0151tt, ez\u00e9rt sz\u00e1momra kiemelt fontoss\u00e1g\u00fa t\u00e9ma az oktat\u00e1s kutat\u00e1s \u00e9s fejleszt\u00e9s. Ahhoz, hogy a frissdiplom\u00e1s \u00e1llatorvosok versenyk\u00e9pes tud\u00e1ssal l\u00e9pjenek ki a hazai \u00e9s az eur\u00f3pai munkaer\u0151piacra, a hagyom\u00e1nyos szakmai tud\u00e1s mellett fel kell ruh\u00e1zni \u0151ket egy\u00e9b kompetenci\u00e1kkal<\/p>\n","protected":false},"author":7,"featured_media":0,"parent":45620,"menu_order":0,"comment_status":"closed","ping_status":"closed","template":"","meta":{"_acf_changed":false,"footnotes":""},"categories":[],"tags":[],"class_list":["post-38157","page","type-page","status-publish","hentry"],"acf":[],"_links":{"self":[{"href":"https:\/\/univet.hu\/hu\/wp-json\/wp\/v2\/pages\/38157","targetHints":{"allow":["GET"]}}],"collection":[{"href":"https:\/\/univet.hu\/hu\/wp-json\/wp\/v2\/pages"}],"about":[{"href":"https:\/\/univet.hu\/hu\/wp-json\/wp\/v2\/types\/page"}],"author":[{"embeddable":true,"href":"https:\/\/univet.hu\/hu\/wp-json\/wp\/v2\/users\/7"}],"replies":[{"embeddable":true,"href":"https:\/\/univet.hu\/hu\/wp-json\/wp\/v2\/comments?post=38157"}],"version-history":[{"count":0,"href":"https:\/\/univet.hu\/hu\/wp-json\/wp\/v2\/pages\/38157\/revisions"}],"up":[{"embeddable":true,"href":"https:\/\/univet.hu\/hu\/wp-json\/wp\/v2\/pages\/45620"}],"wp:attachment":[{"href":"https:\/\/univet.hu\/hu\/wp-json\/wp\/v2\/media?parent=38157"}],"wp:term":[{"taxonomy":"category","embeddable":true,"href":"https:\/\/univet.hu\/hu\/wp-json\/wp\/v2\/categories?post=38157"},{"taxonomy":"post_tag","embeddable":true,"href":"https:\/\/univet.hu\/hu\/wp-json\/wp\/v2\/tags?post=38157"}],"curies":[{"name":"wp","href":"https:\/\/api.w.org\/{rel}","templated":true}]}}