{"id":38159,"date":"2019-04-24T14:21:46","date_gmt":"2019-04-24T12:21:46","guid":{"rendered":"https:\/\/univet.hu\/?page_id=38159"},"modified":"2019-10-29T13:46:27","modified_gmt":"2019-10-29T12:46:27","slug":"diriczi-tekla","status":"publish","type":"page","link":"https:\/\/univet.hu\/hu\/egyetem\/palyazati-projektek\/prezentacios-nap-2019\/prezentacios-nap-2019\/diriczi-tekla\/","title":{"rendered":"Diriczi Tekla"},"content":{"rendered":"<p><strong>Bio: <\/strong><\/p> <figure id=\"attachment_38141\" aria-describedby=\"caption-attachment-38141\" style=\"width: 240px\" class=\"wp-caption alignright\"><a href=\"https:\/\/univet.hu\/wp-content\/uploads\/2019\/04\/Diriczi-Tekla_Fot\u00f3.jpg\"><img loading=\"lazy\" decoding=\"async\" class=\"size-medium wp-image-38141\" src=\"https:\/\/univet.hu\/wp-content\/uploads\/2019\/04\/Diriczi-Tekla_Fot\u00f3-240x320.jpg\" alt=\"\" width=\"240\" height=\"320\" data-replaced=\"true\" srcset=\"https:\/\/univet.hu\/wp-content\/uploads\/2019\/04\/Diriczi-Tekla_Fot\u00f3-240x320.jpg 240w, https:\/\/univet.hu\/wp-content\/uploads\/2019\/04\/Diriczi-Tekla_Fot\u00f3-768x1024.jpg 768w, https:\/\/univet.hu\/wp-content\/uploads\/2019\/04\/Diriczi-Tekla_Fot\u00f3-720x960.jpg 720w\" sizes=\"auto, (max-width: 240px) 100vw, 240px\" \/><\/a><figcaption id=\"caption-attachment-38141\" class=\"wp-caption-text\">sdr<\/figcaption><\/figure> <p>Gondolt\u00e1tok volna, hogy a nagyv\u00e1rosok leveg\u0151je nem csak bel\u00e9legezve \u00e1rtalmas, hanem m\u00e1s m\u00f3don is hat\u00e1ssal van r\u00e1nk?\u00a0Kutat\u00e1som sor\u00e1n azt vizsg\u00e1lom, hogy a Budapest leveg\u0151j\u00e9ben kering\u0151 policiklusos arom\u00e1s sz\u00e9nhidrog\u00e9nek, azaz a j\u00e1rm\u0171vek \u00e1ltal kibocs\u00e1tott r\u00e1kkelt\u0151 anyagok milyen m\u00e9rt\u00e9kben pihennek meg a szabadt\u00e9ren \u00e1rus\u00edtott z\u00f6lds\u00e9gek \u00e9s gy\u00fcm\u00f6lcs\u00f6k fel\u00fclet\u00e9n. Piac vagy szupermarket, bio vagy hagyom\u00e1nyos? Ha k\u00edv\u00e1ncsiak vagytok, mir\u0151l \u00e1rulkodnak az \u00fatsz\u00e9li port\u00e9k\u00e1k, v\u00e1rlak Titeket m\u00e1jus 7-\u00e9n!<\/p> <p><strong>El\u0151ad\u00e1s\u00e1nak a t\u00e9m\u00e1ja:\u00a0<\/strong><strong>Szabadt\u00e9ren \u00e1rus\u00edtott z\u00f6lds\u00e9gek \u00e9s gy\u00fcm\u00f6lcs\u00f6k PAH terhelts\u00e9ge<\/strong><\/p> <p><strong>\u00a0<\/strong><\/p> <p><strong>\u00a0<\/strong><\/p>","protected":false},"excerpt":{"rendered":"<p>Bio: Gondolt\u00e1tok volna, hogy a nagyv\u00e1rosok leveg\u0151je nem csak bel\u00e9legezve \u00e1rtalmas, hanem m\u00e1s m\u00f3don is hat\u00e1ssal van r\u00e1nk?\u00a0Kutat\u00e1som sor\u00e1n azt vizsg\u00e1lom, hogy a Budapest leveg\u0151j\u00e9ben kering\u0151 policiklusos arom\u00e1s sz\u00e9nhidrog\u00e9nek, azaz a j\u00e1rm\u0171vek \u00e1ltal kibocs\u00e1tott r\u00e1kkelt\u0151 anyagok milyen m\u00e9rt\u00e9kben pihennek meg a szabadt\u00e9ren \u00e1rus\u00edtott z\u00f6lds\u00e9gek \u00e9s gy\u00fcm\u00f6lcs\u00f6k fel\u00fclet\u00e9n. Piac vagy szupermarket, bio vagy hagyom\u00e1nyos? Ha k\u00edv\u00e1ncsiak<\/p>\n","protected":false},"author":7,"featured_media":0,"parent":45620,"menu_order":0,"comment_status":"closed","ping_status":"closed","template":"","meta":{"_acf_changed":false,"footnotes":""},"categories":[],"tags":[],"class_list":["post-38159","page","type-page","status-publish","hentry"],"acf":[],"_links":{"self":[{"href":"https:\/\/univet.hu\/hu\/wp-json\/wp\/v2\/pages\/38159","targetHints":{"allow":["GET"]}}],"collection":[{"href":"https:\/\/univet.hu\/hu\/wp-json\/wp\/v2\/pages"}],"about":[{"href":"https:\/\/univet.hu\/hu\/wp-json\/wp\/v2\/types\/page"}],"author":[{"embeddable":true,"href":"https:\/\/univet.hu\/hu\/wp-json\/wp\/v2\/users\/7"}],"replies":[{"embeddable":true,"href":"https:\/\/univet.hu\/hu\/wp-json\/wp\/v2\/comments?post=38159"}],"version-history":[{"count":0,"href":"https:\/\/univet.hu\/hu\/wp-json\/wp\/v2\/pages\/38159\/revisions"}],"up":[{"embeddable":true,"href":"https:\/\/univet.hu\/hu\/wp-json\/wp\/v2\/pages\/45620"}],"wp:attachment":[{"href":"https:\/\/univet.hu\/hu\/wp-json\/wp\/v2\/media?parent=38159"}],"wp:term":[{"taxonomy":"category","embeddable":true,"href":"https:\/\/univet.hu\/hu\/wp-json\/wp\/v2\/categories?post=38159"},{"taxonomy":"post_tag","embeddable":true,"href":"https:\/\/univet.hu\/hu\/wp-json\/wp\/v2\/tags?post=38159"}],"curies":[{"name":"wp","href":"https:\/\/api.w.org\/{rel}","templated":true}]}}