{"id":38163,"date":"2019-04-24T14:24:21","date_gmt":"2019-04-24T12:24:21","guid":{"rendered":"https:\/\/univet.hu\/?page_id=38163"},"modified":"2019-10-29T13:48:56","modified_gmt":"2019-10-29T12:48:56","slug":"feher-sara","status":"publish","type":"page","link":"https:\/\/univet.hu\/hu\/egyetem\/palyazati-projektek\/prezentacios-nap-2019\/prezentacios-nap-2019\/feher-sara\/","title":{"rendered":"Feh\u00e9r S\u00e1ra"},"content":{"rendered":"<p><strong>Bio:\u00a0<\/strong><\/p> <figure id=\"attachment_38140\" aria-describedby=\"caption-attachment-38140\" style=\"width: 320px\" class=\"wp-caption alignright\"><a href=\"https:\/\/univet.hu\/wp-content\/uploads\/2019\/04\/Feh\u00e9r-S\u00e1ra_fot\u00f3.jpg\"><img loading=\"lazy\" decoding=\"async\" class=\"size-medium wp-image-38140\" src=\"https:\/\/univet.hu\/wp-content\/uploads\/2019\/04\/Feh\u00e9r-S\u00e1ra_fot\u00f3-320x240.jpg\" alt=\"\" width=\"320\" height=\"240\" data-replaced=\"true\" srcset=\"https:\/\/univet.hu\/wp-content\/uploads\/2019\/04\/Feh\u00e9r-S\u00e1ra_fot\u00f3-320x240.jpg 320w, https:\/\/univet.hu\/wp-content\/uploads\/2019\/04\/Feh\u00e9r-S\u00e1ra_fot\u00f3-768x576.jpg 768w, https:\/\/univet.hu\/wp-content\/uploads\/2019\/04\/Feh\u00e9r-S\u00e1ra_fot\u00f3-960x720.jpg 960w\" sizes=\"auto, (max-width: 320px) 100vw, 320px\" \/><\/a><figcaption id=\"caption-attachment-38140\" class=\"wp-caption-text\">sdr<\/figcaption><\/figure> <p>Napjainkban a kuty\u00e1k vezet\u0151 hal\u00e1lokai k\u00f6z\u00e9 tartoznak a daganatos megbeteged\u00e9sek, melyek k\u00f6z\u00fcl az egyik leggyakoribb a lymphoma. Jelen ter\u00e1pi\u00e1k k\u00fcl\u00f6nb\u00f6z\u0151 kemoter\u00e1pi\u00e1s szereket tartalmaznak, melyek hat\u00e1s\u00e1ra a beteg kuty\u00e1k \u00e9letmin\u0151s\u00e9ge egy ideig javul, de id\u0151vel az alkalmazott szerek elvesztik hat\u00e1sukat, a daganat n\u00f6vekedni kezd, teh\u00e1t kialakul a rezisztencia. Kutat\u00e1somban arra kerestem a v\u00e1laszt, hogy hogyan lehetne a kemoter\u00e1pi\u00e1s rezisztencia kialakul\u00e1s\u00e1t megakad\u00e1lyozni. Hogy mit tal\u00e1ltam? A prezent\u00e1ci\u00f3s versenyen kider\u00fcl!<\/p> <p><strong>El\u0151ad\u00e1s\u00e1nak a t\u00e9m\u00e1ja:\u00a0\u00a0<\/strong><strong>\u00daj, hat\u00e9kony kemoter\u00e1pi\u00e1s protokoll kidolgoz\u00e1sa kutya lymphoma kezel\u00e9s\u00e9re<\/strong><\/p> <p><strong>\u00a0<\/strong><\/p> <p>&nbsp;<\/p>","protected":false},"excerpt":{"rendered":"<p>Bio:\u00a0 Napjainkban a kuty\u00e1k vezet\u0151 hal\u00e1lokai k\u00f6z\u00e9 tartoznak a daganatos megbeteged\u00e9sek, melyek k\u00f6z\u00fcl az egyik leggyakoribb a lymphoma. Jelen ter\u00e1pi\u00e1k k\u00fcl\u00f6nb\u00f6z\u0151 kemoter\u00e1pi\u00e1s szereket tartalmaznak, melyek hat\u00e1s\u00e1ra a beteg kuty\u00e1k \u00e9letmin\u0151s\u00e9ge egy ideig javul, de id\u0151vel az alkalmazott szerek elvesztik hat\u00e1sukat, a daganat n\u00f6vekedni kezd, teh\u00e1t kialakul a rezisztencia. Kutat\u00e1somban arra kerestem a v\u00e1laszt, hogy hogyan<\/p>\n","protected":false},"author":7,"featured_media":0,"parent":45620,"menu_order":0,"comment_status":"closed","ping_status":"closed","template":"","meta":{"_acf_changed":false,"footnotes":""},"categories":[],"tags":[],"class_list":["post-38163","page","type-page","status-publish","hentry"],"acf":[],"_links":{"self":[{"href":"https:\/\/univet.hu\/hu\/wp-json\/wp\/v2\/pages\/38163","targetHints":{"allow":["GET"]}}],"collection":[{"href":"https:\/\/univet.hu\/hu\/wp-json\/wp\/v2\/pages"}],"about":[{"href":"https:\/\/univet.hu\/hu\/wp-json\/wp\/v2\/types\/page"}],"author":[{"embeddable":true,"href":"https:\/\/univet.hu\/hu\/wp-json\/wp\/v2\/users\/7"}],"replies":[{"embeddable":true,"href":"https:\/\/univet.hu\/hu\/wp-json\/wp\/v2\/comments?post=38163"}],"version-history":[{"count":0,"href":"https:\/\/univet.hu\/hu\/wp-json\/wp\/v2\/pages\/38163\/revisions"}],"up":[{"embeddable":true,"href":"https:\/\/univet.hu\/hu\/wp-json\/wp\/v2\/pages\/45620"}],"wp:attachment":[{"href":"https:\/\/univet.hu\/hu\/wp-json\/wp\/v2\/media?parent=38163"}],"wp:term":[{"taxonomy":"category","embeddable":true,"href":"https:\/\/univet.hu\/hu\/wp-json\/wp\/v2\/categories?post=38163"},{"taxonomy":"post_tag","embeddable":true,"href":"https:\/\/univet.hu\/hu\/wp-json\/wp\/v2\/tags?post=38163"}],"curies":[{"name":"wp","href":"https:\/\/api.w.org\/{rel}","templated":true}]}}