{"id":3820,"date":"2018-05-22T14:02:00","date_gmt":"2016-07-07T12:33:00","guid":{"rendered":"http:\/\/univet.hu\/egyetem\/munkatarsak\/gal-janos\/"},"modified":"2026-02-10T04:02:56","modified_gmt":"2026-02-10T03:02:56","slug":"gal-janos","status":"publish","type":"page","link":"https:\/\/univet.hu\/hu\/egyetem\/munkatarsak\/gal-janos\/","title":{"rendered":"G\u00e1l J\u00e1nos"},"content":{"rendered":"<p style=\"text-align: center\"><strong>Bemutatkoz\u00e1s<\/strong><\/p> <p>1972 j\u00fanius 13-\u00e1n H\u00f3dmez\u0151v\u00e1s\u00e1rhelyen sz\u00fclettem. 1990-ben kezdtem meg tanulm\u00e1nyaimat az \u00c1llatorvostudom\u00e1nyi Egyetemen, majd ezzel p\u00e1rhuzamosan a Soproni Egyetem Erd\u0151m\u00e9rn\u00f6ki Kar\u00e1n. Az \u00e1llatorvos-doktori oklev\u00e9l megszerz\u00e9s\u00e9t k\u00f6vet\u0151en vadgazda m\u00e9rn\u00f6ki, majd hal\u00e1szati szakm\u00e9rn\u00f6ki okleveleket szereztem. Az \u00e1llatorvosi munk\u00e1mat 1996-t\u00f3l az \u00c1llatorvostudom\u00e1nyi Egyetem K\u00f3rbonctani \u00e9s Igazs\u00e1g\u00fcgyi \u00c1llatorvostani Tansz\u00e9k\u00e9n kezdtem meg, ahol patol\u00f3giai-diagnosztikai munk\u00e1m mellett egzotikus\u00e1llatok patol\u00f3giai vizsg\u00e1lat\u00e1t folytattam. Kardev\u00e1n professzor, Vet\u00e9si professzor \u00e9s Dobos-Kov\u00e1cs doktor t\u00e1mogat\u00e1s\u00e1val \u00e9s \u00f6szt\u00f6nz\u00e9s\u00e9vel 2006-ban PhD fokozatot szereztem, majd 2010-ben habilit\u00e1ltam. A PhD munk\u00e1mban jelent\u0151s erk\u00f6lcsi \u00e9s szellemi t\u00e1mogat\u00e1st kaptam Prof. Dr. Farag\u00f3 S\u00e1ndor \u00e1ltal vezetett vadgazd\u00e1lkod\u00e1si iskol\u00e1t\u00f3l is, mint m\u00e1sodik alma materemt\u0151l.<\/p> <p>2009-t\u0151l a hazai \u00e9s nemzetk\u00f6zi szint\u00e9ren folytatott, egzotikus \u00e9s vadon \u00e9l\u0151 \u00e1llatok patol\u00f3gi\u00e1ja ter\u00e9n v\u00e9gzett munk\u00e1m elismer\u00e9sek\u00e9nt az European College of Zoological Medicine teljes jog\u00fa tagjak\u00e9nt ismertek el.<\/p> <p>1996-t\u00f3l a mai napig az \u00c1llatorvostudom\u00e1nyi Egyetem falai k\u00f6z\u00f6tt dolgozom \u00e9s oktatok, lesz\u00e1m\u00edtva a 2012-2013-as \u00e9veket, amikor Marokk\u00f3ban, egy a K\u00f6zel-keleti orsz\u00e1gok \u00e1ltal is szponzor\u00e1lt vadrezerv\u00e1tum \u00e1llateg\u00e9szs\u00e9g\u00fcgyi csoportj\u00e1nak lettem a vezet\u0151 \u00e1llatorvosa. Innen haza t\u00e9rve az egyetem \u00e1ltal kialak\u00edtott \u00e9s \u00e1ltalam \u00e9letre h\u00edvott <span data-olk-copy-source=\"MessageBody\">Egzotikus\u00e1llat-, Vad-, Hal- \u00e9s M\u00e9heg\u00e9szs\u00e9g\u00fcgyi Tansz\u00e9k<\/span>et vezetem \u00e9s fejlesztem. A tansz\u00e9ken kialak\u00edt\u00e1sra ker\u00fclt a Vad\u00e1szati, Vadgazd\u00e1lkod\u00e1si \u00e9s Term\u00e9szetv\u00e9delmi, majd a F\u0151v\u00e1rosi \u00c1llat- \u00e9s N\u00f6v\u00e9nykerttel k\u00f6z\u00f6sen a kihelyezett \u00c1llatkerti \u00c1llat-eg\u00e9szs\u00e9gtani Oszt\u00e1ly. K\u00e9s\u0151bb M\u00e9h\u00e9szeti \u00e9s M\u00e9heg\u00e9szs\u00e9gtani, majd Hal\u00e1szati \u00e9s Haleg\u00e9szs\u00e9gtani Oszt\u00e1lyok is megkezdt\u00e9k m\u0171k\u00f6d\u00e9s\u00fcket az \u00e1ltalam vezetett tansz\u00e9ken, ahol az oszt\u00e1lyokat vezet\u0151 kolleg\u00e1immal egy-egy t\u00e9mater\u00fclet szellemi m\u0171hely\u00e9t siker\u00fclt megteremteni. T\u00f6bb v\u00e9gzett PhD doktorandusz hallgat\u00f3m ma is a tansz\u00e9ken folytatja tov\u00e1bb tudom\u00e1nyos vagy klinikai betegell\u00e1t\u00e1si-szolg\u00e1ltat\u00f3i karrierj\u00e9t.<\/p> <p>Jelenleg is t\u00f6bb szak\u00e1llatorvosi kurzust vezetek, m\u00edg a gradu\u00e1lis k\u00e9pz\u00e9sben az egzotikus\u00e1llatok eg\u00e9szs\u00e9gv\u00e9delm\u00e9vel kapcsolatos tant\u00e1rgyak oktat\u00e1s\u00e1nak a szervez\u00e9s\u00e9vel is foglalkozom. 2018-t\u00f3l r\u00e9szt veszek az University of United Arab Emirates hallgat\u00f3inak k\u00e9pz\u00e9s\u00e9ben, amelynek keret\u00e9ben szervezem \u00e9s oktatom (az arab hallgat\u00f3k sz\u00e1m\u00e1ra) az egzotikus\u00e1llat- \u00e9s s\u00f3lyom eg\u00e9szs\u00e9g\u00fcgyet. 2019-ben, az olaszorsz\u00e1gi Universit\u00e1 di Padova egyetemen vend\u00e9gprofesszori megh\u00edv\u00e1sa keret\u00e9ben oktattam. 2000-2007 k\u00f6z\u00f6tt a Nyugat-Magyarorsz\u00e1gi Egyetem, Erd\u0151m\u00e9rn\u00f6ki Kar, Vadgazd\u00e1lkod\u00e1si Int\u00e9zet\u00e9nek tov\u00e1bbi jogviszony\u00fa egyetemi adjunktusak\u00e9nt r\u00e9szt vettem a soproni alma materem oktat\u00e1si \u00e9s kutat\u00e1si munk\u00e1j\u00e1ban. El\u0151ad\u00e1sokat \u00e9s gyakorlatokat tartottam a vadfajok anat\u00f3mi\u00e1ja, vadeg\u00e9szs\u00e9g\u00fcgy, hal\u00e1szat \u00e9s halgazd\u00e1lkod\u00e1s t\u00e9mak\u00f6reiben.<\/p> <p>Klinikai munk\u00e1mban alapvet\u0151en a vadtart\u00f3 (els\u0151sorban f\u00e1c\u00e1n, fogoly \u00e9s mezei ny\u00fal), strucc \u00e9s baromfi telepek \u00e1llom\u00e1nyaiban fell\u00e9p\u0151 nem fert\u0151z\u0151 \u00e9s fert\u0151z\u0151 betegs\u00e9gek diagnosztik\u00e1j\u00e1val \u00e9s \u00e1llom\u00e1ny-eg\u00e9szs\u00e9gtani szaktan\u00e1csad\u00e1ssal foglalkozom. Emellett igazs\u00e1g\u00fcgyi szak\u00e9rt\u0151k\u00e9nt (\u00e1llateg\u00e9szs\u00e9g\u00fcgy \u00e9s z\u00e1rtt\u00e9ri vadtart\u00e1s szakter\u00fcleteken) alapvet\u0151en kriminalisztikai jelleg\u0171 esetek patol\u00f3giai vizsg\u00e1lat\u00e1val foglalkozom.<\/p> <p>Alap\u00edt\u00f3 tagja vagyok a Magyar Vad-\u00e9s \u00c1llatkerti \u00c1llatorvosok T\u00e1rsas\u00e1g\u00e1nak, 2009-2011 k\u00f6z\u00f6tt r\u00e9szt vettem az European Freshwater Turtle Breeder\u2019s Assotiation szervezet munk\u00e1j\u00e1ban is, s 2015. \u00f3ta tagja vagyok az European Society of Arachnology szervezetnek is. 2008-t\u00f3l az MTA-k\u00f6ztest\u00fcleti, m\u00edg 2010-t\u0151l az MTA Erd\u00e9szeti Bizotts\u00e1g, Vadgazd\u00e1lkod\u00e1si Albizotts\u00e1g tagjak\u00e9nt is tev\u00e9kenykedem. 2010-2011 \u00e9s 2014-2017 k\u00f6z\u00f6tt, k\u00e9t \u00edzben tagja voltam az OTKA Agr\u00e1r-2 zs\u0171ri bizotts\u00e1g\u00e1nak. 2016-t\u00f3l az Afrikai Sert\u00e9spestis Kock\u00e1zatelemz\u00e9si Munkacsoportban szak\u00e9rt\u0151i tagk\u00e9nt veszek r\u00e9szt.<\/p> <p>Eddigi munk\u00e1m sor\u00e1n 300 feletti szakmai k\u00f6zlem\u00e9nyem, t\u00f6bb hazai \u00e9s nemzetk\u00f6zi szint\u00e9ren megjelent szakk\u00f6nyvem vagy k\u00f6nyvfejezetem sz\u00fcletett. Publik\u00e1ci\u00f3s \u00e9s oktat\u00e1si tev\u00e9kenys\u00e9gem az \u00e9vek sor\u00e1n sz\u00e1mos d\u00edjjal \u00e9s kit\u00fcntet\u00e9ssel ismert\u00e9k el. Egyik hobbim az \u00e9szak-afrikai r\u00e9gi\u00f3 \u00e9s a K\u00f6zel-Kelet arachno-faunisztik\u00e1j\u00e1nak a kutat\u00e1sa, amelynek eredm\u00e9nye a t\u00e9m\u00e1ban t\u00f6bb tudom\u00e1nyos k\u00f6zlem\u00e9ny \u00e9s egy a tudom\u00e1ny sz\u00e1m\u00e1ra \u00faj p\u00f3kfaj le\u00edr\u00e1sa lett.<\/p> <ol start=\"2021\"> <li>\u00e1prilis 1.-vel megkaptam a Magyar Tudom\u00e1nyos Akad\u00e9mia doktora c\u00edmet \u00e9s ugyanezen \u00e9v szeptember 1.-t\u0151l az \u00c1llatorvostudom\u00e1nyi Egyetem kinevezett egyetemi tan\u00e1rak\u00e9nt folytatom a tansz\u00e9k \u00e9p\u00edt\u00e9s\u00e9t az oktat\u00f3, kutat\u00f3 \u00e9s betegell\u00e1t\u00e1si munka szervez\u00e9s\u00e9t \u00e9s ir\u00e1ny\u00edt\u00e1s\u00e1t.<\/li> <\/ol> <p><strong>F\u0151bb kutat\u00e1si ter\u00fcletek:<\/strong><\/p> <ul> <li>\u00c1llatorvosi kriminalisztikai \u00e9s diagnosztikai patol\u00f3gia (h\u00fcll\u0151k, vadon \u00e9l\u0151 \u00e1llatok, teny\u00e9sztett vadfajok, \u00e1llatkerti \u00e1llatok, madarak)<\/li> <li>M\u00e9hek fert\u0151z\u0151 betegs\u00e9gei<\/li> <li>\u00c9szak-Afrika \u00e9s a K\u00f6zel-Kelet arachno-faunisztik\u00e1ja<\/li> <\/ul> <p><strong>El\u0151rehalad\u00e1s:<\/strong><\/p> <table> <tbody> <tr> <td style=\"width: 69px\">1996<\/td> <td style=\"width: 329px\">\u00c1llatorvos-doktor<\/td> <\/tr> <tr> <td style=\"width: 69px\">1999<\/td> <td style=\"width: 329px\">Vadgazda m\u00e9rn\u00f6k<\/td> <\/tr> <tr> <td style=\"width: 69px\">2000<\/td> <td style=\"width: 329px\">Hal\u00e1szati szakm\u00e9rn\u00f6k<\/td> <\/tr> <tr> <td style=\"width: 69px\">2006<\/td> <td style=\"width: 329px\">PhD. fokozat &#8211; Vadgazd\u00e1lkod\u00e1s tudom\u00e1nyok<\/td> <\/tr> <tr> <td style=\"width: 69px\">2009<\/td> <td style=\"width: 329px\">Egzotikus\u00e1llat gy\u00f3gy\u00e1sz szak\u00e1llatorvos<\/td> <\/tr> <tr> <td style=\"width: 69px\">2009<\/td> <td style=\"width: 329px\">Baromfi eg\u00e9szs\u00e9g\u00fcgyi szak\u00e1llatorvos<\/td> <\/tr> <tr> <td style=\"width: 69px\">2009<\/td> <td style=\"width: 329px\">European Collage of Zoological Medicine &#8211; teljes jog\u00fa tags\u00e1got igazol\u00f3 diploma<\/td> <\/tr> <tr> <td style=\"width: 69px\">2010<\/td> <td style=\"width: 329px\">Habilit\u00e1ci\u00f3<\/td> <\/tr> <tr> <td style=\"width: 69px\">2021<\/td> <td style=\"width: 329px\">Magyar Tudom\u00e1nyos Akad\u00e9mia doktora<\/td> <\/tr> <\/tbody> <\/table> <p><strong>Szakmai szervezeti tags\u00e1g<\/strong><\/p> <table style=\"height: 443px;width: 672px\" width=\"734\"> <tbody> <tr style=\"height: 37px\"> <td style=\"width: 343.112px;height: 37px;text-align: center\"><strong>Bizotts\u00e1g neve<\/strong><\/td> <td style=\"width: 87.3px;height: 37px;text-align: center\"><strong>Id\u0151<\/strong><\/td> <td style=\"width: 222.788px;height: 37px;text-align: center\"><strong>Tiszts\u00e9g<\/strong><\/td> <\/tr> <tr style=\"height: 65px\"> <td style=\"width: 343.112px;height: 65px;text-align: center\">European Association of Zoo and Wildlife Veterinarians<\/td> <td style=\"width: 87.3px;height: 65px;text-align: center\">1997-t\u0151l<\/td> <td style=\"width: 222.788px;height: 65px;text-align: center\">tag<\/td> <\/tr> <tr style=\"height: 32px\"> <td style=\"width: 343.112px;height: 32px;text-align: center\">Magyar Vad-\u00e9s \u00c1llatkerti \u00c1llatorvosok T\u00e1rsas\u00e1ga<\/td> <td style=\"width: 87.3px;height: 32px;text-align: center\">2004-t\u0151l<\/td> <td style=\"width: 222.788px;height: 32px;text-align: center\">tag<\/td> <\/tr> <tr style=\"height: 40px\"> <td style=\"width: 343.112px;height: 40px;text-align: center\">Magyar \u00c1llatorvosi Kamara<\/td> <td style=\"width: 87.3px;height: 40px;text-align: center\">2008-t\u00f3l<\/td> <td style=\"width: 222.788px;height: 40px;text-align: center\">tag<\/td> <\/tr> <tr style=\"height: 95px\"> <td style=\"width: 343.112px;height: 68px;text-align: center\">European Freshwater Turtle Breeder\u2019s Association<\/td> <td style=\"width: 87.3px;height: 68px;text-align: center\">2009-2011<\/td> <td style=\"width: 222.788px;height: 68px;text-align: center\">tag<\/td> <\/tr> <tr style=\"height: 67px\"> <td style=\"width: 343.112px;height: 67px;text-align: center\"><em>European College of Zoological Medicine<\/em><\/td> <td style=\"width: 87.3px;height: 67px;text-align: center\">2009-t\u0151l<\/td> <td style=\"width: 222.788px;height: 67px;text-align: center\">tag<\/td> <\/tr> <tr style=\"height: 15px\"> <td style=\"width: 343.112px;height: 42px;text-align: center\">European Society of Arachnology<\/td> <td style=\"width: 87.3px;height: 42px;text-align: center\">2015-t\u0151l<\/td> <td style=\"width: 222.788px;height: 42px;text-align: center\">tag<\/td> <\/tr> <\/tbody> <\/table> <p><strong>\u00a0<\/strong><\/p> <p><strong>Eddigi szakdolgozat\/TDK hallgat\u00f3k sz\u00e1ma<\/strong><\/p> <table style=\"height: 194px\"> <tbody> <tr style=\"height: 152px\"> <td style=\"height: 152px;width: 151px\"><strong>Szakdolgozati t\u00e9mavezet\u0151i tev\u00e9kenys\u00e9g<\/strong><\/td> <td style=\"height: 152px;width: 151px\"><strong>Nyugat-Magyarorsz\u00e1gi Egyetem, Erd\u0151m\u00e9rn\u00f6ki Kar (magyar nyelven)<\/strong><\/td> <td style=\"height: 152px;width: 174.422px\"><strong>SzIE \u00c1llatorvostudom\u00e1nyi Kar (magyar nyelven)<\/strong><\/td> <td style=\"height: 152px;width: 168.766px\"><strong>SzIE \u00c1llatorvostudom\u00e1ny Kar (angol nyelven)<\/strong><\/td> <\/tr> <tr style=\"height: 42px\"> <td style=\"height: 42px;width: 151px\">Szakdolgozatok sz\u00e1ma<\/td> <td style=\"height: 42px;width: 151px\">9<\/td> <td style=\"height: 42px;width: 174.422px\">21<\/td> <td style=\"height: 42px;width: 168.766px\">14<\/td> <\/tr> <\/tbody> <\/table> <p>&nbsp;<\/p> <table> <tbody> <tr> <td width=\"201\"><strong>TDK t\u00e9mavezet\u0151i tev\u00e9kenys\u00e9g<\/strong><\/td> <td width=\"201\"><strong>Magyar nyelven<\/strong><\/td> <td width=\"201\"><strong>Angol nyelven<\/strong><\/td> <\/tr> <tr> <td width=\"201\">TDK t\u00e9mavezet\u0151<\/td> <td width=\"201\">5<\/td> <td width=\"201\">1<\/td> <\/tr> <\/tbody> <\/table> <p><strong>PhD-hallgat\u00f3k<\/strong><\/p> <table style=\"height: 245px;width: 604px\"> <tbody> <tr style=\"height: 104px\"> <td style=\"height: 104px;width: 142.475px\">\u00a0<strong>PhD t\u00e9mavezet\u0151i tev\u00e9kenys\u00e9g<\/strong><\/td> <td style=\"height: 104px;width: 155.15px\" colspan=\"2\"><strong>PhD fokozatott szerzett<\/strong><\/td> <td style=\"height: 104px;width: 155.15px\" colspan=\"2\"><strong>Folyamatban lev\u0151 elj\u00e1r\u00e1s<\/strong><\/td> <td style=\"height: 104px;width: 127.225px\"><strong>Megkezdett, majd \u00e1tadott t\u00e9mavezet\u00e9s<\/strong><\/td> <\/tr> <tr style=\"height: 29px\"> <td style=\"height: 29px;width: 142.475px\"><strong>\u00a0<\/strong><\/td> <td style=\"height: 29px;width: 74.975px\"><strong>50%-os vezet\u00e9s<\/strong><\/td> <td style=\"height: 29px;width: 74.975px\"><strong>100%-os vezet\u00e9s<\/strong><\/td> <td style=\"height: 29px;width: 74.975px\"><strong>50%-os vezet\u00e9s<\/strong><\/td> <td style=\"height: 29px;width: 74.975px\"><strong>100%-os vezet\u00e9s<\/strong><\/td> <td style=\"height: 29px;width: 127.225px\"><strong>50%-os vezet\u00e9s<\/strong><\/td> <\/tr> <tr style=\"height: 56px\"> <td style=\"height: 56px;width: 142.475px\">PhD t\u00e9mavezet\u00e9sek<\/td> <td style=\"height: 56px;width: 74.975px\">3<\/td> <td style=\"height: 56px;width: 74.975px\">0<\/td> <td style=\"height: 56px;width: 74.975px\">1<\/td> <td style=\"height: 56px;width: 74.975px\">1<\/td> <td style=\"height: 56px;width: 127.225px\">1<\/td> <\/tr> <\/tbody> <\/table> <p>&nbsp;<\/p> <p><strong>Publik\u00e1ci\u00f3s lista (Top10)<\/strong><\/p> <table style=\"height: 801px;width: 885px\" width=\"904\"> <tbody> <tr style=\"height: 115px\"> <td style=\"width: 64px;height: 115px\">1.<\/td> <td style=\"width: 807.4px;height: 115px\">G\u00e1l J. \u2013 M\u00e1ndoki M.: Adenoma of the cloacal scent gland in a California Kingsnake (<em style=\"font-family: inherit;font-size: inherit\">Lampropeltis getulus californiae).<\/em><span style=\"font-family: inherit;font-size: inherit\"> Acta Vet. Hung. 2012. 60(4). 459-63.<\/span><\/td> <\/tr> <tr style=\"height: 60px\"> <td style=\"width: 64px;height: 60px\">2.<\/td> <td style=\"width: 807.4px;height: 60px\">G\u00e1l J. \u2013 Pilis T. \u2013 Adri\u00e1n E. \u2013 M\u00e1ndoki M.: Magyarorsz\u00e1gon eddig nem izol\u00e1lt Salmonella szerot\u00edpusok kimutat\u00e1sa Afrik\u00e1b\u00f3l import\u00e1lt kalab\u00e1r f\u00f6ldi pitonban (<em>Calabaria reinhardtii<\/em>). Magy. \u00c1llatorv. Lapja. 2014. 136. 309-312.<\/td> <\/tr> <tr style=\"height: 60px\"> <td style=\"width: 64px;height: 60px\">3.<\/td> <td style=\"width: 807.4px;height: 60px\">G\u00e1l J. \u2013 Maros\u00e1n M. \u2013 Zelan\u00e1k V. \u2013 M\u00e1ndoki M.: Az \u00fan. nedves elj\u00e1r\u00e1s\u00fa aluminiumgy\u00e1rt\u00e1s mell\u00e9kterm\u00e9kek\u00e9nt keletkez\u0151 v\u00f6r\u00f6siszap okozta, frisskelet\u0171 elv\u00e1ltoz\u00e1sok juhban. Magy. \u00c1llatorv. Lapja. 2011. 133. 403-408.<\/td> <\/tr> <tr style=\"height: 60px\"> <td style=\"width: 64px;height: 60px\">4.<\/td> <td style=\"width: 807.4px;height: 60px\">G\u00e1l J. \u2013 Horny\u00e1k \u00c1. \u2013 M\u00e1ndoki M. \u2013 Bakonyi T. \u2013 Balka Gy. \u2013 Szeredi L. \u2013 Maros\u00e1n M. \u2013 Lud\u00e1nyi T. \u2013 Forg\u00e1ch P. \u2013 S\u00f3s E. \u2013 Demeter Z. \u2013 Farkas SL.: Novel mastadenovirus infection and clinical disease in a pygmy marmoset (<em>Callithrix<\/em> [<em>Cebuella<\/em>] <em>pygmaea<\/em>). J. Vet. Microb. 2013. 167. 695-699.<\/td> <\/tr> <tr style=\"height: 60px\"> <td style=\"width: 64px;height: 60px\">5.<\/td> <td style=\"width: 807.4px;height: 60px\">G\u00e1l J. \u2013 Baska F. \u2013 Farkas Sz. \u2013 M\u00e1ndoki M. \u2013 Szab\u00f3 E.: Ikraretenci\u00f3 \u00e9s k\u00f6vetkezm\u00e9nyes autointoxicatio buldog csigas\u00fcg\u00e9r (<em>Lamprologus<\/em> <em>ocellatus<\/em>) teny\u00e9szetben. Magy. \u00c1llatorv. Lapja. 2014. 136. 615-617.<\/td> <\/tr> <tr style=\"height: 60px\"> <td style=\"width: 64px;height: 60px\">6.<\/td> <td style=\"width: 807.4px;height: 60px\">G\u00e1l J. (szerk.): Egzotikus madarak eg\u00e9szs\u00e9gv\u00e9delme. MG Kereskedelmi \u00e9s Szolg. Bt. Szombathely, 2006, pp. 1-163, 170-192<\/td> <\/tr> <tr style=\"height: 60px\"> <td style=\"width: 64px;height: 60px\">7.<\/td> <td style=\"width: 807.4px;height: 60px\">G\u00e1l J. \u2013 Maros\u00e1n M. \u2013 S\u00f3s E. \u2013 M\u00e1ndoki M.: Papag\u00e1jbetegs\u00e9gek klinikopatol\u00f3giai atlasza \/ Clinicopathology atlas of parrot diseases. Vet-Image Kft. Budapest, 2009, pp. 1-220<\/td> <\/tr> <tr style=\"height: 60px\"> <td style=\"width: 64px;height: 60px\">8.<\/td> <td style=\"width: 807.4px;height: 60px\">G\u00e1l J. \u2013Szab\u00f3 Gy. \u2013 Jakab Cs. \u2013 G\u00e9czy Cs. \u2013 S\u00e1torhelyi T.: M\u00f3r tekn\u0151s (<em>Testudo<\/em> <em>graeca<\/em>) mell\u00e9kpajzsmirigy\u00e9ben kialakult adenocarcinoma metaplasi\u00e1s laph\u00e1mszigetek \/ Adenocarcinoma with squamous metaplasia in the parathyroid gland of a spur-tighed tortoise (<em>Testudo<\/em> <em>graeca<\/em>). Magy. \u00c1llatorv. Lapja. 2006. 128. (10) 632-637.<\/td> <\/tr> <tr style=\"height: 60px\"> <td style=\"width: 64px;height: 60px\">9.<\/td> <td style=\"width: 807.4px;height: 60px\">G\u00e1l J. \u2013 M\u00e1ndoki M. \u2013 S\u00f3s E. \u2013 Kert\u00e9sz P. \u2013 Koroknai V. \u2013 B\u00e1nyai K. &#8211; Farkas Sz.: Novel adenovirus detected in kowari (<em>Dasyuroides<\/em> <em>byrnei<\/em>) with pneumonia. ACTA Microbiol. Immun. Hung. 2017. 64:1, 81-90.<\/td> <\/tr> <tr style=\"height: 60px\"> <td style=\"width: 64px;height: 60px\">10.<\/td> <td style=\"width: 807.4px;height: 60px\">G\u00e1l J. \u2013 Marton S. \u2013 Ih\u00e1sz K. \u2013 Papp H. \u2013 Jakab F. \u2013 Malik Y.S. \u2013 B\u00e1nyai K. \u2013 Farkas Sz.: Complete genome sequence of a genotype G23P[37] pheasant rotavirus strain identified in Hungary. Gen. Announ. 2016. 4:2. 19-16.<\/td> <\/tr> <\/tbody> <\/table> <p>&nbsp;<\/p>","protected":false},"excerpt":{"rendered":"<p>Bemutatkoz\u00e1s 1972 j\u00fanius 13-\u00e1n H\u00f3dmez\u0151v\u00e1s\u00e1rhelyen sz\u00fclettem. 1990-ben kezdtem meg tanulm\u00e1nyaimat az \u00c1llatorvostudom\u00e1nyi Egyetemen, majd ezzel p\u00e1rhuzamosan a Soproni Egyetem Erd\u0151m\u00e9rn\u00f6ki Kar\u00e1n. Az \u00e1llatorvos-doktori oklev\u00e9l megszerz\u00e9s\u00e9t k\u00f6vet\u0151en vadgazda m\u00e9rn\u00f6ki, majd hal\u00e1szati szakm\u00e9rn\u00f6ki okleveleket szereztem. Az \u00e1llatorvosi munk\u00e1mat 1996-t\u00f3l az \u00c1llatorvostudom\u00e1nyi Egyetem K\u00f3rbonctani \u00e9s Igazs\u00e1g\u00fcgyi \u00c1llatorvostani Tansz\u00e9k\u00e9n kezdtem meg, ahol patol\u00f3giai-diagnosztikai munk\u00e1m mellett egzotikus\u00e1llatok patol\u00f3giai vizsg\u00e1lat\u00e1t folytattam.<\/p>\n","protected":false},"author":5824,"featured_media":0,"parent":858,"menu_order":212,"comment_status":"closed","ping_status":"closed","template":"","meta":{"_acf_changed":false,"footnotes":""},"categories":[56],"tags":[],"class_list":["post-3820","page","type-page","status-publish","hentry","category-munkatarsak"],"acf":[],"_links":{"self":[{"href":"https:\/\/univet.hu\/hu\/wp-json\/wp\/v2\/pages\/3820","targetHints":{"allow":["GET"]}}],"collection":[{"href":"https:\/\/univet.hu\/hu\/wp-json\/wp\/v2\/pages"}],"about":[{"href":"https:\/\/univet.hu\/hu\/wp-json\/wp\/v2\/types\/page"}],"author":[{"embeddable":true,"href":"https:\/\/univet.hu\/hu\/wp-json\/wp\/v2\/users\/5824"}],"replies":[{"embeddable":true,"href":"https:\/\/univet.hu\/hu\/wp-json\/wp\/v2\/comments?post=3820"}],"version-history":[{"count":1,"href":"https:\/\/univet.hu\/hu\/wp-json\/wp\/v2\/pages\/3820\/revisions"}],"predecessor-version":[{"id":181646,"href":"https:\/\/univet.hu\/hu\/wp-json\/wp\/v2\/pages\/3820\/revisions\/181646"}],"up":[{"embeddable":true,"href":"https:\/\/univet.hu\/hu\/wp-json\/wp\/v2\/pages\/858"}],"wp:attachment":[{"href":"https:\/\/univet.hu\/hu\/wp-json\/wp\/v2\/media?parent=3820"}],"wp:term":[{"taxonomy":"category","embeddable":true,"href":"https:\/\/univet.hu\/hu\/wp-json\/wp\/v2\/categories?post=3820"},{"taxonomy":"post_tag","embeddable":true,"href":"https:\/\/univet.hu\/hu\/wp-json\/wp\/v2\/tags?post=3820"}],"curies":[{"name":"wp","href":"https:\/\/api.w.org\/{rel}","templated":true}]}}