{"id":38247,"date":"2019-04-27T18:53:15","date_gmt":"2019-04-27T16:53:15","guid":{"rendered":"https:\/\/univet.hu\/?page_id=38247"},"modified":"2019-10-29T13:25:58","modified_gmt":"2019-10-29T12:25:58","slug":"alfoldi-regina","status":"publish","type":"page","link":"https:\/\/univet.hu\/hu\/egyetem\/palyazati-projektek\/prezentacios-nap-2019\/prezentacios-nap-2019\/alfoldi-regina\/","title":{"rendered":"Alf\u00f6ldi Regina"},"content":{"rendered":"<p><strong>Bio:<\/strong><\/p> <figure id=\"attachment_38238\" aria-describedby=\"caption-attachment-38238\" style=\"width: 320px\" class=\"wp-caption alignright\"><a href=\"https:\/\/univet.hu\/wp-content\/uploads\/2019\/04\/Alf\u00f6ldi-Regina_Fot\u00f3.jpg\"><img loading=\"lazy\" decoding=\"async\" class=\"size-medium wp-image-38238\" src=\"https:\/\/univet.hu\/wp-content\/uploads\/2019\/04\/Alf\u00f6ldi-Regina_Fot\u00f3-320x243.jpg\" alt=\"\" width=\"320\" height=\"243\" data-replaced=\"true\" srcset=\"https:\/\/univet.hu\/wp-content\/uploads\/2019\/04\/Alf\u00f6ldi-Regina_Fot\u00f3-320x243.jpg 320w, https:\/\/univet.hu\/wp-content\/uploads\/2019\/04\/Alf\u00f6ldi-Regina_Fot\u00f3-768x583.jpg 768w, https:\/\/univet.hu\/wp-content\/uploads\/2019\/04\/Alf\u00f6ldi-Regina_Fot\u00f3-960x729.jpg 960w, https:\/\/univet.hu\/wp-content\/uploads\/2019\/04\/Alf\u00f6ldi-Regina_Fot\u00f3.jpg 1751w\" sizes=\"auto, (max-width: 320px) 100vw, 320px\" \/><\/a><figcaption id=\"caption-attachment-38238\" class=\"wp-caption-text\">OLYMPUS DIGITAL CAMERA<\/figcaption><\/figure> <p>Alf\u00f6ldi Regina vagyok, \u00f6t\u00f6d\u00e9ves hallgat\u00f3. Egy \u00e9lettani hallgat\u00f3i lecke sor\u00e1n tal\u00e1lkoztam el\u0151sz\u00f6r a &#8217;90-es \u00e9vek elej\u00e9n felfedezett endocannabinoid rendszerrel, mely teljesen leny\u0171g\u00f6z\u00f6tt. De hogyan is m\u0171k\u00f6dik ez? Milyen lehet\u0151s\u00e9geket \u00e9s vesz\u00e9lyeket rejt mag\u00e1ban? Err\u0151l szeretn\u00e9k mes\u00e9lni Nektek!<\/p> <p><strong>El\u0151ad\u00e1s\u00e1nak a t\u00e9m\u00e1ja:\u00a0<\/strong><strong>Cannabis: bar\u00e1t vagy ellens\u00e9g?<\/strong><\/p> <p>&nbsp;<\/p>","protected":false},"excerpt":{"rendered":"<p>Bio: Alf\u00f6ldi Regina vagyok, \u00f6t\u00f6d\u00e9ves hallgat\u00f3. Egy \u00e9lettani hallgat\u00f3i lecke sor\u00e1n tal\u00e1lkoztam el\u0151sz\u00f6r a &#8217;90-es \u00e9vek elej\u00e9n felfedezett endocannabinoid rendszerrel, mely teljesen leny\u0171g\u00f6z\u00f6tt. De hogyan is m\u0171k\u00f6dik ez? Milyen lehet\u0151s\u00e9geket \u00e9s vesz\u00e9lyeket rejt mag\u00e1ban? Err\u0151l szeretn\u00e9k mes\u00e9lni Nektek! El\u0151ad\u00e1s\u00e1nak a t\u00e9m\u00e1ja:\u00a0Cannabis: bar\u00e1t vagy ellens\u00e9g? &nbsp;<\/p>\n","protected":false},"author":7,"featured_media":0,"parent":45620,"menu_order":0,"comment_status":"closed","ping_status":"closed","template":"","meta":{"_acf_changed":false,"footnotes":""},"categories":[],"tags":[],"class_list":["post-38247","page","type-page","status-publish","hentry"],"acf":[],"_links":{"self":[{"href":"https:\/\/univet.hu\/hu\/wp-json\/wp\/v2\/pages\/38247","targetHints":{"allow":["GET"]}}],"collection":[{"href":"https:\/\/univet.hu\/hu\/wp-json\/wp\/v2\/pages"}],"about":[{"href":"https:\/\/univet.hu\/hu\/wp-json\/wp\/v2\/types\/page"}],"author":[{"embeddable":true,"href":"https:\/\/univet.hu\/hu\/wp-json\/wp\/v2\/users\/7"}],"replies":[{"embeddable":true,"href":"https:\/\/univet.hu\/hu\/wp-json\/wp\/v2\/comments?post=38247"}],"version-history":[{"count":0,"href":"https:\/\/univet.hu\/hu\/wp-json\/wp\/v2\/pages\/38247\/revisions"}],"up":[{"embeddable":true,"href":"https:\/\/univet.hu\/hu\/wp-json\/wp\/v2\/pages\/45620"}],"wp:attachment":[{"href":"https:\/\/univet.hu\/hu\/wp-json\/wp\/v2\/media?parent=38247"}],"wp:term":[{"taxonomy":"category","embeddable":true,"href":"https:\/\/univet.hu\/hu\/wp-json\/wp\/v2\/categories?post=38247"},{"taxonomy":"post_tag","embeddable":true,"href":"https:\/\/univet.hu\/hu\/wp-json\/wp\/v2\/tags?post=38247"}],"curies":[{"name":"wp","href":"https:\/\/api.w.org\/{rel}","templated":true}]}}