{"id":38249,"date":"2019-04-27T18:54:38","date_gmt":"2019-04-27T16:54:38","guid":{"rendered":"https:\/\/univet.hu\/?page_id=38249"},"modified":"2019-10-29T13:44:48","modified_gmt":"2019-10-29T12:44:48","slug":"buzas-anna","status":"publish","type":"page","link":"https:\/\/univet.hu\/hu\/egyetem\/palyazati-projektek\/prezentacios-nap-2019\/prezentacios-nap-2019\/buzas-anna\/","title":{"rendered":"Buz\u00e1s Anna"},"content":{"rendered":"<p><strong><img loading=\"lazy\" decoding=\"async\" class=\"alignnone size-medium wp-image-42288\" src=\"https:\/\/univet.hu\/wp-content\/uploads\/2019\/08\/Buz\u00e1s-Anna_Fot\u00f3-213x320.png\" alt=\"\" width=\"213\" height=\"320\" srcset=\"https:\/\/univet.hu\/wp-content\/uploads\/2019\/08\/Buz\u00e1s-Anna_Fot\u00f3-213x320.png 213w, https:\/\/univet.hu\/wp-content\/uploads\/2019\/08\/Buz\u00e1s-Anna_Fot\u00f3-768x1152.png 768w, https:\/\/univet.hu\/wp-content\/uploads\/2019\/08\/Buz\u00e1s-Anna_Fot\u00f3-640x960.png 640w\" sizes=\"auto, (max-width: 213px) 100vw, 213px\" \/><\/strong><\/p> <p><strong>Bio: <\/strong><\/p> <p>A XXI. sz\u00e1zad jelszava a bio, az eg\u00e9szs\u00e9ges \u00e9s mindenb\u0151l E-sz\u00e1m menteset keres\u00fcnk. Tudatosak \u00e9s j\u00f3l t\u00e1j\u00e9kozottak vagyunk. Vagy m\u00e9gsem? Ha meghalljuk a peszticid sz\u00f3t, megijed\u00fcnk? Vagy a j\u00f3l bev\u00e1lt h\u00e1zi praktik\u00e1kra, hagyom\u00e1nyokra esk\u00fcsz\u00fcnk? F\u00fcty\u00fcl\u00fcnk ezekre \u00e9s boldog tudatlans\u00e1gban nyomjuk le a sokadik szelet citromos s\u00fctit?\u00a0Ezekre a k\u00e9rd\u00e9sekre kerestem a v\u00e1laszt egy k\u00e9rd\u0151\u00edv form\u00e1j\u00e1ban. Ha k\u00edv\u00e1ncsi vagy, mit tudtam meg, v\u00e1rlak m\u00e1jus 7-\u00e9n!<\/p> <p><strong>El\u0151ad\u00e1s\u00e1nak a t\u00e9m\u00e1ja:\u00a0<\/strong><strong>A citrusf\u00e9l\u00e9k gomba elleni v\u00e9delm\u00e9nek \u00e9lelmiszer-eg\u00e9szs\u00e9g\u00fcgyi vonatkoz\u00e1sai a k\u00f6ztudatban.<\/strong><\/p>","protected":false},"excerpt":{"rendered":"<p>Bio: A XXI. sz\u00e1zad jelszava a bio, az eg\u00e9szs\u00e9ges \u00e9s mindenb\u0151l E-sz\u00e1m menteset keres\u00fcnk. Tudatosak \u00e9s j\u00f3l t\u00e1j\u00e9kozottak vagyunk. Vagy m\u00e9gsem? Ha meghalljuk a peszticid sz\u00f3t, megijed\u00fcnk? Vagy a j\u00f3l bev\u00e1lt h\u00e1zi praktik\u00e1kra, hagyom\u00e1nyokra esk\u00fcsz\u00fcnk? F\u00fcty\u00fcl\u00fcnk ezekre \u00e9s boldog tudatlans\u00e1gban nyomjuk le a sokadik szelet citromos s\u00fctit?\u00a0Ezekre a k\u00e9rd\u00e9sekre kerestem a v\u00e1laszt egy k\u00e9rd\u0151\u00edv form\u00e1j\u00e1ban.<\/p>\n","protected":false},"author":7,"featured_media":0,"parent":45620,"menu_order":0,"comment_status":"closed","ping_status":"closed","template":"","meta":{"_acf_changed":false,"footnotes":""},"categories":[],"tags":[],"class_list":["post-38249","page","type-page","status-publish","hentry"],"acf":[],"_links":{"self":[{"href":"https:\/\/univet.hu\/hu\/wp-json\/wp\/v2\/pages\/38249","targetHints":{"allow":["GET"]}}],"collection":[{"href":"https:\/\/univet.hu\/hu\/wp-json\/wp\/v2\/pages"}],"about":[{"href":"https:\/\/univet.hu\/hu\/wp-json\/wp\/v2\/types\/page"}],"author":[{"embeddable":true,"href":"https:\/\/univet.hu\/hu\/wp-json\/wp\/v2\/users\/7"}],"replies":[{"embeddable":true,"href":"https:\/\/univet.hu\/hu\/wp-json\/wp\/v2\/comments?post=38249"}],"version-history":[{"count":0,"href":"https:\/\/univet.hu\/hu\/wp-json\/wp\/v2\/pages\/38249\/revisions"}],"up":[{"embeddable":true,"href":"https:\/\/univet.hu\/hu\/wp-json\/wp\/v2\/pages\/45620"}],"wp:attachment":[{"href":"https:\/\/univet.hu\/hu\/wp-json\/wp\/v2\/media?parent=38249"}],"wp:term":[{"taxonomy":"category","embeddable":true,"href":"https:\/\/univet.hu\/hu\/wp-json\/wp\/v2\/categories?post=38249"},{"taxonomy":"post_tag","embeddable":true,"href":"https:\/\/univet.hu\/hu\/wp-json\/wp\/v2\/tags?post=38249"}],"curies":[{"name":"wp","href":"https:\/\/api.w.org\/{rel}","templated":true}]}}