{"id":3835,"date":"2016-08-01T14:44:00","date_gmt":"2016-08-01T12:44:00","guid":{"rendered":"http:\/\/univet.hu\/egyetem\/munkatarsak\/gaspardy-andras\/"},"modified":"2026-02-10T04:00:49","modified_gmt":"2026-02-10T03:00:49","slug":"gaspardy-andras","status":"publish","type":"page","link":"https:\/\/univet.hu\/hu\/egyetem\/munkatarsak\/gaspardy-andras\/","title":{"rendered":"G\u00e1sp\u00e1rdy Andr\u00e1s"},"content":{"rendered":"<p style=\"text-align: center;\"><strong><span style=\"font-size: 14pt;\">Bemutatkoz\u00e1s\u00a0<\/span> <\/strong><\/p> <p>1994-ben ker\u00fcltem a Bod\u00f3 Imre professzor \u00far vezet\u00e9se alatt m\u0171k\u00f6d\u0151 \u00c1llatteny\u00e9szt\u00e9stani Tansz\u00e9kre. Itt az oktat\u00e1sba fokr\u00f3l-fokra bekapcsol\u00f3dtam, ugyanakkor kutat\u00e1si feladataim v\u00e9gz\u00e9s\u00e9ben tov\u00e1bbra is egy\u00fcttm\u0171k\u00f6d\u00e9st tartottam fenn hazai \u00e9s k\u00fclf\u00f6ldi szakemberekkel.<\/p> <p>Jelenleg, egyetemi docensk\u00e9nt vezetem az \u00c1llatteny\u00e9szt\u00e9si \u00e9s Genetikai Tansz\u00e9ket \u00e9s veszek r\u00e9szt az ut\u00e1nunk k\u00f6vetkez\u0151 szakember-nemzed\u00e9k fels\u0151fok\u00fa k\u00e9pz\u00e9s\u00e9ben \u00e9s tov\u00e1bbk\u00e9pz\u00e9s\u00e9ben.<\/p> <p><strong>K\u00e9pzetts\u00e9g:<\/strong><\/p> <p>G\u00f6d\u00f6ll\u0151i Agr\u00e1rtudom\u00e1nyi Egyetem, egyetemi oklev\u00e9l 1988<\/p> <p>G\u00f6d\u00f6ll\u0151i Agr\u00e1rtudom\u00e1nyi Egyetem, egyetemi doktor\u00e1tus (Dr. agr. univ.) 1992 (1991)<\/p> <p>\u201eLinear models in animal breeding\u201d el\u0151ad\u00f3: L.R. Schaeffer, University of Guelph, Pr\u00e1ga, 1995 augusztus.<\/p> <p>\u201eThe design and economics of animal breeding strategies\u201d el\u0151ad\u00f3: J.P. Gibson, University of Guelph, Pr\u00e1ga, 1995 szeptember.<\/p> <p>Ausztria (1994): \u201ePr\u00fcfungen der Lebensleistung und Nutzungsdauer beim Rind\u201d, Universit\u00e4t f\u00fcr Bodenkultur, Wien, az \u00d6AD h\u00e1rom h\u00f3napos \u00f6szt\u00f6nd\u00edj\u00e1val. A tanulm\u00e1ny\u00fat legnagyobb haszna a doktori (Ph.D.) \u00e9rtekez\u00e9sem sz\u00ednvonalas elk\u00e9sz\u00edt\u00e9s\u00e9ben m\u00e9rhet\u0151 le. Az itt feldolgozott \u00e9letteljes\u00edtm\u00e9ny-k\u00e9rd\u00e9sk\u00f6r tov\u00e1bbra is k\u00f6z\u00f6s egy\u00fcttm\u0171k\u00f6d\u00e9st tart fenn, t\u00f6bb k\u00f6z\u00f6s nemzetk\u00f6zi szerepl\u00e9ssel.<\/p> <p>Izrael (1997): \u201eIntensive Dairy Cattle and Sheep Production\u201d, Shefayim, a CINADCO \u00f6thetes \u00f6szt\u00f6nd\u00edj\u00e1val. A tanulm\u00e1ny\u00fat betekint\u00e9st ny\u00fajtott a tejtermel\u00e9sben sok szempontb\u00f3l vil\u00e1gels\u0151 izraeli szarvasmarha teny\u00e9szt\u00e9sbe \u00e9s juhteny\u00e9szt\u00e9sbe. A meggy\u0151z\u0151 eredm\u00e9nyek sz\u00e1momra szakmai szempontb\u00f3l nagyon hasznosak voltak \u00e9s az itt nyert tapasztalatokat a mindennapi oktat\u00e1sban \u00e9s a kutat\u00e1saim megval\u00f3s\u00edt\u00e1s\u00e1ban is felhaszn\u00e1lom. Az\u00f3ta t\u00f6bb izraeli diplomadolgozatos hallgat\u00f3val m\u0171veltem ezt a ter\u00fcletet.<\/p> <p>FELS\u0150FOK\u00da TANULM\u00c1NYOK: okleveles agr\u00e1rm\u00e9rn\u00f6k, G\u00f6d\u00f6ll\u0151i Agr\u00e1rtudom\u00e1nyi Egyetem (1988; Az ivarar\u00e1ny-szab\u00e1lyoz\u00e1s \u00e9s v\u00e1rhat\u00f3 genetikai-nemes\u00edt\u00e9si hasznos\u00edt\u00e1sa a szarvasmarhateny\u00e9szt\u00e9sben)<\/p> <p>TUDOM\u00c1NYOS FOKOZAT: Doctor universitatis (dr. agr. univ.), G\u00f6d\u00f6ll\u0151i Agr\u00e1rtudom\u00e1nyi Egyetem (1991\/1992; Az SMR \u00e9rt\u00e9km\u00e9r\u0151inek vizsg\u00e1lata, k\u00fcl\u00f6n\u00f6s tekintettel a hungarofr\u00edz teny\u00e9szt\u00e9s\u00e9re?), Doctor of philosophy (Ph.D), G\u00f6d\u00f6ll\u0151i Agr\u00e1rtudom\u00e1nyi Egyetem (1995\/1997; N\u00e9h\u00e1ny t\u00e9nyez\u0151 hat\u00e1sa a tejhaszn\u00fa teh\u00e9n \u00e9letteljes\u00edtm\u00e9ny\u00e9re), Habilitatea doctoris (Dr. habil), SZIE \u00c1llatorvos-tudom\u00e1nyi Kar (2004)<\/p> <p>OKTATOTT TANT\u00c1RGYAK (el\u0151ad\u00e1sok \u00e9s gyakorlatok magyar, angol \u00e9s n\u00e9met nyelven): &#8211; \u00c1llatorvosi genetika (popul\u00e1ci\u00f3genetika) \u00c1llatteny\u00e9szt\u00e9stan (l\u00f3, szarvasmarha, sert\u00e9s, juh) Labor\u00e1llat-tudom\u00e1ny (genetikai szabv\u00e1nyos\u00edt\u00e1s) Szarvasmarha-teny\u00e9szt\u00e9s, fakultat\u00edv tant\u00e1rgy K\u00fcl\u00f6nleges \u00e1llatok teny\u00e9szt\u00e9se, fakultat\u00edv tant\u00e1rgy<\/p> <p>SZAKTER\u00dcLET: szarvasmarha \u00e9letteljes\u00edtm\u00e9ny-vizsg\u00e1lat, k\u00fcllemtan, szaporod\u00e1si mutat\u00f3k vizsg\u00e1lata, vesz\u00e9lyeztetett h\u00e1zi\u00e1llatfajok \u00e9rt\u00e9kel\u00e9se<\/p> <p><strong>F\u0151bb kutat\u00e1si ter\u00fcletek:<\/strong><\/p> <ul> <li>\u00c9letteljes\u00edtm\u00e9ny- \u00e9s k\u00fcllemtani vizsg\u00e1latok szarvasmarh\u00e1ban.<\/li> <li>A tejhaszn\u00fa keresztez\u00e9sek ut\u00f3dnemzed\u00e9keinek \u00e9rt\u00e9kel\u00e9se a heter\u00f3zis-hat\u00e1s kimutat\u00e1s\u00e1val.<\/li> <li>Szaporod\u00e1si tulajdons\u00e1gok \u00e9rt\u00e9kel\u00e9se l\u00f3, juh \u00e9s szavasmarha fajokban.<\/li> <li>Az \u00e1llatj\u00f3ll\u00e9t monitoroz\u00e1sa \u00e9rdek\u00e9ben a tej elektromos vezet\u0151k\u00e9pess\u00e9g\u00e9nek, a k\u00e9r\u0151dz\u00e9s aktivit\u00e1s\u00e1nak, a keltet\u0151toj\u00e1s h\u0151kondicion\u00e1l\u00e1s\u00e1nak elemz\u00e9se.<\/li> <li>Hazai \u0151shonos juhfajt\u00e1k, termel\u00e9si mutat\u00f3inak (tej-, h\u00fas-, gyapj\u00fatermel\u00e9s), t\u00f6rzsk\u00f6nyvi adatainak feldolgoz\u00e1sa \u00e9s anyai genetikai h\u00e1tter\u00fck meg\u00e1llap\u00edt\u00e1sa.<\/li> <\/ul> <p><strong>El\u0151rehalad\u00e1s:<\/strong><\/p> <div class=\"table-responsive\"><\/div> <table style=\"height: 352px;\" width=\"1062\"> <tbody> <tr style=\"height: 24px;\"> <td style=\"width: 138.083px; height: 24px; text-align: center;\">Munkahelyek<\/td> <td style=\"width: 618.35px; height: 24px; text-align: center;\">Int\u00e9zm\u00e9ny neve<\/td> <td style=\"width: 285.167px; height: 24px; text-align: center;\">beoszt\u00e1s<\/td> <\/tr> <tr style=\"height: 80px;\"> <td style=\"width: 138.083px; height: 80px; text-align: center;\">2015-2021<\/td> <td style=\"width: 618.35px; height: 80px; text-align: center;\">\u00c1llatorvostudom\u00e1nyi Egyetem, Budapest, \u00c1llatteny\u00e9szt\u00e9si, Takarm\u00e1nyoz\u00e1stani \u00e9s Labor\u00e1llat-tudom\u00e1nyi Int\u00e9zet\/Tansz\u00e9k<\/td> <td style=\"width: 285.167px; height: 80px; text-align: center;\">egyetemi docens, int\u00e9zetvezet\u0151\/tansz\u00e9kvezet\u0151<\/td> <\/tr> <tr style=\"height: 80px;\"> <td style=\"width: 138.083px; height: 80px; text-align: center;\">2013-2015<\/td> <td style=\"width: 618.35px; height: 80px; text-align: center;\">Szent Istv\u00e1n Egyetem \u00c1llatorvos-tudom\u00e1nyi Kar, Budapest, \u00c1llatteny\u00e9szt\u00e9si \u00e9s Genetikai Oszt\u00e1ly<\/td> <td style=\"width: 285.167px; height: 80px; text-align: center;\">egyetemi docens, oszt\u00e1lyvezet\u0151, int\u00e9zetvezet\u0151 helyettes<\/td> <\/tr> <tr style=\"height: 24px;\"> <td style=\"width: 138.083px; height: 24px; text-align: center;\">2005-2013<\/td> <td style=\"width: 618.35px; height: 24px; text-align: center;\">Szent Istv\u00e1n Egyetem \u00c1llatorvos-tudom\u00e1nyi kar, Budapest<\/td> <td style=\"width: 285.167px; height: 24px; text-align: center;\">egyetemi docens<\/td> <\/tr> <tr style=\"height: 24px;\"> <td style=\"width: 138.083px; height: 24px; text-align: center;\">1996-2004<\/td> <td style=\"width: 618.35px; height: 24px; text-align: center;\">\u00c1llatorvos-tudom\u00e1nyi Egyetem\/Szent Istv\u00e1n Egyetem \u00c1llatorvos-tudom\u00e1nyi Kar, Budapest<\/td> <td style=\"width: 285.167px; height: 24px; text-align: center;\">egyetemi adjunktus<\/td> <\/tr> <tr style=\"height: 24px;\"> <td style=\"width: 138.083px; height: 24px; text-align: center;\">1994-1996<\/td> <td style=\"width: 618.35px; height: 24px; text-align: center;\">\u00c1llatorvos-tudom\u00e1nyi Egyetem, Budapest<\/td> <td style=\"width: 285.167px; height: 24px; text-align: center;\">tudom\u00e1nyos m\u0171szaki \u00fcgyint\u00e9z\u0151<\/td> <\/tr> <tr style=\"height: 24px;\"> <td style=\"width: 138.083px; height: 24px; text-align: center;\">1990-1994<\/td> <td style=\"width: 618.35px; height: 24px; text-align: center;\">\u00c1llatteny\u00e9szt\u00e9si \u00e9s Takarm\u00e1nyoz\u00e1si Kutat\u00f3int\u00e9zet, G\u00f6d\u00f6ll\u0151\/Herceghalom<\/td> <td style=\"width: 285.167px; height: 24px; text-align: center;\">tudom\u00e1nyos munkat\u00e1rs<\/td> <\/tr> <tr style=\"height: 24px;\"> <td style=\"width: 138.083px; height: 24px; text-align: center;\">1989-1990<\/td> <td style=\"width: 618.35px; height: 24px; text-align: center;\">\u00c1llatteny\u00e9szt\u00e9si \u00e9s Takarm\u00e1nyoz\u00e1si Kutat\u00f3int\u00e9zet, G\u00f6d\u00f6ll\u0151<\/td> <td style=\"width: 285.167px; height: 24px; text-align: center;\">tudom\u00e1nyos seg\u00e9dmunkat\u00e1rs<\/td> <\/tr> <tr style=\"height: 24px;\"> <td style=\"width: 138.083px; height: 24px; text-align: center;\">1988-1989<\/td> <td style=\"width: 618.35px; height: 24px; text-align: center;\">\u00c1llatteny\u00e9szt\u00e9si \u00e9s Takarm\u00e1nyoz\u00e1si Kutat\u00f3int\u00e9zet, G\u00f6d\u00f6ll\u0151<\/td> <td style=\"width: 285.167px; height: 24px; text-align: center;\">gyakornok<\/td> <\/tr> <\/tbody> <\/table> <p>&nbsp;<\/p> <p>&#8211; egyetemi doktor\u00e1tus (Dr. agr. univ.) 1992 (1991) G\u00f6d\u00f6ll\u0151i Agr\u00e1rtudom\u00e1nyi Egyetem,<\/p> <p>&#8211; egyetemi doktor\u00e1tus (Ph.D.) 1997 (1995) G\u00f6d\u00f6ll\u0151i Agr\u00e1rtudom\u00e1nyi Egyetem<\/p> <p>&#8211; habilit\u00e1ci\u00f3 (Dr. habil.) 2004 Szent Istv\u00e1n Egyetem<\/p> <p>&nbsp;<\/p> <p><strong>Szakmai szervezeti tags\u00e1g<\/strong><\/p> <table style=\"height: 647px;\" width=\"990\"> <tbody> <tr style=\"height: 40px;\"> <td style=\"width: 472.483px; height: 40px;\"><strong>Bizotts\u00e1g neve<\/strong><\/td> <td style=\"width: 244.55px; height: 40px;\"><strong>Id\u0151<\/strong><\/td> <td style=\"width: 252.567px; height: 40px;\"><strong>Tiszts\u00e9g<\/strong><\/td> <\/tr> <tr style=\"height: 40px;\"> <td style=\"width: 472.483px; height: 40px; text-align: center;\">MTA \u00c1llattudom\u00e1nyi Bizotts\u00e1g<\/td> <td style=\"width: 244.55px; height: 40px; text-align: center;\">2020-<\/td> <td style=\"width: 252.567px; height: 40px; text-align: center;\">tag<\/td> <\/tr> <tr style=\"height: 70px;\"> <td style=\"width: 472.483px; height: 70px; text-align: center;\">MTA \u00c1llatnemes\u00edt\u00e9si, -teny\u00e9szt\u00e9si, Takarm\u00e1nyoz\u00e1si \u00e9s Gyepgazd\u00e1lkod\u00e1si Tudom\u00e1nyos Bizotts\u00e1g<\/td> <td style=\"width: 244.55px; height: 70px; text-align: center;\">2014-2017<\/td> <td style=\"width: 252.567px; height: 70px; text-align: center;\">tag<\/td> <\/tr> <tr style=\"height: 84px;\"> <td style=\"width: 472.483px; height: 84px; text-align: center;\">Magyar Juhteny\u00e9szt\u0151k \u00e9s Juhteny\u00e9szt\u0151 Szervezetek Sz\u00f6vets\u00e9ge (MJKSZ)<\/td> <td style=\"width: 244.55px; height: 84px; text-align: center;\">1995-<\/td> <td style=\"width: 252.567px; height: 84px; text-align: center;\">t\u00f6rzsteny\u00e9szt\u0151<\/td> <\/tr> <tr style=\"height: 34px;\"> <td style=\"width: 472.483px; height: 34px; text-align: center;\">MJKSZ Cig\u00e1ja fajtabizotts\u00e1g<\/td> <td style=\"width: 244.55px; height: 34px; text-align: center;\">2013<\/td> <td style=\"width: 252.567px; height: 34px; text-align: center;\">vezet\u0151<\/td> <\/tr> <tr style=\"height: 78px;\"> <td style=\"width: 472.483px; height: 78px; text-align: center;\">Magyar Labor\u00e1llat-tudom\u00e1nyi Egyes\u00fclet\/T\u00e1rsas\u00e1g<\/td> <td style=\"width: 244.55px; height: 78px; text-align: center;\">2003<\/td> <td style=\"width: 252.567px; height: 78px; text-align: center;\">tag<\/td> <\/tr> <tr style=\"height: 78px;\"> <td style=\"width: 472.483px; height: 78px; text-align: center;\">M\u00c1SZ \u00c1llatteny\u00e9szt\u00e9s-t\u00f6rt\u00e9neti Szakbizotts\u00e1g<\/td> <td style=\"width: 244.55px; height: 78px; text-align: center;\">2004-\/2017-<\/td> <td style=\"width: 252.567px; height: 78px; text-align: center;\">tag\/eln\u00f6k<\/td> <\/tr> <tr style=\"height: 33px;\"> <td style=\"width: 472.483px; height: 33px; text-align: center;\">Veszpr\u00e9mi Egyetem Multidiszciplin\u00e1ris Agr\u00e1rtudom\u00e1ny\u00e1gban l\u00e9tes\u00edtett Doktori Iskola<\/td> <td style=\"width: 244.55px; height: 33px; text-align: center;\">2002<\/td> <td style=\"width: 252.567px; height: 33px; text-align: center;\">k\u00fcls\u0151 tag<\/td> <\/tr> <tr style=\"height: 10px;\"> <td style=\"width: 472.483px; height: 10px; text-align: center;\">Szent Istv\u00e1n Egyetem\/\u00c1llatorvostudom\u00e1nyi Egyetem \u00c1llatorvos-tudom\u00e1nyi Doktori Iskola<\/td> <td style=\"width: 244.55px; height: 10px; text-align: center;\">2006<\/td> <td style=\"width: 252.567px; height: 10px; text-align: center;\">bels\u0151 tag<\/td> <\/tr> <tr style=\"height: 10px;\"> <td style=\"width: 472.483px; height: 10px; text-align: center;\">Sz\u00e9chenyi Egyetem Wittmann Antal N\u00f6v\u00e9ny-, \u00c1llat- \u00e9s \u00c9lelmiszer-tudom\u00e1nyi Multidiszciplin\u00e1ris Doktori Iskola<\/td> <td style=\"width: 244.55px; height: 10px; text-align: center;\">2012<\/td> <td style=\"width: 252.567px; height: 10px; text-align: center;\">oktat\u00f3<\/td> <\/tr> <tr style=\"height: 55px;\"> <td style=\"width: 472.483px; height: 55px; text-align: center;\">Az \u0150shonos haszon\u00e1llatok G\u00e9ner\u0151forr\u00e1s Bizotts\u00e1ga\/Tan\u00e1csa<\/td> <td style=\"width: 244.55px; height: 55px; text-align: center;\">2016-<\/td> <td style=\"width: 252.567px; height: 55px; text-align: center;\">tag<\/td> <\/tr> <tr style=\"height: 13px;\"> <td style=\"width: 472.483px; height: 13px; text-align: center;\">DAGENE &#8211; International Association for the Conservation of Animal Breeds in the Danube Region<\/td> <td style=\"width: 244.55px; height: 13px; text-align: center;\">1998-\/2010-\/2018-<\/td> <td style=\"width: 252.567px; height: 13px; text-align: center;\">tag\/titk\u00e1r\/eln\u00f6k<\/td> <\/tr> <tr style=\"height: 10px;\"> <td style=\"width: 472.483px; height: 10px; text-align: center;\">SAVE &#8211; Safeguard for Agricultural Varieties in Europe<\/td> <td style=\"width: 244.55px; height: 10px; text-align: center;\">2009-<\/td> <td style=\"width: 252.567px; height: 10px; text-align: center;\">vezet\u0151s\u00e9gi tag<\/td> <\/tr> <tr style=\"height: 35px;\"> <td style=\"width: 472.483px; height: 35px; text-align: center;\">Journal of Veterinarski Glasnik<\/td> <td style=\"width: 244.55px; height: 35px; text-align: center;\">2016-<\/td> <td style=\"width: 252.567px; height: 35px; text-align: center;\">szerkeszt\u0151bizotts\u00e1gi tag<\/td> <\/tr> <tr style=\"height: 47px;\"> <td style=\"width: 472.483px; height: 47px; text-align: center;\">Slovak Journal of Animal Science<\/td> <td style=\"width: 244.55px; height: 47px; text-align: center;\">2021-<\/td> <td style=\"width: 252.567px; height: 47px; text-align: center;\">szerkeszt\u0151bizotts\u00e1gi tag<\/td> <\/tr> <tr style=\"height: 10px;\"> <td style=\"width: 472.483px; height: 10px; text-align: center;\">Danubian Animal Genetic Resources<\/td> <td style=\"width: 244.55px; height: 10px; text-align: center;\">2016-<\/td> <td style=\"width: 252.567px; height: 10px; text-align: center;\">f\u0151szerkeszt\u0151<\/td> <\/tr> <\/tbody> <\/table> <p>&nbsp;<\/p> <p><strong>Eddigi szakdolgozat\/TDK hallgat\u00f3k sz\u00e1ma<\/strong><\/p> <p>115 szakdolgatos hallgat\u00f3 (ebb\u0151l 84 angol\/n\u00e9met \u00e9s 31 magyar), ebb\u0151l 19 TDK-dolgozatos (ebb\u0151l 9 angol \u00e9s 10 magyar)<\/p> <table> <tbody> <tr> <td colspan=\"2\" width=\"604\"><strong>PhD hallgat\u00f3k<\/strong><\/td> <\/tr> <tr> <td width=\"302\">\u017dolt J. Neme\u0161, 2016<\/td> <td width=\"302\">Universitet u Beogradu, t\u00e1rst\u00e9mavezet\u0151 Goran Grubi\u0107<\/td> <\/tr> <tr> <td width=\"302\">Ari Melinda, 2017<\/td> <td width=\"302\">Sz\u00e9chenyi Istv\u00e1n Egyetem, t\u00e1rst\u00e9mavezet\u0151 Guly\u00e1s L\u00e1szl\u00f3<\/td> <\/tr> <tr> <td width=\"302\">Kov\u00e1cs Endre, 2019<\/td> <td width=\"302\">Sz\u00e9chenyi Istv\u00e1n Egyetem, t\u00e1rst\u00e9mavezet\u0151 Bali Papp \u00c1gnes<\/td> <\/tr> <tr> <td width=\"302\">Kors\u00f3s Gabriella, 2022<\/td> <td width=\"302\"> <p>\u00c1llatorvostudom\u00e1nyi Egyetem, t\u00e1rst\u00e9mavezet\u0151 Fekete S\u00e1ndor<\/p> <p><strong>\u00a0<\/strong><\/td> <\/tr> <tr> <td width=\"302\">B\u00e9kefi Janka<\/td> <td width=\"302\"><strong>\u00a0<\/strong><\/td> <\/tr> <tr> <td width=\"302\">K\u00e1rp\u00e1ti Edina<\/td> <td width=\"302\">Sz\u00e9chenyi Istv\u00e1n Egyetem, t\u00e1rst\u00e9mavezet\u0151 Guly\u00e1s L\u00e1szl\u00f3<\/td> <\/tr> <tr> <td width=\"302\">Harmat Levente<\/td> <td width=\"302\">\u00c1llatorvostudom\u00e1nyi Egyetem<\/td> <\/tr> <\/tbody> <\/table> <p>&nbsp;<\/p> <p><strong>Publik\u00e1ci\u00f3s lista (Top10) \u00e9s\u00a0<a href=\"https:\/\/m2.mtmt.hu\/gui2\/?type=authors&amp;mode=browse&amp;sel=authors10000613\">MTMT<\/a><\/strong><\/p> <table style=\"width: 931px; height: 442px;\"> <tbody> <tr style=\"height: 104px;\"> <td style=\"width: 37.0625px; height: 104px;\">1.<\/td> <td style=\"width: 880.338px; height: 104px;\">Harmat L, Nagy J, Alp\u00e1r A, Somosk\u0151i B, Fekete S Gy, G\u00e1sp\u00e1rdy A (2024): Determination of Rhythmicity and Gestational Stage-Related Distribution of Blood Plasma Melatonin Concentrations in Donkey Mares. Veterinary Sciences. 11 (7):310. https:\/\/doi.org\/10.3390\/vetsci11070310\u00a0 IF=2,4\u00a0\u00a0 [Q1]<\/td> <\/tr> <tr style=\"height: 144px;\"> <td style=\"width: 37.0625px; height: 76px;\">2.<\/td> <td style=\"width: 880.338px; height: 76px;\">G\u00e1sp\u00e1rdy A, Gallagher G, Bartha B, Haaland H, Fekete SGy (2024): The effect of supplemental lighting during the late gestation period on post-partum mechanical properties of mare and foal guard hair. Veterinary Sciences. 11(1), 49; https:\/\/doi.org\/10.3390\/vetsci11010049 IF=2,4 [Q1]<\/td> <\/tr> <tr style=\"height: 104px;\"> <td style=\"width: 37.0625px; height: 104px;\">3.<\/td> <td style=\"width: 880.338px; height: 104px;\">G\u00e1sp\u00e1rdy A, Wagenhoffer Zs, F\u00fcrlinger D, Halm\u00e1gyi M, Bod\u00f3 I, Mar\u00f3ti-Ag\u00f3ts \u00c1 (2023): Matrilineal Composition of the Reconstructed Stock of the Szekler Horse Breed. Agriculture 13(2), 456 https:\/\/doi.org\/10.3390\/agriculture13020456 IF=3,408 [Q2]<\/td> <\/tr> <tr style=\"height: 24px;\"> <td style=\"width: 37.0625px; height: 24px;\">4.<\/td> <td style=\"width: 880.338px; height: 24px;\">G\u00e1sp\u00e1rdy A, Zenke P, Kov\u00e1cs E, Annus K, Posta J, S\u00e1f\u00e1r L, Mar\u00f3ti-Ag\u00f3ts \u00c1 (2022): Evaluation of maternal genetic background of two Hungarian autochthonous sheep breeds came from different geographical directions. Animals, 12(3), 218; DOI: 10.3390\/ani12030218 IF=2,752 [Q1]<\/td> <\/tr> <tr style=\"height: 24px;\"> <td style=\"width: 37.0625px; height: 14px;\">5.<\/td> <td style=\"width: 880.338px; height: 14px;\">G\u00e1sp\u00e1rdy A, Berger B, Zabavnik-Piano Jelka, Kov\u00e1cs E, Annus K, Zenke P, S\u00e1f\u00e1r L, Mar\u00f3ti-Ag\u00f3ts \u00c1kos (2021): Comparison of mtDNA control region among descendant breeds of the extinct Zaupel sheep revealed haplogroup C and D in Central Europe. Veterinary Medicine and Science, 7, 2330-2338. DOI: 10.1002\/vms3.585 IF=1,95 [Q2]<\/td> <\/tr> <tr style=\"height: 24px;\"> <td style=\"width: 37.0625px; height: 24px;\">6.<\/td> <td style=\"width: 880.338px; height: 24px;\">G\u00e1sp\u00e1rdy A, Renk\u00f3 E, Somosk\u0151i B, B\u00e1ba A, Cseh S (2020): Practical experience with artificial insemination (AI) using fresh chilled and frozen semen in mares. Acta Veterinaria Hungarica, 68:1, 85-90 IF=0.991[Q2]<\/td> <\/tr> <tr style=\"height: 24px;\"> <td style=\"width: 37.0625px; height: 24px;\">7.<\/td> <td style=\"width: 880.338px; height: 24px;\">G\u00e1sp\u00e1rdy A, Holly V, Zenke P, Mar\u00f3ti-Ag\u00f3ts \u00c1, S\u00e1f\u00e1r L, Bali Papp \u00c1, Kov\u00e1cs E (2018): The response of prion genic variation to selection for scrapie resistance in Hungarian indigenous sheep breeds. Acta Veterinaria Hungarica, 66:4, 562-572. IF=0,814 [Q2]<\/td> <\/tr> <tr style=\"height: 24px;\"> <td style=\"width: 37.0625px; height: 24px;\">8.<\/td> <td style=\"width: 880.338px; height: 24px;\">G\u00e1sp\u00e1rdy A, Efrat G, Bajcsy \u00c1 Cs, Fekete S Gy (2014): Electronic monitoring of rumination activity as an indicator of health status and production traits in high-yielding dairy cows. Acta Veterinaria Hungarica, 62:4, 452-462. IF=0,814 [Q2]<\/td> <\/tr> <tr style=\"height: 24px;\"> <td style=\"width: 37.0625px; height: 24px;\">9.<\/td> <td style=\"width: 880.338px; height: 24px;\">G\u00e1sp\u00e1rdy A, Ismach G, Bajcsy \u00c1Cs, Veress Gy, M\u00e1rkus Sz, Koml\u00f3si I (2012): Evaluation of the on-line electrical conductivity of milk in mastitic dairy cows. Acta Veterinaria Hungarica, 60:1, 145-155. IF=0,814 [Q2]<\/td> <\/tr> <tr style=\"height: 24px;\"> <td style=\"width: 37.0625px; height: 24px;\">10.<\/td> <td style=\"width: 880.338px; height: 24px;\">G\u00e1sp\u00e1rdy A, Schwartz Z, Z\u00f6ld\u00e1g L, Veresegyh\u00e1zy T, Fekete S (2004):Changes in daily energy amounts of main milk components (lactose, protein and fat) during the lactation of high yielding dairy cows. Acta Veterinaria Hungarica, 52:4, 457-467. IF=0.152 [Q3]<\/td> <\/tr> <\/tbody> <\/table> <p>&nbsp;<\/p> <div> <p>K\u00dcLF\u00d6LDI SZAKMAI UTAK:Ausztria (1993, 1994, 1995, 1997, 2002, 2007); Bulg\u00e1ria (1988); Csehorsz\u00e1g (1995, 2009); D\u00e1nia (1993); Finnorsz\u00e1g (2004); Horv\u00e1torsz\u00e1g (1994, 2009); Izrael (1997); N\u00e9metorsz\u00e1g (1989, 1991, 1995, 1996, 1999, 2010); Norv\u00e9gia (1996); Rom\u00e1nia (1997-ben 2 alkalommal, 2005, 2008, 2010); Sk\u00f3cia (1994); Sv\u00e1jc (1999); Szlov\u00e1kia (1998); Szlov\u00e9nia (1995, 1997, 2000, 2004), Szerbia (2011)<\/p> <\/div>","protected":false},"excerpt":{"rendered":"<p>Bemutatkoz\u00e1s\u00a0 1994-ben ker\u00fcltem a Bod\u00f3 Imre professzor \u00far vezet\u00e9se alatt m\u0171k\u00f6d\u0151 \u00c1llatteny\u00e9szt\u00e9stani Tansz\u00e9kre. Itt az oktat\u00e1sba fokr\u00f3l-fokra bekapcsol\u00f3dtam, ugyanakkor kutat\u00e1si feladataim v\u00e9gz\u00e9s\u00e9ben tov\u00e1bbra is egy\u00fcttm\u0171k\u00f6d\u00e9st tartottam fenn hazai \u00e9s k\u00fclf\u00f6ldi szakemberekkel. Jelenleg, egyetemi docensk\u00e9nt vezetem az \u00c1llatteny\u00e9szt\u00e9si \u00e9s Genetikai Tansz\u00e9ket \u00e9s veszek r\u00e9szt az ut\u00e1nunk k\u00f6vetkez\u0151 szakember-nemzed\u00e9k fels\u0151fok\u00fa k\u00e9pz\u00e9s\u00e9ben \u00e9s tov\u00e1bbk\u00e9pz\u00e9s\u00e9ben. K\u00e9pzetts\u00e9g: G\u00f6d\u00f6ll\u0151i Agr\u00e1rtudom\u00e1nyi Egyetem,<\/p>\n","protected":false},"author":5824,"featured_media":0,"parent":858,"menu_order":211,"comment_status":"closed","ping_status":"closed","template":"","meta":{"_acf_changed":false,"footnotes":""},"categories":[56],"tags":[],"class_list":["post-3835","page","type-page","status-publish","hentry","category-munkatarsak"],"acf":[],"_links":{"self":[{"href":"https:\/\/univet.hu\/hu\/wp-json\/wp\/v2\/pages\/3835","targetHints":{"allow":["GET"]}}],"collection":[{"href":"https:\/\/univet.hu\/hu\/wp-json\/wp\/v2\/pages"}],"about":[{"href":"https:\/\/univet.hu\/hu\/wp-json\/wp\/v2\/types\/page"}],"author":[{"embeddable":true,"href":"https:\/\/univet.hu\/hu\/wp-json\/wp\/v2\/users\/5824"}],"replies":[{"embeddable":true,"href":"https:\/\/univet.hu\/hu\/wp-json\/wp\/v2\/comments?post=3835"}],"version-history":[{"count":1,"href":"https:\/\/univet.hu\/hu\/wp-json\/wp\/v2\/pages\/3835\/revisions"}],"predecessor-version":[{"id":199598,"href":"https:\/\/univet.hu\/hu\/wp-json\/wp\/v2\/pages\/3835\/revisions\/199598"}],"up":[{"embeddable":true,"href":"https:\/\/univet.hu\/hu\/wp-json\/wp\/v2\/pages\/858"}],"wp:attachment":[{"href":"https:\/\/univet.hu\/hu\/wp-json\/wp\/v2\/media?parent=3835"}],"wp:term":[{"taxonomy":"category","embeddable":true,"href":"https:\/\/univet.hu\/hu\/wp-json\/wp\/v2\/categories?post=3835"},{"taxonomy":"post_tag","embeddable":true,"href":"https:\/\/univet.hu\/hu\/wp-json\/wp\/v2\/tags?post=3835"}],"curies":[{"name":"wp","href":"https:\/\/api.w.org\/{rel}","templated":true}]}}