{"id":3880,"date":"2016-08-01T15:28:00","date_gmt":"2016-08-01T13:28:00","guid":{"rendered":"http:\/\/univet.hu\/egyetem\/munkatarsak\/halasy-katalin\/"},"modified":"2026-02-10T03:59:56","modified_gmt":"2026-02-10T02:59:56","slug":"halasy-katalin","status":"publish","type":"page","link":"https:\/\/univet.hu\/hu\/egyetem\/munkatarsak\/halasy-katalin\/","title":{"rendered":"Halasy Katalin"},"content":{"rendered":"<p style=\"text-align: center;\"><strong><span style=\"font-size: 14pt;\">Bemutatkoz\u00e1s\u00a0<\/span><br \/> <\/strong><\/p> <p>Dr. Halasy Katalin Gemzs\u00e9n sz\u00fcletett, gimn\u00e1ziumi tanulm\u00e1nyait k\u00f6vet\u0151en 1970-ben felv\u00e9telt nyert a szegedi J\u00f3zsef Attila Tudom\u00e1nyegyetem kutat\u00f3 biol\u00f3gus szak\u00e1ra. 1975-ben, j\u00f3 min\u0151s\u00edt\u00e9ssel v\u00e9gzett, \u00e9s diplom\u00e1j\u00e1nak k\u00e9zhezv\u00e9tel\u00e9t k\u00f6vet\u0151en 1975 augusztus 1-t\u0151l a JATE \u00c1llattani \u00e9s Sejtbiol\u00f3giai Tansz\u00e9k\u00e9nek tan\u00e1rseg\u00e9dje lett. 1979-ben m\u00e1soddiplom\u00e1t szerzett biol\u00f3gia tan\u00e1rszakon \u00e9s ebben az \u00e9vben v\u00e9dte meg egyetemi doktori disszert\u00e1ci\u00f3j\u00e1t. 1981\/82-ben r\u00e9szt vett az MTA Szegedi Biol\u00f3giai K\u00f6zpont \u00e1ltal szervezett International Training Course posztgradu\u00e1lis tov\u00e1bbk\u00e9pz\u0151 programon, az MTA SzBK Biofizikai Int\u00e9zet\u00e9nek Molekul\u00e1ris Neurobiol\u00f3giai Csoportj\u00e1ban. 1989-ben az MTA\u00a0 \u201eBiol\u00f3giai Tudom\u00e1nyok kandid\u00e1tusa\u201d fokozat\u00e1t szerezte, 1996-ban habilit\u00e1lt, 2001-ben \u201eaz MTA Doktora\u201d fokozatot nyerte el. 1996 szeptember 1-t\u0151l az \u00c1llatorvostudom\u00e1nyi Egyetem Anat\u00f3miai \u00e9s Sz\u00f6vettani Tansz\u00e9k\u00e9nek oktat\u00f3ja. 1990-ben \u201eKiv\u00e1l\u00f3 munk\u00e1\u00e9rt\u201d m\u0171vel\u0151d\u00e9si miniszteri kit\u00fcntet\u00e9sben r\u00e9szes\u00fclt, 1998-2001-ben Sz\u00e9chenyi Professzori \u00d6szt\u00f6nd\u00edjas, 2002-2003 k\u00f6z\u00f6tt Sz\u00e9chenyi Istv\u00e1n \u00d6szt\u00f6nd\u00edjas, 2009-ben Szent-Gy\u00f6rgyi Albert d\u00edjat, 2015-ben a Szent Istv\u00e1n Egyetem arany\u00e9rm\u00e9t kapta. Az \u00c1TE TDK Bizotts\u00e1g munk\u00e1j\u00e1ban r\u00e9szt vesz, mint b\u00edr\u00e1l\u00f3 \u00e9s bizotts\u00e1gi tag.<\/p> <p><strong>F\u0151bb kutat\u00e1si ter\u00fcletek:<\/strong><\/p> <ul> <li>\u00a0A g\u00e1tl\u00e1s strukt\u00far\u00e1lis \u00e9s molekul\u00e1ris alapjai a k\u00f6zponti idegrendszerben<\/li> <li>Az opioid-GABA k\u00f6lcs\u00f6nhat\u00e1s molekul\u00e1ris \u00e9s strukt\u00far\u00e1lis szervez\u0151d\u00e9se patk\u00e1ny \u00e9s eg\u00e9r hippocampusban<\/li> <li>Szexu\u00e1lis dimorphizmus GFAP- \u00e9s neuropeptid immunreaktivit\u00e1s hormonf\u00fcgg\u00e9se patk\u00e1ny nucleus interpeduncularisban<\/li> <li>A septalis komplex k\u00e9miai neuroanat\u00f3mi\u00e1ja, bels\u0151 kapcsolatai, k\u00fcl\u00f6n\u00f6s tekintettel a g\u00e1tl\u00f3 interneuronokra \u00e9s a t\u00e1pl\u00e1l\u00e9kfelv\u00e9tel szab\u00e1lyoz\u00e1s\u00e1ra<\/li> <li>\u00d6komorfol\u00f3giai vizsg\u00e1latok \u00e1szkar\u00e1kokon.<\/li> <\/ul> <p><strong>El\u0151rehalad\u00e1s<\/strong><\/p> <table style=\"height: 168px;\" width=\"976\"> <tbody> <tr style=\"height: 24px;\"> <td style=\"width: 139.383px; height: 24px; text-align: center;\"><strong>Munkahelyek\u00a0\u00a0<\/strong><\/td> <td style=\"width: 572.55px; height: 24px; text-align: center;\"><strong>Int\u00e9zm\u00e9ny neve\u00a0\u00a0\u00a0\u00a0<\/strong><\/td> <td style=\"width: 243.667px; height: 24px; text-align: center;\"><strong>beoszt\u00e1s<\/strong><\/td> <\/tr> <tr style=\"height: 24px;\"> <td style=\"width: 139.383px; height: 24px; text-align: center;\">2020-<\/td> <td style=\"width: 572.55px; height: 24px; text-align: center;\">\u00c1llatorvostudom\u00e1nyi Egyetem Anat\u00f3miai \u00e9s Sz\u00f6vettani Tansz\u00e9k<\/td> <td style=\"width: 243.667px; height: 24px; text-align: center;\">professor emerita<\/td> <\/tr> <tr style=\"height: 24px;\"> <td style=\"width: 139.383px; height: 24px; text-align: center;\">2003-2020<\/td> <td style=\"width: 572.55px; height: 24px; text-align: center;\">\u00c1llatorvostudom\u00e1nyi Egyetem Anat\u00f3miai \u00e9s Sz\u00f6vettani Tansz\u00e9k<\/td> <td style=\"width: 243.667px; height: 24px; text-align: center;\">egyetemi tan\u00e1r<\/td> <\/tr> <tr style=\"height: 24px;\"> <td style=\"width: 139.383px; height: 24px; text-align: center;\">1996-2003<\/td> <td style=\"width: 572.55px; height: 24px; text-align: center;\">\u00c1llatorvostudom\u00e1nyi Egyetem Anat\u00f3miai \u00e9s Sz\u00f6vettani Tansz\u00e9k<\/td> <td style=\"width: 243.667px; height: 24px; text-align: center;\">habilit\u00e1lt egy. docens<\/td> <\/tr> <tr style=\"height: 24px;\"> <td style=\"width: 139.383px; height: 24px; text-align: center;\">1991-1996<\/td> <td style=\"width: 572.55px; height: 24px; text-align: center;\">\u00a0JATE \u00c1llattani \u00e9s Sejtbiol\u00f3giai\u00a0Tansz\u00e9k, Szeged<\/td> <td style=\"width: 243.667px; height: 24px; text-align: center;\">egyetemi docens<\/td> <\/tr> <tr style=\"height: 24px;\"> <td style=\"width: 139.383px; height: 24px; text-align: center;\">1984-1996<\/td> <td style=\"width: 572.55px; height: 24px; text-align: center;\">JATE \u00c1llattani \u00e9s Sejtbiol\u00f3giai\u00a0Tansz\u00e9k, Szeged<\/td> <td style=\"width: 243.667px; height: 24px; text-align: center;\">egyetemi adjunktus<\/td> <\/tr> <tr style=\"height: 24px;\"> <td style=\"width: 139.383px; height: 24px; text-align: center;\">1975-1984<\/td> <td style=\"width: 572.55px; height: 24px; text-align: center;\">JATE \u00c1llattani \u00e9s Sejtbiol\u00f3giai\u00a0Tansz\u00e9k, Szeged<\/td> <td style=\"width: 243.667px; height: 24px; text-align: center;\">egyetemi tan\u00e1rseg\u00e9d<\/td> <\/tr> <\/tbody> <\/table> <p><strong>Szakmai szervezeti tags\u00e1g<\/strong><\/p> <table style=\"height: 240px;\" width=\"989\"> <tbody> <tr> <td style=\"width: 516.883px; text-align: center;\"><strong>Bizotts\u00e1g neve<\/strong><\/td> <td style=\"width: 103.2px; text-align: center;\"><strong>Id\u0151<\/strong><\/td> <td style=\"width: 348.517px; text-align: center;\"><strong>Tiszts\u00e9g<\/strong><\/td> <\/tr> <tr> <td style=\"width: 516.883px; text-align: center;\">\u00a0MTA Biol\u00f3giai Oszt\u00e1ly Neurobiol\u00f3giai Bizotts\u00e1g<\/td> <td style=\"width: 103.2px; text-align: center;\">\u00a02000-<\/td> <td style=\"width: 348.517px; text-align: center;\">\u00a0Tag<\/td> <\/tr> <tr> <td style=\"width: 516.883px; text-align: center;\">\u00a0MTA Biol\u00f3giai Oszt\u00e1ly<\/td> <td style=\"width: 103.2px; text-align: center;\">\u00a02002-2010<\/td> <td style=\"width: 348.517px; text-align: center;\">\u00a0Doktor k\u00e9pvisel\u0151<\/td> <\/tr> <tr> <td style=\"width: 516.883px; text-align: center;\">\u00a0Magyar Idegtudom\u00e1nyi T\u00e1rsas\u00e1g<\/td> <td style=\"width: 103.2px; text-align: center;\">\u00a02001-2005<\/td> <td style=\"width: 348.517px; text-align: center;\">\u00a0Vezet\u0151s\u00e9gi tag<\/td> <\/tr> <tr> <td style=\"width: 516.883px; text-align: center;\">\u00a0Magyar Idegtudom\u00e1nyi T\u00e1rsas\u00e1g<\/td> <td style=\"width: 103.2px; text-align: center;\">\u00a01986-<\/td> <td style=\"width: 348.517px; text-align: center;\">\u00a0Tag<\/td> <\/tr> <tr> <td style=\"width: 516.883px; text-align: center;\">\u00a0Magyar Anat\u00f3musok T\u00e1rsas\u00e1ga<\/td> <td style=\"width: 103.2px; text-align: center;\">\u00a02001-2009<\/td> <td style=\"width: 348.517px; text-align: center;\">\u00a0F\u0151titk\u00e1r<\/td> <\/tr> <tr> <td style=\"width: 516.883px; text-align: center;\">Magyar Anat\u00f3musok T\u00e1rsas\u00e1ga<\/td> <td style=\"width: 103.2px; text-align: center;\">1990-<\/td> <td style=\"width: 348.517px; text-align: center;\">Tag<\/td> <\/tr> <tr> <td style=\"width: 516.883px; text-align: center;\">Magyar Mikroszk\u00f3pos T\u00e1rsas\u00e1g<\/td> <td style=\"width: 103.2px; text-align: center;\">1995-<\/td> <td style=\"width: 348.517px; text-align: center;\">Tag<\/td> <\/tr> <tr> <td style=\"width: 516.883px; text-align: center;\">Federation of European Neuroscience Societies (FENS)<\/td> <td style=\"width: 103.2px; text-align: center;\">1993-<\/td> <td style=\"width: 348.517px; text-align: center;\">Tag<\/td> <\/tr> <tr> <td style=\"width: 516.883px; text-align: center;\">International Brain Research Organization (IBRO)<\/td> <td style=\"width: 103.2px; text-align: center;\">1993-<\/td> <td style=\"width: 348.517px; text-align: center;\">Tag<\/td> <\/tr> <tr> <td style=\"width: 516.883px; text-align: center;\">Cajal Club (USA)<\/td> <td style=\"width: 103.2px; text-align: center;\"><\/td> <td style=\"width: 348.517px; text-align: center;\">Tag<\/td> <\/tr> <\/tbody> <\/table> <p>&nbsp;<\/p> <p><strong>Eddigi szakdolgozat\/TDK hallgat\u00f3k sz\u00e1ma: 34<\/strong><\/p> <p><strong>PhD-hallgat\u00f3k<\/strong><\/p> <p>Tam\u00e1s G\u00e1bor<\/p> <p>R\u00e1cz Bence<\/p> <p>Kov\u00e1cs (F\u00f6ldv\u00e1ri) \u00c9va Gabriella<\/p> <p>Janzs\u00f3 Gergely<\/p> <p>P\u00e1kozdy \u00c1kos<\/p> <p>Sz\u0151ke Bal\u00e1zs<\/p> <p>Csonka Di\u00e1na<\/p> <p><strong>Publik\u00e1ci\u00f3s lista (Top10)<\/strong><\/p> <p>MTMT:<\/p> <table style=\"height: 308px;\" width=\"962\"> <tbody> <tr> <td style=\"width: 60.0167px; text-align: center;\">1.<\/td> <td style=\"width: 887.183px; text-align: center;\"><strong>Halasy K<\/strong>., Miettinen R., Szabat E., and Freund T. F. (1992) GABAergic interneurons are the major postsynaptic targets of median raphe afferents in the rat dentate gyrus. Eur. J. Neurosci. 4, 144-153.<\/td> <\/tr> <tr> <td style=\"width: 60.0167px; text-align: center;\">2.<\/td> <td style=\"width: 887.183px; text-align: center;\"><strong>Halasy K<\/strong>., Somogyi P. (1993) Subdivisions in the multiple GABAergic innervation of granule cells in the dentate gyrus of the rat hippocampus. Eur. J. Neurosci. 5, 411-429.<\/td> <\/tr> <tr> <td style=\"width: 60.0167px; text-align: center;\">3.<\/td> <td style=\"width: 887.183px; text-align: center;\">Acs\u00e1dy L., <strong>Halasy K<\/strong>., Freund T. F. (1993) Calretinin is present in non-pyramidal cells of the rat hippocampus: III. Their inputs from the median raphe and medial septal nuclei. Neuroscience 52, 829-841.<\/td> <\/tr> <tr> <td style=\"width: 60.0167px; text-align: center;\">4.<\/td> <td style=\"width: 887.183px; text-align: center;\"><strong>Halasy K<\/strong>., Somogyi P. (1993) Distribution of GABAergic synapses and their targets in the dentate gyrus of rat: a quantitative immunoelectron microscopic analysis. J. f\u00fcr Hirnforsch. 34, 299-308<\/td> <\/tr> <tr> <td style=\"width: 60.0167px; text-align: center;\">5.<\/td> <td style=\"width: 887.183px; text-align: center;\">Buhl E. H., <strong>Halasy K<\/strong>., Somogyi P. (1994) Diverse sources of hippocampal unitary inhibitory postsynaptic potentials and the number of synaptic release sites. Nature 368, 823-828.<\/td> <\/tr> <tr> <td style=\"width: 60.0167px; text-align: center;\">6.<\/td> <td style=\"width: 887.183px; text-align: center;\">Cobb S.R., Buhl E.H., <strong>Halasy K.,<\/strong> Paulsen O., Somogyi P. (1995) Synchronization of neuronal activity by individual hippocampal GABAergic interneurones. Nature 378, 75-78.<\/td> <\/tr> <tr> <td style=\"width: 60.0167px; text-align: center;\">7.<\/td> <td style=\"width: 887.183px; text-align: center;\">F\u00fczesi M., R\u00e1cz B. \u00c9li\u00e1s B.,<strong> Halasy K.<\/strong> (1997) Enkephalinergic nerve terminals target inhibitory interneurons in the rat hippocampus. Neuroreport 8, 2471-2475.<\/td> <\/tr> <tr> <td style=\"width: 60.0167px; text-align: center;\">8.<\/td> <td style=\"width: 887.183px; text-align: center;\"><strong>Halasy K.,<\/strong> R\u00e1cz B., Maderspach K. (2000) Kappa opioid receptors are expressed by interneurons in the CA1 area of the rat hippocampus: a correlated light and electron microscopic immunocytochemical study. J Chem Neuroanat, 19, 233-241.<\/td> <\/tr> <tr> <td style=\"width: 60.0167px; text-align: center;\">9.<\/td> <td style=\"width: 887.183px; text-align: center;\">Janzs\u00f3 G, Valcz G, Thuma \u00c1, Sz\u0151ke B, Lendvai Zs, \u00c1brah\u00e1m H, Kozicz T, <strong>Halasy K<\/strong> (2010) Cocaine- and amphetamine-regulated transcript (CART) peptide-immunopositive neuronal elements in the lateral septum: rostrocaudal distribution in the male rat. Brain Res 1362, 40-47.<\/td> <\/tr> <tr> <td style=\"width: 60.0167px; text-align: center;\">10.<\/td> <td style=\"width: 887.183px; text-align: center;\">Csonka D, <strong>Halasy K<\/strong>, Buczko K, Hornung E (2018) Morphological traits &#8211; desiccation tolerance \u2013 habitat characteristics: a possible key for distribution in woodlice (Isopoda: Oniscidea). Zookeys 801, 481-499.<\/td> <\/tr> <\/tbody> <\/table> <p>&nbsp;<\/p>","protected":false},"excerpt":{"rendered":"<p>Bemutatkoz\u00e1s\u00a0 Dr. Halasy Katalin Gemzs\u00e9n sz\u00fcletett, gimn\u00e1ziumi tanulm\u00e1nyait k\u00f6vet\u0151en 1970-ben felv\u00e9telt nyert a szegedi J\u00f3zsef Attila Tudom\u00e1nyegyetem kutat\u00f3 biol\u00f3gus szak\u00e1ra. 1975-ben, j\u00f3 min\u0151s\u00edt\u00e9ssel v\u00e9gzett, \u00e9s diplom\u00e1j\u00e1nak k\u00e9zhezv\u00e9tel\u00e9t k\u00f6vet\u0151en 1975 augusztus 1-t\u0151l a JATE \u00c1llattani \u00e9s Sejtbiol\u00f3giai Tansz\u00e9k\u00e9nek tan\u00e1rseg\u00e9dje lett. 1979-ben m\u00e1soddiplom\u00e1t szerzett biol\u00f3gia tan\u00e1rszakon \u00e9s ebben az \u00e9vben v\u00e9dte meg egyetemi doktori disszert\u00e1ci\u00f3j\u00e1t. 1981\/82-ben r\u00e9szt<\/p>\n","protected":false},"author":5824,"featured_media":0,"parent":858,"menu_order":210,"comment_status":"closed","ping_status":"closed","template":"","meta":{"_acf_changed":false,"footnotes":""},"categories":[56],"tags":[],"class_list":["post-3880","page","type-page","status-publish","hentry","category-munkatarsak"],"acf":[],"_links":{"self":[{"href":"https:\/\/univet.hu\/hu\/wp-json\/wp\/v2\/pages\/3880","targetHints":{"allow":["GET"]}}],"collection":[{"href":"https:\/\/univet.hu\/hu\/wp-json\/wp\/v2\/pages"}],"about":[{"href":"https:\/\/univet.hu\/hu\/wp-json\/wp\/v2\/types\/page"}],"author":[{"embeddable":true,"href":"https:\/\/univet.hu\/hu\/wp-json\/wp\/v2\/users\/5824"}],"replies":[{"embeddable":true,"href":"https:\/\/univet.hu\/hu\/wp-json\/wp\/v2\/comments?post=3880"}],"version-history":[{"count":1,"href":"https:\/\/univet.hu\/hu\/wp-json\/wp\/v2\/pages\/3880\/revisions"}],"predecessor-version":[{"id":199535,"href":"https:\/\/univet.hu\/hu\/wp-json\/wp\/v2\/pages\/3880\/revisions\/199535"}],"up":[{"embeddable":true,"href":"https:\/\/univet.hu\/hu\/wp-json\/wp\/v2\/pages\/858"}],"wp:attachment":[{"href":"https:\/\/univet.hu\/hu\/wp-json\/wp\/v2\/media?parent=3880"}],"wp:term":[{"taxonomy":"category","embeddable":true,"href":"https:\/\/univet.hu\/hu\/wp-json\/wp\/v2\/categories?post=3880"},{"taxonomy":"post_tag","embeddable":true,"href":"https:\/\/univet.hu\/hu\/wp-json\/wp\/v2\/tags?post=3880"}],"curies":[{"name":"wp","href":"https:\/\/api.w.org\/{rel}","templated":true}]}}