{"id":3886,"date":"2016-06-18T11:19:00","date_gmt":"2016-06-18T09:19:00","guid":{"rendered":"http:\/\/univet.hu\/egyetem\/munkatarsak\/harmat-levente\/"},"modified":"2026-02-10T03:59:57","modified_gmt":"2026-02-10T02:59:57","slug":"harmat-levente","status":"publish","type":"page","link":"https:\/\/univet.hu\/hu\/egyetem\/munkatarsak\/harmat-levente\/","title":{"rendered":"Harmat Levente"},"content":{"rendered":"<p><strong>Bemutatkoz\u00e1s<br \/> <\/strong><\/p> <p>Dr. Harmat Levente Kiskunlach\u00e1z\u00e1r\u00f3l sz\u00e1rmazik. A szigetszentmikl\u00f3si Batthy\u00e1ny K\u00e1zm\u00e9r Gimn\u00e1ziumban elv\u00e9gzett k\u00f6z\u00e9piskolai tanulm\u00e1nyait k\u00f6vet\u0151en 2011-ben nyert felv\u00e9telt az \u00c1llatorvostudom\u00e1nyi Egyetemre (akkori jogel\u0151dj\u00e9re, a SZIE \u00c1llatorvos-tudom\u00e1nyi Kar\u00e1ra). Hallgat\u00f3k\u00e9nt k\u00f6zel h\u00e1rom \u00e9vig a Marek J\u00f3zsef Koll\u00e9gium Di\u00e1kbizotts\u00e1g\u00e1nak eln\u00f6ke \u00e9s kett\u0151 \u00e9vig egyetemi szen\u00e1tor, a szen\u00e1tus tagja. 2018-ban diplom\u00e1j\u00e1nak k\u00e9zhezv\u00e9tel\u00e9t k\u00f6vet\u0151en k\u00f6zvetlen\u00fcl az akkori Haszon\u00e1llat-gy\u00f3gy\u00e1szati Tansz\u00e9k \u00e9s Klinik\u00e1n kezdett el dolgozni, mint klinikus \u00e1llatorvos. 2018 \u0151sz\u00e9t\u0151l a Tangazdas\u00e1g ell\u00e1t\u00f3 \u00e1llatorvosa \u00e9s a hetesi gyakorlatok oktat\u00f3ja. 2019-2021 k\u00f6z\u00f6tt elv\u00e9gezte az \u00c1llatorvostudom\u00e1nyi Egyetem posztgradu\u00e1lis k\u00e9pz\u00e9s\u00e9t \u00e9s megszerezte a k\u00e9r\u0151dz\u0151-eg\u00e9szs\u00e9g\u00fcgyi szak\u00e1llatorvos k\u00e9pes\u00edt\u00e9st.\u00a0 2020-ban kezdte meg PhD tanulm\u00e1nyait az \u00c1llatteny\u00e9szt\u00e9stani Tansz\u00e9ken G\u00e1sp\u00e1rdy Andr\u00e1s docens \u00far t\u00e9mavezet\u00e9s\u00e9vel. Az oktat\u00e1si \u00e9s kutat\u00e1si tev\u00e9kenys\u00e9ge mellett k\u00e9r\u0151dz\u0151-eg\u00e9szs\u00e9g\u00fcgyi szaktan\u00e1csad\u00f3i tev\u00e9kenys\u00e9get v\u00e9gez, illetve a haszon\u00e1llatok mellett kedvtel\u00e9sb\u0151l tartott \u00e1llatokat is gy\u00f3gy\u00edt.<\/p> <p>&nbsp;<\/p> <p>&nbsp;<\/p> <table style=\"height: 192px;\" width=\"505\"> <tbody> <tr style=\"height: 24px;\"> <td style=\"width: 161.533px; height: 24px;\">2022-<\/td> <td style=\"width: 161.533px; height: 24px;\">D-H\u00d6K tag, oktat\u00e1si bizotts\u00e1gi deleg\u00e1lt<\/td> <td style=\"width: 161.533px; height: 24px;\">\u00c1TE<\/td> <\/tr> <tr style=\"height: 24px;\"> <td style=\"width: 161.533px; height: 24px;\">2019-2021<\/td> <td style=\"width: 161.533px; height: 24px;\">K\u00e9r\u0151dz\u0151-eg\u00e9szs\u00e9g\u00fcgyi szak\u00e1llatorvos<\/td> <td style=\"width: 161.533px; height: 24px;\">\u00c1TE<\/td> <\/tr> <tr style=\"height: 24px;\"> <td style=\"width: 161.533px; height: 24px;\">2020-<\/td> <td style=\"width: 161.533px; height: 24px;\">\u00e1llami \u00f6szt\u00f6nd\u00edjas PhD hallgat\u00f3<\/td> <td style=\"width: 161.533px; height: 24px;\">\u00c1TE-\u00c1TLT<\/td> <\/tr> <tr style=\"height: 24px;\"> <td style=\"width: 161.533px; height: 24px;\">2018-<\/td> <td style=\"width: 161.533px; height: 24px;\">ell\u00e1t\u00f3 \u00e1llatorvos, hetesi gyakorlatok oktat\u00f3ja<\/td> <td style=\"width: 161.533px; height: 24px;\">\u00c1TE-Tangazdas\u00e1g<\/td> <\/tr> <tr style=\"height: 24px;\"> <td style=\"width: 161.533px; height: 24px;\">2018<\/td> <td style=\"width: 161.533px; height: 24px;\">klinikus \u00e1llatorvos<\/td> <td style=\"width: 161.533px; height: 24px;\">\u00c1TE-HGYTK<\/td> <\/tr> <tr style=\"height: 24px;\"> <td style=\"width: 161.533px; height: 24px;\">2018<\/td> <td style=\"width: 161.533px; height: 24px;\">\u00e1llatorvos doktor<\/td> <td style=\"width: 161.533px; height: 24px;\">\u00c1TE<\/td> <\/tr> <tr style=\"height: 24px;\"> <td style=\"width: 161.533px; height: 24px;\">2015-2017<\/td> <td style=\"width: 161.533px; height: 24px;\">Hallgat\u00f3i szen\u00e1tor<\/td> <td style=\"width: 161.533px; height: 24px;\">\u00c1TE<\/td> <\/tr> <tr style=\"height: 24px;\"> <td style=\"width: 161.533px; height: 24px;\">2014-2017<\/td> <td style=\"width: 161.533px; height: 24px;\">Di\u00e1kbizotts\u00e1gi eln\u00f6k<\/td> <td style=\"width: 161.533px; height: 24px;\">\u00c1TE-koll\u00e9gium<\/td> <\/tr> <\/tbody> <\/table> <p>&nbsp;<\/p>","protected":false},"excerpt":{"rendered":"<p>Bemutatkoz\u00e1s Dr. Harmat Levente Kiskunlach\u00e1z\u00e1r\u00f3l sz\u00e1rmazik. A szigetszentmikl\u00f3si Batthy\u00e1ny K\u00e1zm\u00e9r Gimn\u00e1ziumban elv\u00e9gzett k\u00f6z\u00e9piskolai tanulm\u00e1nyait k\u00f6vet\u0151en 2011-ben nyert felv\u00e9telt az \u00c1llatorvostudom\u00e1nyi Egyetemre (akkori jogel\u0151dj\u00e9re, a SZIE \u00c1llatorvos-tudom\u00e1nyi Kar\u00e1ra). Hallgat\u00f3k\u00e9nt k\u00f6zel h\u00e1rom \u00e9vig a Marek J\u00f3zsef Koll\u00e9gium Di\u00e1kbizotts\u00e1g\u00e1nak eln\u00f6ke \u00e9s kett\u0151 \u00e9vig egyetemi szen\u00e1tor, a szen\u00e1tus tagja. 2018-ban diplom\u00e1j\u00e1nak k\u00e9zhezv\u00e9tel\u00e9t k\u00f6vet\u0151en k\u00f6zvetlen\u00fcl az akkori Haszon\u00e1llat-gy\u00f3gy\u00e1szati Tansz\u00e9k \u00e9s<\/p>\n","protected":false},"author":5824,"featured_media":0,"parent":858,"menu_order":210,"comment_status":"closed","ping_status":"closed","template":"","meta":{"_acf_changed":false,"footnotes":""},"categories":[56],"tags":[],"class_list":["post-3886","page","type-page","status-publish","hentry","category-munkatarsak"],"acf":[],"_links":{"self":[{"href":"https:\/\/univet.hu\/hu\/wp-json\/wp\/v2\/pages\/3886","targetHints":{"allow":["GET"]}}],"collection":[{"href":"https:\/\/univet.hu\/hu\/wp-json\/wp\/v2\/pages"}],"about":[{"href":"https:\/\/univet.hu\/hu\/wp-json\/wp\/v2\/types\/page"}],"author":[{"embeddable":true,"href":"https:\/\/univet.hu\/hu\/wp-json\/wp\/v2\/users\/5824"}],"replies":[{"embeddable":true,"href":"https:\/\/univet.hu\/hu\/wp-json\/wp\/v2\/comments?post=3886"}],"version-history":[{"count":1,"href":"https:\/\/univet.hu\/hu\/wp-json\/wp\/v2\/pages\/3886\/revisions"}],"predecessor-version":[{"id":199537,"href":"https:\/\/univet.hu\/hu\/wp-json\/wp\/v2\/pages\/3886\/revisions\/199537"}],"up":[{"embeddable":true,"href":"https:\/\/univet.hu\/hu\/wp-json\/wp\/v2\/pages\/858"}],"wp:attachment":[{"href":"https:\/\/univet.hu\/hu\/wp-json\/wp\/v2\/media?parent=3886"}],"wp:term":[{"taxonomy":"category","embeddable":true,"href":"https:\/\/univet.hu\/hu\/wp-json\/wp\/v2\/categories?post=3886"},{"taxonomy":"post_tag","embeddable":true,"href":"https:\/\/univet.hu\/hu\/wp-json\/wp\/v2\/tags?post=3886"}],"curies":[{"name":"wp","href":"https:\/\/api.w.org\/{rel}","templated":true}]}}