{"id":3889,"date":"2016-08-01T15:29:00","date_gmt":"2016-08-01T13:29:00","guid":{"rendered":"http:\/\/univet.hu\/egyetem\/munkatarsak\/harnos-andrea\/"},"modified":"2026-03-31T14:34:32","modified_gmt":"2026-03-31T12:34:32","slug":"harnos-andrea","status":"publish","type":"page","link":"https:\/\/univet.hu\/hu\/egyetem\/munkatarsak\/harnos-andrea\/","title":{"rendered":"Harnos Andrea"},"content":{"rendered":"<h2 class=\"entry-title\"><span style=\"font-size: 14pt\">Oktat\u00f3 konzult\u00e1ci\u00f3s id\u0151pontja: Szerda: 14:00-15:00 (J \u00e9p\u00fclet II. emelet 203. szoba vagy online)<\/span><br \/> <span style=\"font-size: 14pt\">(el\u0151zetes bejelentkez\u00e9s sz\u00fcks\u00e9ges)<\/span><\/h2> <p>&nbsp;<\/p> <p style=\"text-align: center\"><span style=\"font-size: 14pt\"><strong>Bemutatkoz\u00e1s\u00a0\u00a0 <\/strong><\/span><\/p> <p>Bevezet\u0151 Matematika \u00e9s statisztika kurzusok biol\u00f3gia illetve \u00e1llatorvos hallgat\u00f3knak magyar \u00e9s angol nyelven. Regresszi\u00f3sz\u00e1m\u00edt\u00e1s, \u00e1ltal\u00e1nos \u00e9s \u00e1ltal\u00e1nos\u00edtott line\u00e1ris \u00e9s nem line\u00e1ris modellek, kevert modellek, t\u00f6bbv\u00e1ltoz\u00f3s m\u00f3dszerek \u00e9s t\u00fal\u00e9l\u00e9selemz\u00e9s kurzusok tart\u00e1sa.<\/p> <p><strong>F\u0151bb kutat\u00e1si ter\u00fcletek:<\/strong><\/p> <p>Regresszi\u00f3s m\u00f3dszerek alkalmaz\u00e1sa a Gazda-parazita kapcsolatok modellez\u00e9s\u00e9re, mad\u00e1rtani kutat\u00e1sokban (kis \u00e9nekesmadarak \u00e9s k\u00e9k v\u00e9rcse) illetve\u00a0a\u00a0Nekt\u00e1rn\u00f6v\u00e9ny k\u00edn\u00e1lat \u00e9s haszn\u00e1lat kutat\u00e1s\u00e1ban kis Apoll\u00f3-lepk\u00e9k eset\u00e9n.<\/p> <p><strong>Szakmai szervezeti tags\u00e1g<\/strong><\/p> <table style=\"height: 121px\" width=\"893\"> <tbody> <tr style=\"height: 28px\"> <td style=\"width: 464.891px;height: 28px\"><strong>Bizotts\u00e1g neve<\/strong><\/td> <td style=\"width: 92.625px;height: 28px\"><strong>Id\u0151<\/strong><\/td> <td style=\"width: 313.484px;height: 28px\"><strong>Tiszts\u00e9g<\/strong><\/td> <\/tr> <tr style=\"height: 37px\"> <td style=\"width: 464.891px;height: 37px\">MTA Agr\u00e1rtudom\u00e1nyok Oszt\u00e1ly \u00c1llatorvostudom\u00e1nyi Bizotts\u00e1g<\/td> <td style=\"width: 92.625px;height: 37px\"><\/td> <td style=\"width: 313.484px;height: 37px\">tag<\/td> <\/tr> <tr style=\"height: 56px\"> <td style=\"width: 464.891px;height: 56px\">Klinikai Biostatisztikai T\u00e1rsas\u00e1g<\/td> <td style=\"width: 92.625px;height: 56px\"><\/td> <td style=\"width: 313.484px;height: 56px\"><\/td> <\/tr> <\/tbody> <\/table> <p><strong>\u00a0<\/strong><strong>Eddigi szakdolgozat\/TDK hallgat\u00f3k sz\u00e1ma<\/strong><\/p> <p>5<\/p> <p><strong>PhD-hallgat\u00f3k<\/strong><\/p> <table style=\"height: 136px\" width=\"385\"> <tbody> <tr> <td style=\"width: 287.609px\">Szigeti Viktor<\/td> <td style=\"width: 81.3906px\">2018<\/td> <\/tr> <tr> <td style=\"width: 287.609px\">Feh\u00e9rv\u00e1ri P\u00e9ter<\/td> <td style=\"width: 81.3906px\">2017<\/td> <\/tr> <tr> <td style=\"width: 287.609px\">Kov\u00e1ts D\u00e1vid<\/td> <td style=\"width: 81.3906px\">2016<\/td> <\/tr> <tr> <td style=\"width: 287.609px\">Czikkelyn\u00e9 \u00c1gh N\u00f3ra<\/td> <td style=\"width: 81.3906px\">2022<\/td> <\/tr> <tr> <td style=\"width: 287.609px\">Piross Imre S\u00e1ndor<\/td> <td style=\"width: 81.3906px\">2022<\/td> <\/tr> <\/tbody> <\/table> <p>&nbsp;<\/p> <p><strong>Publik\u00e1ci\u00f3s lista (Top10)<\/strong><\/p> <table style=\"width: 864px;height: 277px\"> <tbody> <tr> <td style=\"width: 21.0312px\">1.<\/td> <td style=\"width: 826.969px\">\u00d3<a href=\"https:\/\/m2.mtmt.hu\/gui2\/?type=authors&amp;mode=browse&amp;sel=10003094\">zsv\u00e1ri, Laszlo &#x2709;<\/a>;\u00a0<a href=\"https:\/\/m2.mtmt.hu\/gui2\/?type=authors&amp;mode=browse&amp;sel=10002007\">Harnos, Andrea<\/a>;\u00a0<a href=\"https:\/\/m2.mtmt.hu\/gui2\/?type=authors&amp;mode=browse&amp;sel=10023281\">Lang, Zsolt<\/a>; Monostori, Attila; Strain, Sam;\u00a0<a href=\"https:\/\/m2.mtmt.hu\/gui2\/?type=authors&amp;mode=browse&amp;sel=10043650\">Fodor, Istvan<\/a><a href=\"https:\/\/m2.mtmt.hu\/gui2\/?mode=browse&amp;params=publication;31636143\">: The Impact of Paratuberculosis on Milk Production, Fertility, and Culling in Large Commercial Hungarian Dairy Herds<\/a>\u00a0FRONTIERS IN VETERINARY SCIENCE 7 Paper: 565324 (2020)<\/td> <\/tr> <tr> <td style=\"width: 21.0312px\">2.<\/td> <td style=\"width: 826.969px\">Piross, Imre S\u00e1ndor ; Harnos, Andrea ; R\u00f3zsa, Lajos: Rensch\u2019s rule in avian lice: contradictory allometric trends for sexual size dimorphism. SCIENTIFIC REPORTS 9 Paper: 7908 (2019)<\/td> <\/tr> <tr> <td style=\"width: 21.0312px\">3.<\/td> <td style=\"width: 826.969px\">Szigeti, Viktor ; K\u0151r\u00f6si, \u00c1d\u00e1m ; Harnos, Andrea ; Kis, J\u00e1nos: Lifelong foraging and individual specialisation are influenced by temporal changes of resource availability.\u00a0 OIKOS Article in Press p. &amp; (2019)<\/td> <\/tr> <tr> <td style=\"width: 21.0312px\">4.<\/td> <td style=\"width: 826.969px\">Boh\u00e1k, Zs\u00f3fia ; Harnos, Andrea ; Jo\u00f3, Kinga ; Szenci, Ott\u00f3 ; Kov\u00e1cs, Levente:\u00a0\u00a0 Anticipatory response before competition in Standardbred racehorses.\u00a0\u00a0\u00a0 PLOS ONE 13 : 8 Paper: e0201691 , 8 p. (2018)<\/td> <\/tr> <tr> <td style=\"width: 21.0312px\">5.<\/td> <td style=\"width: 826.969px\">Harnos, A ; Lang, Zs ; Petr\u00e1s, D ; Bush, SE ; Szab\u00f3, K ; R\u00f3zsa, L: Size matters for lice on birds: coevolutionary allometry of host and parasite body size.\u00a0\u00a0\u00a0 EVOLUTION 71 : 2 pp. 421-431. , 11 p. (2017)<\/td> <\/tr> <tr> <td style=\"width: 21.0312px\">6.<\/td> <td style=\"width: 826.969px\">Polony, G ; Humli, V ; Ando, R ; Aller, M ; Horvath, T ; Harnos, A ; Tamas, L ; Vizi, ES ; Zelles, T:\u00a0\u00a0 Protective effect of rasagiline in aminoglycoside ototoxicity.\u00a0 NEUROSCIENCE 265 pp. 263-273. , 11 p. (2014)<\/td> <\/tr> <tr> <td style=\"width: 21.0312px\">7.<\/td> <td style=\"width: 826.969px\">Csordas, K ; Lautner-Csorba, O ; Semsei, AF ; Harnos, A ; Hegyi, M ; Erdelyi, DJ ; Eipel, OT ; Szalai, C ; Kovacs, GT:\u00a0 Associations of novel genetic variations in the folate-related and ARID5B genes with the pharmacokinetics and toxicity of high-dose methotrexate in paediatric acute lymphoblastic leukaemia.\u00a0 BRITISH JOURNAL OF HAEMATOLOGY 166 : 3 pp. 410-420. , 11 p. (2014)<\/td> <\/tr> <tr> <td style=\"width: 21.0312px\">8.<\/td> <td style=\"width: 826.969px\">Harnos, A ; N\u00f3ra, \u00c1 ; Kov\u00e1cs, Sz ; Lang, Z ; Cs\u00f6rg\u0151, T: Increasing protandry in the spring migration of the Pied Flycatcher (Ficedula hypoleuca) in Central Europe.\u00a0 JOURNAL OF ORNITHOLOGY 156 : 2 pp. 543-546. , 4 p. (2014)<\/td> <\/tr> <tr> <td style=\"width: 21.0312px\">9.<\/td> <td style=\"width: 826.969px\">Feh\u00e9rv\u00e1ri, P ; Solt, S ; Palatitz, P ; Barna, K ; \u00c1goston, A ; Gergely, J ; Nagy, A ; Nagy, K ; Harnos, A: Allocating active conservation measures using species distribution models: a case study of red-footed falcon breeding site management in the Carpathian Basin. ANIMAL CONSERVATION 15 : 6 pp. 648-657. , 10 p. (2012)<\/td> <\/tr> <tr> <td style=\"width: 21.0312px\">10.<\/td> <td style=\"width: 826.969px\">Harnos, A ; Reiczigel, J ; Solymosi, N ; Vattay, G: Analysis of the effect of immunization in rabies time series.\u00a0JOURNAL OF THEORETICAL BIOLOGY 240 : 1 pp. 72-77. , 6 p. (2006) Harnos, A ; Horvath, G ; Lawrence, AB ; Vattay, G:\u00a0 Scaling and intermittency in animal behaviour. PHYSICA A \u2013 STATISTICAL MECHANICS AND ITS APPLICATIONS 286 : 1 pp. 312-320. , 9 p. (2000)<\/td> <\/tr> <\/tbody> <\/table> <p>&nbsp;<\/p>","protected":false},"excerpt":{"rendered":"<p>Oktat\u00f3 konzult\u00e1ci\u00f3s id\u0151pontja: Szerda: 14:00-15:00 (J \u00e9p\u00fclet II. emelet 203. szoba vagy online) (el\u0151zetes bejelentkez\u00e9s sz\u00fcks\u00e9ges) &nbsp; Bemutatkoz\u00e1s\u00a0\u00a0 Bevezet\u0151 Matematika \u00e9s statisztika kurzusok biol\u00f3gia illetve \u00e1llatorvos hallgat\u00f3knak magyar \u00e9s angol nyelven. Regresszi\u00f3sz\u00e1m\u00edt\u00e1s, \u00e1ltal\u00e1nos \u00e9s \u00e1ltal\u00e1nos\u00edtott line\u00e1ris \u00e9s nem line\u00e1ris modellek, kevert modellek, t\u00f6bbv\u00e1ltoz\u00f3s m\u00f3dszerek \u00e9s t\u00fal\u00e9l\u00e9selemz\u00e9s kurzusok tart\u00e1sa. F\u0151bb kutat\u00e1si ter\u00fcletek: Regresszi\u00f3s m\u00f3dszerek alkalmaz\u00e1sa a<\/p>\n","protected":false},"author":5824,"featured_media":0,"parent":858,"menu_order":210,"comment_status":"closed","ping_status":"closed","template":"","meta":{"_acf_changed":false,"footnotes":""},"categories":[56],"tags":[],"class_list":["post-3889","page","type-page","status-publish","hentry","category-munkatarsak"],"acf":[],"_links":{"self":[{"href":"https:\/\/univet.hu\/hu\/wp-json\/wp\/v2\/pages\/3889","targetHints":{"allow":["GET"]}}],"collection":[{"href":"https:\/\/univet.hu\/hu\/wp-json\/wp\/v2\/pages"}],"about":[{"href":"https:\/\/univet.hu\/hu\/wp-json\/wp\/v2\/types\/page"}],"author":[{"embeddable":true,"href":"https:\/\/univet.hu\/hu\/wp-json\/wp\/v2\/users\/5824"}],"replies":[{"embeddable":true,"href":"https:\/\/univet.hu\/hu\/wp-json\/wp\/v2\/comments?post=3889"}],"version-history":[{"count":4,"href":"https:\/\/univet.hu\/hu\/wp-json\/wp\/v2\/pages\/3889\/revisions"}],"predecessor-version":[{"id":204617,"href":"https:\/\/univet.hu\/hu\/wp-json\/wp\/v2\/pages\/3889\/revisions\/204617"}],"up":[{"embeddable":true,"href":"https:\/\/univet.hu\/hu\/wp-json\/wp\/v2\/pages\/858"}],"wp:attachment":[{"href":"https:\/\/univet.hu\/hu\/wp-json\/wp\/v2\/media?parent=3889"}],"wp:term":[{"taxonomy":"category","embeddable":true,"href":"https:\/\/univet.hu\/hu\/wp-json\/wp\/v2\/categories?post=3889"},{"taxonomy":"post_tag","embeddable":true,"href":"https:\/\/univet.hu\/hu\/wp-json\/wp\/v2\/tags?post=3889"}],"curies":[{"name":"wp","href":"https:\/\/api.w.org\/{rel}","templated":true}]}}