{"id":3895,"date":"2018-04-19T12:32:00","date_gmt":"2018-04-19T10:32:00","guid":{"rendered":"http:\/\/univet.hu\/egyetem\/munkatarsak\/hazai-diana\/"},"modified":"2026-02-10T03:59:58","modified_gmt":"2026-02-10T02:59:58","slug":"hazai-diana","status":"publish","type":"page","link":"https:\/\/univet.hu\/hu\/egyetem\/munkatarsak\/hazai-diana\/","title":{"rendered":"Hazai Di\u00e1na"},"content":{"rendered":"<p>Fogad\u00f3\u00f3ra: oktat\u00e1si id\u0151szakban minden cs\u00fct\u00f6rt\u00f6k\u00f6n 12:00-13:00<\/p> <h2>Bemutatkoz\u00e1s<\/h2> <div> <p>Dr. Hazai Di\u00e1na Budapesten sz\u00fcletett, gimn\u00e1ziumi tanulm\u00e1nyait k\u00f6vet\u0151en 1997-ben felv\u00e9telt nyert a budapesti \u00c1llatorvostudom\u00e1nyi Egyetem Zool\u00f3gus szak\u00e1ra, ahol 2002-ben diplom\u00e1t szerzett. Diplomamunk\u00e1j\u00e1t az Anat\u00f3miai \u00e9s Sz\u00f6vettani Tansz\u00e9ken v\u00e9gezte \u00e9s 2002-ben a SZIE Tudom\u00e1nyos Di\u00e1kk\u00f6ri Konferenci\u00e1j\u00e1n m\u00e1sodik helyez\u00e9st \u00e9rt el.<br \/> 2003-ban az Orsz\u00e1gos Tudom\u00e1nyi Di\u00e1kk\u00f6ri Konferenci\u00e1n is r\u00e9szt vett, Szegeden. 2002-ben kezdte meg PhD tanulm\u00e1nyait az Anat\u00f3miai \u00e9s Sz\u00f6vettani Tansz\u00e9ken, 2007-ben szerezte meg a PhD fokozat\u00e1t. 2005-ben a tanulm\u00e1nyait megszak\u00edtotta f\u00e9l \u00e9vre, ezalatt az angliai Leeds-i Egyetemen kutat\u00f3 asszisztensi \u00e1ll\u00e1st kapott. 2006-ban az Anat\u00f3miai \u00e9s Sz\u00f6vettani Tansz\u00e9ken tan\u00e1rseg\u00e9di \u00e1ll\u00e1st kapott, \u00e9s innent\u0151l kezdve r\u00e9szt vett az egyetem magyar \u00e9s angol nyelv\u0171 anat\u00f3mia oktat\u00e1s\u00e1ban, el\u0151ad\u00e1sok \u00e9s gyakorlatok tart\u00e1sa form\u00e1j\u00e1ban. 2013-t\u00f3l egyetemi adjunktuss\u00e1 nevezt\u00e9k ki. Kisl\u00e1nya 2008-ban sz\u00fcletett.<\/p> <\/div> <p>Oktat\u00f3i tev\u00e9kenys\u00e9g<\/p> <ul> <li>\u00c1llatorvosi anat\u00f3mia I, II, III magyar\/angol nyelven<\/li> <li>H\u00e1zimadarak anat\u00f3mi\u00e1ja magyar\/angol nyelven<\/li> <li>\u00a0Labor\u00e1llat-tudom\u00e1ny \u00e9s \u00e1llatv\u00e9delem PhD kurzus<\/li> <li>Kinol\u00f3gus k\u00e9pz\u00e9s<\/li> <li>Experiment\u00e1lis toxikol\u00f3gus szakir\u00e1ny\u00fa tov\u00e1bbk\u00e9pz\u00e9s<\/li> <\/ul> <p><strong>F\u0151bb kutat\u00e1si ter\u00fcletek:\u00a0\u00a0\u00a0 <\/strong>Idegtudom\u00e1ny<\/p> <p>E<strong>l\u0151rehalad\u00e1s<\/strong><\/p> <table style=\"height: 357px;width: 966px\" width=\"541\"> <tbody> <tr style=\"height: 24px\"> <td style=\"width: 226.95px;height: 24px;text-align: center\"><strong>Munkahelyek<\/strong><\/td> <td style=\"width: 424.917px;height: 24px;text-align: center\">\u00a0\u00a0\u00a0 <strong>Int\u00e9zm\u00e9ny neve<\/strong><\/td> <td style=\"width: 293.733px;height: 24px;text-align: center\">\u00a0\u00a0\u00a0 <strong>beoszt\u00e1s<\/strong><\/td> <\/tr> <tr style=\"height: 48px\"> <td style=\"width: 226.95px;height: 48px;text-align: center\">2013-<\/td> <td style=\"width: 424.917px;text-align: center;height: 48px\">SZIE \u00c1OTK, Anat\u00f3miai \u00e9s Sz\u00f6vettani Tansz\u00e9k<\/td> <td style=\"width: 293.733px;height: 48px;text-align: center\">egyetemi adjunktus<\/td> <\/tr> <tr style=\"height: 56px\"> <td style=\"width: 226.95px;height: 56px;text-align: center\">2006-2013<\/td> <td style=\"width: 424.917px;text-align: center;height: 56px\">SZIE \u00c1OTK, Anat\u00f3miai \u00e9s Sz\u00f6vettani Tansz\u00e9k<\/td> <td style=\"width: 293.733px;height: 56px;text-align: center\">egyetemi tan\u00e1rseg\u00e9d<\/td> <\/tr> <tr style=\"height: 48px\"> <td style=\"width: 226.95px;height: 48px;text-align: center\">2003-2006<\/td> <td style=\"width: 424.917px;text-align: center;height: 48px\">IVAX Gy\u00f3gyszerkutat\u00f3 c\u00e9g Toxiko-Patol\u00f3giai Oszt\u00e1ly<\/td> <td style=\"width: 293.733px;height: 48px;text-align: center\">f\u00e9l\u00e1ll\u00e1s<\/td> <\/tr> <tr style=\"height: 56px\"> <td style=\"width: 226.95px;height: 56px;text-align: center\">2002-2007<\/td> <td style=\"width: 424.917px;text-align: center;height: 56px\">SZIE \u00c1OTK, Anat\u00f3miai \u00e9s Sz\u00f6vettani Tansz\u00e9k<\/td> <td style=\"width: 293.733px;height: 56px;text-align: center\">PhD hallgat\u00f3<\/td> <\/tr> <tr style=\"height: 48px\"> <td style=\"width: 226.95px;height: 48px;text-align: center\">1997-2002<\/td> <td style=\"width: 424.917px;text-align: center;height: 48px\">SZIE \u00c1OTK, \u00c1llatorvos-tudom\u00e1nyi Kar\u00a0 Zool\u00f3gus szak<\/td> <td style=\"width: 293.733px;height: 48px;text-align: center\">hallgat\u00f3<\/td> <\/tr> <\/tbody> <\/table> <p><strong>Szakmai szervezeti tags\u00e1g<\/strong><\/p> <table style=\"height: 122px;width: 959px\" width=\"521\"> <tbody> <tr style=\"height: 24px\"> <td style=\"width: 496.55px;height: 24px;text-align: center\"><strong>Bizotts\u00e1g neve<\/strong><\/td> <td style=\"width: 202.217px;height: 24px;text-align: center\"><strong>Id\u0151<\/strong><\/td> <td style=\"width: 239.833px;height: 24px;text-align: center\"><strong>Tiszts\u00e9g<\/strong><\/td> <\/tr> <tr style=\"height: 48px\"> <td style=\"width: 496.55px;height: 48px;text-align: center\">Magyar Idegtudom\u00e1nyi T\u00e1rsas\u00e1g<\/td> <td style=\"width: 202.217px;height: 48px;text-align: center\"><\/td> <td style=\"width: 239.833px;height: 48px;text-align: center\">tag<\/td> <\/tr> <tr style=\"height: 24px\"> <td style=\"width: 496.55px;height: 24px;text-align: center\">Magyar Anat\u00f3mus T\u00e1rsas\u00e1g<\/td> <td style=\"width: 202.217px;height: 24px;text-align: center\"><\/td> <td style=\"width: 239.833px;height: 24px;text-align: center\">tag<\/td> <\/tr> <\/tbody> <\/table> <p>&nbsp;<\/p> <p><strong>Eddigi szakdolgozat\/TDK hallgat\u00f3k sz\u00e1ma<\/strong><\/p> <ol start=\"2021\"> <li>Adeline H\u00e9laudais TDK hallgat\u00f3<\/li> <\/ol> <p><strong>\u00a0\u00a0\u00a0\u00a0\u00a0\u00a0\u00a0\u00a0\u00a0\u00a0\u00a0\u00a0\u00a0\u00a0\u00a0\u00a0\u00a0\u00a0\u00a0\u00a0\u00a0\u00a0\u00a0\u00a0\u00a0\u00a0\u00a0\u00a0\u00a0\u00a0\u00a0\u00a0\u00a0\u00a0\u00a0\u00a0\u00a0\u00a0\u00a0 Publik\u00e1ci\u00f3s lista (Top10)<\/strong><\/p> <p>MTMT:<\/p> <table style=\"height: 1022px\" width=\"923\"> <tbody> <tr style=\"height: 160px\"> <td style=\"width: 52.0167px;text-align: center;height: 160px\">1.<\/td> <td style=\"width: 856.183px;height: 160px\"> <p>Lilla Szab\u00f3, Eszter\u00a0;\u00a0<a href=\"https:\/\/m2.mtmt.hu\/gui2\/?type=authors&amp;mode=browse&amp;sel=10028958\">Hazai-Nov\u00e1k, Diana<\/a>;\u00a0<a href=\"https:\/\/m2.mtmt.hu\/gui2\/?type=authors&amp;mode=browse&amp;sel=10002252\">S\u00f3tonyi, P\u00e9ter<\/a>\u00a0;\u00a0<a href=\"https:\/\/m2.mtmt.hu\/gui2\/?type=authors&amp;mode=browse&amp;sel=10002122\">R\u00e1cz, Bence<\/a><\/p> <p><a href=\"https:\/\/m2.mtmt.hu\/gui2\/?mode=browse&amp;params=publication;3395386\">Organization of cortactin in Purkinje cell spines: B061<\/a><\/p> <p>In:\u00a0<a href=\"https:\/\/m2.mtmt.hu\/gui2\/?mode=browse&amp;params=publication;3423347\">11th FENS Forum of Neuroscience<\/a><\/p> <p>(2018)\u00a0Paper: B061 (936<\/td> <\/tr> <tr style=\"height: 176px\"> <td style=\"width: 52.0167px;text-align: center;height: 176px\">2.<\/td> <td style=\"width: 856.183px;height: 176px\"> <p><a href=\"https:\/\/m2.mtmt.hu\/gui2\/?type=authors&amp;mode=browse&amp;sel=10076320\">Szab\u00f3, E Lilla<\/a>;\u00a0<a href=\"https:\/\/m2.mtmt.hu\/gui2\/?type=authors&amp;mode=browse&amp;sel=10028958\">Nov\u00e1k-Hazai, Di\u00e1na<\/a>\u00a0;\u00a0<a href=\"https:\/\/m2.mtmt.hu\/gui2\/?type=authors&amp;mode=browse&amp;sel=10002122\">R\u00e1cz, Bence<\/a><\/p> <p><a href=\"https:\/\/m2.mtmt.hu\/gui2\/?mode=browse&amp;params=publication;3276601\">Organization of actin-binding proteins in Purkinje cell spines<\/a><\/p> <p>In:\u00a0<a href=\"https:\/\/m2.mtmt.hu\/gui2\/?mode=browse&amp;params=publication;3296064\">5th FENS Regional Meeting 2017<\/a><\/p> <p>P\u00e9cs, Magyarorsz\u00e1g :\u00a0Federation of European Neuroscience Societies\u00a0(2017)\u00a0501 p.\u00a0Paper: P3-202<\/td> <\/tr> <tr style=\"height: 184px\"> <td style=\"width: 52.0167px;text-align: center;height: 184px\">3.<\/td> <td style=\"width: 856.183px;height: 184px\"> <p><a href=\"https:\/\/m2.mtmt.hu\/gui2\/?type=authors&amp;mode=browse&amp;sel=10032756\">Norbert, Bencsik<\/a>;\u00a0<a href=\"https:\/\/m2.mtmt.hu\/gui2\/?type=authors&amp;mode=browse&amp;sel=10045766\">Zs\u00f3fia, Sz\u00edber<\/a>\u00a0;\u00a0Hanna, Liliom\u00a0;\u00a0<a href=\"https:\/\/m2.mtmt.hu\/gui2\/?type=authors&amp;mode=browse&amp;sel=10001185\">Kriszti\u00e1n, T\u00e1rnok<\/a>\u00a0;\u00a0S\u00e1ndor, Borb\u00e9ly\u00a0;\u00a0M\u00e1rton, Guly\u00e1s\u00a0;\u00a0Anik\u00f3, R\u00e1tkai\u00a0;\u00a0Attila, Sz\u0171cs\u00a0;\u00a0<a href=\"https:\/\/m2.mtmt.hu\/gui2\/?type=authors&amp;mode=browse&amp;sel=10028958\">Di\u00e1na, Hazai-Nov\u00e1k<\/a>\u00a0;\u00a0Kornelia, Ellwanger\u00a0et al.<\/p> <p><a href=\"https:\/\/m2.mtmt.hu\/gui2\/?mode=browse&amp;params=publication;31148050\">Protein kinase D promotes plasticity-induced F-actin stabilization in dendritic spines and regulates memory formation<\/a>\u00a0(2016)<\/p> <p>10th FENS (Federation of European Neurosciences Societes) Forum of Neuroscience,\u00a0Koppenh\u00e1ga, 2016.07.02.,<\/td> <\/tr> <tr style=\"height: 160px\"> <td style=\"width: 52.0167px;text-align: center;height: 160px\">4.<\/td> <td style=\"width: 856.183px;height: 160px\"> <p><a href=\"https:\/\/m2.mtmt.hu\/gui2\/?type=authors&amp;mode=browse&amp;sel=10032756\">Bencsik, N<\/a>;\u00a0<a href=\"https:\/\/m2.mtmt.hu\/gui2\/?type=authors&amp;mode=browse&amp;sel=10045766\">Sziber, Z<\/a>\u00a0;\u00a0<a href=\"https:\/\/m2.mtmt.hu\/gui2\/?type=authors&amp;mode=browse&amp;sel=10040382\">Liliom, H<\/a>\u00a0;\u00a0<a href=\"https:\/\/m2.mtmt.hu\/gui2\/?type=authors&amp;mode=browse&amp;sel=10001185\">Tarnok, K<\/a>\u00a0;\u00a0<a href=\"https:\/\/m2.mtmt.hu\/gui2\/?type=authors&amp;mode=browse&amp;sel=10020640\">Borb\u00e9ly, S\u00e1ndor<\/a>\u00a0;\u00a0<a href=\"https:\/\/m2.mtmt.hu\/gui2\/?type=authors&amp;mode=browse&amp;sel=10037181\">Gulyas, M<\/a>\u00a0;\u00a0<a href=\"https:\/\/m2.mtmt.hu\/gui2\/?type=authors&amp;mode=browse&amp;sel=10055147\">Ratkai, A<\/a>\u00a0;\u00a0<a href=\"https:\/\/m2.mtmt.hu\/gui2\/?type=authors&amp;mode=browse&amp;sel=10018158\">Szucs, A<\/a>\u00a0;\u00a0<a href=\"https:\/\/m2.mtmt.hu\/gui2\/?type=authors&amp;mode=browse&amp;sel=10028958\">Hazai-Novak, D<\/a>\u00a0;\u00a0Ellwanger, K\u00a0et al.<\/p> <p><a href=\"https:\/\/m2.mtmt.hu\/gui2\/?mode=browse&amp;params=publication;2932938\">Protein kinase D promotes plasticity-induced F-actin stabilization in dendritic spines and regulates memory formation.<\/a><\/p> <p>JOURNAL OF CELL BIOLOGY\u00a0210\u00a0:\u00a05\u00a0pp. 771-783. , 13 p.\u00a0(2015)<\/td> <\/tr> <tr style=\"height: 198px\"> <td style=\"width: 52.0167px;text-align: center;height: 198px\">5.<\/td> <td style=\"width: 856.183px;height: 198px\"> <p>Katalin, Schlett\u00a0;\u00a0<a href=\"https:\/\/m2.mtmt.hu\/gui2\/?type=authors&amp;mode=browse&amp;sel=10045766\">Zs\u00f3fia, Sz\u00edber<\/a>;\u00a0Hanna, Liliom\u00a0;\u00a0<a href=\"https:\/\/m2.mtmt.hu\/gui2\/?type=authors&amp;mode=browse&amp;sel=10001185\">Kriszti\u00e1n, T\u00e1rnok<\/a>\u00a0;\u00a0S\u00e1ndor, Borb\u00e9ly\u00a0;\u00a0M\u00e1rton, Guly\u00e1s\u00a0;\u00a0<a href=\"https:\/\/m2.mtmt.hu\/gui2\/?type=authors&amp;mode=browse&amp;sel=10028958\">Di\u00e1na, Hazai-Nov\u00e1k<\/a>\u00a0;\u00a0Kornelia, Ellwanger\u00a0;\u00a0<a href=\"https:\/\/m2.mtmt.hu\/gui2\/?type=authors&amp;mode=browse&amp;sel=10002122\">Bence, R\u00e1cz<\/a>\u00a0;\u00a0Klaus, Pfizenmaier\u00a0et al.<\/p> <p><a href=\"https:\/\/m2.mtmt.hu\/gui2\/?mode=browse&amp;params=publication;2840504\">Protein kinase D promotes cellular plasticity and memory formation by regulating actin dynamics in dendritic spines<\/a><\/p> <p>In:\u00a0<a href=\"https:\/\/m2.mtmt.hu\/gui2\/?mode=browse&amp;params=publication;2840494\">A Magyar Idegtudom\u00e1nyi T\u00e1rsas\u00e1g XV. Konferenci\u00e1ja<\/a><\/p> <p>(2015)\u00a0Paper: P2\/24<\/td> <\/tr> <tr style=\"height: 24px\"> <td style=\"width: 52.0167px;text-align: center;height: 24px\">6.<\/td> <td style=\"width: 856.183px;height: 24px\"> <p><a href=\"https:\/\/m2.mtmt.hu\/gui2\/?type=authors&amp;mode=browse&amp;sel=10002122\">B L, RACZ<\/a>;\u00a0R B, BABITS\u00a0;\u00a0T, MAGYAR\u00a0;\u00a0<a href=\"https:\/\/m2.mtmt.hu\/gui2\/?type=authors&amp;mode=browse&amp;sel=10028958\">D, NOV\u00c1K-HAZAI<\/a>\u00a0;\u00a0<a href=\"https:\/\/m2.mtmt.hu\/gui2\/?type=authors&amp;mode=browse&amp;sel=10002252\">P, S\u00d3TONYI<\/a><\/p> <p><a href=\"https:\/\/m2.mtmt.hu\/gui2\/?mode=browse&amp;params=publication;2835266\">Ultrastructural changes in hippocampal synaptic architecture caused by reduced food intake<\/a><\/p> <p>In: Society, for Neuroscience (szerk.)\u00a0<a href=\"https:\/\/m2.mtmt.hu\/gui2\/?mode=browse&amp;params=publication;2781272\">Neuroscience 2014<\/a><\/p> <p>Online kiad\u00e1s, Nemzetk\u00f6zi :\u00a0Society for Neuroscience\u00a0(2014)\u00a0Paper: 785.17\/C20<\/td> <\/tr> <tr style=\"height: 24px\"> <td style=\"width: 52.0167px;text-align: center;height: 24px\">7.<\/td> <td style=\"width: 856.183px;height: 24px\"> <p><a href=\"https:\/\/m2.mtmt.hu\/gui2\/?type=authors&amp;mode=browse&amp;sel=10002122\">R\u00e1cz, B<\/a>;\u00a0<a href=\"https:\/\/m2.mtmt.hu\/gui2\/?type=authors&amp;mode=browse&amp;sel=10028958\">Hazai, D<\/a>\u00a0;\u00a0<a href=\"https:\/\/m2.mtmt.hu\/gui2\/?type=authors&amp;mode=browse&amp;sel=10039544\">Czeibert, K<\/a>\u00a0;\u00a0<a href=\"https:\/\/m2.mtmt.hu\/gui2\/?type=authors&amp;mode=browse&amp;sel=10002252\">S\u00f3tonyi, P<\/a><\/p> <p><a href=\"https:\/\/m2.mtmt.hu\/gui2\/?mode=browse&amp;params=publication;2527448\">Citoszkelet\u00e1lis eredet\u0171 neurol\u00f3giai k\u00f3rk\u00e9p kvantitat\u00edv elektronmikroszk\u00f3pos vizsg\u00e1lata eg\u00e9rmodellen: Quantitative electron-microscopic investigation in a mouse model of cytoskeleton-related neurologic disorder<\/a><\/p> <p>MAGYAR \u00c1LLATORVOSOK LAPJA\u00a0136\u00a0:\u00a01\u00a0pp. 52-58. , 7 p.\u00a0(2014)<\/td> <\/tr> <tr style=\"height: 24px\"> <td style=\"width: 52.0167px;text-align: center;height: 24px\">8.<\/td> <td style=\"width: 856.183px;height: 24px\"> <p><a href=\"https:\/\/m2.mtmt.hu\/gui2\/?type=authors&amp;mode=browse&amp;sel=10028958\">Hazai, Di\u00e1na<\/a>;\u00a0Szudoczki, R\u00f3bert\u00a0;\u00a0Ding, Jindong\u00a0;\u00a0Soderling, Scott H\u00a0;\u00a0Weinberg, Richard J\u00a0;\u00a0<a href=\"https:\/\/m2.mtmt.hu\/gui2\/?type=authors&amp;mode=browse&amp;sel=10002252\">S\u00f3tonyi, P\u00e9ter<\/a>\u00a0;\u00a0<a href=\"https:\/\/m2.mtmt.hu\/gui2\/?type=authors&amp;mode=browse&amp;sel=10002122\">R\u00e1cz, Bence<\/a><\/p> <p><a href=\"https:\/\/m2.mtmt.hu\/gui2\/?mode=browse&amp;params=publication;2416819\">Ultrastructural Abnormalities in CA1 Hippocampus Caused by Deletion of the Actin Regulator WAVE-1<\/a><\/p> <p>PLOS ONE\u00a08\u00a0:\u00a09\u00a0Paper: e75248 , 8 p.\u00a0(2013)<\/td> <\/tr> <tr style=\"height: 24px\"> <td style=\"width: 52.0167px;text-align: center;height: 24px\">9.<\/td> <td style=\"width: 856.183px;height: 24px\"> <p><a href=\"https:\/\/m2.mtmt.hu\/gui2\/?type=authors&amp;mode=browse&amp;sel=10028958\">Diana, Hazai<\/a>;\u00a0<a href=\"https:\/\/m2.mtmt.hu\/gui2\/?type=authors&amp;mode=browse&amp;sel=10028958\">Diana, Hazai<\/a>\u00a0(szerk.)<\/p> <p><a href=\"https:\/\/m2.mtmt.hu\/gui2\/?mode=browse&amp;params=publication;2198579\">The dystrophin protein family: Localization and physiological role.<\/a><\/p> <p>Saarbr\u00fccken, N\u00e9metorsz\u00e1g :\u00a0Lambert Academic Publishing (LAP)\u00a0(2010)\u00a0,\u00a076 p.<\/p> <p><strong>ISBN:\u00a0<\/strong><a href=\"https:\/\/www.worldcat.org\/search?q=isbn%3A9783838396231\"><strong>9783838396231<\/strong><\/a><\/td> <\/tr> <tr style=\"height: 24px\"> <td style=\"width: 52.0167px;text-align: center;height: 24px\">10.<\/td> <td style=\"width: 856.183px;height: 24px\"> <p><a href=\"https:\/\/m2.mtmt.hu\/gui2\/?type=authors&amp;mode=browse&amp;sel=10023247\">Kiss, David S<\/a>;\u00a0<a href=\"https:\/\/m2.mtmt.hu\/gui2\/?type=authors&amp;mode=browse&amp;sel=10022901\">Zsarnovszky, Attila<\/a>\u00a0;\u00a0Horvath, Krisztina\u00a0;\u00a0<a href=\"https:\/\/m2.mtmt.hu\/gui2\/?type=authors&amp;mode=browse&amp;sel=10001491\">Gyorffy, Andrea<\/a>\u00a0;\u00a0<a href=\"https:\/\/m2.mtmt.hu\/gui2\/?type=authors&amp;mode=browse&amp;sel=10002369\">Bartha, Tibor<\/a>\u00a0;\u00a0<a href=\"https:\/\/m2.mtmt.hu\/gui2\/?type=authors&amp;mode=browse&amp;sel=10028958\">Hazai, Diana<\/a>\u00a0;\u00a0<a href=\"https:\/\/m2.mtmt.hu\/gui2\/?type=authors&amp;mode=browse&amp;sel=10002252\">Sotonyi, Peter<\/a>\u00a0;\u00a0<a href=\"https:\/\/m2.mtmt.hu\/gui2\/?type=authors&amp;mode=browse&amp;sel=10023277\">Somogyi, Virag<\/a>\u00a0;\u00a0<a href=\"https:\/\/m2.mtmt.hu\/gui2\/?type=authors&amp;mode=browse&amp;sel=10008189\">Frenyo V, Laszlo<\/a>\u00a0;\u00a0Diano, Sabrina<\/p> <p><a href=\"https:\/\/m2.mtmt.hu\/gui2\/?mode=browse&amp;params=publication;1228647\">Ecto-nucleoside triphosphate diphosphohydrolase 3 in the ventral and lateral hypothalamic area of female rats: morphological characterization and functional implications<\/a><\/p> <p>REPRODUCTIVE BIOLOGY AND ENDOCRINOLOGY\u00a07\u00a0p. 31 Paper: 31 , 12 p.\u00a0(2009)<\/td> <\/tr> <tr style=\"height: 24px\"> <td style=\"width: 52.0167px;height: 24px\"><\/td> <td style=\"width: 856.183px;height: 24px\"><\/td> <\/tr> <\/tbody> <\/table> <p>&nbsp;<\/p>","protected":false},"excerpt":{"rendered":"<p>Fogad\u00f3\u00f3ra: oktat\u00e1si id\u0151szakban minden cs\u00fct\u00f6rt\u00f6k\u00f6n 12:00-13:00 Bemutatkoz\u00e1s Dr. Hazai Di\u00e1na Budapesten sz\u00fcletett, gimn\u00e1ziumi tanulm\u00e1nyait k\u00f6vet\u0151en 1997-ben felv\u00e9telt nyert a budapesti \u00c1llatorvostudom\u00e1nyi Egyetem Zool\u00f3gus szak\u00e1ra, ahol 2002-ben diplom\u00e1t szerzett. Diplomamunk\u00e1j\u00e1t az Anat\u00f3miai \u00e9s Sz\u00f6vettani Tansz\u00e9ken v\u00e9gezte \u00e9s 2002-ben a SZIE Tudom\u00e1nyos Di\u00e1kk\u00f6ri Konferenci\u00e1j\u00e1n m\u00e1sodik helyez\u00e9st \u00e9rt el. 2003-ban az Orsz\u00e1gos Tudom\u00e1nyi Di\u00e1kk\u00f6ri Konferenci\u00e1n is r\u00e9szt vett,<\/p>\n","protected":false},"author":5824,"featured_media":0,"parent":858,"menu_order":210,"comment_status":"closed","ping_status":"closed","template":"","meta":{"_acf_changed":false,"footnotes":""},"categories":[56],"tags":[],"class_list":["post-3895","page","type-page","status-publish","hentry","category-munkatarsak"],"acf":[],"_links":{"self":[{"href":"https:\/\/univet.hu\/hu\/wp-json\/wp\/v2\/pages\/3895","targetHints":{"allow":["GET"]}}],"collection":[{"href":"https:\/\/univet.hu\/hu\/wp-json\/wp\/v2\/pages"}],"about":[{"href":"https:\/\/univet.hu\/hu\/wp-json\/wp\/v2\/types\/page"}],"author":[{"embeddable":true,"href":"https:\/\/univet.hu\/hu\/wp-json\/wp\/v2\/users\/5824"}],"replies":[{"embeddable":true,"href":"https:\/\/univet.hu\/hu\/wp-json\/wp\/v2\/comments?post=3895"}],"version-history":[{"count":1,"href":"https:\/\/univet.hu\/hu\/wp-json\/wp\/v2\/pages\/3895\/revisions"}],"predecessor-version":[{"id":190678,"href":"https:\/\/univet.hu\/hu\/wp-json\/wp\/v2\/pages\/3895\/revisions\/190678"}],"up":[{"embeddable":true,"href":"https:\/\/univet.hu\/hu\/wp-json\/wp\/v2\/pages\/858"}],"wp:attachment":[{"href":"https:\/\/univet.hu\/hu\/wp-json\/wp\/v2\/media?parent=3895"}],"wp:term":[{"taxonomy":"category","embeddable":true,"href":"https:\/\/univet.hu\/hu\/wp-json\/wp\/v2\/categories?post=3895"},{"taxonomy":"post_tag","embeddable":true,"href":"https:\/\/univet.hu\/hu\/wp-json\/wp\/v2\/tags?post=3895"}],"curies":[{"name":"wp","href":"https:\/\/api.w.org\/{rel}","templated":true}]}}