{"id":3898,"date":"2017-10-24T15:43:00","date_gmt":"2017-10-24T13:43:00","guid":{"rendered":"http:\/\/univet.hu\/egyetem\/munkatarsak\/hazi-judit\/"},"modified":"2026-02-10T04:00:51","modified_gmt":"2026-02-10T03:00:51","slug":"hazi-judit","status":"publish","type":"page","link":"https:\/\/univet.hu\/hu\/egyetem\/munkatarsak\/hazi-judit\/","title":{"rendered":"H\u00e1zi Judit"},"content":{"rendered":"<p style=\"text-align: center\"><span style=\"font-size: 14pt\">Bemutatkoz\u00e1s<\/span><\/p> <div> <p>2017 \u00f3ta dolgozom az \u00c1llatorvostudom\u00e1nyi Egyetem N\u00f6v\u00e9nytani Tansz\u00e9k\u00e9n mint kutat\u00f3, oktat\u00f3, adjunktus. Az \u00e1llatorvosk\u00e9pz\u00e9s kereteiben magyarul \u00e9s n\u00e9met\u00fcl \u00e1llatorvosi n\u00f6v\u00e9nytant oktatok. A biol\u00f3gus- (zool\u00f3gus-) hallgat\u00f3k sz\u00e1m\u00e1ra n\u00f6v\u00e9nyrendszertant, az ehhez kapcsol\u00f3d\u00f3 ny\u00e1ri terepgyakorlatot, n\u00f6v\u00e9nyf\u00f6ldrajz \u00e9s t\u00e1rsul\u00e1stant, valamint term\u00e9szet- \u00e9s k\u00f6rnyezetv\u00e9delmet tan\u00edtok. 2018 \u00f3ta tartom a \u201eV\u00e9dett n\u00f6v\u00e9nyek ismerete\u201d c\u00edm\u0171 fakult\u00e1ci\u00f3t, 2021 \u00f3ta az \u201eEhet\u0151 vadn\u00f6v\u00e9nyek ismerete\u201d fakult\u00e1ci\u00f3t magyarul \u00e9s n\u00e9met\u00fcl, \u00e1llatorvos \u00e9s a biol\u00f3gus hallgat\u00f3k sz\u00e1m\u00e1ra. Szabadid\u0151mben kert\u00e9szkedek, olvasok, ker\u00e1mi\u00e1zok.<\/p> <p><strong>F\u0151bb kutat\u00e1si ter\u00fcletek: <\/strong><\/p> <ul> <li>Sz\u00e1razgyepek m\u00e1sodlagos szukcesszi\u00f3ja, bels\u0151 inv\u00e1zi\u00f3s p\u00e1zsitf\u0171 fajok viselked\u00e9se k\u00fcl\u00f6n\u00f6s tekintettel a siskan\u00e1d <em>(Calamagrostis epigeios)<\/em> szukcesszi\u00f3ban bet\u00f6lt\u00f6tt szerep\u00e9re.<\/li> <\/ul> <p><strong>El\u0151rehalad\u00e1s<\/strong><\/p> <table style=\"height: 314px\" width=\"925\"> <tbody> <tr style=\"height: 25px\"> <td style=\"width: 159.406px;height: 25px;text-align: center\"><strong>Munkahelyek<\/strong><\/td> <td style=\"width: 480.016px;height: 25px;text-align: center\"><strong>Int\u00e9zm\u00e9nyek<\/strong><\/td> <td style=\"width: 263.578px;height: 25px;text-align: center\"><strong>Beoszt\u00e1s<\/strong><\/td> <\/tr> <tr style=\"height: 25px\"> <td style=\"width: 159.406px;height: 25px;text-align: center\">2017 &#8211;<\/td> <td style=\"width: 480.016px;height: 25px;text-align: center\">\u00c1llatorvostudom\u00e1nyi Egyetem, N\u00f6v\u00e9nytani Tansz\u00e9k<\/td> <td style=\"width: 263.578px;height: 25px;text-align: center\">Egyetemi adjunktus<\/td> <\/tr> <tr style=\"height: 25px\"> <td style=\"width: 159.406px;height: 25px;text-align: center\">2013\u20132016<\/td> <td style=\"width: 480.016px;height: 25px;text-align: center\">Szent Istv\u00e1n Egyetem, MKK N\u00f6v\u00e9ny\u00f6kofiziol\u00f3giai Int\u00e9zet, N\u00f6v\u00e9nytani Tansz\u00e9k, G\u00f6d\u00f6ll\u0151<\/td> <td style=\"width: 263.578px;height: 25px;text-align: center\">Tudom\u00e1nyos munkat\u00e1rs<\/td> <\/tr> <tr style=\"height: 10px\"> <td style=\"width: 159.406px;height: 10px;text-align: center\">2012\u20132015<\/td> <td style=\"width: 480.016px;height: 10px;text-align: center\">Magyar Tudom\u00e1nyos Akad\u00e9mia \u00d6kol\u00f3giai Kutat\u00f3k\u00f6zpont \u00d6kol\u00f3giai \u00e9s Botanikai Int\u00e9zet, V\u00e1cr\u00e1t\u00f3t<\/td> <td style=\"width: 263.578px;height: 10px;text-align: center\">Tudom\u00e1nyos munkat\u00e1rs, funkcion\u00e1lis \u00f6kol\u00f3giai kutat\u00e1sok<\/td> <\/tr> <tr style=\"height: 25px\"> <td style=\"width: 159.406px;height: 25px;text-align: center\">2008 -2012<\/td> <td style=\"width: 480.016px;height: 25px;text-align: center\">K\u00f6rnyezettudom\u00e1nyi Doktori Iskola, G\u00f6d\u00f6ll\u0151<\/td> <td style=\"width: 263.578px;height: 25px;text-align: center\">PhD hallgat\u00f3<\/td> <\/tr> <tr style=\"height: 25px\"> <td style=\"width: 159.406px;height: 25px;text-align: center\">2003\u20132008<\/td> <td style=\"width: 480.016px;height: 25px;text-align: center\">K\u00f6rnyezetv\u00e9delmi \u00e9s V\u00edz\u00fcgyi Miniszt\u00e9rium, Term\u00e9szet- \u00e9s K\u00f6rnyezetmeg\u0151rz\u00e9si Szak\u00e1llamtitk\u00e1rs\u00e1g<\/td> <td style=\"width: 263.578px;height: 25px;text-align: center\">Vezet\u0151 tan\u00e1csos<\/td> <\/tr> <tr style=\"height: 25px\"> <td style=\"width: 159.406px;height: 25px;text-align: center\">1992-1998<\/td> <td style=\"width: 480.016px;height: 25px;text-align: center\">ELTE TTK biol\u00f3gus szak<\/td> <td style=\"width: 263.578px;height: 25px;text-align: center\">Egyetemi hallgat\u00f3<\/td> <\/tr> <tr style=\"height: 25px\"> <td style=\"width: 159.406px;height: 25px;text-align: center\">1989\u20131992<\/td> <td style=\"width: 480.016px;height: 25px;text-align: center\">Radn\u00f3ti Mikl\u00f3s Gimn\u00e1zium, Dunakeszi<\/td> <td style=\"width: 263.578px;height: 25px;text-align: center\">K\u00f6z\u00e9piskolai tanul\u00f3<\/td> <\/tr> <\/tbody> <\/table> <\/div> <p><strong>Szakmai szervezeti tags\u00e1g<br \/> <\/strong><\/p> <table style=\"height: 96px\" width=\"1008\"> <tbody> <tr style=\"height: 24px\"> <td style=\"height: 24px;width: 655.75px;text-align: center\"><strong>Bizotts\u00e1g neve<\/strong><\/td> <td style=\"height: 24px;width: 121.6px;text-align: center\"><strong>Id\u0151<\/strong><\/td> <td style=\"height: 24px;width: 210.25px;text-align: center\"><strong>Tiszts\u00e9g<\/strong><\/td> <\/tr> <tr style=\"height: 24px\"> <td style=\"height: 24px;width: 655.75px;text-align: center\">F\u00fcv\u00e9szkert\u00e9rt Alap\u00edtv\u00e1ny<\/td> <td style=\"height: 24px;width: 121.6px;text-align: center\">2006 \u00f3ta<\/td> <td style=\"height: 24px;width: 210.25px;text-align: center\">kurat\u00f3riumi tag<\/td> <\/tr> <tr style=\"height: 24px\"> <td style=\"height: 24px;width: 655.75px;text-align: center\">Eastern Alpine and Dinaric Society for Vegetation<\/td> <td style=\"height: 24px;width: 121.6px;text-align: center\">2011 \u00f3ta<\/td> <td style=\"height: 24px;width: 210.25px;text-align: center\">tag<\/td> <\/tr> <tr style=\"height: 24px\"> <td style=\"height: 24px;width: 655.75px;text-align: center\">European Dry Grassland Group<\/td> <td style=\"height: 24px;width: 121.6px;text-align: center\">2009 \u00f3ta<\/td> <td style=\"height: 24px;width: 210.25px;text-align: center\">tag<\/td> <\/tr> <\/tbody> <\/table> <div> <p><strong>\u00a0<\/strong><\/p> <p><strong>Eddigi szakdolgozat\/TDK hallgat\u00f3k sz\u00e1ma<\/strong><\/p> <p>1\/1<\/p> <table width=\"569\"> <tbody> <tr> <td colspan=\"2\" width=\"569\"><strong>PhD-hallgat\u00f3k<\/strong><\/td> <\/tr> <\/tbody> <\/table> <p><strong>Publik\u00e1ci\u00f3s lista (Top10)<\/strong><\/p> <p>MTMT:<\/p> <table style=\"height: 2007px\" width=\"1242\"> <tbody> <tr style=\"height: 46px\"> <td style=\"width: 68.7344px;height: 46px\"><em>\u00a0<\/em><\/td> <td style=\"width: 491.797px;height: 46px\"><em>Szerz\u0151(k), c\u00edm, megjelen\u00e9s helye<\/em><\/td> <td style=\"width: 209.375px;height: 46px\"><em>dokumentum t\u00edpusa:<\/em><\/td> <td style=\"width: 160.016px;height: 46px\"><em>megjelen\u00e9s \u00e9ve<\/em><\/td> <td style=\"width: 78.625px;height: 46px\"><em>IF:<\/em><\/td> <td style=\"width: 193.453px;height: 46px\"><em>f\u00fcggetlen id\u00e9z\u0151k sz\u00e1ma:<\/em><\/td> <\/tr> <tr style=\"height: 202px\"> <td style=\"width: 68.7344px;height: 202px\">1.<\/td> <td style=\"width: 491.797px;height: 202px\"> <p>Andrea Catorci , Karina Piermarteri ; K\u00e1roly Penksza , Judit H\u00e1zi) ; Federico Maria Tardella<\/p> <p>Filtering effect of temporal niche fluctuation and amplitude of environmental variations on the trait-related flowering patterns: lesson from sub-Mediterranean grasslands<\/p> <p>SCIENTIFIC REPORTS ( 2045-2322): 7 Paper 12034. 14 p. (2017)<\/td> <td style=\"width: 209.375px;height: 202px\">foly\u00f3iratcikk<\/td> <td style=\"width: 160.016px;height: 202px\">2017<\/td> <td style=\"width: 78.625px;height: 202px\">4.379<\/td> <td style=\"width: 193.453px;height: 202px\">5<\/td> <\/tr> <tr style=\"height: 193px\"> <td style=\"width: 68.7344px;height: 193px\">2.<\/td> <td style=\"width: 491.797px;height: 193px\"> <p>G\u00fcler B , Jentsch A , Apostolova I , Bartha S , Bloor JMG , Campetella G , Canullo R , H\u00e1zi J , Kreyling J , Pottier J , Szab\u00f3 G , Terziyska T , U\u011furlu E , Wellstein C , Zimmermann Z , Dengler J<\/p> <p>How plot shape and spatial arrangement affect plant species richness counts: implications for sampling design and rarefaction analyses<\/p> <p>JOURNAL OF VEGETATION SCIENCE\u00a027:(4)\u00a0pp. 692-703.\u00a0(2016)<\/td> <td style=\"width: 209.375px;height: 193px\">foly\u00f3iratcikk<\/td> <td style=\"width: 160.016px;height: 193px\">2016<\/td> <td style=\"width: 78.625px;height: 193px\"> <p>2.924<\/p> <p>&nbsp;<\/td> <td style=\"width: 193.453px;height: 193px\">26<\/td> <\/tr> <tr style=\"height: 195px\"> <td style=\"width: 68.7344px;height: 195px\">3.<\/td> <td style=\"width: 491.797px;height: 195px\"> <p>Bartha S , Szentes Sz , Horv\u00e1th A , H\u00e1zi J , Zimmermann Z , Moln\u00e1r Cs , Dancza I , Marg\u00f3czi K , P\u00e1l R , Purger D , Schmidt D , \u00d3v\u00e1ri M , Komoly C , Sutyinszki Zs , Szab\u00f3 G , Csath\u00f3 AI , Juh\u00e1sz M , Penksza K , Moln\u00e1r Zs<\/p> <p>Impact of mid-successional dominant species on the diversity and progress of succession in regenerating temperate grasslands<\/p> <p>APPLIED VEGETATION SCIENCE\u00a017:(2)\u00a0pp. 201-213.\u00a0(2014)<\/td> <td style=\"width: 209.375px;height: 195px\">foly\u00f3iratcikk<\/td> <td style=\"width: 160.016px;height: 195px\">2014<\/td> <td style=\"width: 78.625px;height: 195px\"> <p>2.548<\/p> <p>&nbsp;<\/td> <td style=\"width: 193.453px;height: 195px\">51<\/td> <\/tr> <tr style=\"height: 242px\"> <td style=\"width: 68.7344px;height: 242px\">4.<\/td> <td style=\"width: 491.797px;height: 242px\"> <p>Sz\u00e9pligeti M\u00e1ty\u00e1s, K\u0151r\u00f6si \u00c1d\u00e1m, Szentirmai Istv\u00e1n; H\u00e1zi Judit, Bartha D\u00e9nes, Bartha S\u00e1ndor<\/p> <p>Evaluating alternative mowing regimes for conservation management of Central European mesic hay meadows: A field experiment<\/p> <p>PLANT BIOSYSTEMS: AN INTERNATIONAL JOURNAL DEALING WITH ALL ASPECTS OF PLANT BIOLOGY: OFFICIAL JOURNAL OF THE SOCIETA BOTANICA ITALIANA (1126-3504 1724-5575): 152 1 pp 90-97 (2018)<\/td> <td style=\"width: 209.375px;height: 242px\">foly\u00f3iratcikk<\/td> <td style=\"width: 160.016px;height: 242px\">2018.<\/td> <td style=\"width: 78.625px;height: 242px\">1.685<\/td> <td style=\"width: 193.453px;height: 242px\">14<\/td> <\/tr> <tr style=\"height: 128px\"> <td style=\"width: 68.7344px;height: 128px\">5.<\/td> <td style=\"width: 491.797px;height: 128px\"> <p>H\u00e1zi J, Bartha S, Szentes S, Wichmann B, Penksza K<\/p> <p>Seminatural grassland management by mowing of Calamagrostis epigejos in Hungary<\/p> <p>PLANT BIOSYSTEMS\u00a0145:(3)\u00a0pp. 699-707.\u00a0(2011)<\/td> <td style=\"width: 209.375px;height: 128px\">foly\u00f3iratcikk<\/td> <td style=\"width: 160.016px;height: 128px\">2011<\/td> <td style=\"width: 78.625px;height: 128px\">1.661<\/td> <td style=\"width: 193.453px;height: 128px\">88<\/td> <\/tr> <tr style=\"height: 190px\"> <td style=\"width: 68.7344px;height: 190px\">6.<\/td> <td style=\"width: 491.797px;height: 190px\"> <p>Cz\u00f3bel Sz , N\u00e9meth Z , Szirmai O , Gyuricza Cs , T\u00f3th A , H\u00e1zi J , Vik\u00e1r D , Penksza K<\/p> <p>Short-term effects of extensive fertilization on community composition and carbon uptake in a Pannonian loess grassland.<\/p> <p>PHOTOSYNTHETICA\u00a051:(4)\u00a0pp. 490-496.\u00a0(2013)<\/td> <td style=\"width: 209.375px;height: 190px\">foly\u00f3iratcikk<\/td> <td style=\"width: 160.016px;height: 190px\">2013<\/td> <td style=\"width: 78.625px;height: 190px\">1,007<\/td> <td style=\"width: 193.453px;height: 190px\">6<\/td> <\/tr> <tr style=\"height: 192px\"> <td style=\"width: 68.7344px;height: 192px\">7.<\/td> <td style=\"width: 491.797px;height: 192px\"> <p>Bartha S, Campetella G, Ruprecht E, Kun A,\u00a0H\u00e1zi J, Horv\u00e1th A, Vir\u00e1gh K, Moln\u00e1r ZS<\/p> <p>Will inter-annual variability in sand grassland communities increase with climate change?<\/p> <p>COMMUNITY ECOLOGY\u00a09:\u00a0pp. 13-21.\u00a0(2008)<\/td> <td style=\"width: 209.375px;height: 192px\">foly\u00f3iratcikk<\/td> <td style=\"width: 160.016px;height: 192px\">2008<\/td> <td style=\"width: 78.625px;height: 192px\">0.898<\/td> <td style=\"width: 193.453px;height: 192px\">19<\/td> <\/tr> <tr style=\"height: 235px\"> <td style=\"width: 68.7344px;height: 235px\">8.<\/td> <td style=\"width: 491.797px;height: 235px\"> <p>Szentes Sz, Sutyinszki Zs, Szab\u00f3 G, Zimmermann Z, H\u00e1zi J, Wichmann B, Hufn\u00e1gel L, Penksza K, Bartha S<\/p> <p>Grazed Pannonian grassland beta-diversity changes due to C4 yellow bluestem<\/p> <p>CENTRAL EUROPEAN JOURNAL OF BIOLOGY\u00a07:(6)\u00a0pp. 1055-1065.\u00a0(2012)<\/td> <td style=\"width: 209.375px;height: 235px\">foly\u00f3iratcikk<\/td> <td style=\"width: 160.016px;height: 235px\">2012<\/td> <td style=\"width: 78.625px;height: 235px\">1.000<\/td> <td style=\"width: 193.453px;height: 235px\">27<\/td> <\/tr> <tr style=\"height: 174px\"> <td style=\"width: 68.7344px;height: 174px\">9.<\/td> <td style=\"width: 491.797px;height: 174px\"> <p>Penksza K, Nagy A, Laborczi A, Pint\u00e9r B, H\u00e1zi J<\/p> <p>Wet habitats along River Ipoly (Hungary) in 2000 (extremely dry) and 2010 (extremely wet)<\/p> <p>JOURNAL OF MAPS\u00a08:(2)\u00a0pp. 157-164.\u00a0(2012)<\/td> <td style=\"width: 209.375px;height: 174px\">foly\u00f3iratcikk<\/td> <td style=\"width: 160.016px;height: 174px\">2012<\/td> <td style=\"width: 78.625px;height: 174px\">0.296<\/td> <td style=\"width: 193.453px;height: 174px\">4<\/td> <\/tr> <tr style=\"height: 210px\"> <td style=\"width: 68.7344px;height: 210px\">10.<\/td> <td style=\"width: 491.797px;height: 210px\"> <p>H\u00e1zi J, Penksza K, Bartha S, Hufnagel L, T\u00f3th A, Gyuricza Cs, Szentes Sz<\/p> <p>Cut mowing and grazing effects with grey cattle on plant species composition in case of Pannon wet grasslands<\/p> <p>APPLIED ECOLOGY AND ENVIRONMENTAL RESEARCH\u00a010:(3)\u00a0pp. 223-231.\u00a0(2012)<\/td> <td style=\"width: 209.375px;height: 210px\">foly\u00f3iratcikk<\/td> <td style=\"width: 160.016px;height: 210px\">2012<\/td> <td style=\"width: 78.625px;height: 210px\">0.379<\/td> <td style=\"width: 193.453px;height: 210px\">43<\/td> <\/tr> <\/tbody> <\/table> <p>&nbsp;<\/p> <h3>Fogad\u00f3\u00f3ra:<\/h3> <p>Cs\u00fct\u00f6rt\u00f6k\u00f6nk\u00e9nt 12-14h. k\u00f6z\u00f6tt.<\/p> <p>El\u0151zetes egyeztet\u00e9s e-mailben: <a class=\"decrypt\" rel=\"ib{j\/kvejuAvojwfu\/iv\" href=\"javascript:void(0);\">[Kattintson az emailc\u00edmhez]<\/a><\/p> <\/div> <h2><\/h2>","protected":false},"excerpt":{"rendered":"<p>Bemutatkoz\u00e1s 2017 \u00f3ta dolgozom az \u00c1llatorvostudom\u00e1nyi Egyetem N\u00f6v\u00e9nytani Tansz\u00e9k\u00e9n mint kutat\u00f3, oktat\u00f3, adjunktus. Az \u00e1llatorvosk\u00e9pz\u00e9s kereteiben magyarul \u00e9s n\u00e9met\u00fcl \u00e1llatorvosi n\u00f6v\u00e9nytant oktatok. A biol\u00f3gus- (zool\u00f3gus-) hallgat\u00f3k sz\u00e1m\u00e1ra n\u00f6v\u00e9nyrendszertant, az ehhez kapcsol\u00f3d\u00f3 ny\u00e1ri terepgyakorlatot, n\u00f6v\u00e9nyf\u00f6ldrajz \u00e9s t\u00e1rsul\u00e1stant, valamint term\u00e9szet- \u00e9s k\u00f6rnyezetv\u00e9delmet tan\u00edtok. 2018 \u00f3ta tartom a \u201eV\u00e9dett n\u00f6v\u00e9nyek ismerete\u201d c\u00edm\u0171 fakult\u00e1ci\u00f3t, 2021 \u00f3ta az \u201eEhet\u0151 vadn\u00f6v\u00e9nyek<\/p>\n","protected":false},"author":5824,"featured_media":0,"parent":858,"menu_order":211,"comment_status":"closed","ping_status":"closed","template":"","meta":{"_acf_changed":false,"footnotes":""},"categories":[56],"tags":[],"class_list":["post-3898","page","type-page","status-publish","hentry","category-munkatarsak"],"acf":[],"_links":{"self":[{"href":"https:\/\/univet.hu\/hu\/wp-json\/wp\/v2\/pages\/3898","targetHints":{"allow":["GET"]}}],"collection":[{"href":"https:\/\/univet.hu\/hu\/wp-json\/wp\/v2\/pages"}],"about":[{"href":"https:\/\/univet.hu\/hu\/wp-json\/wp\/v2\/types\/page"}],"author":[{"embeddable":true,"href":"https:\/\/univet.hu\/hu\/wp-json\/wp\/v2\/users\/5824"}],"replies":[{"embeddable":true,"href":"https:\/\/univet.hu\/hu\/wp-json\/wp\/v2\/comments?post=3898"}],"version-history":[{"count":3,"href":"https:\/\/univet.hu\/hu\/wp-json\/wp\/v2\/pages\/3898\/revisions"}],"predecessor-version":[{"id":190461,"href":"https:\/\/univet.hu\/hu\/wp-json\/wp\/v2\/pages\/3898\/revisions\/190461"}],"up":[{"embeddable":true,"href":"https:\/\/univet.hu\/hu\/wp-json\/wp\/v2\/pages\/858"}],"wp:attachment":[{"href":"https:\/\/univet.hu\/hu\/wp-json\/wp\/v2\/media?parent=3898"}],"wp:term":[{"taxonomy":"category","embeddable":true,"href":"https:\/\/univet.hu\/hu\/wp-json\/wp\/v2\/categories?post=3898"},{"taxonomy":"post_tag","embeddable":true,"href":"https:\/\/univet.hu\/hu\/wp-json\/wp\/v2\/tags?post=3898"}],"curies":[{"name":"wp","href":"https:\/\/api.w.org\/{rel}","templated":true}]}}