{"id":3901,"date":"2015-12-19T19:29:00","date_gmt":"2015-12-19T18:29:00","guid":{"rendered":"http:\/\/univet.hu\/egyetem\/munkatarsak\/hegedusne-balogh-kata\/"},"modified":"2026-02-10T04:00:33","modified_gmt":"2026-02-10T03:00:33","slug":"balogh-katalin","status":"publish","type":"page","link":"https:\/\/univet.hu\/hu\/egyetem\/munkatarsak\/balogh-katalin\/","title":{"rendered":"Balogh Katalin"},"content":{"rendered":"<p>Balogh Katalin m\u00e1r t\u00f6bb, mint t\u00edz \u00e9ve a tansz\u00e9k\u00fcnk labortechnikusa. Munk\u00e1j\u00e1val seg\u00edti a tansz\u00e9ken foly\u00f3 oktat\u00e1st, a kutat\u00e1si projektek megval\u00f3sul\u00e1s\u00e1t.<\/p> <p>F\u0151bb feladatai:<\/p> <ul> <li>Mikrobiol\u00f3giai Laborat\u00f3rium asszisztencia<\/li> <li>t\u00e1ptalajok \u00f6nt\u00e9se<\/li> <li>laborat\u00f3riumi munk\u00e1k el\u0151k\u00e9sz\u00edt\u00e9se<\/li> <li>gyakorlati oktat\u00e1si anyagok el\u0151k\u00e9sz\u00edt\u00e9se<\/li> <\/ul> <p>(Friss\u00edtve: 2021. augusztus)<\/p>","protected":false},"excerpt":{"rendered":"<p>Balogh Katalin m\u00e1r t\u00f6bb, mint t\u00edz \u00e9ve a tansz\u00e9k\u00fcnk labortechnikusa. Munk\u00e1j\u00e1val seg\u00edti a tansz\u00e9ken foly\u00f3 oktat\u00e1st, a kutat\u00e1si projektek megval\u00f3sul\u00e1s\u00e1t. F\u0151bb feladatai: Mikrobiol\u00f3giai Laborat\u00f3rium asszisztencia t\u00e1ptalajok \u00f6nt\u00e9se laborat\u00f3riumi munk\u00e1k el\u0151k\u00e9sz\u00edt\u00e9se gyakorlati oktat\u00e1si anyagok el\u0151k\u00e9sz\u00edt\u00e9se (Friss\u00edtve: 2021. augusztus)<\/p>\n","protected":false},"author":5824,"featured_media":0,"parent":858,"menu_order":211,"comment_status":"closed","ping_status":"closed","template":"","meta":{"_acf_changed":false,"footnotes":""},"categories":[56],"tags":[],"class_list":["post-3901","page","type-page","status-publish","hentry","category-munkatarsak"],"acf":[],"_links":{"self":[{"href":"https:\/\/univet.hu\/hu\/wp-json\/wp\/v2\/pages\/3901","targetHints":{"allow":["GET"]}}],"collection":[{"href":"https:\/\/univet.hu\/hu\/wp-json\/wp\/v2\/pages"}],"about":[{"href":"https:\/\/univet.hu\/hu\/wp-json\/wp\/v2\/types\/page"}],"author":[{"embeddable":true,"href":"https:\/\/univet.hu\/hu\/wp-json\/wp\/v2\/users\/5824"}],"replies":[{"embeddable":true,"href":"https:\/\/univet.hu\/hu\/wp-json\/wp\/v2\/comments?post=3901"}],"version-history":[{"count":1,"href":"https:\/\/univet.hu\/hu\/wp-json\/wp\/v2\/pages\/3901\/revisions"}],"predecessor-version":[{"id":199577,"href":"https:\/\/univet.hu\/hu\/wp-json\/wp\/v2\/pages\/3901\/revisions\/199577"}],"up":[{"embeddable":true,"href":"https:\/\/univet.hu\/hu\/wp-json\/wp\/v2\/pages\/858"}],"wp:attachment":[{"href":"https:\/\/univet.hu\/hu\/wp-json\/wp\/v2\/media?parent=3901"}],"wp:term":[{"taxonomy":"category","embeddable":true,"href":"https:\/\/univet.hu\/hu\/wp-json\/wp\/v2\/categories?post=3901"},{"taxonomy":"post_tag","embeddable":true,"href":"https:\/\/univet.hu\/hu\/wp-json\/wp\/v2\/tags?post=3901"}],"curies":[{"name":"wp","href":"https:\/\/api.w.org\/{rel}","templated":true}]}}