{"id":3910,"date":"2018-05-15T23:06:00","date_gmt":"2018-05-15T21:06:00","guid":{"rendered":"http:\/\/univet.hu\/egyetem\/munkatarsak\/heinzlmann-andrea\/"},"modified":"2026-02-10T04:00:51","modified_gmt":"2026-02-10T03:00:51","slug":"heinzlmann-andrea","status":"publish","type":"page","link":"https:\/\/univet.hu\/hu\/egyetem\/munkatarsak\/heinzlmann-andrea\/","title":{"rendered":"Heinzlmann Andrea"},"content":{"rendered":"<p>FOGAD\u00d3\u00d3RA: oktat\u00e1si id\u0151szakban keddenk\u00e9nt 8.15-9.15<\/p> <p style=\"text-align: center;\"><strong>Bemutatkoz\u00e1s\u00a0\u00a0 <\/strong><\/p> <p>Dr. Heinzlmann Andrea Bajn\u00e1n sz\u00fcletett, gimn\u00e1ziumi tanulm\u00e1nyait k\u00f6vet\u0151en 1995-ben felv\u00e9telt nyert a Semmelweis Egyetem \u00c1ltal\u00e1nos Orvosi Kar\u00e1ra. 1998-ban kezdte el tudom\u00e1nyos di\u00e1kk\u00f6ri munk\u00e1j\u00e1t a Hum\u00e1nmorfol\u00f3giai \u00e9s Fejl\u0151d\u00e9sbiol\u00f3giai Int\u00e9zetben Prof. Dr. K\u00f6ves Katalin laborat\u00f3rium\u00e1ban.1999-t\u0151l demonstr\u00e1tork\u00e9nt vett r\u00e9szt az anat\u00f3mia &#8211; \u00e9s sz\u00f6vettan oktat\u00e1s\u00e1ban. 2004-t\u0151l gyakornokk\u00e9nt kezd el dolgozni a Hum\u00e1nmorfol\u00f3giai \u00e9s Fejl\u0151d\u00e9sbiol\u00f3giai Int\u00e9zetben. 2011-ben szerezte meg PhD-fokozat\u00e1t. 2014-ben a publik\u00e1ci\u00f3s tev\u00e9kenys\u00e9ge alapj\u00e1n bev\u00e1lasztott\u00e1k a 40 \u00e9v alatti orvostudom\u00e1ny j\u00f6v\u0151form\u00e1l\u00f3i TOP25 felt\u00f6rekv\u0151 tehets\u00e9gek k\u00f6z\u00e9. 2013 \u2013 2018 k\u00f6z\u00f6tt az Autizmus Spektrum Zavarok Kutat\u00f3 Laborat\u00f3riumot vezette. 2014-t\u0151l ind\u00edtotta el az Autizmus Spektrum Zavarok c. Gradu\u00e1lis kurzust \u00e1ltal\u00e1nos orvostanhallgat\u00f3k r\u00e9sz\u00e9re a Semmelweis Egyetemen. 2017 &#8211; t\u0151l az \u00c1llatorvos Tudom\u00e1nyi Egyetem, Anat\u00f3mia \u00e9s Sz\u00f6vettani Tansz\u00e9k\u00e9n kezd el dolgozni. 2011-ben\u00a0summa cum laude megv\u00e9dte Ph.D dolgozat\u00e1t. 2019-ben teljes\u00edtette az Egyetem Habilit\u00e1ci\u00f3s elj\u00e1r\u00e1s\u00e1nak k\u00f6vetelm\u00e9nyeit.\u00a02023-ban Pro Universitate Arany \u00c9rmet adom\u00e1nyozott az \u00c1llatorvostudom\u00e1nyi Egyetem Szen\u00e1tusa kiv\u00e1l\u00f3 oktat\u00e1si tev\u00e9kenys\u00e9g\u00e9nek elismer\u00e9s\u00e9\u00fcl.<\/p> <p><strong>F\u0151bb kutat\u00e1si ter\u00fcletek:<\/strong><\/p> <ul> <li>Az hypophysis adenil\u00e1t cikl\u00e1z aktiv\u00e1l\u00f3 polipetid (PACAP) ovul\u00e1ci\u00f3 g\u00e1tl\u00f3 hat\u00e1s\u00e1nak vizsg\u00e1lata n\u0151st\u00e9ny patk\u00e1nyban<\/li> <li>A szekretin k\u00f6zponti idegrendszeri el\u0151fordul\u00e1s\u00e1nak immunhisztok\u00e9miai m\u00f3dszerekkel t\u00f6rt\u00e9n\u0151 felder\u00edt\u00e9se<\/li> <li>Progeszteron hat\u00e1sa a kr\u00f3nikusan alkalmazott \u00f6sztrog\u00e9n kezel\u00e9s nem k\u00edv\u00e1natos hat\u00e1saira hypophysis mells\u0151 lebeny\u00e9ben l\u00e9v\u0151 hormontermel\u0151 sejtek m\u0171k\u00f6d\u00e9s\u00e9re, valamint az S-100 proteint termel\u0151 \u00fan. follikul\u00e1ris sejtek eloszl\u00e1s\u00e1ra Sprague-Dawley h\u00edm \u00e9s n\u0151st\u00e9ny patk\u00e1nyokban<\/li> <li>Valpro\u00e1tsav \u00e9s biszfenol kezel\u00e9sek patofiziol\u00f3gi\u00e1j\u00e1nak vizsg\u00e1lata patk\u00e1ny modellekben<\/li> <\/ul> <p><strong>El\u0151rehalad\u00e1s<\/strong><\/p> <table style=\"height: 266px;\" width=\"982\"> <tbody> <tr style=\"height: 28px;\"> <td style=\"width: 205.141px; height: 28px; text-align: center;\"><strong>Munkahelyek<\/strong><\/td> <td style=\"width: 517.875px; height: 28px; text-align: center;\"><strong>Int\u00e9zm\u00e9ny neve<\/strong><\/td> <td style=\"width: 236.984px; height: 28px; text-align: center;\"><strong>beoszt\u00e1s<\/strong><\/td> <\/tr> <tr style=\"height: 28px;\"> <td style=\"width: 205.141px; height: 28px; text-align: center;\">2020-<\/td> <td style=\"width: 517.875px; height: 28px; text-align: center;\">\u00c1llatorvostudom\u00e1nyi Egyetem, Anat\u00f3miai \u00e9s Sz\u00f6vettani Tansz\u00e9k<\/td> <td style=\"width: 236.984px; height: 28px; text-align: center;\">egyetemi docens<\/td> <\/tr> <tr style=\"height: 25px;\"> <td style=\"width: 205.141px; height: 25px; text-align: center;\">2017-2020<\/td> <td style=\"width: 517.875px; height: 25px; text-align: center;\">\u00c1llatorvostudom\u00e1nyi Egyetem, Anat\u00f3miai \u00e9s Sz\u00f6vettani Tansz\u00e9k<\/td> <td style=\"width: 236.984px; height: 25px; text-align: center;\">egyetemi adjunktus<\/td> <\/tr> <tr style=\"height: 28px;\"> <td style=\"width: 205.141px; height: 28px; text-align: center;\">2013-2017<\/td> <td style=\"width: 517.875px; height: 28px; text-align: center;\">SE, Hum\u00e1nmorfol\u00f3giai \u00e9s Fejl\u0151d\u00e9sbiol\u00f3giai Int\u00e9zet<\/td> <td style=\"width: 236.984px; height: 28px; text-align: center;\">egyetemi adjunktus<\/td> <\/tr> <tr style=\"height: 28px;\"> <td style=\"width: 205.141px; height: 28px; text-align: center;\">2012-2013<\/td> <td style=\"width: 517.875px; height: 28px; text-align: center;\">Graduate School of Biomedical &amp; Health Sciences, Hiroshima University, Hiroshima<\/td> <td style=\"width: 236.984px; height: 28px; text-align: center;\">postdoktori \u00f6szt\u00f6nd\u00edjas<\/td> <\/tr> <tr style=\"height: 28px;\"> <td style=\"width: 205.141px; height: 28px; text-align: center;\">2008-2013<\/td> <td style=\"width: 517.875px; height: 28px; text-align: center;\">SE, Hum\u00e1nmorfol\u00f3giai \u00e9s Fejl\u0151d\u00e9sbiol\u00f3giai Int\u00e9zet<\/td> <td style=\"width: 236.984px; height: 28px; text-align: center;\">egyetemi tan\u00e1rseg\u00e9d<\/td> <\/tr> <tr style=\"height: 28px;\"> <td style=\"width: 205.141px; height: 28px; text-align: center;\">2004-2008<\/td> <td style=\"width: 517.875px; height: 28px; text-align: center;\">SE, Hum\u00e1nmorfol\u00f3giai \u00e9s Fejl\u0151d\u00e9sbiol\u00f3giai Int\u00e9zet<\/td> <td style=\"width: 236.984px; height: 28px; text-align: center;\">egyetemi gyakornok<\/td> <\/tr> <\/tbody> <\/table> <p><strong>Szakmai szervezeti tags\u00e1g<\/strong><\/p> <table style=\"height: 198px;\" width=\"994\"> <tbody> <tr style=\"height: 63px;\"> <td style=\"width: 519.55px; height: 63px; text-align: center;\"><strong>Bizotts\u00e1g neve<\/strong><\/td> <td style=\"width: 103.733px; height: 63px; text-align: center;\"><strong>Id\u0151<\/strong><\/td> <td style=\"width: 350.317px; height: 63px; text-align: center;\"><strong>Tiszts\u00e9g<\/strong><\/td> <\/tr> <tr style=\"height: 27px;\"> <td style=\"width: 519.55px; height: 27px; text-align: center;\">\u00a0Magyar Anat\u00f3musok, Hisztol\u00f3gusok \u00e9s Embriol\u00f3gusok T\u00e1rsas\u00e1ga<\/td> <td style=\"width: 103.733px; height: 27px; text-align: center;\">\u00a02021-<\/td> <td style=\"width: 350.317px; height: 27px; text-align: center;\">\u00a0p\u00e9nzt\u00e1ros<\/td> <\/tr> <tr style=\"height: 27px;\"> <td style=\"width: 519.55px; height: 27px; text-align: center;\">\u00a0Magyar Anat\u00f3musok, Hisztol\u00f3gusok \u00e9s Embriol\u00f3gusok T\u00e1rsas\u00e1ga<\/td> <td style=\"width: 103.733px; height: 27px; text-align: center;\">\u00a02017-<\/td> <td style=\"width: 350.317px; height: 27px; text-align: center;\">\u00a0vezet\u0151s\u00e9gi tag<\/td> <\/tr> <tr style=\"height: 27px;\"> <td style=\"width: 519.55px; height: 27px; text-align: center;\">\u00a0Magyar Endokrinol\u00f3giai \u00e9s Anyagcsere T\u00e1rsas\u00e1g<\/td> <td style=\"width: 103.733px; height: 27px; text-align: center;\">\u00a02005-<\/td> <td style=\"width: 350.317px; height: 27px; text-align: center;\">\u00a0tag<\/td> <\/tr> <tr> <td style=\"width: 519.55px; text-align: center;\">Magyar Orvosok Sz\u00f6vets\u00e9ge<\/td> <td style=\"width: 103.733px; text-align: center;\">2004-<\/td> <td style=\"width: 350.317px; text-align: center;\"><\/td> <\/tr> <tr style=\"height: 27px;\"> <td style=\"width: 519.55px; height: 27px; text-align: center;\">\u00a0Magyar Anat\u00f3musok, Hisztol\u00f3gusok \u00e9s Embriol\u00f3gusok T\u00e1rsas\u00e1ga<\/td> <td style=\"width: 103.733px; height: 27px; text-align: center;\">\u00a02003-2017<\/td> <td style=\"width: 350.317px; height: 27px; text-align: center;\">\u00a0tag<\/td> <\/tr> <\/tbody> <\/table> <p>&nbsp;<\/p> <p><strong>\u00a0<\/strong><strong>Eddigi szakdolgozat\/TDK hallgat\u00f3k sz\u00e1ma<\/strong><\/p> <p>8<\/p> <p><strong>PhD-hallgat\u00f3k<\/strong> &#8211;<\/p> <p><strong>Oktatott tant\u00e1rgyak<\/strong><\/p> <p>Anat\u00f3mia (angol, magyar, n\u00e9met nyelven)<\/p> <p>Sz\u00f6vettan (magyar, n\u00e9met nyelven)<\/p> <p>Hum\u00e1n Anat\u00f3mia (angol, magyar, n\u00e9met nyelven)<\/p> <p>Fejl\u0151d\u00e9stan (angol nyelven)<\/p> <p>&nbsp;<\/p> <p><strong>Publik\u00e1ci\u00f3s lista (Top10)<\/strong><\/p> <p>MTMT:\u00a0 <a href=\"https:\/\/m2.mtmt.hu\/gui2\/?type=authors&amp;mode=browse&amp;sel=10018470&amp;paging=1;20\">https:\/\/m2.mtmt.hu\/gui2\/?type=authors&amp;mode=browse&amp;sel=10018470&amp;paging=1;20<\/a><\/p> <table style=\"height: 305px;\" width=\"976\"> <tbody> <tr> <td style=\"width: 49.0667px;\">1.<\/td> <td style=\"width: 912.133px;\">K\u00f6ves K, Szab\u00f3 E, K\u00e1ntor O,\u00a0<strong>Heinzlmann A<\/strong>, Szab\u00f3 F, Cs\u00e1ki \u00c1. <a href=\"https:\/\/pubmed.ncbi.nlm.nih.gov\/32210912\/\">Current State of Understanding of the Role of PACAP in the Hypothalamo-Hypophyseal Gonadotropin Functions of Mammals.<\/a> Front Endocrinol (Lausanne). 2020 Mar 6;11:88. doi: 10.3389\/fendo.2020.00088. eCollection 2020.PMID:\u00a032210912<\/td> <\/tr> <tr> <td style=\"width: 49.0667px;\">2.<\/td> <td style=\"width: 912.133px;\"><strong>Heinzlmann A,<\/strong> Ol\u00e1h M, K\u00f6ves K.: Intranasal application of neuroactive agents (PACAP and \u03b2-cyclodextrin) before the \u201ecritical period of proestrous stage\u201d can block the ovulation. Biologia Futura, <a href=\"https:\/\/doi.org\/10.1556\/019.70.2019.08\">https:\/\/doi.org\/10.1556\/019.70.2019.08<\/a><\/td> <\/tr> <tr> <td style=\"width: 49.0667px;\">3.<\/td> <td style=\"width: 912.133px;\">T\u00f3th ZE, <strong>Heinzlmann A<\/strong>, Hashimoto H, K\u00f6ves K. Distribution of Secretin Receptors in the Rat Central Nervous System an in situ Hybridization Study. Journal of Molecular Neurosci. 2012, J Mol Neurosci. doi: 10.1007\/s12031-012-9895-1., 2012 Oct 11.<\/td> <\/tr> <tr> <td style=\"width: 49.0667px;\">4.<\/td> <td style=\"width: 912.133px;\"><strong>Heinzlmann A,<\/strong> Kiss G, T\u00f3th ZE, Dochnal R, P\u00e1l \u00c1, Sipos I, Manczinger M, Szab\u00f3 G, Hashimoto H, K\u00f6ves K. Intranasal application of secretin, similarly to intracerebroventricular administration, influences the motor behavior of mice probably through specific receptors. J Mol Neurosci. 2012 Nov;48(3):558-64.<\/td> <\/tr> <tr> <td style=\"width: 49.0667px;\">5.<\/td> <td style=\"width: 912.133px;\"><strong>Heinzlmann A, <\/strong>T\u00f3th ZE, K\u00f6ves K. Secretin mRNA in the Subdivisions of Primary Sensory Neurons in the Trigeminal Ganglion of Rats. Journal of Molecular Neurosci, 2011, 43(1):101-108<\/td> <\/tr> <tr> <td style=\"width: 49.0667px;\">6.<\/td> <td style=\"width: 912.133px;\"><strong>Heinzlmann A,<\/strong> Koves K, Kovacs M, Csernus V. Sexual dimorphism in the effect of concomitant progesterone administration on changes caused by long-term estrogen treatment in pituitary hormone immunoreactivities of rats. Med Sci Monit. 2011, 25;17(3):BR62-73.<\/td> <\/tr> <tr> <td style=\"width: 49.0667px;\">7.<\/td> <td style=\"width: 912.133px;\"><strong>Heinzlmann A,<\/strong> K\u00f6ves K, Nagy GM. Effect of concomitant progesterone administration or the effect of removal of estrogen on changes caused by long-term estrogen treatment in pituitary VIP immunoreactivities. Endocrine, 2010, 37(3):396-402<\/td> <\/tr> <tr> <td style=\"width: 49.0667px;\">8.<\/td> <td style=\"width: 912.133px;\"><strong>Heinzlmann A, <\/strong>K\u00f6ves K: The characteristic change in the distribution of S-100 immunoreactive folliculostellate cells in rat anterior pituitary upon long-term estrogen treatment is prevented by concomitant progesterone treatment. Endocrine, 2008, 33(3):342-348<\/td> <\/tr> <tr> <td style=\"width: 49.0667px;\">9.<\/td> <td style=\"width: 912.133px;\"><strong>Heinzlmann A,<\/strong> Kirilly E, Meltzer K, Szab\u00f3 E, Baba A, Hashimoto H, K\u00f6ves K. PACAP is transiently expressed in anterior pituitary gland of rats. In situ hybridization and cell immunoblot assay studies.\u00a0 Peptides, 2008, 29(4):571-577<\/td> <\/tr> <tr> <td style=\"width: 49.0667px;\">10.<\/td> <td style=\"width: 912.133px;\"><strong>Heinzlmann A,<\/strong> Kov\u00e1cs M, K\u00f6ves K. 2007: Undesired changes caused by long term estrogen treatment in the immunoreactivity of LH, FSH, PRL, ACTH and S-100 (present in folliculostellate cells) is modified by concommitant progesterone administration. Acta Biologica Szegediensis 51, Suppl. 1: 14.<\/td> <\/tr> <\/tbody> <\/table> <p>&nbsp;<\/p>","protected":false},"excerpt":{"rendered":"<p>FOGAD\u00d3\u00d3RA: oktat\u00e1si id\u0151szakban keddenk\u00e9nt 8.15-9.15 Bemutatkoz\u00e1s\u00a0\u00a0 Dr. Heinzlmann Andrea Bajn\u00e1n sz\u00fcletett, gimn\u00e1ziumi tanulm\u00e1nyait k\u00f6vet\u0151en 1995-ben felv\u00e9telt nyert a Semmelweis Egyetem \u00c1ltal\u00e1nos Orvosi Kar\u00e1ra. 1998-ban kezdte el tudom\u00e1nyos di\u00e1kk\u00f6ri munk\u00e1j\u00e1t a Hum\u00e1nmorfol\u00f3giai \u00e9s Fejl\u0151d\u00e9sbiol\u00f3giai Int\u00e9zetben Prof. Dr. K\u00f6ves Katalin laborat\u00f3rium\u00e1ban.1999-t\u0151l demonstr\u00e1tork\u00e9nt vett r\u00e9szt az anat\u00f3mia &#8211; \u00e9s sz\u00f6vettan oktat\u00e1s\u00e1ban. 2004-t\u0151l gyakornokk\u00e9nt kezd el dolgozni a Hum\u00e1nmorfol\u00f3giai<\/p>\n","protected":false},"author":5824,"featured_media":0,"parent":858,"menu_order":211,"comment_status":"closed","ping_status":"closed","template":"","meta":{"_acf_changed":false,"footnotes":""},"categories":[56],"tags":[],"class_list":["post-3910","page","type-page","status-publish","hentry","category-munkatarsak"],"acf":[],"_links":{"self":[{"href":"https:\/\/univet.hu\/hu\/wp-json\/wp\/v2\/pages\/3910","targetHints":{"allow":["GET"]}}],"collection":[{"href":"https:\/\/univet.hu\/hu\/wp-json\/wp\/v2\/pages"}],"about":[{"href":"https:\/\/univet.hu\/hu\/wp-json\/wp\/v2\/types\/page"}],"author":[{"embeddable":true,"href":"https:\/\/univet.hu\/hu\/wp-json\/wp\/v2\/users\/5824"}],"replies":[{"embeddable":true,"href":"https:\/\/univet.hu\/hu\/wp-json\/wp\/v2\/comments?post=3910"}],"version-history":[{"count":1,"href":"https:\/\/univet.hu\/hu\/wp-json\/wp\/v2\/pages\/3910\/revisions"}],"predecessor-version":[{"id":199600,"href":"https:\/\/univet.hu\/hu\/wp-json\/wp\/v2\/pages\/3910\/revisions\/199600"}],"up":[{"embeddable":true,"href":"https:\/\/univet.hu\/hu\/wp-json\/wp\/v2\/pages\/858"}],"wp:attachment":[{"href":"https:\/\/univet.hu\/hu\/wp-json\/wp\/v2\/media?parent=3910"}],"wp:term":[{"taxonomy":"category","embeddable":true,"href":"https:\/\/univet.hu\/hu\/wp-json\/wp\/v2\/categories?post=3910"},{"taxonomy":"post_tag","embeddable":true,"href":"https:\/\/univet.hu\/hu\/wp-json\/wp\/v2\/tags?post=3910"}],"curies":[{"name":"wp","href":"https:\/\/api.w.org\/{rel}","templated":true}]}}