{"id":3913,"date":"2018-04-10T12:36:00","date_gmt":"2018-04-10T10:36:00","guid":{"rendered":"http:\/\/univet.hu\/egyetem\/munkatarsak\/hejel-peter\/"},"modified":"2026-02-10T04:00:52","modified_gmt":"2026-02-10T03:00:52","slug":"hejel-peter","status":"publish","type":"page","link":"https:\/\/univet.hu\/hu\/egyetem\/munkatarsak\/hejel-peter\/","title":{"rendered":"Hejel P\u00e9ter"},"content":{"rendered":"<p style=\"text-align: center;\"><span style=\"font-size: 14pt;\"><strong>Bemutatkoz\u00e1s<\/strong><\/span><\/p> <p>1996 \u00f3ta dolgozom a hazai tejtermel\u0151 szarvasmarha szektorban, a tart\u00e1stechnol\u00f3giai rendszerek fejleszt\u00e9se, tervez\u00e9se, \u00fczemeltet\u00e9se, a termel\u00e9sir\u00e1ny\u00edt\u00e1s, az \u00e1llom\u00e1nyok \u00e1llateg\u00e9szs\u00e9g\u00fcgyi- \u00e9s takarm\u00e1nyoz\u00e1si menedzsmentj\u00e9nek ter\u00fclet\u00e9n, a teny\u00e9szt\u00e9sszervez\u00e9sben, az \u00e1llatgy\u00f3gyszer-kereskedelemben.<\/p> <p>Legink\u00e1bb azonban az egyetemi kutat\u00e1s, oktat\u00e1s \u00e1ll k\u00f6zel szakmai \u00e9rdekl\u0151d\u00e9semhez. Oktat\u00f3k\u00e9nt az elm\u00e9leti, tudom\u00e1nyos ismeretek \u00e1tad\u00e1sa mellett igyekszem el\u0151ad\u00e1saimba be\u00e9p\u00edteni a gyakorlatban szerzett tapasztalatimat Kutat\u00f3k\u00e9nt is a gyakorlatorient\u00e1lt, alkalmazott kutat\u00e1sok \u00e9rdekelnek legink\u00e1bb.<\/p> <p><strong>\u00a0<\/strong><\/p> <p><strong>El\u0151rehalad\u00e1s<\/strong><\/p> <p>2021-ben az \u00c1llatorvostudom\u00e1nyi Doktori Iskol\u00e1ban szereztem PhD fokozatot \u201e<em>summa cum laude\u201d<\/em> min\u0151s\u00edt\u00e9ssel.<\/p> <p>Fontosabb m\u00e9rf\u00f6ldk\u00f6vek: 1996-ban \u00e1llatteny\u00e9szt\u0151 szakir\u00e1ny\u00fa agr\u00e1rm\u00e9rn\u00f6ki, 2001-ben okleveles agr\u00e1rm\u00e9rn\u00f6ki, majd 2010-ben vadgazd\u00e1lkod\u00e1si m\u00e9rn\u00f6ki MSc. diplom\u00e1k megszerz\u00e9se.<\/p> <p>2017-ben kezdtem el a jelenlegi \u00c1TE \u00c1llathigi\u00e9niai, \u00c1llom\u00e1ny-eg\u00e9szs\u00e9gtani Tansz\u00e9k \u00e9s Mobilklinika szervezeti egys\u00e9gn\u00e9l dolgozni, ahov\u00e1 egy \u00e9v kihagy\u00e1s ut\u00e1n, 2023. janu\u00e1rban visszat\u00e9rtem. Feladataim k\u00f6z\u00e9 tartozik az \u00c1llathigi\u00e9nia I. \u00e9s II. t\u00e1rgyak keret\u00e9ben az \u00e1llatorvosi k\u00f6rnyezethigi\u00e9nia, a prec\u00edzi\u00f3s \u00e1llattart\u00e1s, \u00e9s \u00e1llatorvosi diagnosztikai \u00e9s monitoring m\u00f3dszerek, a szarvasmarha \u00e1llom\u00e1nyeg\u00e9szs\u00e9gtan egyes r\u00e9szter\u00fcleteinek oktat\u00e1sa., a mobilklinikai gyakorlatokon gyakorlatvezet\u0151 vagyok. Oktatok a Szarvasmarha \u00e1llom\u00e1nyeg\u00e9szs\u00e9gtan fakult\u00e1ci\u00f3 keret\u00e9ben is.<\/p> <p>R\u00e9szt vettem 2020-ban a K\u00e9r\u0151dz\u0151 eg\u00e9szs\u00e9g\u00fcgyi szak\u00e1llatorvosi k\u00e9pz\u00e9sben, mint oktat\u00f3 \u00e9s az egyik tematikus program t\u00e1rsszervez\u0151je.<\/p> <p>K\u00f6zrem\u0171k\u00f6dtem az EFOP 3.6.1. \u00e9s 3.6.2. p\u00e1ly\u00e1zatok m\u0171szerbeszerz\u00e9seinek \u00f6ssze\u00e1ll\u00edt\u00e1s\u00e1ban, valamint a p\u00e1ly\u00e1zat keret\u00e9ben olyan m\u0171szer kifejleszt\u00e9sben, amely a k\u00f6rnyezethigi\u00e9niai param\u00e9tereket \u00e9s n\u00e9h\u00e1ny \u00e1llati v\u00e1laszreakci\u00f3t automatikusan k\u00e9pes m\u00e9rni.<\/p> <p>Gyakorlatvezet\u0151k\u00e9nt k\u00f6zrem\u0171k\u00f6d\u00f6m az Egyes\u00fclt Arab Emir\u00e1tusokb\u00f3l \u00e9rkez\u0151 hallgat\u00f3k k\u00e9pz\u00e9s\u00e9ben.<\/p> <p>R\u00e9szt veszek a Digit\u00e1lis J\u00f3l\u00e9t Program 2.0 \u2013 Digit\u00e1lis Agr\u00e1rakad\u00e9mia \u00c1llateg\u00e9szs\u00e9g\u00fcgyi Modul tananyag\u00e1nak elk\u00e9sz\u00edt\u00e9s\u00e9ben, illetve az ehhez kapcsol\u00f3d\u00f3 elm\u00e9leti el\u0151ad\u00e1sok \u00e9s gyakorlatok megtart\u00e1s\u00e1ban.<\/p> <p>Akt\u00edvan r\u00e9szt veszek a Tansz\u00e9k \u00e1ltal v\u00e9gzett k\u00fcls\u0151 kutat\u00f3i, szak\u00e9rt\u0151i-szolg\u00e1ltat\u00f3i munk\u00e1kban, p\u00e9ld\u00e1ul a tejtermel\u0151 tehenek anyagcsereprofil vizsg\u00e1lat\u00e1ban.<\/p> <p>Felk\u00e9r\u00e9sre lektori tev\u00e9kenys\u00e9get is v\u00e1llalok k\u00fcl\u00f6nb\u00f6z\u0151 szakmai foly\u00f3iratokban, p\u00e9ld\u00e1ul a Magyar \u00c1llatorvosok Lapj\u00e1ban.<\/p> <p><strong>F\u0151bb kutat\u00e1si ter\u00fcletei:<\/strong><\/p> <p>Kutat\u00e1saim els\u0151sorban a szarvasmarha \u00e1llom\u00e1ny-eg\u00e9szs\u00e9gtan, azon bel\u00fcl az \u00e1llatorvosi k\u00f6rnyezethigi\u00e9niai \u00e9s az \u00e1llom\u00e1ny szint\u0171 diagnosztikai \u00e9s monitoring rendszerek fejleszt\u00e9s\u00e9re ir\u00e1nyulnak. Disszert\u00e1ci\u00f3mat a tehenekb\u0151l \u00e9s borjakb\u00f3l <em>in vivo<\/em> kimutathat\u00f3 oxidat\u00edv stressz monitoring m\u00f3dszer\u00e9nek fejleszt\u00e9s\u00e9b\u0151l \u00edrtam. Kutat\u00e1saim jelenlegi f\u00f3kusz\u00e1ban a prec\u00edzi\u00f3s \u00e1llatorvosi diagnosztika \u00e1ll, k\u00fcl\u00f6n\u00f6s tekintettel annak alkalmaz\u00e1si lehet\u0151s\u00e9geire a gyakorlati \u00e1llom\u00e1ny-eg\u00e9szs\u00e9g\u00fcgyi monitoringban.<\/p> <ul> <li>A gazdas\u00e1gi haszon\u00e1llatok \u00e1ltal a k\u00f6rnyezet v\u00e1ltoz\u00e1saira adott biol\u00f3giai reakci\u00f3k min\u00e9l jobb meg\u00e9rt\u00e9se \u00e9s ezen ismeretek gyakorlati alkalmaz\u00e1sa<\/li> <li>A tart\u00e1stechnol\u00f3giai- \u00e9s takarm\u00e1nyoz\u00e1si rendszerek optimaliz\u00e1l\u00e1s\u00e1nak lehet\u0151s\u00e9gei<\/li> <li>Az \u00e1llom\u00e1nyszint\u0171 diagnosztikai protokollok fejleszt\u00e9se, k\u00fcl\u00f6n\u00f6s tekintettel az anyagforgalmi zavarokra<\/li> <li>A prec\u00edzi\u00f3s \u00e1llatteny\u00e9szt\u00e9si \u00e9s \u00e1llatorvosi m\u00f3dszerek fejleszt\u00e9se \u00e9s gyakorlati alkalmaz\u00e1suknak lehet\u0151s\u00e9gei<\/li> <\/ul> <p><strong>Eddigi szakdolgozat\/TDK hallgat\u00f3k sz\u00e1ma: <\/strong>3<\/p> <p><strong>V\u00e1logatott k\u00f6zlem\u00e9nyek:<\/strong><\/p> <p>R\u00e9szletes publik\u00e1ci\u00f3s tev\u00e9kenys\u00e9gem el\u00e9rhet\u0151 a k\u00fcl\u00f6nb\u00f6z\u0151 adatb\u00e1zisokban:<\/p> <p>MTMT azonos\u00edt\u00f3: 10057588<\/p> <p>ORCID azonos\u00edt\u00f3: 0000-0002-9942-8781<\/p> <ol> <li>Hejel, P\u00e9ter; Gerhard, Zechner; Csorba, Csaba; K\u00f6nyves, L\u00e1szl\u00f3: Survey of ketolactia, determining the main predisposing management factors and consequences in Hungarian dairy herds by using a cow-side milk test. VETERINARY RECORD OPEN 2018;5:e000253. doi:10.1136\/vetreco-2017-000253<\/li> <li>Hejel, P\u00e9ter; S\u00e1f\u00e1r, J\u00e1nos; Bogn\u00e1r, Barbara; Kiss, L\u00e1szl\u00f3; Jurkovich, Viktor; Brydl, Endre; K\u00f6nyves, L\u00e1szl\u00f3: The impact of the oxidative status on the reproduction of cows and the calves\u2019 health \u2013 a review. ACTA VETERINARIA BRNO 90: 1 pp. 3-13., 11 p. (2021)<\/li> <li>Hejel, P\u00e9ter; Jurkovich, Viktor; Bogn\u00e1r, Barbara; Kov\u00e1cs, P\u00e9ter; Brydl, Endre; K\u00f6nyves, L\u00e1szl\u00f3: Monitoring the redox status in dairy cows by using plasma dROMs, PAT, and OSI biomarkers. ACTA VETERINARIA BRNO 90: 2 pp. 125-134., 10 p. (2021)<\/li> <li>Levente, Kov\u00e1cs; M\u00e1ty\u00e1s, P\u00e1lffy; P\u00e9ter, Hejel; Walter, Baumgartner; Ott\u00f3, Szenci: Subacute ruminal acidosis in dairy cows &#8211; physiological background, risk factors and diagnostic methods. VETERINARSKA STANICA 51: 1 pp. 1-13., 13 p. (2020)<\/li> <li>P\u00e9ter, Hejel; Viktor, Jurkovich; Przemys\u0142aw, Sobiech; Dominika, Wysocka; Gerda, Kiss; Blanka, Horv\u00e1th; L\u00e1szl\u00f3, K\u00f6nyves: Examination of the redox status of calves during the milk feeding period in a Hungarian large-scale dairy farm. \u00c9LELMISZERVIZSG\u00c1LATI K\u00d6ZLEM\u00c9NYEK Spec. Ed.: 1 pp. 27-31., 5 p. (2020)<\/li> <li>Hejel, P\u00e9ter; Jurkovich, Viktor; Kov\u00e1cs, P\u00e9ter; Bakony, Mikolt; K\u00f6nyves, L\u00e1szl\u00f3: A robotiz\u00e1lt fej\u00e9si rendszerek elterjed\u00e9s\u00e9t \u00e9s hat\u00e9kony m\u0171k\u00f6dtet\u00e9s\u00e9t befoly\u00e1sol\u00f3 t\u00e9nyez\u0151k: Szakirodalmi \u00d6szefogl: Automatic milking systems- factors involved in growing popularity and conditions of effective operation. MAGYAR \u00c1LLATORVOSOK LAPJA 140: 5 pp. 289-301., 13 p. (2018)<\/li> <li>Hejel, P\u00e9ter; Harnos, Andrea; K\u00f6nyves, L\u00e1szl\u00f3: A bend\u0151beli pH- \u00e9s h\u0151m\u00e9rs\u00e9klet\u00e9rt\u00e9kek v\u00e1ltoz\u00e1s\u00e1nak vizsg\u00e1lata a k\u00f6rnyezeti h\u0151m\u00e9rs\u00e9klet \u00e9s p\u00e1ratartalom, valamint a tejtermel\u00e9s f\u00fcggv\u00e9ny\u00e9ben t\u00f6bbsz\u00f6r ellett holstein-fr\u00edz tehenekben. El\u0151zetes eredm\u00e9nyek.: Investigation of changes in intra-luminal temperature and pH-values in context of ambient temperature, humidity and milk production in multiparous Holstein-friesian cows. A preliminary study.. In: Szenci, O; Brydl, E (szerk.) A Magyar Buiatrikus T\u00e1rsas\u00e1g XXVII. Nemzetk\u00f6zi Kongresszusa, 27th International Congress of the Hungarian Association for Buiatrics<\/li> <li>Hejel, P\u00e9ter; Csorba, Csaba; Gubik, Zolt\u00e1n; J\u00f3n\u00e1s, S\u00e1ndor; K\u00f6nyves, L\u00e1szl\u00f3: A gyakoribb takarm\u00e1nyoz\u00e1si, \u00e1llom\u00e1ny-eg\u00e9szs\u00e9g\u00fcgyi \u00e9s tart\u00e1stechnol\u00f3giai kock\u00e1zati t\u00e9nyez\u0151k az ell\u00e9s k\u00f6r\u00fcli id\u0151szakban tejel\u0151 tehenekben: Irodalmi \u00f6sszefoglal\u00f3: Frequent nutritional-, herd-health- and management risk factors in transition period for dairy cows. MAGYAR \u00c1LLATORVOSOK LAPJA 138: 7 pp. 391-400.<\/li> <li>Hejel, P\u00e9ter; K\u00f6nyves, L\u00e1szl\u00f3: Management factors affecting dairy cows&#8217; health and performance during periparturient period: Relevance and tools for herd-level monitoring. MAGYAR \u00c1LLATORVOSOK LAPJA 137: Suppl. I pp. 302-308. , 7 p. (2015)<\/li> <\/ol> <p>&nbsp;<\/p>","protected":false},"excerpt":{"rendered":"<p>Bemutatkoz\u00e1s 1996 \u00f3ta dolgozom a hazai tejtermel\u0151 szarvasmarha szektorban, a tart\u00e1stechnol\u00f3giai rendszerek fejleszt\u00e9se, tervez\u00e9se, \u00fczemeltet\u00e9se, a termel\u00e9sir\u00e1ny\u00edt\u00e1s, az \u00e1llom\u00e1nyok \u00e1llateg\u00e9szs\u00e9g\u00fcgyi- \u00e9s takarm\u00e1nyoz\u00e1si menedzsmentj\u00e9nek ter\u00fclet\u00e9n, a teny\u00e9szt\u00e9sszervez\u00e9sben, az \u00e1llatgy\u00f3gyszer-kereskedelemben. Legink\u00e1bb azonban az egyetemi kutat\u00e1s, oktat\u00e1s \u00e1ll k\u00f6zel szakmai \u00e9rdekl\u0151d\u00e9semhez. Oktat\u00f3k\u00e9nt az elm\u00e9leti, tudom\u00e1nyos ismeretek \u00e1tad\u00e1sa mellett igyekszem el\u0151ad\u00e1saimba be\u00e9p\u00edteni a gyakorlatban szerzett tapasztalatimat Kutat\u00f3k\u00e9nt is a<\/p>\n","protected":false},"author":5824,"featured_media":0,"parent":858,"menu_order":211,"comment_status":"closed","ping_status":"closed","template":"","meta":{"_acf_changed":false,"footnotes":""},"categories":[56],"tags":[],"class_list":["post-3913","page","type-page","status-publish","hentry","category-munkatarsak"],"acf":[],"_links":{"self":[{"href":"https:\/\/univet.hu\/hu\/wp-json\/wp\/v2\/pages\/3913","targetHints":{"allow":["GET"]}}],"collection":[{"href":"https:\/\/univet.hu\/hu\/wp-json\/wp\/v2\/pages"}],"about":[{"href":"https:\/\/univet.hu\/hu\/wp-json\/wp\/v2\/types\/page"}],"author":[{"embeddable":true,"href":"https:\/\/univet.hu\/hu\/wp-json\/wp\/v2\/users\/5824"}],"replies":[{"embeddable":true,"href":"https:\/\/univet.hu\/hu\/wp-json\/wp\/v2\/comments?post=3913"}],"version-history":[{"count":1,"href":"https:\/\/univet.hu\/hu\/wp-json\/wp\/v2\/pages\/3913\/revisions"}],"predecessor-version":[{"id":199601,"href":"https:\/\/univet.hu\/hu\/wp-json\/wp\/v2\/pages\/3913\/revisions\/199601"}],"up":[{"embeddable":true,"href":"https:\/\/univet.hu\/hu\/wp-json\/wp\/v2\/pages\/858"}],"wp:attachment":[{"href":"https:\/\/univet.hu\/hu\/wp-json\/wp\/v2\/media?parent=3913"}],"wp:term":[{"taxonomy":"category","embeddable":true,"href":"https:\/\/univet.hu\/hu\/wp-json\/wp\/v2\/categories?post=3913"},{"taxonomy":"post_tag","embeddable":true,"href":"https:\/\/univet.hu\/hu\/wp-json\/wp\/v2\/tags?post=3913"}],"curies":[{"name":"wp","href":"https:\/\/api.w.org\/{rel}","templated":true}]}}