{"id":3916,"date":"2016-09-29T10:52:00","date_gmt":"2016-09-29T08:52:00","guid":{"rendered":"http:\/\/univet.hu\/egyetem\/munkatarsak\/herbak-jozsefne\/"},"modified":"2026-03-24T11:01:30","modified_gmt":"2026-03-24T10:01:30","slug":"herbak-jozsefne","status":"publish","type":"page","link":"https:\/\/univet.hu\/hu\/egyetem\/munkatarsak\/herbak-jozsefne\/","title":{"rendered":"Herb\u00e1k J\u00f3zsefn\u00e9"},"content":{"rendered":"<p>Tanulm\u00e1nyait a Bercs\u00e9nyi Mikl\u00f3s \u00c9lelmiszeripari Szakk\u00f6z\u00e9piskola int\u00e9zm\u00e9ny\u00e9ben kezdte, ahol \u00e9lelmiszeripari term\u00e9kgy\u00e1rt\u00f3 k\u00e9pes\u00edt\u00e9st, majd h\u0171t\u0151ipari technikusi v\u00e9gzetts\u00e9get szerzett. Ezt k\u00f6vet\u0151en a Petrik Lajos Vegyipari, K\u00f6rnyezetv\u00e9delmi \u00e9s Informatikai Szakk\u00f6z\u00e9piskola tanul\u00f3jak\u00e9nt \u00e1ltal\u00e1nos vegy\u00e9sztechnikusi, valamint vegyipari \u00e9s min\u0151s\u00e9gbiztos\u00edt\u00e1si technikusi k\u00e9pes\u00edt\u00e9st szerzett.<\/p> <p>\u00c9retts\u00e9gi ut\u00e1n szakmai p\u00e1lyafut\u00e1s\u00e1t a Csepeli H\u0171t\u0151gy\u00e1r-ban kezdte, ahol t\u00f6bb \u00e9ven kereszt\u00fcl min\u0151s\u00e9gellen\u0151rk\u00e9nt, majd mikrobiol\u00f3giai asszisztensk\u00e9nt dolgozott, jelent\u0151s tapasztalatot szerezve az \u00e9lelmiszeripari term\u00e9kgy\u00e1rt\u00e1s \u00e9s min\u0151s\u00e9gbiztos\u00edt\u00e1s, illetve a mikrobiol\u00f3giai vizsg\u00e1latok ter\u00fclet\u00e9n.<\/p> <p>Az \u00c1llatorvostudom\u00e1nyi Egyetem J\u00e1rv\u00e1nytani \u00e9s Mikrobiol\u00f3giai Tansz\u00e9k\u00e9nek Immunol\u00f3giai Csoportj\u00e1ban dolgozik 1990-t\u0151l, ahol munk\u00e1j\u00e1val hozz\u00e1j\u00e1rul mind az oktat\u00e1si, mind a kutat\u00e1si tev\u00e9kenys\u00e9ghez.<\/p>","protected":false},"excerpt":{"rendered":"<p>Tanulm\u00e1nyait a Bercs\u00e9nyi Mikl\u00f3s \u00c9lelmiszeripari Szakk\u00f6z\u00e9piskola int\u00e9zm\u00e9ny\u00e9ben kezdte, ahol \u00e9lelmiszeripari term\u00e9kgy\u00e1rt\u00f3 k\u00e9pes\u00edt\u00e9st, majd h\u0171t\u0151ipari technikusi v\u00e9gzetts\u00e9get szerzett. Ezt k\u00f6vet\u0151en a Petrik Lajos Vegyipari, K\u00f6rnyezetv\u00e9delmi \u00e9s Informatikai Szakk\u00f6z\u00e9piskola tanul\u00f3jak\u00e9nt \u00e1ltal\u00e1nos vegy\u00e9sztechnikusi, valamint vegyipari \u00e9s min\u0151s\u00e9gbiztos\u00edt\u00e1si technikusi k\u00e9pes\u00edt\u00e9st szerzett. \u00c9retts\u00e9gi ut\u00e1n szakmai p\u00e1lyafut\u00e1s\u00e1t a Csepeli H\u0171t\u0151gy\u00e1r-ban kezdte, ahol t\u00f6bb \u00e9ven kereszt\u00fcl min\u0151s\u00e9gellen\u0151rk\u00e9nt, majd mikrobiol\u00f3giai asszisztensk\u00e9nt dolgozott, jelent\u0151s<\/p>\n","protected":false},"author":5824,"featured_media":0,"parent":858,"menu_order":211,"comment_status":"closed","ping_status":"closed","template":"","meta":{"_acf_changed":false,"footnotes":""},"categories":[56],"tags":[],"class_list":["post-3916","page","type-page","status-publish","hentry","category-munkatarsak"],"acf":[],"_links":{"self":[{"href":"https:\/\/univet.hu\/hu\/wp-json\/wp\/v2\/pages\/3916","targetHints":{"allow":["GET"]}}],"collection":[{"href":"https:\/\/univet.hu\/hu\/wp-json\/wp\/v2\/pages"}],"about":[{"href":"https:\/\/univet.hu\/hu\/wp-json\/wp\/v2\/types\/page"}],"author":[{"embeddable":true,"href":"https:\/\/univet.hu\/hu\/wp-json\/wp\/v2\/users\/5824"}],"replies":[{"embeddable":true,"href":"https:\/\/univet.hu\/hu\/wp-json\/wp\/v2\/comments?post=3916"}],"version-history":[{"count":3,"href":"https:\/\/univet.hu\/hu\/wp-json\/wp\/v2\/pages\/3916\/revisions"}],"predecessor-version":[{"id":203843,"href":"https:\/\/univet.hu\/hu\/wp-json\/wp\/v2\/pages\/3916\/revisions\/203843"}],"up":[{"embeddable":true,"href":"https:\/\/univet.hu\/hu\/wp-json\/wp\/v2\/pages\/858"}],"wp:attachment":[{"href":"https:\/\/univet.hu\/hu\/wp-json\/wp\/v2\/media?parent=3916"}],"wp:term":[{"taxonomy":"category","embeddable":true,"href":"https:\/\/univet.hu\/hu\/wp-json\/wp\/v2\/categories?post=3916"},{"taxonomy":"post_tag","embeddable":true,"href":"https:\/\/univet.hu\/hu\/wp-json\/wp\/v2\/tags?post=3916"}],"curies":[{"name":"wp","href":"https:\/\/api.w.org\/{rel}","templated":true}]}}