{"id":39217,"date":"2019-05-20T12:33:23","date_gmt":"2019-05-20T10:33:23","guid":{"rendered":"https:\/\/univet.hu\/?page_id=39217"},"modified":"2023-01-24T21:17:01","modified_gmt":"2023-01-24T20:17:01","slug":"hetesi-gyakorlat","status":"publish","type":"page","link":"https:\/\/univet.hu\/hu\/oktatas\/tanulmanyi-osztaly\/hetesi-gyakorlat\/","title":{"rendered":"Hetesi gyakorlat"},"content":{"rendered":"<p style=\"text-align: center;\"><strong>Hetesi gyakorlat le\u00edr\u00e1sa<\/strong><\/p> <p>Az Egyetem\u00fcnk \u00fcll\u0151i Tangazdas\u00e1g\u00e1ban felmen\u0151 rendszerben bevezet\u00e9sre ker\u00fclt 2017 \u0151sz\u00e9t\u0151l a hetesi szolg\u00e1lat.<\/p> <p>A hetesi gyakorlat 4 k\u00f6telez\u0151 tant\u00e1rgyi r\u00e9szb\u0151l \u00e1ll a fajok szerint.<\/p> <p>A tantervben elfoglalt hely\u00fck \u00e9s idej\u00fck szerint az al\u00e1bbiakban:<\/p> <p>hetesi gyakorlat 1. \u2013 l\u00f3: els\u0151 \u00e9vf. els\u0151 (\u0151szi) f\u00e9l\u00e9v<\/p> <p>hetesi gyakorlat 2. \u2013 juh: els\u0151 \u00e9vf. m\u00e1sodik (tavaszi) f\u00e9l\u00e9v<\/p> <p>hetesi gyakorlat 3. \u2013 sert\u00e9s-baromfi: m\u00e1sodik \u00e9vf. els\u0151 (\u0151szi) f\u00e9l\u00e9v<\/p> <p>hetesi gyakorlat 4. \u2013szarvasmarha: m\u00e1sodik \u00e9vf. m\u00e1sodik (tavaszi) f\u00e9l\u00e9v<\/p> <p>&nbsp;<\/p> <p>\u00dczemi gyakorlat 1 \u2013 Herceghalom, harmadik \u00e9vf. els\u0151 (\u0151szi) f\u00e9l\u00e9v<\/p> <p>\u00dczemi gyakorlat 2. \u2013 Mez\u0151hegyes, harmadik \u00e9vf. m\u00e1sodik (tavaszi) f\u00e9l\u00e9v<\/p> <p>Tov\u00e1bbi inform\u00e1ci\u00f3k: <a href=\"https:\/\/univet.hu\/hu\/tangazdasag\/\">https:\/\/univet.hu\/hu\/tangazdasag\/<\/a><\/p> <p>&nbsp;<\/p> <p><a href=\"https:\/\/univet.hu\/wp-content\/uploads\/2023\/01\/HETESI-GYAKORLAT-202223-tan\u00e9v.docx\">Tudnival\u00f3k<\/a><\/p>","protected":false},"excerpt":{"rendered":"<p>Hetesi gyakorlat le\u00edr\u00e1sa Az Egyetem\u00fcnk \u00fcll\u0151i Tangazdas\u00e1g\u00e1ban felmen\u0151 rendszerben bevezet\u00e9sre ker\u00fclt 2017 \u0151sz\u00e9t\u0151l a hetesi szolg\u00e1lat. A hetesi gyakorlat 4 k\u00f6telez\u0151 tant\u00e1rgyi r\u00e9szb\u0151l \u00e1ll a fajok szerint. A tantervben elfoglalt hely\u00fck \u00e9s idej\u00fck szerint az al\u00e1bbiakban: hetesi gyakorlat 1. \u2013 l\u00f3: els\u0151 \u00e9vf. els\u0151 (\u0151szi) f\u00e9l\u00e9v hetesi gyakorlat 2. \u2013 juh: els\u0151 \u00e9vf. m\u00e1sodik (tavaszi)<\/p>\n","protected":false},"author":5823,"featured_media":0,"parent":615,"menu_order":26,"comment_status":"closed","ping_status":"closed","template":"","meta":{"_acf_changed":false,"footnotes":""},"categories":[],"tags":[],"class_list":["post-39217","page","type-page","status-publish","hentry"],"acf":[],"_links":{"self":[{"href":"https:\/\/univet.hu\/hu\/wp-json\/wp\/v2\/pages\/39217","targetHints":{"allow":["GET"]}}],"collection":[{"href":"https:\/\/univet.hu\/hu\/wp-json\/wp\/v2\/pages"}],"about":[{"href":"https:\/\/univet.hu\/hu\/wp-json\/wp\/v2\/types\/page"}],"author":[{"embeddable":true,"href":"https:\/\/univet.hu\/hu\/wp-json\/wp\/v2\/users\/5823"}],"replies":[{"embeddable":true,"href":"https:\/\/univet.hu\/hu\/wp-json\/wp\/v2\/comments?post=39217"}],"version-history":[{"count":0,"href":"https:\/\/univet.hu\/hu\/wp-json\/wp\/v2\/pages\/39217\/revisions"}],"up":[{"embeddable":true,"href":"https:\/\/univet.hu\/hu\/wp-json\/wp\/v2\/pages\/615"}],"wp:attachment":[{"href":"https:\/\/univet.hu\/hu\/wp-json\/wp\/v2\/media?parent=39217"}],"wp:term":[{"taxonomy":"category","embeddable":true,"href":"https:\/\/univet.hu\/hu\/wp-json\/wp\/v2\/categories?post=39217"},{"taxonomy":"post_tag","embeddable":true,"href":"https:\/\/univet.hu\/hu\/wp-json\/wp\/v2\/tags?post=39217"}],"curies":[{"name":"wp","href":"https:\/\/api.w.org\/{rel}","templated":true}]}}