{"id":3937,"date":"2016-08-01T15:40:00","date_gmt":"2016-08-01T13:40:00","guid":{"rendered":"http:\/\/univet.hu\/egyetem\/munkatarsak\/hornok-sandor\/"},"modified":"2026-02-10T04:00:57","modified_gmt":"2026-02-10T03:00:57","slug":"hornok-sandor","status":"publish","type":"page","link":"https:\/\/univet.hu\/hu\/egyetem\/munkatarsak\/hornok-sandor\/","title":{"rendered":"Hornok S\u00e1ndor"},"content":{"rendered":"<p style=\"text-align: center\"><strong><span style=\"font-size: 14pt\">Bemutatkoz\u00e1s\u00a0\u00a0<\/span> <\/strong><\/p> <p>Dr. Hornok S\u00e1ndor 1994-t\u0151l dolgozik az \u00c1TE Parazitol\u00f3giai \u00e9s \u00c1llattani Tansz\u00e9k\u00e9n, ahol parazitol\u00f3gi\u00e1t \u00e9s \u00e1llattant oktat magyar \u00e9s angol nyelven. Egy \u00f6n\u00e1ll\u00f3 jegyzetet \u00edrt (2014: Protozool\u00f3gia), \u00e9s egy tov\u00e1bbi jegyzet els\u0151 \u00adszerz\u0151je (2004: \u00c1llattan). Kutat\u00e1si eredm\u00e9nyeit t\u00f6bb, mint 200 szakcikkben publik\u00e1lta, amelyek t\u00f6bbs\u00e9g\u00e9nek els\u0151 vagy utols\u00f3 szerz\u0151je. \u00d6sszes\u00edtett impakt faktora meghaladja a 330-at \u00e9s mintegy 30 orsz\u00e1gb\u00f3l 300 t\u00e1rsszerz\u0151je volt. PhD kutat\u00f3i munk\u00e1j\u00e1nak elismer\u00e9sek\u00e9nt 1999-ben Szent-Iv\u00e1nyi Ifj\u00fas\u00e1gi D\u00edjat kapott. Posztdoktori kutat\u00e1s\u00e1nak kiemelked\u0151 sz\u00edn\u00advona\u00adl\u00e1\u00e9rt 2014-ben a Magyar Tudom\u00e1\u00adnyos Akad\u00e9mia oda\u00edt\u00e9lte sz\u00e1m\u00e1ra a Bolyai-plakettet. A Springer gondoz\u00e1s\u00e1ban 2017-ben megjelent &#8222;<em>Ticks of Europe and North Africa<\/em>&#8221; c\u00edm\u0171 k\u00f6nyvben \u00f6t fejeze\u00adtet (kullancsjellemz\u00e9st) \u00edrt. H\u00e9t tudom\u00e1nyra \u00faj kullancsfajt fedezett fel \u00e9s \u00edrt le.<\/p> <p><strong>F\u0151bb kutat\u00e1si ter\u00fcletek: <\/strong><\/p> <ul> <li>H\u00e1zi \u00e9s vadon \u00e9l\u0151 \u00e1llatok (f\u0151k\u00e9nt k\u00e9r\u0151dz\u0151k, ragadoz\u00f3k, madarak, denev\u00e9rek) parazit\u00e1s b\u00e1ntalmai, ezek hagyom\u00e1nyos, molekul\u00e1ris biol\u00f3giai \u00e9s szerol\u00f3giai diagnosztik\u00e1ja.<\/li> <li>\u00cdzeltl\u00e1b\u00fa vektorok (pl. kullancs, \u00f3vantag, bolha, tet\u0171) \u00f6kol\u00f3giai vizsg\u00e1lata \u00e9s az \u00e1ltaluk terjesztett k\u00f3rokoz\u00f3k j\u00e1rv\u00e1nytana.<\/li> <\/ul> <p><strong>El\u0151rehalad\u00e1s<\/strong><\/p> <p>1994 &#8211; \u00e1llatorvosdoktor<\/p> <p>1998 &#8211; PhD<\/p> <p>2008 &#8211; habilit\u00e1ci\u00f3<\/p> <p>2020 &#8211; MTA doktora<\/p> <p>2025 \u2013 MTA levelez\u0151 tagja<\/p> <p><strong>Szakmai szervezeti tags\u00e1g<\/strong><\/p> <table style=\"height: 102px;width: 60.9901%\" width=\"966\"> <tbody> <tr style=\"height: 24px\"> <td style=\"width: 504.667px;text-align: center;height: 24px\">Doktori Iskola Tan\u00e1csa<\/td> <td style=\"width: 100.683px;text-align: center;height: 24px\"><\/td> <td style=\"width: 340.25px;text-align: center;height: 24px\">\u00a0tag<\/td> <\/tr> <tr style=\"height: 24px\"> <td style=\"width: 504.667px;text-align: center;height: 24px\">\u00a0MTA \u00c1llatorvostudom\u00e1nyi Bizotts\u00e1ga<\/td> <td style=\"width: 100.683px;text-align: center;height: 24px\"><\/td> <td style=\"width: 340.25px;text-align: center;height: 24px\">\u00a0tag<\/td> <\/tr> <tr style=\"height: 27px\"> <td style=\"width: 504.667px;height: 22px;text-align: center\">\u00c1llateg\u00e9szs\u00e9g\u00fcgyi Igazs\u00e1g\u00fcgyi Szak\u00e9rt\u0151i Test\u00fclet<\/td> <td style=\"width: 100.683px;height: 22px;text-align: center\"><\/td> <td style=\"width: 340.25px;height: 22px;text-align: center\">tag<\/td> <\/tr> <tr style=\"height: 27px\"> <td style=\"width: 504.667px;height: 10px;text-align: center\">Fegyelmi Bizotts\u00e1g<\/td> <td style=\"width: 100.683px;height: 10px;text-align: center\"><\/td> <td style=\"width: 340.25px;height: 10px;text-align: center\">tag<\/td> <\/tr> <tr style=\"height: 22px\"> <td style=\"width: 504.667px;height: 22px;text-align: center\">\u00a0Magyar Parazitol\u00f3gusok T\u00e1rsas\u00e1ga<\/td> <td style=\"width: 100.683px;height: 22px;text-align: center\"><\/td> <td style=\"width: 340.25px;height: 22px;text-align: center\">\u00a0eln\u00f6ks\u00e9gi tag<\/td> <\/tr> <\/tbody> <\/table> <p><strong>Eddigi szakdolgozat\/TDK hallgat\u00f3k sz\u00e1ma: 30<\/strong><\/p> <table width=\"569\"> <tbody> <tr> <td colspan=\"2\" width=\"569\"> <p><strong>PhD-hallgat\u00f3k:<\/strong><\/p> <p>Dr. Flaisz Barbara<\/p> <p>Dr. Sz\u0151ke Krisztina<\/p> <p>Dr. Tuska-Szalay Barbara<\/p> <p>Dr. Keve Gerg\u0151<\/p> <p>Dr. Pit\u00f3 Andor<\/td> <\/tr> <\/tbody> <\/table> <p><strong>Publik\u00e1ci\u00f3s lista (Top10)<\/strong><\/p> <p>MTMT:\u00a0 https:\/\/m2.mtmt.hu\/gui2\/?type=authors&amp;mode=browse&amp;sel=10003063<\/p> <table style=\"height: 297px\" width=\"949\"> <tbody> <tr> <td style=\"width: 40.0167px;text-align: center\">1.<\/td> <td style=\"width: 894.183px;text-align: center\">Hornok S, Berkecz R, S\u00f3s E, S\u00e1ndor AD, K\u00f6rm\u00f6czi T, Solymosi N, Kontsch\u00e1n J, Hunyadi A. Arthropod molting hormones (ecdysteroids) are present in the blood of insectivorous bats. Mammal Review 2022, in press.<\/td> <\/tr> <tr> <td style=\"width: 40.0167px;text-align: center\">2.<\/td> <td style=\"width: 894.183px;text-align: center\">Hornok S, Szentiv\u00e1nyi T, Tak\u00e1cs N, Kov\u00e1cs \u00c1B, Glaizot O, Christe P, Fasel N, Gyuranecz M, Kontsch\u00e1n J. Latrocimicinae completes the phylogeny of Cimicidae: meeting old morphologic data rather than modern host phylogeny. Parasit Vectors. 2021 Sep 3;14(1):441. doi: 10.1186\/s13071-021-04932-x.<\/td> <\/tr> <tr> <td style=\"width: 40.0167px;text-align: center\">3.<\/td> <td style=\"width: 894.183px;text-align: center\">S\u00e1ndor AD, Mihalca AD, Dom\u015fa C, P\u00e9ter \u00c1, Hornok S. Argasid Ticks of Palearctic Bats: Distribution, Host Selection, and Zoonotic Importance. Front Vet Sci. 2021 Jun 22;8:684737. doi: 10.3389\/fvets.2021.684737.<\/td> <\/tr> <tr> <td style=\"width: 40.0167px;text-align: center\">4.<\/td> <td style=\"width: 894.183px;text-align: center\">Hornok S, Meyer-Kayser E, Kontsch\u00e1n J, Tak\u00e1cs N, Plantard O, Cullen S, Gaughran A, Szekeres S, Majoros G, Beck R, Boldogh SA, Horv\u00e1th G, Kutasi C, S\u00e1ndor AD. Morphology of <em>Pholeoixodes<\/em> species associated with carnivores in the western Palearctic: Pictorial key based on molecularly identified <em>Ixodes (Ph.) canisuga<\/em>,<em> I. (Ph.) hexagonus <\/em>and<em> I. (Ph.) kaiseri<\/em> males, nymphs and larvae. Ticks Tick Borne Dis. 2021 Jul;12(4):101715. doi: 10.1016\/j.ttbdis.2021.101715.<\/td> <\/tr> <tr> <td style=\"width: 40.0167px;text-align: center\">5.<\/td> <td style=\"width: 894.183px;text-align: center\">Hornok S, Tak\u00e1cs N, Sipos G, Morandini P, S\u00e1ndor AD, Szekeres S, Grima A, Kontsch\u00e1n J. Urban emergence of <em>Dermanyssus gallinae<\/em> lineage L1 and <em>Ornithonyssus sylviarum<\/em> in Hungary: phylogenetic differentiation between the roles of migrating vs transported synanthropic birds. Parasit Vectors. 2021 Mar 8;14(1):147. doi: 10.1186\/s13071-021-04643-3.<\/td> <\/tr> <tr> <td style=\"width: 40.0167px;text-align: center\">6.<\/td> <td style=\"width: 894.183px;text-align: center\">Hornok S, Kontsch\u00e1n J, Tak\u00e1cs N, Chaber AL, Halajian A, Abichu G, Kamani J, Szekeres S, Plantard O. Molecular phylogeny of <em>Amblyomma exornatum<\/em> and <em>Amblyomma transversale<\/em>, with reinstatement of the genus <em>Africaniella<\/em> (Acari: Ixodidae) for the latter. Ticks Tick Borne Dis. 2020 Nov;11(6):101494. doi: 10.1016\/j.ttbdis.2020.101494.<\/td> <\/tr> <tr> <td style=\"width: 40.0167px;text-align: center\">7.<\/td> <td style=\"width: 894.183px;text-align: center\">Hornok S, Boldogh SA, Tak\u00e1cs N, Juh\u00e1sz A, Kontsch\u00e1n J, F\u00f6ldi D, Kolesz\u00e1r B, Morandini P, Gyuranecz M, Szekeres S. Anaplasmataceae closely related to <em>Ehrlichia chaffeensis<\/em> and <em>Neorickettsia helminthoeca <\/em>from birds in Central Europe, Hungary. Antonie Van Leeuwenhoek. 2020 Jul;113(7):1067-1073. doi: 10.1007\/s10482-020-01415-4.<\/td> <\/tr> <tr> <td style=\"width: 40.0167px;text-align: center\">8.<\/td> <td style=\"width: 894.183px;text-align: center\">Hornok S, Tak\u00e1cs N, Szekeres S, Sz\u0151ke K, Kontsch\u00e1n J, Horv\u00e1th G, Sug\u00e1r L. DNA of <em>Theileria orientalis<\/em>, <em>T. equi<\/em> and <em>T. capreoli<\/em> in stable flies (<em>Stomoxys calcitrans<\/em>). Parasit Vectors. 2020 Apr 9;13(1):186. doi: 10.1186\/s13071-020-04041-1.<\/td> <\/tr> <tr> <td style=\"width: 40.0167px;text-align: center\">9.<\/td> <td style=\"width: 894.183px;text-align: center\">Hornok S, Kov\u00e1ts D, Horv\u00e1th G, Kontsch\u00e1n J, Farkas R. Checklist of the hard tick (Acari: Ixodidae) fauna of Hungary with emphasis on host-associations and the emergence of <em>Rhipicephalus sanguineus<\/em>. Exp Appl Acarol. 2020 Mar;80(3):311-328. doi: 10.1007\/s10493-019-00461-6.<\/td> <\/tr> <tr> <td style=\"width: 40.0167px;text-align: center\">10.<\/td> <td style=\"width: 894.183px;text-align: center\">Hornok S, Csorba A, Kov\u00e1ts D, Cs\u00f6rg\u0151 T, Hunyadi A. Ecdysteroids are present in the blood of wild passerine birds. Sci Rep. 2019 Nov 18;9(1):17002. doi: 10.1038\/s41598-019-53090-9.<\/td> <\/tr> <\/tbody> <\/table> <p>&nbsp;<\/p> <p>&nbsp;<\/p>","protected":false},"excerpt":{"rendered":"<p>Bemutatkoz\u00e1s\u00a0\u00a0 Dr. Hornok S\u00e1ndor 1994-t\u0151l dolgozik az \u00c1TE Parazitol\u00f3giai \u00e9s \u00c1llattani Tansz\u00e9k\u00e9n, ahol parazitol\u00f3gi\u00e1t \u00e9s \u00e1llattant oktat magyar \u00e9s angol nyelven. Egy \u00f6n\u00e1ll\u00f3 jegyzetet \u00edrt (2014: Protozool\u00f3gia), \u00e9s egy tov\u00e1bbi jegyzet els\u0151 \u00adszerz\u0151je (2004: \u00c1llattan). Kutat\u00e1si eredm\u00e9nyeit t\u00f6bb, mint 200 szakcikkben publik\u00e1lta, amelyek t\u00f6bbs\u00e9g\u00e9nek els\u0151 vagy utols\u00f3 szerz\u0151je. \u00d6sszes\u00edtett impakt faktora meghaladja a 330-at \u00e9s<\/p>\n","protected":false},"author":5824,"featured_media":0,"parent":858,"menu_order":211,"comment_status":"closed","ping_status":"closed","template":"","meta":{"_acf_changed":false,"footnotes":""},"categories":[56],"tags":[],"class_list":["post-3937","page","type-page","status-publish","hentry","category-munkatarsak"],"acf":[],"_links":{"self":[{"href":"https:\/\/univet.hu\/hu\/wp-json\/wp\/v2\/pages\/3937","targetHints":{"allow":["GET"]}}],"collection":[{"href":"https:\/\/univet.hu\/hu\/wp-json\/wp\/v2\/pages"}],"about":[{"href":"https:\/\/univet.hu\/hu\/wp-json\/wp\/v2\/types\/page"}],"author":[{"embeddable":true,"href":"https:\/\/univet.hu\/hu\/wp-json\/wp\/v2\/users\/5824"}],"replies":[{"embeddable":true,"href":"https:\/\/univet.hu\/hu\/wp-json\/wp\/v2\/comments?post=3937"}],"version-history":[{"count":2,"href":"https:\/\/univet.hu\/hu\/wp-json\/wp\/v2\/pages\/3937\/revisions"}],"predecessor-version":[{"id":184862,"href":"https:\/\/univet.hu\/hu\/wp-json\/wp\/v2\/pages\/3937\/revisions\/184862"}],"up":[{"embeddable":true,"href":"https:\/\/univet.hu\/hu\/wp-json\/wp\/v2\/pages\/858"}],"wp:attachment":[{"href":"https:\/\/univet.hu\/hu\/wp-json\/wp\/v2\/media?parent=3937"}],"wp:term":[{"taxonomy":"category","embeddable":true,"href":"https:\/\/univet.hu\/hu\/wp-json\/wp\/v2\/categories?post=3937"},{"taxonomy":"post_tag","embeddable":true,"href":"https:\/\/univet.hu\/hu\/wp-json\/wp\/v2\/tags?post=3937"}],"curies":[{"name":"wp","href":"https:\/\/api.w.org\/{rel}","templated":true}]}}