{"id":3940,"date":"2018-04-04T14:14:00","date_gmt":"2018-04-04T12:14:00","guid":{"rendered":"http:\/\/univet.hu\/egyetem\/munkatarsak\/hornung-erzsebet\/"},"modified":"2026-02-10T04:00:58","modified_gmt":"2026-02-10T03:00:58","slug":"hornung-erzsebet","status":"publish","type":"page","link":"https:\/\/univet.hu\/hu\/egyetem\/munkatarsak\/hornung-erzsebet\/","title":{"rendered":"Hornung Erzs\u00e9bet"},"content":{"rendered":"<h2><span style=\"font-size: 12pt;\">Bemutatkoz\u00e1s:<\/span><\/h2> <p>1974-ben v\u00e9geztem a JATE TTK (most SZTE) biol\u00f3gia-k\u00e9mia szak\u00e1n. Ugyanazon egyetem \u00c1llatrendszertani, majd Zool\u00f3giai tansz\u00e9kein dolgoztam 23 \u00e9vig, a Dr. Gall\u00e9 L\u00e1szl\u00f3 vezette terresztris \u00f6kol\u00f3giai munkacsoportnak voltam alap\u00edt\u00f3 tagja. Egyetemi doktori fokozatomat 1979-ben, kandid\u00e1tusi fokozatomat 1996-ban, MTA doktori c\u00edmemet 2021-ben szereztem, 2004-ben. 1997 \u00f3ta vagyok az \u00c1llatorvostudom\u00e1nyi Egyetem munkat\u00e1rsa (1997-2015 az \u00d6kol\u00f3giai tansz\u00e9k, 2002-2015 Biol\u00f3giai Int\u00e9zet vezet\u0151je), 2017-ig az alkalmazott zool\u00f3gus, majd a biol\u00f3gia alap- \u00e9s mesterszak (BSc, MSc) szakfelel\u0151se.<\/p> <p>A 2020-ban bek\u00f6vetkezett nyugd\u00edjaz\u00e1som \u00f3ta az Zool\u00f3giai Tansz\u00e9k Professor Emerita-ja vagyok. Ebben a min\u0151s\u00e9gemben a biol\u00f3gia BSc \u00e9s a PhD k\u00e9pz\u00e9s tudom\u00e1nyos prezent\u00e1ci\u00f3j\u00e1val kapcsolatos kurzusokat vezetem, r\u00e9szt veszek a hallgat\u00f3i t\u00e9mabesz\u00e1mol\u00f3kon, valamint tagja vagyok az Egyetem Doktori Iskol\u00e1j\u00e1nak, szerkeszt\u0151 bizotts\u00e1gi tagja az <a href=\"http:\/\/ojs3.mtak.hu\/index.php\/actazool\/index\">Acta Zoologica Academiae Scienctiarum Hungaricae<\/a>, a <a href=\"https:\/\/expbio.bio.u-szeged.hu\/ecology\/tiscia\/index.html\">TISCIA<\/a> valamint a <a href=\"http:\/\/blaypublishers.com\/board\">LEB<\/a> foly\u00f3iratoknak, \u00e9s f\u0151szerkeszt\u0151je az <a href=\"http:\/\/www.mbt-biologia.hu\/gen\/pro\/mod\/alo\/alo_kiiras.php?i_szo_azo=9\">\u00c1llattani K\u00f6zlem\u00e9nyek<\/a>nek.<\/p> <p>&nbsp;<\/p> <p><strong>F\u0151bb kutat\u00e1si ter\u00fcletek:<\/strong><\/p> <p>Kutat\u00e1si tev\u00e9kenys\u00e9gem els\u0151sorban a szupraindividu\u00e1lis biol\u00f3gia ter\u00fclet\u00e9t \u00e9rinti (\u00f6kol\u00f3gia, \u00f6ko-faunisztika, term\u00e9szetv\u00e9delem, talajzool\u00f3gia, urb\u00e1n biodiverzit\u00e1s).<\/p> <p>&nbsp;<\/p> <p><strong>V\u00e1laszthat\u00f3 szakdolgozati t\u00e9m\u00e1k:<\/strong><\/p> <p>Megbesz\u00e9l\u00e9s alapj\u00e1n a kutat\u00e1si ter\u00fcletem t\u00e9m\u00e1ihoz tartoz\u00f3 projektek (t\u00e1rs)t\u00e9mavezet\u00e9se.<\/p> <p>&nbsp;<\/p> <p><strong>El\u0151rehalad\u00e1s:<\/strong><\/p> <p>2020- \u00c1llatorvostudom\u00e1nyi Eegyetem, Zool\u00f3giai tansz\u00e9k, Professor emerita<\/p> <p>2021 Az MTA doktora fokozat<\/p> <p>2004 Habilit\u00e1ci\u00f3, \u00c1llatorvostudom\u00e1nyi Egyetem<\/p> <p>1997-2015 \u00c1llatorvos-tudom\u00e1nyi Egyetem, \u00d6kol\u00f3giai tansz\u00e9k (docens, egyetemi tan\u00e1r, tansz\u00e9k\/int\u00e9zetvezet\u0151)<\/p> <p>1996 CSc fokozat (MTA)<\/p> <p>1979 Dr. univ. (JATE, TTK)<\/p> <p>1974 -2097 JATE oktat\u00f3 kutat\u00f3<\/p> <p>1974 J\u00f3zsef Atilla Tudom\u00e1nyegyetem (JATE) okleveles biol\u00f3gia-k\u00e9mia tan\u00e1r<\/p> <p>&nbsp;<\/p> <p><strong>Szakmai elismer\u00e9sek<\/strong><\/p> <p>2020 Professor Emerita<\/p> <p>2018 \u00c1TE Pro Univeritate arany \u00e9rem<\/p> <p>2016 Szent-Gy\u00f6rgyi Albert dij (EMMI)<\/p> <p>2015 Mestertan\u00e1r (OTDT-MTA)<\/p> <p>2013 MBT Gelei d\u00edj (\u00e9letm\u0171)<\/p> <p>2010 Miniszteri d\u00edcs\u00e9r\u0151 oklev\u00e9l (FVM)<\/p> <p>2002 \u2013 2005 Sz\u00e9chenyi Istv\u00e1n professzori \u00f6szt\u00f6nd\u00edj<\/p> <p>1998 &#8211; 2001 Sz\u00e9chenyi professzori \u00f6szt\u00f6nd\u00edj<\/p> <p>1994 Egyetemi elismer\u00e9s: JATE TTK H\u00d6K elismer\u00e9s a hallgat\u00f3i v\u00e9lem\u00e9nyez\u00e9s alapj\u00e1n, oktat\u00f3 munk\u00e1\u00e9rt<\/p> <p>1990 \u00c1llami elismer\u00e9s: Kiv\u00e1l\u00f3 munk\u00e1\u00e9rt (M\u0171vel\u0151d\u00e9s\u00fcgyi Miniszt\u00e9rium) az oktat\u00f3i munk\u00e1ban el\u00e9rt teljes\u00edtm\u00e9ny\u00e9rt<\/p> <p>&nbsp;<\/p> <p><strong>Szakmai k\u00f6z\u00e9leti tev\u00e9kenys\u00e9g<\/strong><\/p> <p>2014-2023 OTDT Biol\u00f3gia Szakmai Bizotts\u00e1g eln\u00f6khelyettes<\/p> <p>1999- MTA \u00d6kol\u00f3giai Tudom\u00e1nyos Bizotts\u00e1g (titk\u00e1r: 1999-2005, 2015-2020)<\/p> <p>1999- Magyar \u00d6kol\u00f3gusok Tudom\u00e1nyos Egyes\u00fclete (titk\u00e1r: 1999-2005, aleln\u00f6k: 2015-18; 2021-2024; eln\u00f6k: 2018-2021)<\/p> <p>1999- MBT \u00c1llattani Szakoszt\u00e1ly (t\u00e1rseln\u00f6k 1999-t\u0151l, eln\u00f6k 2005-2010)<\/p> <p>&nbsp;<\/p> <p><strong>Publik\u00e1ci\u00f3s lista (Top10):<\/strong><\/p> <p>B\u00e1tori, Z.; Gall\u00e9, R.; \u2026 <strong>Hornung E.<\/strong> Topographic depressions provide potential microrefugia for ground-dwelling arthropods, ELEMENTA-SCIENCE OF THE ANTHROPOCENE 10: 1 Paper: 00084, 18 p. (2022)<\/p> <p>T\u00f3th, Z; <strong>Hornung, E.<\/strong>; Szlavecz, K. Urban effects on saprophagous macroarthropods are mainly driven by climate: A global meta-analysis SCIENCE OF THE TOTAL ENVIRONMENT 797 Paper: 149182 (2021)<\/p> <p>T\u00f3th, Z.; <strong>Hornung, E.<\/strong> Taxonomic and Functional Response of Millipedes (Diplopoda) to Urban Soil Disturbance in a Metropolitan Area INSECTS 11 : 1 Paper: 25 (2020)<\/p> <p>T\u00f3th, Z.; Szlavecz, K.; Epp Schmidt, D.J. ;<strong> Hornung, E.<\/strong>; Set\u00e4l\u00e4, H.; Yesilonis, I.D. ; Kotze, D. J.; Dombos, M.; Pouyat, R.; Mishra, S. et al. Earthworm assemblages in urban habitats across biogeographical regions APPLIED SOIL ECOLOGY 151: July Paper: 103530 (2020)<\/p> <p>Va\u0161utov\u00e1, M. ; Mleczko, P.; L\u00f3pez-Garc\u00eda, A.; Ma\u010dek, I.; Boros, G.; \u0160ev\u010d\u00edk, J.; Fujii, S.; Hackenberger, D.; Tuf, I.H.; <strong>Hornung, E<\/strong>. et al. Taxi drivers: the role of animals in transporting mycorrhizal fungi MYCORRHIZA 29: 5 pp. 413-434. , 22 p. (2019)<\/p> <p>Schmidt, D.J. Epp ; Kotze, D.J. ; <strong>Hornung, E.<\/strong>; Setala, H.; Yesilonis, I.; Szlavecz, K.; Dombos, M.; Pouyat, R.; Cilliers, S.; Toth, Z. et al. Metagenomics Reveals Bacterial and Archaeal Adaptation to Urban Land-Use: N Catabolism, Methanogenesis, and Nutrient Acquisition FRONTIERS IN MICROBIOLOGY 10 Paper: 2330, 17 p. (2019)<\/p> <p>Csonka, D.; Halasy, K.; Buczk\u00f3, K.;<strong> Hornung, E<\/strong>. Morphological traits \u2013 desiccation resistance \u2013 habitat characteristics: a possible key for distribution in woodlice (Isopoda, Oniscidea) ZOOKEYS 801 pp. 481-499. , 19 p. (2018)<\/p> <p><strong>Hornung, E.<\/strong>; K\u00e1sler, A.; T\u00f3th, Z. The role of urban forest patches in maintaining isopod diversity (Oniscidea) ZOOKEYS 801: 801 pp. 371-388., 18 p. (2018)<\/p> <p>Djukic, I. \u2026 <strong>Hornung, E<\/strong>. (Kollabor\u00e1ci\u00f3s k\u00f6zrem\u0171k\u00f6d\u0151) et al. Early stage litter decomposition across biomes SCIENCE OF THE TOTAL ENVIRONMENT 628-629 pp. 1369-1394., 26 p. (2018)<\/p> <p>T\u00f3th, Z.;<strong> Hornung, E.<\/strong>; B\u00e1ldi, A. Effects of set-aside management on certain elements of soil biota and early stage organic matter decomposition in a High Nature Value Area, Hungary NATURE CONSERVATION-BULGARIA 2018: 29 pp. 1-26., 26 p. (2018)<\/p> <p>&nbsp;<\/p> <p><a href=\"https:\/\/m2.mtmt.hu\/gui2\/?type=authors&amp;mode=browse&amp;sel=authors10000728\">MTMT2<\/a> | <a href=\"https:\/\/scholar.google.hu\/citations?user=Q9BadhcAAAAJ&amp;hl=hu&amp;oi=ao\">Google Scholar<\/a> | <a href=\"https:\/\/orcid.org\/0000-0002-9227-2673\">ORCID<\/a><\/p>","protected":false},"excerpt":{"rendered":"<p>Bemutatkoz\u00e1s: 1974-ben v\u00e9geztem a JATE TTK (most SZTE) biol\u00f3gia-k\u00e9mia szak\u00e1n. Ugyanazon egyetem \u00c1llatrendszertani, majd Zool\u00f3giai tansz\u00e9kein dolgoztam 23 \u00e9vig, a Dr. Gall\u00e9 L\u00e1szl\u00f3 vezette terresztris \u00f6kol\u00f3giai munkacsoportnak voltam alap\u00edt\u00f3 tagja. Egyetemi doktori fokozatomat 1979-ben, kandid\u00e1tusi fokozatomat 1996-ban, MTA doktori c\u00edmemet 2021-ben szereztem, 2004-ben. 1997 \u00f3ta vagyok az \u00c1llatorvostudom\u00e1nyi Egyetem munkat\u00e1rsa (1997-2015 az \u00d6kol\u00f3giai tansz\u00e9k, 2002-2015<\/p>\n","protected":false},"author":5824,"featured_media":0,"parent":858,"menu_order":211,"comment_status":"closed","ping_status":"closed","template":"","meta":{"_acf_changed":false,"footnotes":""},"categories":[56],"tags":[],"class_list":["post-3940","page","type-page","status-publish","hentry","category-munkatarsak"],"acf":[],"_links":{"self":[{"href":"https:\/\/univet.hu\/hu\/wp-json\/wp\/v2\/pages\/3940","targetHints":{"allow":["GET"]}}],"collection":[{"href":"https:\/\/univet.hu\/hu\/wp-json\/wp\/v2\/pages"}],"about":[{"href":"https:\/\/univet.hu\/hu\/wp-json\/wp\/v2\/types\/page"}],"author":[{"embeddable":true,"href":"https:\/\/univet.hu\/hu\/wp-json\/wp\/v2\/users\/5824"}],"replies":[{"embeddable":true,"href":"https:\/\/univet.hu\/hu\/wp-json\/wp\/v2\/comments?post=3940"}],"version-history":[{"count":1,"href":"https:\/\/univet.hu\/hu\/wp-json\/wp\/v2\/pages\/3940\/revisions"}],"predecessor-version":[{"id":199604,"href":"https:\/\/univet.hu\/hu\/wp-json\/wp\/v2\/pages\/3940\/revisions\/199604"}],"up":[{"embeddable":true,"href":"https:\/\/univet.hu\/hu\/wp-json\/wp\/v2\/pages\/858"}],"wp:attachment":[{"href":"https:\/\/univet.hu\/hu\/wp-json\/wp\/v2\/media?parent=3940"}],"wp:term":[{"taxonomy":"category","embeddable":true,"href":"https:\/\/univet.hu\/hu\/wp-json\/wp\/v2\/categories?post=3940"},{"taxonomy":"post_tag","embeddable":true,"href":"https:\/\/univet.hu\/hu\/wp-json\/wp\/v2\/tags?post=3940"}],"curies":[{"name":"wp","href":"https:\/\/api.w.org\/{rel}","templated":true}]}}