{"id":3955,"date":"2016-08-01T15:45:00","date_gmt":"2016-08-01T13:45:00","guid":{"rendered":"http:\/\/univet.hu\/egyetem\/munkatarsak\/horvath-ildiko\/"},"modified":"2026-03-05T11:18:51","modified_gmt":"2026-03-05T10:18:51","slug":"gajdacs-eva","status":"publish","type":"page","link":"https:\/\/univet.hu\/hu\/egyetem\/munkatarsak\/gajdacs-eva\/","title":{"rendered":"Gajd\u00e1cs \u00c9va"},"content":{"rendered":"<p><strong>Bemutatkoz\u00e1s<\/strong><\/p> <p>Az \u00e9lettani gyakorlatok el\u0151k\u00e9sz\u00edt\u00e9s\u00e9nek \u00e1ltal\u00e1nos felel\u0151se.<\/p>","protected":false},"excerpt":{"rendered":"<p>Bemutatkoz\u00e1s Az \u00e9lettani gyakorlatok el\u0151k\u00e9sz\u00edt\u00e9s\u00e9nek \u00e1ltal\u00e1nos felel\u0151se.<\/p>\n","protected":false},"author":5824,"featured_media":0,"parent":858,"menu_order":211,"comment_status":"closed","ping_status":"closed","template":"","meta":{"_acf_changed":false,"footnotes":""},"categories":[56],"tags":[],"class_list":["post-3955","page","type-page","status-publish","hentry","category-munkatarsak"],"acf":[],"_links":{"self":[{"href":"https:\/\/univet.hu\/hu\/wp-json\/wp\/v2\/pages\/3955","targetHints":{"allow":["GET"]}}],"collection":[{"href":"https:\/\/univet.hu\/hu\/wp-json\/wp\/v2\/pages"}],"about":[{"href":"https:\/\/univet.hu\/hu\/wp-json\/wp\/v2\/types\/page"}],"author":[{"embeddable":true,"href":"https:\/\/univet.hu\/hu\/wp-json\/wp\/v2\/users\/5824"}],"replies":[{"embeddable":true,"href":"https:\/\/univet.hu\/hu\/wp-json\/wp\/v2\/comments?post=3955"}],"version-history":[{"count":3,"href":"https:\/\/univet.hu\/hu\/wp-json\/wp\/v2\/pages\/3955\/revisions"}],"predecessor-version":[{"id":201585,"href":"https:\/\/univet.hu\/hu\/wp-json\/wp\/v2\/pages\/3955\/revisions\/201585"}],"up":[{"embeddable":true,"href":"https:\/\/univet.hu\/hu\/wp-json\/wp\/v2\/pages\/858"}],"wp:attachment":[{"href":"https:\/\/univet.hu\/hu\/wp-json\/wp\/v2\/media?parent=3955"}],"wp:term":[{"taxonomy":"category","embeddable":true,"href":"https:\/\/univet.hu\/hu\/wp-json\/wp\/v2\/categories?post=3955"},{"taxonomy":"post_tag","embeddable":true,"href":"https:\/\/univet.hu\/hu\/wp-json\/wp\/v2\/tags?post=3955"}],"curies":[{"name":"wp","href":"https:\/\/api.w.org\/{rel}","templated":true}]}}