{"id":3964,"date":"2017-07-04T13:44:00","date_gmt":"2017-07-04T11:44:00","guid":{"rendered":"http:\/\/univet.hu\/egyetem\/munkatarsak\/horvathne-csapo-timea\/"},"modified":"2026-02-10T04:01:00","modified_gmt":"2026-02-10T03:01:00","slug":"horvathne-csapo-timea","status":"publish","type":"page","link":"https:\/\/univet.hu\/hu\/egyetem\/munkatarsak\/horvathne-csapo-timea\/","title":{"rendered":"Horv\u00e1thn\u00e9 Csap\u00f3 T\u00edmea"},"content":{"rendered":"<p>&nbsp;<\/p> <h2>Tev\u00e9kenys\u00e9g<\/h2> <div> <p>a felv\u00e9telre jelentkez\u0151k t\u00e1j\u00e9koztat\u00e1sa, a Ny\u00edlt Nap megszervez\u00e9se, a Felv\u00e9teli Szab\u00e1lyzat elk\u00e9sz\u00edt\u00e9se. A felv\u00e9telre jelentkez\u0151k nyilv\u00e1ntart\u00e1sa, ki\u00e9rtes\u00edt\u00e9s k\u00fcld\u00e9se a felv\u00e9teli vizsg\u00e1r\u00f3l, a felv\u00e9teli vizsg\u00e1val kapcsolatos valamennyi feladat elv\u00e9gz\u00e9se. A hallgat\u00f3k folyamatos t\u00e1j\u00e9koztat\u00e1sa, tanulm\u00e1nyi \u00fcgyekkel kapcsolatos tan\u00e1csad\u00e1s (fogad\u00f3\u00f3r\u00e1k tart\u00e1sa kedd \u00e9s p\u00e9ntek kiv\u00e9tel\u00e9vel naponta 9.00 \u00e9s 13.00 k\u00f6z\u00f6tt). A szakmai gyakorlatok megszervez\u00e9se, a gyakorlatvezet\u0151k felk\u00e9r\u00e9se, a tanulm\u00e1nyi eredm\u00e9nyek nyilv\u00e1ntart\u00e1sa, a tanulm\u00e1nyi \u00e1tlagok meg\u00e1llap\u00edt\u00e1sa, a leckek\u00f6nyvek vezet\u00e9se. A hallgat\u00f3k r\u00e9sz\u00e9re igazol\u00e1sok kiad\u00e1sa, a beiratkoz\u00e1sok megszervez\u00e9se, lebonyol\u00edt\u00e1sa. Folyamatos kapcsolattart\u00e1s a tansz\u00e9kekkel illetve az oktat\u00f3kkal, a Hallgat\u00f3i \u00d6nkorm\u00e1nyzattal. A jubileumi diplom\u00e1ban r\u00e9szes\u00fcl\u0151k adatainak nyilv\u00e1ntart\u00e1sa, \u00fcnneps\u00e9g megszervez\u00e9se.<\/p> <\/div>","protected":false},"excerpt":{"rendered":"<p>&nbsp; Tev\u00e9kenys\u00e9g a felv\u00e9telre jelentkez\u0151k t\u00e1j\u00e9koztat\u00e1sa, a Ny\u00edlt Nap megszervez\u00e9se, a Felv\u00e9teli Szab\u00e1lyzat elk\u00e9sz\u00edt\u00e9se. A felv\u00e9telre jelentkez\u0151k nyilv\u00e1ntart\u00e1sa, ki\u00e9rtes\u00edt\u00e9s k\u00fcld\u00e9se a felv\u00e9teli vizsg\u00e1r\u00f3l, a felv\u00e9teli vizsg\u00e1val kapcsolatos valamennyi feladat elv\u00e9gz\u00e9se. A hallgat\u00f3k folyamatos t\u00e1j\u00e9koztat\u00e1sa, tanulm\u00e1nyi \u00fcgyekkel kapcsolatos tan\u00e1csad\u00e1s (fogad\u00f3\u00f3r\u00e1k tart\u00e1sa kedd \u00e9s p\u00e9ntek kiv\u00e9tel\u00e9vel naponta 9.00 \u00e9s 13.00 k\u00f6z\u00f6tt). A szakmai gyakorlatok megszervez\u00e9se, a gyakorlatvezet\u0151k<\/p>\n","protected":false},"author":5824,"featured_media":0,"parent":858,"menu_order":211,"comment_status":"closed","ping_status":"closed","template":"","meta":{"_acf_changed":false,"footnotes":""},"categories":[56],"tags":[],"class_list":["post-3964","page","type-page","status-publish","hentry","category-munkatarsak"],"acf":[],"_links":{"self":[{"href":"https:\/\/univet.hu\/hu\/wp-json\/wp\/v2\/pages\/3964","targetHints":{"allow":["GET"]}}],"collection":[{"href":"https:\/\/univet.hu\/hu\/wp-json\/wp\/v2\/pages"}],"about":[{"href":"https:\/\/univet.hu\/hu\/wp-json\/wp\/v2\/types\/page"}],"author":[{"embeddable":true,"href":"https:\/\/univet.hu\/hu\/wp-json\/wp\/v2\/users\/5824"}],"replies":[{"embeddable":true,"href":"https:\/\/univet.hu\/hu\/wp-json\/wp\/v2\/comments?post=3964"}],"version-history":[{"count":1,"href":"https:\/\/univet.hu\/hu\/wp-json\/wp\/v2\/pages\/3964\/revisions"}],"predecessor-version":[{"id":199607,"href":"https:\/\/univet.hu\/hu\/wp-json\/wp\/v2\/pages\/3964\/revisions\/199607"}],"up":[{"embeddable":true,"href":"https:\/\/univet.hu\/hu\/wp-json\/wp\/v2\/pages\/858"}],"wp:attachment":[{"href":"https:\/\/univet.hu\/hu\/wp-json\/wp\/v2\/media?parent=3964"}],"wp:term":[{"taxonomy":"category","embeddable":true,"href":"https:\/\/univet.hu\/hu\/wp-json\/wp\/v2\/categories?post=3964"},{"taxonomy":"post_tag","embeddable":true,"href":"https:\/\/univet.hu\/hu\/wp-json\/wp\/v2\/tags?post=3964"}],"curies":[{"name":"wp","href":"https:\/\/api.w.org\/{rel}","templated":true}]}}