{"id":3970,"date":"2016-08-01T15:51:00","date_gmt":"2016-08-01T13:51:00","guid":{"rendered":"http:\/\/univet.hu\/egyetem\/munkatarsak\/hullar-istvan\/"},"modified":"2026-02-10T04:00:00","modified_gmt":"2026-02-10T03:00:00","slug":"hullar-istvan","status":"publish","type":"page","link":"https:\/\/univet.hu\/hu\/egyetem\/munkatarsak\/hullar-istvan\/","title":{"rendered":"Hull\u00e1r Istv\u00e1n"},"content":{"rendered":"<p>&nbsp;<\/p> <p style=\"text-align: center\"><span style=\"font-size: 14pt\">Bemutatkoz\u00e1s<\/span><\/p> <p>Az int\u00e9zet munkat\u00e1rsa: 1990-t\u0151l.<\/p> <p>Szakter\u00fclet: h\u00e1zi\u00e1llatok, valamint kedvtel\u00e9sb\u0151l tartott \u00e1llatok takarm\u00e1nyoz\u00e1sa.<\/p> <p>El\u0151ad\u00e1s: takarm\u00e1nyoz\u00e1stan (magyar, angol \u00e9s n\u00e9met nyelven).<\/p> <p>Gyakorlat: takarm\u00e1nyoz\u00e1stan (magyar, angol \u00e9s n\u00e9met nyelven).<\/p> <p>Vizsg\u00e1ztat\u00e1s: takarm\u00e1nyoz\u00e1stan (magyar, angol \u00e9s n\u00e9met nyelven).<\/p> <p>Fakult\u00e1ci\u00f3k:<\/p> <ol> <li>Pr\u00e9mes \u00e1llatok teny\u00e9szt\u00e9se \u00e9s takarm\u00e1nyoz\u00e1sa (magyar, angol \u00e9s n\u00e9met nyelven).<\/li> <li>Egzotikus halak, h\u00fcll\u0151k, madarak \u00e9s kiseml\u0151s\u00f6k t\u00e1pl\u00e1l\u00e1sa (magyar, angol \u00e9s n\u00e9met nyelven).<\/li> <\/ol> <p>M\u00e1s egyetemeken v\u00e9gzett oktat\u00e1s: MATE, G\u00f6d\u00f6ll\u0151i Campus, MATE Keszthelyi Campus.<\/p> <p>Oktat\u00f3i-kutat\u00f3i tev\u00e9kenys\u00e9g alapj\u00e1n elnyert \u00f6szt\u00f6nd\u00edj: Oktat\u00e1si Miniszt\u00e9rium, Sz\u00e9chenyi Istv\u00e1n \u00d6szt\u00f6nd\u00edj, 2001-2004.<\/p> <p>Kit\u00fcntet\u00e9sek<\/p> <p>&#8211; Szent Istv\u00e1n Egyetem Ez\u00fcst\u00e9rem, 2005,<\/p> <p>&#8211; Nagyv\u00e1thy J\u00e1nos D\u00edj (agr\u00e1rminiszter), 2019.<\/p> <p><strong>F\u0151bb kutat\u00e1si ter\u00fcletek: <\/strong><\/p> <ul> <li>a t\u00e1pl\u00e1l\u00f3anyagok em\u00e9szthet\u0151s\u00e9ge<\/li> <li>preferenciatesztek<\/li> <li>kis\u00e1llatok takarm\u00e1nyoz\u00e1sa.<\/li> <\/ul> <p style=\"text-align: center\"><strong>Szakmai szervezeti tags\u00e1g<\/strong><\/p> <table style=\"height: 580px;width: 820px\" width=\"842\"> <tbody> <tr style=\"height: 58px\"> <td style=\"width: 515.375px;text-align: center;height: 58px\"><strong>Bizotts\u00e1g neve<\/strong><\/td> <td style=\"width: 126.088px;text-align: center;height: 58px\"><strong>Id\u0151<\/strong><\/td> <td style=\"width: 158.137px;text-align: center;height: 58px\"><strong>Tiszts\u00e9g<\/strong><\/td> <\/tr> <tr style=\"height: 58px\"> <td style=\"width: 515.375px;text-align: center;height: 58px\">MTA K\u00f6ztest\u00fclete (Agr\u00e1rtudom\u00e1nyok Oszt\u00e1lya)<\/td> <td style=\"width: 126.088px;text-align: center;height: 58px\">1992-<\/td> <td style=\"width: 158.137px;text-align: center;height: 58px\">tag<\/td> <\/tr> <tr style=\"height: 58px\"> <td style=\"width: 515.375px;text-align: center;height: 58px\">MTA \u00c1llattudom\u00e1nyi Bizotts\u00e1g<\/td> <td style=\"width: 126.088px;text-align: center;height: 58px\">2017-<\/td> <td style=\"width: 158.137px;text-align: center;height: 58px\">tag<\/td> <\/tr> <tr style=\"height: 58px\"> <td style=\"width: 515.375px;text-align: center;height: 58px\">MAB Agr\u00e1rtudom\u00e1nyi Szakbizotts\u00e1g<\/td> <td style=\"width: 126.088px;text-align: center;height: 58px\">2018-<\/td> <td style=\"width: 158.137px;text-align: center;height: 58px\">titk\u00e1r<\/td> <\/tr> <tr style=\"height: 58px\"> <td style=\"width: 515.375px;text-align: center;height: 58px\">Society of Nutrition Physiology (Germany)<\/td> <td style=\"width: 126.088px;text-align: center;height: 58px\">1993-<\/td> <td style=\"width: 158.137px;text-align: center;height: 58px\">tag<\/td> <\/tr> <tr style=\"height: 58px\"> <td style=\"width: 515.375px;text-align: center;height: 58px\">World Rabbit Science Association, Magyar Tagozat<\/td> <td style=\"width: 126.088px;text-align: center;height: 58px\">1992-<\/td> <td style=\"width: 158.137px;text-align: center;height: 58px\">tag<\/td> <\/tr> <tr style=\"height: 58px\"> <td style=\"width: 515.375px;text-align: center;height: 58px\">MATE, Doktori Iskola Tan\u00e1csa, Kaposv\u00e1ri Campus<\/td> <td style=\"width: 126.088px;text-align: center;height: 58px\">2014-<\/td> <td style=\"width: 158.137px;text-align: center;height: 58px\">tag<\/td> <\/tr> <tr style=\"height: 58px\"> <td style=\"width: 515.375px;text-align: center;height: 58px\">\u00c1TE, \u00c1llateg\u00e9szs\u00e9g\u00fcgyi Igazs\u00e1g\u00fcgyi Szak\u00e9rt\u0151i Test\u00fclet<\/td> <td style=\"width: 126.088px;text-align: center;height: 58px\">2017-<\/td> <td style=\"width: 158.137px;text-align: center;height: 58px\">tag<\/td> <\/tr> <tr style=\"height: 58px\"> <td style=\"width: 515.375px;text-align: center;height: 58px\">\u00c1TE, Hallgat\u00f3i Fegyelmi Bizotts\u00e1ga<\/td> <td style=\"width: 126.088px;text-align: center;height: 58px\">2019-<\/td> <td style=\"width: 158.137px;text-align: center;height: 58px\">eln\u00f6k<\/td> <\/tr> <tr style=\"height: 58px\"> <td style=\"width: 515.375px;text-align: center;height: 58px\">\u00c1TE, Egyetemi Hallgat\u00f3i Fel\u00fclb\u00edr\u00e1lati Bizotts\u00e1g<\/td> <td style=\"width: 126.088px;text-align: center;height: 58px\">2016<\/td> <\/tr> <\/tbody> <\/table> <p><strong>Eddigi szakdolgozat\/TDK-hallgat\u00f3k sz\u00e1ma:\u00a0<\/strong><\/p> <p style=\"padding-left: 40px\">Szakdolgozat: 49, TDK dolgozat: 11<\/p> <p><strong>PhD-hallgat\u00f3k<\/strong><\/p> <p>Fokozatott szerzett PhD-hallgat\u00f3k:<\/p> <p>Dr. Vucskits Andr\u00e1s: t\u00e1rst\u00e9mavezet\u0151 (0,5),<\/p> <p>Dr. Het\u00e9nyi Nikoletta: t\u00e9mavezet\u0151 (1).<\/p> <p><strong>Publik\u00e1ci\u00f3s lista (Top 10)\u00a0 <a href=\"https:\/\/m2.mtmt.hu\/gui2\/?type=authors&amp;mode=browse&amp;sel=10002299\">mtmt link<\/a><\/strong><\/p> <table style=\"height: 296px\" width=\"933\"> <tbody> <tr style=\"height: 80px\"> <td style=\"width: 42px;height: 80px\">1.<\/td> <td style=\"width: 876.2px;height: 80px\"><strong><em>Hull\u00e1r<\/em><\/strong>, I., Meleg, I., Fekete, S., Romv\u00e1ri, R.: Studies on the energy content of pigeon feeds. I. Determination of the digestibility and metabolizable energy content. Poultry Sci., 78 (12):1757-1762.<\/td> <\/tr> <tr style=\"height: 24px\"> <td style=\"width: 42px;height: 24px\">2.<\/td> <td style=\"width: 876.2px;height: 24px\">Fekete, S., Meleg, I., <strong><em>Hull\u00e1r<\/em><\/strong>, I., Z\u00f6ld\u00e1g, L.: Studies on the energy content of pigeon feeds. II. Determination of the incorporated energy. Poultry Sci., 78 (12):1763-1767.<\/td> <\/tr> <tr style=\"height: 24px\"> <td style=\"width: 42px;height: 24px\">3.<\/td> <td style=\"width: 876.2px;height: 24px\">Huszenicza, G., Fekete, S., Szigeti, G., Kulcs\u00e1r, M., F\u00e9bel, H., Kellems, R. O., Nagy, P., Cseh, S., Veresegyh\u00e1zy, T., <strong><em>Hull\u00e1r<\/em><\/strong>, I.: Ovarian consequences of low dose peroral fusarium (T-2) toxin in a ewe and heifer model. Theriogenology, 53. 8. 1631-1639.<\/td> <\/tr> <tr style=\"height: 24px\"> <td style=\"width: 42px;height: 24px\">4.<\/td> <td style=\"width: 876.2px;height: 24px\">Szalay, F., Zsarnovszky, A., Fekete, S., <strong><em>Hull\u00e1r<\/em><\/strong>, I., Jancsik, V., Haj\u00f3s, F.: Retarded myelination in the lumbar spinal cord of piglets born with spread-leg syndrome. Anatomy and Embryology, 203:53-59.<\/td> <\/tr> <tr style=\"height: 24px\"> <td style=\"width: 42px;height: 24px\">5.<\/td> <td style=\"width: 876.2px;height: 24px\">Fekete, S., <strong><em>Hull\u00e1r<\/em><\/strong>, I., Andr\u00e1sofszky, E., Rig\u00f3, Zs., Berk\u00e9nyi, T.: Reduction of the energy density of cat foods by increasing their fibre content with a view to nutrients&#8217; digestibility. J. Anim. Physiol. a. Anim. Nutr. 85 (2001), 200-204.<\/td> <\/tr> <tr style=\"height: 24px\"> <td style=\"width: 42px;height: 24px\">6.<\/td> <td style=\"width: 876.2px;height: 24px\"><strong><em>Hull\u00e1r<\/em><\/strong>, I., Fekete, S., Andr\u00e1sofszky, E., Sz\u0151cs, Z., Berk\u00e9nyi, T.: Factors influencing the food preference of cats. J. Anim. Physiol. a. Anim. Nutr., <strong>85<\/strong> (2001), 205-211.<\/td> <\/tr> <tr style=\"height: 24px\"> <td style=\"width: 42px;height: 24px\">7.<\/td> <td style=\"width: 876.2px;height: 24px\">Fekete, S., <strong><em>Hull\u00e1r<\/em><\/strong>, I., Andr\u00e1sofszky, E., Kelemen, F.: Effect of different fibre types on the digestibility of nutrients in cats. J. Anim. Physiol. a. Anim. Nutr. 88 (2004), 138-142.<\/td> <\/tr> <tr style=\"height: 24px\"> <td style=\"width: 42px;height: 24px\">8.<\/td> <td style=\"width: 876.2px;height: 24px\"><strong><em>Hull\u00e1r<\/em><\/strong>, I., Fekete, S. Gy., M\u00e9zes, M., Gl\u00e1vits, R., G\u00e1sp\u00e1rdy, A., F\u00e9bel, H.: Effects of oral L-carnitine, L-lysine administration, and exercise on body composition and histological and biochemical parameters in pigeons. Anim. Physiol. a. Anim. Nutr., <strong>92<\/strong> (2008), 411-418.<\/td> <\/tr> <tr style=\"height: 24px\"> <td style=\"width: 42px;height: 24px\">9.<\/td> <td style=\"width: 876.2px;height: 24px\">Vucskits, A.V., <strong><em>Hull\u00e1r, I.<\/em><\/strong>, Bers\u00e9nyi, A., Andr\u00e1sofszky, E., Kulcs\u00e1r, M., Szab\u00f3, J.: Effect of fulvic and humic acids on performance, immune response and thyroid function in rats. Anim. Physiol. a. Anim. Nutr., 94 (2010), 6. 721-728.<\/td> <\/tr> <tr style=\"height: 24px\"> <td style=\"width: 42px;height: 24px\">10.<\/td> <td style=\"width: 876.2px;height: 24px\">Szab\u00f3, J., Mar\u00f3ti, G., Solymosi, N., Andr\u00e1sofszky, E., Tuboly, T., Bers\u00e9nyi, A., Bruckner, G., <strong><em>Hull\u00e1r, I.<\/em><\/strong>: Fructose, glucose and fat interrelationships with metabolic pathway regulation and effects on the gut microbiota. Acta. Vet. Hung., 69 (2), 134-156 (2021).<\/td> <\/tr> <\/tbody> <\/table> <p>&nbsp;<\/p> <div> <p>&nbsp;<\/p> <\/div>","protected":false},"excerpt":{"rendered":"<p>&nbsp; Bemutatkoz\u00e1s Az int\u00e9zet munkat\u00e1rsa: 1990-t\u0151l. Szakter\u00fclet: h\u00e1zi\u00e1llatok, valamint kedvtel\u00e9sb\u0151l tartott \u00e1llatok takarm\u00e1nyoz\u00e1sa. El\u0151ad\u00e1s: takarm\u00e1nyoz\u00e1stan (magyar, angol \u00e9s n\u00e9met nyelven). Gyakorlat: takarm\u00e1nyoz\u00e1stan (magyar, angol \u00e9s n\u00e9met nyelven). Vizsg\u00e1ztat\u00e1s: takarm\u00e1nyoz\u00e1stan (magyar, angol \u00e9s n\u00e9met nyelven). Fakult\u00e1ci\u00f3k: Pr\u00e9mes \u00e1llatok teny\u00e9szt\u00e9se \u00e9s takarm\u00e1nyoz\u00e1sa (magyar, angol \u00e9s n\u00e9met nyelven). Egzotikus halak, h\u00fcll\u0151k, madarak \u00e9s kiseml\u0151s\u00f6k t\u00e1pl\u00e1l\u00e1sa (magyar, angol \u00e9s<\/p>\n","protected":false},"author":5824,"featured_media":0,"parent":858,"menu_order":210,"comment_status":"closed","ping_status":"closed","template":"","meta":{"_acf_changed":false,"footnotes":""},"categories":[56],"tags":[],"class_list":["post-3970","page","type-page","status-publish","hentry","category-munkatarsak"],"acf":[],"_links":{"self":[{"href":"https:\/\/univet.hu\/hu\/wp-json\/wp\/v2\/pages\/3970","targetHints":{"allow":["GET"]}}],"collection":[{"href":"https:\/\/univet.hu\/hu\/wp-json\/wp\/v2\/pages"}],"about":[{"href":"https:\/\/univet.hu\/hu\/wp-json\/wp\/v2\/types\/page"}],"author":[{"embeddable":true,"href":"https:\/\/univet.hu\/hu\/wp-json\/wp\/v2\/users\/5824"}],"replies":[{"embeddable":true,"href":"https:\/\/univet.hu\/hu\/wp-json\/wp\/v2\/comments?post=3970"}],"version-history":[{"count":2,"href":"https:\/\/univet.hu\/hu\/wp-json\/wp\/v2\/pages\/3970\/revisions"}],"predecessor-version":[{"id":197633,"href":"https:\/\/univet.hu\/hu\/wp-json\/wp\/v2\/pages\/3970\/revisions\/197633"}],"up":[{"embeddable":true,"href":"https:\/\/univet.hu\/hu\/wp-json\/wp\/v2\/pages\/858"}],"wp:attachment":[{"href":"https:\/\/univet.hu\/hu\/wp-json\/wp\/v2\/media?parent=3970"}],"wp:term":[{"taxonomy":"category","embeddable":true,"href":"https:\/\/univet.hu\/hu\/wp-json\/wp\/v2\/categories?post=3970"},{"taxonomy":"post_tag","embeddable":true,"href":"https:\/\/univet.hu\/hu\/wp-json\/wp\/v2\/tags?post=3970"}],"curies":[{"name":"wp","href":"https:\/\/api.w.org\/{rel}","templated":true}]}}