{"id":39818,"date":"2019-06-07T20:30:24","date_gmt":"2019-06-07T18:30:24","guid":{"rendered":"https:\/\/univet.hu\/?page_id=39818"},"modified":"2019-06-07T20:41:08","modified_gmt":"2019-06-07T18:41:08","slug":"bakteriologiai-es-virologiai-diagnosztika","status":"publish","type":"page","link":"https:\/\/univet.hu\/hu\/laboratoriumok\/laboratoriumok-es-diagnosztika\/bakteriologiai-es-virologiai-diagnosztika\/","title":{"rendered":"Bakteriol\u00f3giai \u00e9s virol\u00f3giai diagnosztika"},"content":{"rendered":"<p>Bakteriol\u00f3giai \u00e9s virol\u00f3giai diagnosztikai tev\u00e9kenys\u00e9g folyik a tansz\u00e9ken a kar klinik\u00e1i, \u00e1llatorvosi rendel\u0151k \u00e9s mez\u0151gazdas\u00e1gi \u00fczemek r\u00e9sz\u00e9re. A k\u00f3rokoz\u00f3 laborat\u00f3riumi azonos\u00edt\u00e1sa mellett gy\u00f3gykezel\u00e9si, megel\u0151z\u00e9si \u00e9s v\u00e9dekez\u00e9si m\u00f3dszerek kidolgoz\u00e1s\u00e1val seg\u00edtik el\u0151 a betegs\u00e9gek lek\u00fczd\u00e9s\u00e9t.<\/p>","protected":false},"excerpt":{"rendered":"<p>Bakteriol\u00f3giai \u00e9s virol\u00f3giai diagnosztikai tev\u00e9kenys\u00e9g folyik a tansz\u00e9ken a kar klinik\u00e1i, \u00e1llatorvosi rendel\u0151k \u00e9s mez\u0151gazdas\u00e1gi \u00fczemek r\u00e9sz\u00e9re. A k\u00f3rokoz\u00f3 laborat\u00f3riumi azonos\u00edt\u00e1sa mellett gy\u00f3gykezel\u00e9si, megel\u0151z\u00e9si \u00e9s v\u00e9dekez\u00e9si m\u00f3dszerek kidolgoz\u00e1s\u00e1val seg\u00edtik el\u0151 a betegs\u00e9gek lek\u00fczd\u00e9s\u00e9t.<\/p>\n","protected":false},"author":5823,"featured_media":0,"parent":2207,"menu_order":98,"comment_status":"closed","ping_status":"closed","template":"","meta":{"_acf_changed":false,"footnotes":""},"categories":[],"tags":[],"class_list":["post-39818","page","type-page","status-publish","hentry"],"acf":[],"_links":{"self":[{"href":"https:\/\/univet.hu\/hu\/wp-json\/wp\/v2\/pages\/39818","targetHints":{"allow":["GET"]}}],"collection":[{"href":"https:\/\/univet.hu\/hu\/wp-json\/wp\/v2\/pages"}],"about":[{"href":"https:\/\/univet.hu\/hu\/wp-json\/wp\/v2\/types\/page"}],"author":[{"embeddable":true,"href":"https:\/\/univet.hu\/hu\/wp-json\/wp\/v2\/users\/5823"}],"replies":[{"embeddable":true,"href":"https:\/\/univet.hu\/hu\/wp-json\/wp\/v2\/comments?post=39818"}],"version-history":[{"count":0,"href":"https:\/\/univet.hu\/hu\/wp-json\/wp\/v2\/pages\/39818\/revisions"}],"up":[{"embeddable":true,"href":"https:\/\/univet.hu\/hu\/wp-json\/wp\/v2\/pages\/2207"}],"wp:attachment":[{"href":"https:\/\/univet.hu\/hu\/wp-json\/wp\/v2\/media?parent=39818"}],"wp:term":[{"taxonomy":"category","embeddable":true,"href":"https:\/\/univet.hu\/hu\/wp-json\/wp\/v2\/categories?post=39818"},{"taxonomy":"post_tag","embeddable":true,"href":"https:\/\/univet.hu\/hu\/wp-json\/wp\/v2\/tags?post=39818"}],"curies":[{"name":"wp","href":"https:\/\/api.w.org\/{rel}","templated":true}]}}