{"id":39820,"date":"2019-06-07T20:26:55","date_gmt":"2019-06-07T18:26:55","guid":{"rendered":"https:\/\/univet.hu\/?page_id=39820"},"modified":"2022-01-24T14:15:30","modified_gmt":"2022-01-24T13:15:30","slug":"laboratorium-ver-vizelet-citologia-kisallatklinika","status":"publish","type":"page","link":"https:\/\/univet.hu\/hu\/laboratoriumok\/laboratoriumok-es-diagnosztika\/laboratorium-ver-vizelet-citologia-kisallatklinika\/","title":{"rendered":"Laborat\u00f3rium (v\u00e9r, vizelet, citol\u00f3gia) \u2013 Kis\u00e1llatKlinika"},"content":{"rendered":"<h2>V\u00e9rvizsg\u00e1latok:<\/h2> <ul> <li>Min\u0151s\u00e9gi \u00e9s mennyis\u00e9gi v\u00e9rk\u00e9p<\/li> <li>Babesia sz\u0171r\u00e9s v\u00e9rkenetb\u0151l<\/li> <li>Plazma\/sz\u00e9rum biok\u00e9miai vizsg\u00e1latai (albumin, \u00f6sszfeh\u00e9rje, ALT, AST, ALKP, SIAP, GGT, GLDH, epesav, bilirubin, amm\u00f3nia, amil\u00e1z, lip\u00e1z, koleszterin, triglicerid, gl\u00fck\u00f3z, frukt\u00f3zamin, kreatinin, karbamid, foszfor, LDH, CK, vas, vask\u00f6t\u0151-kapacit\u00e1s, ionogram)<\/li> <li>V\u00e9ralvad\u00e1si vizsg\u00e1latok (APTI, PTI, FDP)<\/li> <li>Macska v\u00edrustesztek: FeLV, FIV, FIP<\/li> <\/ul> <h3>Egyes vizsg\u00e1latokat panelekben, kedvez\u0151bb \u00e1ron is ig\u00e9nybe vehetnek:<\/h3> <ul> <li>Kis rutin (v\u00e9rk\u00e9p, ALT, ALKP\/GGT, gl\u00fck\u00f3z, lip\u00e1z, kreatinin)<\/li> <li>M\u0171t\u00e9t el\u0151tti panel (v\u00e9rk\u00e9p, APTI, PTI, gl\u00fck\u00f3z, ALT, kreatinin)<\/li> <li>Anaemia panel (v\u00e9rk\u00e9p, reticulocyta, ozmotikus rezisztencia, vas, vask\u00f6t\u0151 kapacit\u00e1s, \u00f6sszfeh\u00e9rje)<\/li> <li>Haemostasis panel (v\u00e9rk\u00e9p, APTI, PTI, TI, fibrinogen, FDP)<\/li> <li>Diabetes panel (gl\u00fck\u00f3z, ALT, ALKP, SIAP, GGT, lip\u00e1z, vizeletvizsg\u00e1lat)<\/li> <li>G\u00f6rcsk\u00e9szs\u00e9g panel (ionogram, amm\u00f3nia, epesav, gl\u00fck\u00f3z, LDH, CK)<\/li> <li>Hasny\u00e1lmirigy panel (amil\u00e1z, lip\u00e1z, gl\u00fck\u00f3z, \u00f6sszfeh\u00e9rje, kreatinin)<\/li> <li>Kis m\u00e1jpanel (v\u00e9rk\u00e9p, ALT, ALKP, SIAP, GGT, epesav)<\/li> <li>Nagy m\u00e1jpanel (ALT, AST, ALKP, SIAP, epesav, Br, GGT, koleszterin)<\/li> <li>Vese panel (kreatinin, karbamid, foszfor, \u00f6sszfeh\u00e9rje, albumin, Ca, vizelet, vizelet feh\u00e9rje\/kreatinin ar\u00e1ny)<\/li> <\/ul> <h2>Vizeletvizsg\u00e1latok:<\/h2> <ul> <li>rutinvizsg\u00e1lat: v\u00e9r, haemoglobin, feh\u00e9rje, genny, UBG, bilirubin, keton, gl\u00fck\u00f3z, nitrit, s\u0171r\u0171s\u00e9g, pH, vizelet\u00fcled\u00e9k-vizsg\u00e1lat feh\u00e9rje-vizel\u00e9s vizsg\u00e1latok: <ul> <li>feh\u00e9rje\/kreatinin ar\u00e1ny, microalbuminuria<\/li> <li>barbitur\u00e1t-szint<\/li> <\/ul> <\/li> <\/ul> <h2>Citol\u00f3giai-vizsg\u00e1latok:<\/h2> <ul> <li>folyad\u00e9kgy\u00fclemek (hasi-, mellkasi-, sz\u00edvburok-gy\u00fclem)<\/li> <li>nyirokcsom\u00f3<\/li> <li>l\u00e9p<\/li> <li>m\u00e1j<\/li> <li>liquor<\/li> <li>egy\u00e9b szervek k\u00f3ros elv\u00e1ltoz\u00e1saib\u00f3l nyert punkt\u00e1tumok vizsg\u00e1lata<\/li> <li>b\u00e9ls\u00e1r<\/li> <\/ul>","protected":false},"excerpt":{"rendered":"<p>V\u00e9rvizsg\u00e1latok: Min\u0151s\u00e9gi \u00e9s mennyis\u00e9gi v\u00e9rk\u00e9p Babesia sz\u0171r\u00e9s v\u00e9rkenetb\u0151l Plazma\/sz\u00e9rum biok\u00e9miai vizsg\u00e1latai (albumin, \u00f6sszfeh\u00e9rje, ALT, AST, ALKP, SIAP, GGT, GLDH, epesav, bilirubin, amm\u00f3nia, amil\u00e1z, lip\u00e1z, koleszterin, triglicerid, gl\u00fck\u00f3z, frukt\u00f3zamin, kreatinin, karbamid, foszfor, LDH, CK, vas, vask\u00f6t\u0151-kapacit\u00e1s, ionogram) V\u00e9ralvad\u00e1si vizsg\u00e1latok (APTI, PTI, FDP) Macska v\u00edrustesztek: FeLV, FIV, FIP Egyes vizsg\u00e1latokat panelekben, kedvez\u0151bb \u00e1ron is ig\u00e9nybe vehetnek: Kis<\/p>\n","protected":false},"author":5823,"featured_media":0,"parent":2207,"menu_order":91,"comment_status":"closed","ping_status":"closed","template":"","meta":{"_acf_changed":false,"footnotes":""},"categories":[],"tags":[],"class_list":["post-39820","page","type-page","status-publish","hentry"],"acf":[],"_links":{"self":[{"href":"https:\/\/univet.hu\/hu\/wp-json\/wp\/v2\/pages\/39820","targetHints":{"allow":["GET"]}}],"collection":[{"href":"https:\/\/univet.hu\/hu\/wp-json\/wp\/v2\/pages"}],"about":[{"href":"https:\/\/univet.hu\/hu\/wp-json\/wp\/v2\/types\/page"}],"author":[{"embeddable":true,"href":"https:\/\/univet.hu\/hu\/wp-json\/wp\/v2\/users\/5823"}],"replies":[{"embeddable":true,"href":"https:\/\/univet.hu\/hu\/wp-json\/wp\/v2\/comments?post=39820"}],"version-history":[{"count":0,"href":"https:\/\/univet.hu\/hu\/wp-json\/wp\/v2\/pages\/39820\/revisions"}],"up":[{"embeddable":true,"href":"https:\/\/univet.hu\/hu\/wp-json\/wp\/v2\/pages\/2207"}],"wp:attachment":[{"href":"https:\/\/univet.hu\/hu\/wp-json\/wp\/v2\/media?parent=39820"}],"wp:term":[{"taxonomy":"category","embeddable":true,"href":"https:\/\/univet.hu\/hu\/wp-json\/wp\/v2\/categories?post=39820"},{"taxonomy":"post_tag","embeddable":true,"href":"https:\/\/univet.hu\/hu\/wp-json\/wp\/v2\/tags?post=39820"}],"curies":[{"name":"wp","href":"https:\/\/api.w.org\/{rel}","templated":true}]}}