{"id":39822,"date":"2019-06-07T20:27:46","date_gmt":"2019-06-07T18:27:46","guid":{"rendered":"https:\/\/univet.hu\/?page_id=39822"},"modified":"2019-06-07T21:17:35","modified_gmt":"2019-06-07T19:17:35","slug":"muszeres-diagnosztika-ultrahang-ekg-endoszkopia-kisallatklinika","status":"publish","type":"page","link":"https:\/\/univet.hu\/hu\/laboratoriumok\/laboratoriumok-es-diagnosztika\/muszeres-diagnosztika-ultrahang-ekg-endoszkopia-kisallatklinika\/","title":{"rendered":"M\u0171szeres Diagnosztika (ultrahang, EKG, endoszk\u00f3pia)- Kis\u00e1llatKlinika"},"content":{"rendered":"<h2>Ultrahang- \u00e9s EKG-vizsg\u00e1latok<\/h2> <p>Az ultrahang-vizsg\u00e1latokr\u00f3l elmondhat\u00f3, hogy a vizsg\u00e1latok diagnosztikai \u00e9rt\u00e9k\u00e9t 30%-ban a m\u0171szer, 70%-ban pedig a vizsg\u00e1l\u00f3 szem\u00e9lye befoly\u00e1solja. M\u0171szeres diagnosztikai egys\u00e9g\u00fcnkben mindk\u00e9t rendk\u00edv\u00fcl fontos felt\u00e9tel adott, hiszen az orsz\u00e1g legjobb, nemzetk\u00f6zileg is elismert ultrahangos szakemberei v\u00e9gzik az egyes vizsg\u00e1latokat egy modern ultrahang-k\u00e9sz\u00fcl\u00e9kkel.<\/p> <p>Az ultrahangos vizsg\u00e1lat kb. f\u00e9l-egy \u00f3r\u00e1t vesz ig\u00e9nybe, a legt\u00f6bb esetben \u00e9ber \u00e1llapotban v\u00e9gezz\u00fck, hiszen az \u00e1llat sz\u00e1m\u00e1ra nem j\u00e1r f\u00e1jdalommal.<\/p> <ul> <li>Hasi ultrahangvizsg\u00e1lat<\/li> <li>Kardiol\u00f3giai vizsg\u00e1lat (Sz\u00edvultrahang \u00e9s EKG-vizsg\u00e1lat)<\/li> <li>V\u00e9rnyom\u00e1sm\u00e9r\u00e9s Endoszk\u00f3pos vizsg\u00e1latok<\/li> <\/ul> <h2>Endoszk\u00f3pos vizsg\u00e1latok<\/h2> <p>Az endoszk\u00f3pos vizsg\u00e1latokat korszer\u0171 merev- \u00e9s flexibilis endoszk\u00f3pokkal v\u00e9gezz\u00fck, minden esetben altatott \u00e1llapotban. A vizsg\u00e1lat t\u00edpus\u00e1t\u00f3l f\u00fcgg\u0151en az endoszk\u00f3pos vizsg\u00e1lat t\u00f6rt\u00e9nhet diagnosztikai, valamint ter\u00e1pi\u00e1s c\u00e9llal (pl. idegentest elt\u00e1vol\u00edt\u00e1sa). A biztos diagn\u00f3zis fel\u00e1ll\u00edt\u00e1sa \u00e9rdek\u00e9ben a legt\u00f6bb esetben sor ker\u00fcl sz\u00f6vettani\/citol\u00f3giai \u00e9s mikrobiol\u00f3giai mintav\u00e9telekre is.<\/p> <p>Az endoszk\u00f3pos vizsg\u00e1latra mindig \u00e9hgyomorra, 12 \u00f3r\u00e1s koplaltat\u00e1s ut\u00e1n kell hozni az \u00e1llatokat!<\/p> <p>Az endoszk\u00f3pos vizsg\u00e1lat el\u0151jegyz\u00e9s szerint t\u00f6rt\u00e9nik; h\u00e9tf\u0151n, kedden, \u00e9s cs\u00fct\u00f6rt\u00f6k\u00f6n 09:00-13:30-ig.<\/p>","protected":false},"excerpt":{"rendered":"<p>Ultrahang- \u00e9s EKG-vizsg\u00e1latok Az ultrahang-vizsg\u00e1latokr\u00f3l elmondhat\u00f3, hogy a vizsg\u00e1latok diagnosztikai \u00e9rt\u00e9k\u00e9t 30%-ban a m\u0171szer, 70%-ban pedig a vizsg\u00e1l\u00f3 szem\u00e9lye befoly\u00e1solja. M\u0171szeres diagnosztikai egys\u00e9g\u00fcnkben mindk\u00e9t rendk\u00edv\u00fcl fontos felt\u00e9tel adott, hiszen az orsz\u00e1g legjobb, nemzetk\u00f6zileg is elismert ultrahangos szakemberei v\u00e9gzik az egyes vizsg\u00e1latokat egy modern ultrahang-k\u00e9sz\u00fcl\u00e9kkel. Az ultrahangos vizsg\u00e1lat kb. f\u00e9l-egy \u00f3r\u00e1t vesz ig\u00e9nybe, a legt\u00f6bb esetben<\/p>\n","protected":false},"author":5823,"featured_media":0,"parent":2207,"menu_order":93,"comment_status":"closed","ping_status":"closed","template":"","meta":{"_acf_changed":false,"footnotes":""},"categories":[],"tags":[],"class_list":["post-39822","page","type-page","status-publish","hentry"],"acf":[],"_links":{"self":[{"href":"https:\/\/univet.hu\/hu\/wp-json\/wp\/v2\/pages\/39822","targetHints":{"allow":["GET"]}}],"collection":[{"href":"https:\/\/univet.hu\/hu\/wp-json\/wp\/v2\/pages"}],"about":[{"href":"https:\/\/univet.hu\/hu\/wp-json\/wp\/v2\/types\/page"}],"author":[{"embeddable":true,"href":"https:\/\/univet.hu\/hu\/wp-json\/wp\/v2\/users\/5823"}],"replies":[{"embeddable":true,"href":"https:\/\/univet.hu\/hu\/wp-json\/wp\/v2\/comments?post=39822"}],"version-history":[{"count":0,"href":"https:\/\/univet.hu\/hu\/wp-json\/wp\/v2\/pages\/39822\/revisions"}],"up":[{"embeddable":true,"href":"https:\/\/univet.hu\/hu\/wp-json\/wp\/v2\/pages\/2207"}],"wp:attachment":[{"href":"https:\/\/univet.hu\/hu\/wp-json\/wp\/v2\/media?parent=39822"}],"wp:term":[{"taxonomy":"category","embeddable":true,"href":"https:\/\/univet.hu\/hu\/wp-json\/wp\/v2\/categories?post=39822"},{"taxonomy":"post_tag","embeddable":true,"href":"https:\/\/univet.hu\/hu\/wp-json\/wp\/v2\/tags?post=39822"}],"curies":[{"name":"wp","href":"https:\/\/api.w.org\/{rel}","templated":true}]}}