{"id":39824,"date":"2019-06-07T20:28:55","date_gmt":"2019-06-07T18:28:55","guid":{"rendered":"https:\/\/univet.hu\/?page_id=39824"},"modified":"2019-07-02T08:06:05","modified_gmt":"2019-07-02T06:06:05","slug":"parazitologiai-diagnosztikai-szolgaltatas-allatorvosok-es-allattartok-reszere","status":"publish","type":"page","link":"https:\/\/univet.hu\/hu\/laboratoriumok\/laboratoriumok-es-diagnosztika\/parazitologiai-diagnosztikai-szolgaltatas-allatorvosok-es-allattartok-reszere\/","title":{"rendered":"Parazitol\u00f3giai diagnosztikai szolg\u00e1ltat\u00e1s \u00e1llatorvosok \u00e9s \u00e1llattart\u00f3k r\u00e9sz\u00e9re"},"content":{"rendered":"<p>Az \u00c1llatorvostudom\u00e1nyi Egyetem Parazitol\u00f3giai \u00e9s \u00c1llattani Tansz\u00e9ke egyedi \u00e9s \u00e1llom\u00e1nyszint\u0171 parazitol\u00f3giai vizsg\u00e1latokat v\u00e9gez gazdas\u00e1gi, vadon \u00e9l\u0151 valamint t\u00e1rs\u00e1llatok bels\u0151 \u00e9s k\u00fcls\u0151 \u00e9l\u0151sk\u00f6d\u0151i okozta fert\u0151z\u00f6tts\u00e9g(ek) felder\u00edt\u00e9s\u00e9re. Ig\u00e9ny eset\u00e9n helysz\u00edni kisz\u00e1ll\u00e1sokkal, szakmai konzult\u00e1ci\u00f3kkal \u00e9s parazitaellenes kezel\u00e9si programok kidolgoz\u00e1s\u00e1val ny\u00fajtunk seg\u00edts\u00e9get.<\/p> <p>A hagyom\u00e1nyos \u00e9s korszer\u0171 diagnosztikai m\u00f3dszerekkel, a mintav\u00e9tellel \u00e9s az egyes szolg\u00e1ltat\u00e1sok \u00e1r\u00e1val kapcsolatosan a k\u00f6vetkez\u0151 telefon- \u00e9s faxsz\u00e1mokon illetve email c\u00edmeken lehet t\u00e1j\u00e9koztat\u00e1st k\u00e9rni:<\/p> <ul> <li>Telefonsz\u00e1mok: 1 478-4275; 1 478-4189; 1 478-4100\/8309<\/li> <li>Faxsz\u00e1m: 1 478-4193<\/li> <\/ul> <p>A parazitol\u00f3giai vizsg\u00e1latra sz\u00e1nt mint\u00e1k gy\u0171jt\u00e9s\u00e9hez \u00e9s sz\u00e1ll\u00edt\u00e1s\u00e1hoz n\u00e9h\u00e1ny \u00e1ltal\u00e1nos\u00a0tan\u00e1csot\u00a0adunk. Az \u00e1llattart\u00f3knak azt javasoljuk, hogy a mintav\u00e9tellel kapcsolatos probl\u00e9m\u00e1juk eset\u00e9n forduljanak \u00e1llatorvoshoz vagy k\u00f6zvetlen\u00fcl a tansz\u00e9khez.<\/p> <h2>A vizsg\u00e1latok ind\u00edt\u00e9kai<\/h2> <p>A parazitol\u00f3giai vizsg\u00e1lat \u00e1ltal\u00e1nos t\u00e1j\u00e9koz\u00f3d\u00e1s mellett egy betegs\u00e9g ok\u00e1nak meg\u00e1llap\u00edt\u00e1sa v\u00e9gett, vagy a gy\u00f3gykezel\u00e9s hat\u00e9konys\u00e1g\u00e1nak ellen\u0151rz\u00e9se miatt is t\u00f6rt\u00e9nhet. A kezel\u00e9sek k\u00f6z\u00f6tti id\u0151szak f\u00e9lidej\u00e9ben vagy a gy\u00f3gykezel\u00e9sek el\u0151tt optim\u00e1lis az \u00e1llatainkat parazit\u00e1k jelenl\u00e9t\u00e9re megvizsg\u00e1ltatni. V\u00e1s\u00e1rl\u00e1skor \u00e9s sz\u00e1ll\u00edt\u00e1s alkalm\u00e1val c\u00e9lszer\u0171 meggy\u0151z\u0151dni, hogy az \u00e1llat vajon mentes-e parazit\u00e1kt\u00f3l. Parazit\u00e1s fert\u0151z\u00f6tts\u00e9g meg\u00e1llap\u00edt\u00e1sa c\u00e9lj\u00e1b\u00f3l az \u00e9l\u0151 vagy elpusztult \u00e1llatb\u00f3l sz\u00e1rmaz\u00f3 mint\u00e1kat kell bek\u00fcldeni, amelyek lehetnek:<\/p> <ul> <li>b\u00e9ls\u00e1rmint\u00e1k,<\/li> <li>b\u0151rkapar\u00e9kok \u00e9s sz\u0151rk\u00e9pletek,<\/li> <li>v\u00e9rmint\u00e1k,<\/li> <li>szervdarabok vagy eg\u00e9sz hull\u00e1k<\/li> <li>szabad szemmel l\u00e1that\u00f3 parazit\u00e1k<\/li> <\/ul> <p>Esetenk\u00e9nt folyad\u00e9kok, v\u00e1lad\u00e9kok, mosad\u00e9kok, biopt\u00e1tumok ker\u00fclhetnek parazitol\u00f3giai vizsg\u00e1latra, amelyeket meghat\u00e1rozott c\u00e9llal k\u00fcldenek be. Ritk\u00e1bban el\u0151fordul\u00f3 parazit\u00e1k kimutat\u00e1s\u00e1nak ig\u00e9nye eset\u00e9n, el\u0151zetesen c\u00e9lszer\u0171 inform\u00e1l\u00f3dni a vizsg\u00e1lati lehet\u0151s\u00e9gekr\u0151l.<\/p> <h2>Mintabek\u00fcld\u00e9s<\/h2> <h3>B\u00e9ls\u00e1rminta<\/h3> <p>A fert\u0151z\u00f6tts\u00e9g meg\u00e1llap\u00edt\u00e1s\u00e1hoz legt\u00f6bbsz\u00f6r a frissen \u00fcr\u00fclt b\u00e9ls\u00e1rb\u00f3l vett minta elegend\u0151, amelyet v\u00edz\u00e1ll\u00f3, tiszta t\u00e9gelybe, j\u00f3l z\u00e1r\u00f3d\u00f3 ed\u00e9nyk\u00e9be helyezz\u00fcnk. A szil\u00e1rdabb konzisztenci\u00e1j\u00fat ak\u00e1r nylontasakban is gy\u0171jthetj\u00fck. A mint\u00e1t tart\u00f3s azonos\u00edt\u00f3 jellel kell ell\u00e1tni. A minta mennyis\u00e9ge kis\u00e1llatok eset\u00e9ben az egyszeri b\u00e9ls\u00e1r\u00fcr\u00edt\u00e9s mennyis\u00e9g\u00e9n\u00e9l lehet\u0151leg ne legyen kevesebb, nagy\u00e1llatokt\u00f3l legal\u00e1bb egy maroknyi sz\u00fcks\u00e9ges. Ha a csoportban tartott \u00e1llatokt\u00f3l nem lehet egyedi mint\u00e1t gy\u0171jteni, akkor \u00fan. kevert b\u00e9ls\u00e1rmint\u00e1t kell bel\u0151le bek\u00fcldeni. Nagyon kis test\u0171 \u00e1llatokb\u00f3l (pl. eg\u00e9r, patk\u00e1ny stb.) a t\u00f6bb napon kereszt\u00fcl gy\u0171jt\u00f6tt minta is megfelel\u0151. A b\u00e9ls\u00e1rmint\u00e1kat ne fecskend\u0151ben, v\u00e9rv\u00e9teli cs\u00f6vekben, vagy m\u00e1s keskeny form\u00e1j\u00fa t\u00e1rol\u00f3eszk\u00f6zben k\u00fcldj\u00e9k, mert ezekb\u0151l nehezen szedhet\u0151k ki. Konzerv\u00e1l\u00f3szert ne alkalmazzunk, hacsak el\u0151zetesen nem javasolt\u00e1k azt a vizsg\u00e1latot v\u00e9gz\u0151k. El\u0151fordulhat, hogy egy parazita pet\u00e9inek \u00fcr\u00fcl\u00e9se nem folyamatos, ez\u00e9rt t\u00f6bb napon kereszt\u00fcl gy\u0171jt\u00f6tt minta vizsg\u00e1lata indokolt lehet. (pl. a kuty\u00e1k galandf\u00e9rgeinek kimutat\u00e1sa 3 egym\u00e1st k\u00f6vet\u0151 napon gy\u0171jt\u00f6tt b\u00e9ls\u00e1rb\u00f3l a legc\u00e9lszer\u0171bb.) Az \u00edgy gy\u0171jt\u00f6tt mint\u00e1kat ne keverj\u00fck \u00f6ssze, hanem id\u0151rendi sorrendben l\u00e1ssuk el jelz\u00e9ssel. Az alommal \u00f6sszekeveredett b\u00e9ls\u00e1rminta, mindig 3-4-szer t\u00f6bb legyen, mint az \u00e1llatokb\u00f3l vett b\u00e9ls\u00e1r mennyis\u00e9ge. A b\u00e9ls\u00e1rmint\u00e1kat r\u00f6vid id\u0151n, lehet\u0151leg egy napon bel\u00fcl kell vizsg\u00e1latra k\u00fcldeni. A mint\u00e1k fagypont feletti h\u0171t\u00e9se a bek\u00fcld\u00e9s k\u00e9sleked\u00e9se eset\u00e9n aj\u00e1nlatos, de ezeket lehet\u0151leg soha ne fagyasszuk le, m\u00e9g r\u00f6vid id\u0151re sem! Mikroszk\u00f3pos t\u00e1rgylemezen k\u00e9sz\u00edtett kenetet is k\u00e9sz\u00edthet\u00fcnk a friss b\u00e9ls\u00e1rb\u00f3l, amely az egysejt\u0171ek diagnosztiz\u00e1l\u00e1s\u00e1t teheti k\u00f6nnyebb\u00e9.<\/p> <h3>Sz\u0151rminta \u00e9s b\u0151rkapar\u00e9k, k\u00fcls\u0151 \u00e9l\u0151sk\u00f6d\u0151k<\/h3> <p>Leny\u00edrt sz\u0151rt, tollat nylonzacsk\u00f3ban vagy l\u00e9gmentesen z\u00e1rt ed\u00e9nyben k\u00fcldj\u00fcnk vizsg\u00e1latra. B\u0151rfel\u00fcleti mint\u00e1t a sz\u0151r leborotv\u00e1l\u00e1s\u00e1t k\u00f6vet\u0151en a b\u0151r megkapar\u00e1s\u00e1val vesz\u00fcnk: szik\u00e9vel vagy borotv\u00e1val az irhar\u00e9tegig \u2013 a sz\u00f6vetnedv vagy v\u00e9r kiserken\u00e9s\u00e9ig &#8211; lekaparjuk a h\u00e1mr\u00e9teget. Ezt is kisz\u00e1rad\u00e1s mentesen kell csomagolni. Az \u00e1llaton m\u00e1szk\u00e1l\u00f3 tetveket, bolh\u00e1kat s\u0171r\u0171 f\u00e9s\u0171vel kif\u00e9s\u00fclhetj\u00fck, \u00e9s megfelel\u0151 ed\u00e9nyzetben \u00f6sszegy\u0171jthetj\u00fck.<\/p> <h3>V\u00e9rminta<\/h3> <p>V\u00e9rparazit\u00e1k vizsg\u00e1lat\u00e1hoz t\u00e1rgylemezen elk\u00e9sz\u00edtett kenetet \u00e9s alvad\u00e1s\u00e1ban g\u00e1tolt v\u00e9rt egyidej\u0171leg \u00e9rdemes a vizsg\u00e1latra k\u00fcldeni. Az ut\u00f3bbi c\u00e9lj\u00e1b\u00f3l trin\u00e1trium-citr\u00e1t, vagy din\u00e1trium-EDTA tartalm\u00fa v\u00e9rv\u00e9teli cs\u00f6vek alkalmaz\u00e1sa javasolt. V\u00e9rkenetet az \u00e9rb\u0151l kifoly\u00f3 v\u00e9rb\u0151l kell k\u00e9sz\u00edteni. A v\u00e9rkeneteket sz\u00e1raz \u00e1llapotban tekerj\u00fck k\u00f6r\u00fcl pap\u00edrral, \u00e9s \u00fagy csomagoljuk, hogy azok ne t\u00f6rjenek el a sz\u00e1ll\u00edt\u00e1s k\u00f6zben.<\/p> <h3>Szervdarabok \u00e9s f\u00e9rgek<\/h3> <p>Szerveket, szervdarabokat, \u00e9s f\u00e9rgeket 70%-os alkoholba helyezve c\u00e9lszer\u0171 \u00f6sszegy\u0171jteni \u00e9s sz\u00e1ll\u00edtani.<\/p> <p>\u00c1rlista<\/p>","protected":false},"excerpt":{"rendered":"<p>Az \u00c1llatorvostudom\u00e1nyi Egyetem Parazitol\u00f3giai \u00e9s \u00c1llattani Tansz\u00e9ke egyedi \u00e9s \u00e1llom\u00e1nyszint\u0171 parazitol\u00f3giai vizsg\u00e1latokat v\u00e9gez gazdas\u00e1gi, vadon \u00e9l\u0151 valamint t\u00e1rs\u00e1llatok bels\u0151 \u00e9s k\u00fcls\u0151 \u00e9l\u0151sk\u00f6d\u0151i okozta fert\u0151z\u00f6tts\u00e9g(ek) felder\u00edt\u00e9s\u00e9re. Ig\u00e9ny eset\u00e9n helysz\u00edni kisz\u00e1ll\u00e1sokkal, szakmai konzult\u00e1ci\u00f3kkal \u00e9s parazitaellenes kezel\u00e9si programok kidolgoz\u00e1s\u00e1val ny\u00fajtunk seg\u00edts\u00e9get. A hagyom\u00e1nyos \u00e9s korszer\u0171 diagnosztikai m\u00f3dszerekkel, a mintav\u00e9tellel \u00e9s az egyes szolg\u00e1ltat\u00e1sok \u00e1r\u00e1val kapcsolatosan a k\u00f6vetkez\u0151 telefon-<\/p>\n","protected":false},"author":5823,"featured_media":0,"parent":2207,"menu_order":94,"comment_status":"closed","ping_status":"closed","template":"","meta":{"_acf_changed":false,"footnotes":""},"categories":[],"tags":[],"class_list":["post-39824","page","type-page","status-publish","hentry"],"acf":[],"_links":{"self":[{"href":"https:\/\/univet.hu\/hu\/wp-json\/wp\/v2\/pages\/39824","targetHints":{"allow":["GET"]}}],"collection":[{"href":"https:\/\/univet.hu\/hu\/wp-json\/wp\/v2\/pages"}],"about":[{"href":"https:\/\/univet.hu\/hu\/wp-json\/wp\/v2\/types\/page"}],"author":[{"embeddable":true,"href":"https:\/\/univet.hu\/hu\/wp-json\/wp\/v2\/users\/5823"}],"replies":[{"embeddable":true,"href":"https:\/\/univet.hu\/hu\/wp-json\/wp\/v2\/comments?post=39824"}],"version-history":[{"count":0,"href":"https:\/\/univet.hu\/hu\/wp-json\/wp\/v2\/pages\/39824\/revisions"}],"up":[{"embeddable":true,"href":"https:\/\/univet.hu\/hu\/wp-json\/wp\/v2\/pages\/2207"}],"wp:attachment":[{"href":"https:\/\/univet.hu\/hu\/wp-json\/wp\/v2\/media?parent=39824"}],"wp:term":[{"taxonomy":"category","embeddable":true,"href":"https:\/\/univet.hu\/hu\/wp-json\/wp\/v2\/categories?post=39824"},{"taxonomy":"post_tag","embeddable":true,"href":"https:\/\/univet.hu\/hu\/wp-json\/wp\/v2\/tags?post=39824"}],"curies":[{"name":"wp","href":"https:\/\/api.w.org\/{rel}","templated":true}]}}