{"id":39826,"date":"2019-06-07T20:29:41","date_gmt":"2019-06-07T18:29:41","guid":{"rendered":"https:\/\/univet.hu\/?page_id=39826"},"modified":"2026-02-17T11:48:54","modified_gmt":"2026-02-17T10:48:54","slug":"elelmiszer-higieniai-tanszek-mikrobiologiai-laboratoriuma","status":"publish","type":"page","link":"https:\/\/univet.hu\/hu\/elelmiszer-higieniai-tanszek-mikrobiologiai-laboratoriuma\/","title":{"rendered":"\u00c9lelmiszer-higi\u00e9niai Tansz\u00e9k Mikrobiol\u00f3giai Laborat\u00f3riuma"},"content":{"rendered":"<h3>\u00c1llatorvostudom\u00e1nyi Egyetem \u00c9lelmiszer-higi\u00e9niai Tansz\u00e9k Mikrobiol\u00f3giai Laborat\u00f3riuma<\/h3> <ul> <li>Akkredit\u00e1l\u00e1si okiratsz\u00e1m: <a href=\"https:\/\/nah.gov.hu\/admin\/staticmedia\/Reszletezo_okiratok\/RO2-220317-1-1527-2021-F1-OE-142519311_alairt.pdf\">NAH-1-1527\/2021<\/a><\/li> <li>Kiad\u00e1s ideje: 2021. janu\u00e1r 21.<\/li> <li>\u00c9rv\u00e9nyess\u00e9g ideje: 2026. janu\u00e1r 21.<\/li> <li>Tel: +36 (1) 478-4151<\/li> <li>E-mail: <a class=\"decrypt\" rel=\"njlsp\/mbcpsAvojwfu\/iv\" href=\"javascript:void(0);\">[Kattintson az emailc\u00edmhez]<\/a><\/li> <li>Laborat\u00f3riumvezet\u0151: Dr. Nagy Attila<\/li> <\/ul> <h3><\/h3> <h3>Akkredit\u00e1lt tev\u00e9kenys\u00e9g:<\/h3> <ol> <li>\u00c9lelmiszerek, \u00e9lelmiszer nyers- \u00e9s adal\u00e9kanyagok mikrobiol\u00f3giai vizsg\u00e1lata;<\/li> <li>H\u00fasok \u00e9s h\u00fasalap\u00fa \u00e9lelmiszerek mikrobiol\u00f3giai vizsg\u00e1lata;<\/li> <li>V\u00edz (iv\u00f3v\u00edz, \u00e1sv\u00e1nyv\u00edz, palackozott v\u00edz) mikrobiol\u00f3giai vizsg\u00e1lata;<\/li> <li>V\u00edz, h\u00fas, tej \u00e9s higi\u00e9niai mint\u00e1k t\u00e1j\u00e9koztat\u00f3 jelleg\u0171 gyors mikrobiol\u00f3giai vizsg\u00e1lata,<\/li> <li>Fel\u00fcletek, illetve iv\u00f3v\u00edz mintav\u00e9tele mikrobiol\u00f3giai vizsg\u00e1lathoz.<\/li> <\/ol>","protected":false},"excerpt":{"rendered":"<p>\u00c1llatorvostudom\u00e1nyi Egyetem \u00c9lelmiszer-higi\u00e9niai Tansz\u00e9k Mikrobiol\u00f3giai Laborat\u00f3riuma Akkredit\u00e1l\u00e1si okiratsz\u00e1m: NAH-1-1527\/2021 Kiad\u00e1s ideje: 2021. janu\u00e1r 21. \u00c9rv\u00e9nyess\u00e9g ideje: 2026. janu\u00e1r 21. Tel: +36 (1) 478-4151 E-mail: [Kattintson az emailc\u00edmhez] Laborat\u00f3riumvezet\u0151: Dr. Nagy Attila Akkredit\u00e1lt tev\u00e9kenys\u00e9g: \u00c9lelmiszerek, \u00e9lelmiszer nyers- \u00e9s adal\u00e9kanyagok mikrobiol\u00f3giai vizsg\u00e1lata; H\u00fasok \u00e9s h\u00fasalap\u00fa \u00e9lelmiszerek mikrobiol\u00f3giai vizsg\u00e1lata; V\u00edz (iv\u00f3v\u00edz, \u00e1sv\u00e1nyv\u00edz, palackozott v\u00edz) mikrobiol\u00f3giai vizsg\u00e1lata; V\u00edz, h\u00fas,<\/p>\n","protected":false},"author":5823,"featured_media":0,"parent":0,"menu_order":98,"comment_status":"closed","ping_status":"closed","template":"","meta":{"_acf_changed":false,"footnotes":""},"categories":[],"tags":[],"class_list":["post-39826","page","type-page","status-publish","hentry"],"acf":[],"_links":{"self":[{"href":"https:\/\/univet.hu\/hu\/wp-json\/wp\/v2\/pages\/39826","targetHints":{"allow":["GET"]}}],"collection":[{"href":"https:\/\/univet.hu\/hu\/wp-json\/wp\/v2\/pages"}],"about":[{"href":"https:\/\/univet.hu\/hu\/wp-json\/wp\/v2\/types\/page"}],"author":[{"embeddable":true,"href":"https:\/\/univet.hu\/hu\/wp-json\/wp\/v2\/users\/5823"}],"replies":[{"embeddable":true,"href":"https:\/\/univet.hu\/hu\/wp-json\/wp\/v2\/comments?post=39826"}],"version-history":[{"count":1,"href":"https:\/\/univet.hu\/hu\/wp-json\/wp\/v2\/pages\/39826\/revisions"}],"predecessor-version":[{"id":201114,"href":"https:\/\/univet.hu\/hu\/wp-json\/wp\/v2\/pages\/39826\/revisions\/201114"}],"wp:attachment":[{"href":"https:\/\/univet.hu\/hu\/wp-json\/wp\/v2\/media?parent=39826"}],"wp:term":[{"taxonomy":"category","embeddable":true,"href":"https:\/\/univet.hu\/hu\/wp-json\/wp\/v2\/categories?post=39826"},{"taxonomy":"post_tag","embeddable":true,"href":"https:\/\/univet.hu\/hu\/wp-json\/wp\/v2\/tags?post=39826"}],"curies":[{"name":"wp","href":"https:\/\/api.w.org\/{rel}","templated":true}]}}