{"id":39869,"date":"2019-06-07T21:45:06","date_gmt":"2019-06-07T19:45:06","guid":{"rendered":"https:\/\/univet.hu\/?page_id=39869"},"modified":"2019-06-07T21:45:06","modified_gmt":"2019-06-07T19:45:06","slug":"kapcsolodo-tanszekek","status":"publish","type":"page","link":"https:\/\/univet.hu\/hu\/laboratoriumok\/laboratoriumok-es-diagnosztika\/kapcsolodo-tanszekek\/","title":{"rendered":"Kapcsol\u00f3d\u00f3 tansz\u00e9kek"},"content":{"rendered":"<p><a title=\"Androl\u00f3giai laborat\u00f3rium\" href=\"https:\/\/univet.hu\/hu\/egyetem\/szervezeti-egysegek\/szuleszeti-es-szaporodasbiologiai-tanszek-es-klinika\/szolgaltatasok\/andrologiai-laboratorium\" data-replaced=\"true\" target=\"_blank\" rel=\"noopener\">Androl\u00f3giai laborat\u00f3rium<\/a><\/p> <p><a title=\"Diag\" href=\"https:\/\/univet.hu\/hu\/egyetem\/szervezeti-egysegek\/szuleszeti-es-szaporodasbiologiai-tanszek-es-klinika\/szolgaltatasok\/diagnosztikai-laboratorium\" data-replaced=\"true\" target=\"_blank\" rel=\"noopener\">Diagnosztikai laborat\u00f3rium<\/a> &#8211;  Sz\u00fcl\u00e9szeti \u00e9s Szaporod\u00e1sbiol\u00f3giai Tansz\u00e9k \u00e9s Klinika<\/p> <p><a title=\"Endokrin labor\" href=\"https:\/\/univet.hu\/hu\/egyetem\/szervezeti-egysegek\/szuleszeti-es-szaporodasbiologiai-tanszek-es-klinika\/szolgaltatasok\/endokrinologiai-laboratorium\" data-replaced=\"true\" target=\"_blank\" rel=\"noopener\">Endokrinol\u00f3giai diagnosztikai laborat\u00f3rium<\/a><\/p> <p><a title=\"Konzerv\u00e1ci\u00f3-genetikai Kutat\u00f3csoport\" href=\"https:\/\/univet.hu\/hu\/egyetem\/szervezeti-egysegek\/okologiai-tanszek\/konzervacio-genetikai-kutatocsoport-1\" data-replaced=\"true\" target=\"_blank\" rel=\"noopener\">Madarak molekul\u00e1ris ivarmeghat\u00e1roz\u00e1sa<\/a> &#8211; Konzerv\u00e1ci\u00f3-genetikai Kutat\u00f3csoport<\/p>","protected":false},"excerpt":{"rendered":"<p>Androl\u00f3giai laborat\u00f3rium Diagnosztikai laborat\u00f3rium &#8211; Sz\u00fcl\u00e9szeti \u00e9s Szaporod\u00e1sbiol\u00f3giai Tansz\u00e9k \u00e9s Klinika Endokrinol\u00f3giai diagnosztikai laborat\u00f3rium Madarak molekul\u00e1ris ivarmeghat\u00e1roz\u00e1sa &#8211; Konzerv\u00e1ci\u00f3-genetikai Kutat\u00f3csoport<\/p>\n","protected":false},"author":5823,"featured_media":0,"parent":2207,"menu_order":93,"comment_status":"closed","ping_status":"closed","template":"","meta":{"_acf_changed":false,"footnotes":""},"categories":[],"tags":[],"class_list":["post-39869","page","type-page","status-publish","hentry"],"acf":[],"_links":{"self":[{"href":"https:\/\/univet.hu\/hu\/wp-json\/wp\/v2\/pages\/39869","targetHints":{"allow":["GET"]}}],"collection":[{"href":"https:\/\/univet.hu\/hu\/wp-json\/wp\/v2\/pages"}],"about":[{"href":"https:\/\/univet.hu\/hu\/wp-json\/wp\/v2\/types\/page"}],"author":[{"embeddable":true,"href":"https:\/\/univet.hu\/hu\/wp-json\/wp\/v2\/users\/5823"}],"replies":[{"embeddable":true,"href":"https:\/\/univet.hu\/hu\/wp-json\/wp\/v2\/comments?post=39869"}],"version-history":[{"count":0,"href":"https:\/\/univet.hu\/hu\/wp-json\/wp\/v2\/pages\/39869\/revisions"}],"up":[{"embeddable":true,"href":"https:\/\/univet.hu\/hu\/wp-json\/wp\/v2\/pages\/2207"}],"wp:attachment":[{"href":"https:\/\/univet.hu\/hu\/wp-json\/wp\/v2\/media?parent=39869"}],"wp:term":[{"taxonomy":"category","embeddable":true,"href":"https:\/\/univet.hu\/hu\/wp-json\/wp\/v2\/categories?post=39869"},{"taxonomy":"post_tag","embeddable":true,"href":"https:\/\/univet.hu\/hu\/wp-json\/wp\/v2\/tags?post=39869"}],"curies":[{"name":"wp","href":"https:\/\/api.w.org\/{rel}","templated":true}]}}