{"id":39894,"date":"2019-06-10T18:27:36","date_gmt":"2019-06-10T16:27:36","guid":{"rendered":"https:\/\/univet.hu\/?page_id=39894"},"modified":"2019-06-10T18:28:57","modified_gmt":"2019-06-10T16:28:57","slug":"dokumentumok-szmsz","status":"publish","type":"page","link":"https:\/\/univet.hu\/hu\/egyetem\/dokumentumok-szmsz\/","title":{"rendered":"Dokumentumok \u00faj URL-re k\u00f6lt\u00f6z\u00f6tt"},"content":{"rendered":"<p>A kor\u00e1bbi\u00a0https:\/\/univet.hu\/hu\/egyetem\/dokumentumok-szmsz\/ oldalt egyre n\u00f6vekv\u0151 sz\u00e1mban m\u00e1s c\u00edmen kerest\u00e9k a l\u00e1togat\u00f3k, ez\u00e9rt az al\u00e1bbi, k\u00f6nnyen megjegyezhet\u0151 helyre k\u00f6lt\u00f6ztett\u00fck:<\/p> <p><a href=\"https:\/\/univet.hu\/hu\/egyetem\/dokumentumok\/\" data-replaced=\"true\" class=\"noreplace\">https:\/\/univet.hu\/hu\/egyetem\/dokumentumok\/<\/a><\/p>","protected":false},"excerpt":{"rendered":"<p>A kor\u00e1bbi\u00a0https:\/\/univet.hu\/hu\/egyetem\/dokumentumok-szmsz\/ oldalt egyre n\u00f6vekv\u0151 sz\u00e1mban m\u00e1s c\u00edmen kerest\u00e9k a l\u00e1togat\u00f3k, ez\u00e9rt az al\u00e1bbi, k\u00f6nnyen megjegyezhet\u0151 helyre k\u00f6lt\u00f6ztett\u00fck: https:\/\/univet.hu\/hu\/egyetem\/dokumentumok\/<\/p>\n","protected":false},"author":1,"featured_media":0,"parent":336,"menu_order":0,"comment_status":"closed","ping_status":"closed","template":"","meta":{"_acf_changed":false,"footnotes":""},"categories":[],"tags":[],"class_list":["post-39894","page","type-page","status-publish","hentry"],"acf":[],"_links":{"self":[{"href":"https:\/\/univet.hu\/hu\/wp-json\/wp\/v2\/pages\/39894","targetHints":{"allow":["GET"]}}],"collection":[{"href":"https:\/\/univet.hu\/hu\/wp-json\/wp\/v2\/pages"}],"about":[{"href":"https:\/\/univet.hu\/hu\/wp-json\/wp\/v2\/types\/page"}],"author":[{"embeddable":true,"href":"https:\/\/univet.hu\/hu\/wp-json\/wp\/v2\/users\/1"}],"replies":[{"embeddable":true,"href":"https:\/\/univet.hu\/hu\/wp-json\/wp\/v2\/comments?post=39894"}],"version-history":[{"count":0,"href":"https:\/\/univet.hu\/hu\/wp-json\/wp\/v2\/pages\/39894\/revisions"}],"up":[{"embeddable":true,"href":"https:\/\/univet.hu\/hu\/wp-json\/wp\/v2\/pages\/336"}],"wp:attachment":[{"href":"https:\/\/univet.hu\/hu\/wp-json\/wp\/v2\/media?parent=39894"}],"wp:term":[{"taxonomy":"category","embeddable":true,"href":"https:\/\/univet.hu\/hu\/wp-json\/wp\/v2\/categories?post=39894"},{"taxonomy":"post_tag","embeddable":true,"href":"https:\/\/univet.hu\/hu\/wp-json\/wp\/v2\/tags?post=39894"}],"curies":[{"name":"wp","href":"https:\/\/api.w.org\/{rel}","templated":true}]}}