{"id":39898,"date":"2019-06-10T18:41:49","date_gmt":"2019-06-10T16:41:49","guid":{"rendered":"https:\/\/univet.hu\/?page_id=39898"},"modified":"2019-06-10T21:00:33","modified_gmt":"2019-06-10T19:00:33","slug":"linkjavito-teszt","status":"publish","type":"page","link":"https:\/\/univet.hu\/hu\/linkjavito-teszt\/","title":{"rendered":"Linkjav\u00edt\u00f3 teszt"},"content":{"rendered":"<p>Az al\u00e1bbi linkek kifejezetten a Linkjav\u00edt\u00f3 szolg\u00e1ltat\u00e1s tesztel\u00e9s\u00e9t hivatottak seg\u00edteni. A Linkjav\u00edt\u00f3 csak contentben fejti ki hat\u00e1s\u00e1t, ez\u00e9rt sz\u00fcks\u00e9ges hozz\u00e1 egy teszt cikk\/oldal:<\/p> <ul> <li><a href=\"https:\/\/univet.hu\/hu\/biologia\/\" data-replaced=\"true\">https:\/\/univet.hu\/hu\/biologia\/<\/a>\u00a0(elv\u00e1rt m\u0171k\u00f6d\u00e9s: a Biol\u00f3gia honlapot nyissa meg, ne egy kutat\u00f3csoport oldal\u00e1t)<\/li> <li><a href=\"https:\/\/univet.hu\/files\/subpages\/440\/files\/CALF%20DISEASES2018.pdf\" data-replaced=\"true\">https:\/\/univet.hu\/files\/subpages\/440\/files\/CALF%20DISEASES2018.pdf<\/a>\u00a0(elv\u00e1rt m\u0171k\u00f6d\u00e9s: ez egy old.uni&#8230; kezdet\u0171 hivatkoz\u00e1s volt, a jav\u00edt\u00e1s ut\u00e1n az old-el\u0151tagnak el kell t\u0171nnie)<\/li> <li><a href=\"https:\/\/univet.hu\/hu\/egyetem\/dokumentumok\/\" data-replaced=\"true\">https:\/\/univet.hu\/hu\/egyetem\/dokumentumok\/<\/a> (elv\u00e1rt m\u0171k\u00f6d\u00e9s: ne ir\u00e1ny\u00edtson \u00e1t a TO Gyakorlati f\u00e9l\u00e9v cikk\u00e9re)<\/li> <li><a href=\"https:\/\/univet.hu\/hu\/kutatas\/kutatocsoportok\/parazitologiai-kutatocsoport\/\" data-replaced=\"true\">https:\/\/univet.hu\/hu\/kutatas\/kutatocsoportok\/parazitologiai-kutatocsoport\/<\/a> (elv\u00e1rt m\u0171k\u00f6d\u00e9s: nyissa meg a kutat\u00f3csoport aloldal\u00e1t)<\/li> <li>https:\/\/univet.hu\/en\/about\/international-relations\/erasmus\/ (tesztel\u00e9s <a href=\"https:\/\/univet.hu\/en\/linkreplacer-test\/\" data-replaced=\"true\">angolul<\/a>)<\/li> <\/ul>","protected":false},"excerpt":{"rendered":"<p>Az al\u00e1bbi linkek kifejezetten a Linkjav\u00edt\u00f3 szolg\u00e1ltat\u00e1s tesztel\u00e9s\u00e9t hivatottak seg\u00edteni. A Linkjav\u00edt\u00f3 csak contentben fejti ki hat\u00e1s\u00e1t, ez\u00e9rt sz\u00fcks\u00e9ges hozz\u00e1 egy teszt cikk\/oldal: https:\/\/univet.hu\/hu\/biologia\/\u00a0(elv\u00e1rt m\u0171k\u00f6d\u00e9s: a Biol\u00f3gia honlapot nyissa meg, ne egy kutat\u00f3csoport oldal\u00e1t) https:\/\/univet.hu\/files\/subpages\/440\/files\/CALF%20DISEASES2018.pdf\u00a0(elv\u00e1rt m\u0171k\u00f6d\u00e9s: ez egy old.uni&#8230; kezdet\u0171 hivatkoz\u00e1s volt, a jav\u00edt\u00e1s ut\u00e1n az old-el\u0151tagnak el kell t\u0171nnie) https:\/\/univet.hu\/hu\/egyetem\/dokumentumok\/ (elv\u00e1rt m\u0171k\u00f6d\u00e9s: ne ir\u00e1ny\u00edtson<\/p>\n","protected":false},"author":1,"featured_media":0,"parent":0,"menu_order":68,"comment_status":"closed","ping_status":"closed","template":"","meta":{"_acf_changed":false,"footnotes":""},"categories":[],"tags":[],"class_list":["post-39898","page","type-page","status-publish","hentry"],"acf":[],"_links":{"self":[{"href":"https:\/\/univet.hu\/hu\/wp-json\/wp\/v2\/pages\/39898","targetHints":{"allow":["GET"]}}],"collection":[{"href":"https:\/\/univet.hu\/hu\/wp-json\/wp\/v2\/pages"}],"about":[{"href":"https:\/\/univet.hu\/hu\/wp-json\/wp\/v2\/types\/page"}],"author":[{"embeddable":true,"href":"https:\/\/univet.hu\/hu\/wp-json\/wp\/v2\/users\/1"}],"replies":[{"embeddable":true,"href":"https:\/\/univet.hu\/hu\/wp-json\/wp\/v2\/comments?post=39898"}],"version-history":[{"count":0,"href":"https:\/\/univet.hu\/hu\/wp-json\/wp\/v2\/pages\/39898\/revisions"}],"wp:attachment":[{"href":"https:\/\/univet.hu\/hu\/wp-json\/wp\/v2\/media?parent=39898"}],"wp:term":[{"taxonomy":"category","embeddable":true,"href":"https:\/\/univet.hu\/hu\/wp-json\/wp\/v2\/categories?post=39898"},{"taxonomy":"post_tag","embeddable":true,"href":"https:\/\/univet.hu\/hu\/wp-json\/wp\/v2\/tags?post=39898"}],"curies":[{"name":"wp","href":"https:\/\/api.w.org\/{rel}","templated":true}]}}