{"id":39908,"date":"2019-06-10T20:05:06","date_gmt":"2019-06-10T18:05:06","guid":{"rendered":"https:\/\/univet.hu\/?page_id=39908"},"modified":"2019-06-10T22:27:48","modified_gmt":"2019-06-10T20:27:48","slug":"linkjavito-futtatas","status":"publish","type":"page","link":"https:\/\/univet.hu\/hu\/linkjavito-futtatas\/","title":{"rendered":"Linkjav\u00edt\u00f3 &#8211; futtat\u00e1s"},"content":{"rendered":"<p>Ez a page &#8211; #39908 &#8211; a Linkjav\u00edt\u00f3 lekapcsol\u00e1sa el\u0151tti scriptet shortcode-on kereszt\u00fcl futtat\u00f3 oldal. A shortcode n\u00e9lk\u00fcl m\u0171veletet nem v\u00e9gez. A shortcode-ot sz\u00e1nd\u00e9kosan hib\u00e1san tartalmazza, az \u00e9les futtat\u00e1skor a megfelel\u0151 r\u00e9sz elt\u00e1vol\u00edtand\u00f3, ez aktiv\u00e1lja a scriptet.<\/p> <p>[devit_link_replacer_REMOVETHISFROMTHEEND]<\/p>","protected":false},"excerpt":{"rendered":"<p>Ez a page &#8211; #39908 &#8211; a Linkjav\u00edt\u00f3 lekapcsol\u00e1sa el\u0151tti scriptet shortcode-on kereszt\u00fcl futtat\u00f3 oldal. A shortcode n\u00e9lk\u00fcl m\u0171veletet nem v\u00e9gez. A shortcode-ot sz\u00e1nd\u00e9kosan hib\u00e1san tartalmazza, az \u00e9les futtat\u00e1skor a megfelel\u0151 r\u00e9sz elt\u00e1vol\u00edtand\u00f3, ez aktiv\u00e1lja a scriptet. [devit_link_replacer_REMOVETHISFROMTHEEND]<\/p>\n","protected":false},"author":1,"featured_media":0,"parent":0,"menu_order":68,"comment_status":"closed","ping_status":"closed","template":"","meta":{"_acf_changed":false,"footnotes":""},"categories":[],"tags":[],"class_list":["post-39908","page","type-page","status-publish","hentry"],"acf":[],"_links":{"self":[{"href":"https:\/\/univet.hu\/hu\/wp-json\/wp\/v2\/pages\/39908","targetHints":{"allow":["GET"]}}],"collection":[{"href":"https:\/\/univet.hu\/hu\/wp-json\/wp\/v2\/pages"}],"about":[{"href":"https:\/\/univet.hu\/hu\/wp-json\/wp\/v2\/types\/page"}],"author":[{"embeddable":true,"href":"https:\/\/univet.hu\/hu\/wp-json\/wp\/v2\/users\/1"}],"replies":[{"embeddable":true,"href":"https:\/\/univet.hu\/hu\/wp-json\/wp\/v2\/comments?post=39908"}],"version-history":[{"count":0,"href":"https:\/\/univet.hu\/hu\/wp-json\/wp\/v2\/pages\/39908\/revisions"}],"wp:attachment":[{"href":"https:\/\/univet.hu\/hu\/wp-json\/wp\/v2\/media?parent=39908"}],"wp:term":[{"taxonomy":"category","embeddable":true,"href":"https:\/\/univet.hu\/hu\/wp-json\/wp\/v2\/categories?post=39908"},{"taxonomy":"post_tag","embeddable":true,"href":"https:\/\/univet.hu\/hu\/wp-json\/wp\/v2\/tags?post=39908"}],"curies":[{"name":"wp","href":"https:\/\/api.w.org\/{rel}","templated":true}]}}