{"id":3994,"date":"2016-07-25T10:02:00","date_gmt":"2016-07-25T08:02:00","guid":{"rendered":"http:\/\/univet.hu\/egyetem\/munkatarsak\/jakus-judit\/"},"modified":"2026-02-10T04:01:00","modified_gmt":"2026-02-10T03:01:00","slug":"jakus-judit","status":"publish","type":"page","link":"https:\/\/univet.hu\/hu\/egyetem\/munkatarsak\/jakus-judit\/","title":{"rendered":"Jakus Judit"},"content":{"rendered":"<h2>Tev\u00e9kenys\u00e9g<\/h2> <div> <p>A m\u00e9rn\u00f6ki h\u00e1tt\u00e9r biztos\u00edt\u00e1sa mellett r\u00e9szt veszek oktat\u00e1si \u00e9s kutat\u00e1si feladatokban. Emellett munkav\u00e9delmi felel\u0151s \u00e9s K\u00f6zalkalmazotti Tan\u00e1cs tag vagyok.<\/p> <\/div>","protected":false},"excerpt":{"rendered":"<p>Tev\u00e9kenys\u00e9g A m\u00e9rn\u00f6ki h\u00e1tt\u00e9r biztos\u00edt\u00e1sa mellett r\u00e9szt veszek oktat\u00e1si \u00e9s kutat\u00e1si feladatokban. Emellett munkav\u00e9delmi felel\u0151s \u00e9s K\u00f6zalkalmazotti Tan\u00e1cs tag vagyok.<\/p>\n","protected":false},"author":5824,"featured_media":0,"parent":858,"menu_order":211,"comment_status":"closed","ping_status":"closed","template":"","meta":{"_acf_changed":false,"footnotes":""},"categories":[56],"tags":[],"class_list":["post-3994","page","type-page","status-publish","hentry","category-munkatarsak"],"acf":[],"_links":{"self":[{"href":"https:\/\/univet.hu\/hu\/wp-json\/wp\/v2\/pages\/3994","targetHints":{"allow":["GET"]}}],"collection":[{"href":"https:\/\/univet.hu\/hu\/wp-json\/wp\/v2\/pages"}],"about":[{"href":"https:\/\/univet.hu\/hu\/wp-json\/wp\/v2\/types\/page"}],"author":[{"embeddable":true,"href":"https:\/\/univet.hu\/hu\/wp-json\/wp\/v2\/users\/5824"}],"replies":[{"embeddable":true,"href":"https:\/\/univet.hu\/hu\/wp-json\/wp\/v2\/comments?post=3994"}],"version-history":[{"count":1,"href":"https:\/\/univet.hu\/hu\/wp-json\/wp\/v2\/pages\/3994\/revisions"}],"predecessor-version":[{"id":175706,"href":"https:\/\/univet.hu\/hu\/wp-json\/wp\/v2\/pages\/3994\/revisions\/175706"}],"up":[{"embeddable":true,"href":"https:\/\/univet.hu\/hu\/wp-json\/wp\/v2\/pages\/858"}],"wp:attachment":[{"href":"https:\/\/univet.hu\/hu\/wp-json\/wp\/v2\/media?parent=3994"}],"wp:term":[{"taxonomy":"category","embeddable":true,"href":"https:\/\/univet.hu\/hu\/wp-json\/wp\/v2\/categories?post=3994"},{"taxonomy":"post_tag","embeddable":true,"href":"https:\/\/univet.hu\/hu\/wp-json\/wp\/v2\/tags?post=3994"}],"curies":[{"name":"wp","href":"https:\/\/api.w.org\/{rel}","templated":true}]}}