{"id":4003,"date":"2017-04-24T15:59:00","date_gmt":"2017-04-24T13:59:00","guid":{"rendered":"http:\/\/univet.hu\/egyetem\/munkatarsak\/jerzsele-akos\/"},"modified":"2026-02-10T04:01:00","modified_gmt":"2026-02-10T03:01:00","slug":"jerzsele-akos","status":"publish","type":"page","link":"https:\/\/univet.hu\/hu\/egyetem\/munkatarsak\/jerzsele-akos\/","title":{"rendered":"Jerzsele \u00c1kos"},"content":{"rendered":"<p style=\"text-align: center\"><strong>Bemutatkoz\u00e1s<\/strong><\/p> <p align=\"justify\">Dr. Jerzsele \u00c1kos Budapesten sz\u00fcletett, gimn\u00e1ziumi tanulm\u00e1nyait k\u00f6vet\u0151en 1999-ben felv\u00e9telt nyert a budapesti \u00c1llatorvostudom\u00e1nyi Egyetemre.\u00a0Dr. Jerzsele \u00c1kos 2004-ben, diplom\u00e1j\u00e1nak k\u00e9zhezv\u00e9tel\u00e9t k\u00f6vet\u0151en azonnal, 2004. december 1-t\u0151l az Egyetem Gy\u00f3gyszertani \u00e9s M\u00e9regtani Tansz\u00e9k\u00e9nek munkat\u00e1rsa lett. 2009-ben szerezte meg PhD-fokozat\u00e1t, miut\u00e1n megv\u00e9dte doktori disszert\u00e1ci\u00f3j\u00e1t \u201cAz amoxicillin-klavul\u00e1nsav \u00f6sszehasonl\u00edt\u00f3 farmakokinetik\u00e1ja brojlercsirk\u00e9kben \u00e9s pulyk\u00e1kban, valamint bakt\u00e9rium-\u00e9rz\u00e9kenys\u00e9gi \u00e9s stabilit\u00e1si vizsg\u00e1lata\u201d c\u00edmmel. 2011-ben szerezte Kis\u00e1llatgy\u00f3gy\u00e1sz Klinikus Szak\u00e1llatorvos diplom\u00e1j\u00e1t. 2018-t\u00f3l a Tansz\u00e9k vezet\u0151je, 2019-t\u0151l az \u00c1llatorvostudom\u00e1nyi Egyetem tudom\u00e1nyos \u00e9s innov\u00e1ci\u00f3s rektorhelyettese.<\/p> <p>F\u0151bb kutat\u00e1si ter\u00fcletei az antimikrobi\u00e1lis rezisztencia, antibiotikum-alternat\u00edv\u00e1k \u00e9s a gy\u00f3gyszerrepoz\u00edci\u00f3.<\/p> <p>Az elm\u00falt 20 \u00e9vben csaknem 40 szakdolgoz\u00f3- \u00e9s TDK-hallgat\u00f3 t\u00e9mavezet\u0151je volt, sz\u00e1mos k\u00f6z\u00fcl\u00fck a Tudom\u00e1nyos Di\u00e1kk\u00f6ri Konferenci\u00e1n \u201cdobog\u00f3s\u201d helyet \u00e9rt el. Az OTDK-n biol\u00f3giai szekci\u00f3ban Pro Scientia d\u00edjat nyert hallgat\u00f3 t\u00e1rst\u00e9mavezet\u0151je is volt. 2015-t\u0151l a TDK Bizotts\u00e1g munk\u00e1j\u00e1ban is r\u00e9szt vesz, mint b\u00edr\u00e1l\u00f3 \u00e9s bizotts\u00e1gi tag.<\/p> <p>Doktorandusz hallgat\u00f3i k\u00f6z\u00fcl \u00f6t PhD fokozatot szerzett, jelenleg h\u00e1rom akt\u00edv PhD-hallgat\u00f3ja van.<\/p> <p style=\"text-align: center\"><strong>El\u0151rehalad\u00e1s<\/strong><\/p> <table class=\"aligncenter\" style=\"height: 405px;width: 602px\" width=\"625\"> <tbody> <tr style=\"height: 24px\"> <td style=\"text-align: center;width: 137px;height: 24px\"><strong>Munkahelyek<\/strong><\/td> <td style=\"text-align: center;width: 250px;height: 24px\"><strong>Int\u00e9zm\u00e9ny neve<\/strong><\/td> <td style=\"text-align: center;width: 193px;height: 24px\"><strong>beoszt\u00e1s<\/strong><\/td> <\/tr> <tr style=\"height: 48px\"> <td style=\"text-align: center;width: 137px;height: 48px\">2019-<\/td> <td style=\"text-align: center;width: 250px;height: 48px\">\u00c1llatorvostudom\u00e1nyi Egyetem<\/td> <td style=\"text-align: center;width: 193px;height: 48px\">tudom\u00e1nyos \u00e9s innov\u00e1ci\u00f3s rektorhelyettes<\/td> <\/tr> <tr style=\"height: 48px\"> <td style=\"text-align: center;width: 137px;height: 48px\">2019-<\/td> <td style=\"text-align: center;width: 250px;height: 48px\">\u00c1llatorvostudom\u00e1nyi Egyetem, Gy\u00f3gyszertani \u00e9s M\u00e9regtani Tansz\u00e9k<\/td> <td style=\"text-align: center;width: 193px;height: 48px\">tansz\u00e9kvezet\u0151 egyetemi docens<\/td> <\/tr> <tr style=\"height: 48px\"> <td style=\"text-align: center;width: 137px;height: 48px\">2016-<\/td> <td style=\"text-align: center;width: 250px;height: 48px\">\u00c1llatorvostudom\u00e1nyi Egyetem, Gy\u00f3gyszertani \u00e9s M\u00e9regtani Tansz\u00e9k<\/td> <td style=\"text-align: center;width: 193px;height: 48px\">egyetemi docens<\/td> <\/tr> <tr style=\"height: 48px\"> <td style=\"text-align: center;width: 137px;height: 48px\">2012-2016<\/td> <td style=\"text-align: center;width: 250px;height: 48px\">SZIE \u00c1OTK, Gy\u00f3gyszertani \u00e9s M\u00e9regtani Tansz\u00e9k<\/td> <td style=\"text-align: center;width: 193px;height: 48px\">egyetemi adjunktus<\/td> <\/tr> <tr style=\"height: 48px\"> <td style=\"text-align: center;width: 137px;height: 48px\">2009\u20132012<\/td> <td style=\"text-align: center;width: 250px;height: 48px\">SZIE \u00c1OTK, Gy\u00f3gyszertani \u00e9s M\u00e9regtani Tansz\u00e9k<\/td> <td style=\"text-align: center;width: 193px;height: 48px\">egyetemi tan\u00e1rseg\u00e9d<\/td> <\/tr> <tr style=\"height: 48px\"> <td style=\"text-align: center;width: 137px;height: 48px\">2006\u20132009<\/td> <td style=\"text-align: center;width: 250px;height: 48px\">SZIE \u00c1OTK, Gy\u00f3gyszertani \u00e9s M\u00e9regtani Tansz\u00e9k<\/td> <td style=\"text-align: center;width: 193px;height: 48px\">PhD-hallgat\u00f3<\/td> <\/tr> <\/tbody> <\/table> <p>&nbsp;<\/p> <p style=\"text-align: center\"><strong>Szakmai szervezeti tags\u00e1g<\/strong><\/p> <table class=\"aligncenter\" style=\"height: 323px;width: 600px\" width=\"631\"> <tbody> <tr> <td style=\"width: 202px;text-align: center;vertical-align: middle\"><strong>Bizotts\u00e1g neve<\/strong><\/td> <td style=\"width: 168px;text-align: center;vertical-align: middle\"><strong>Id\u0151<\/strong><\/td> <td style=\"width: 208px;text-align: center;vertical-align: middle\"><strong>Tiszts\u00e9g<\/strong><\/td> <\/tr> <tr> <td style=\"width: 202px;text-align: center;vertical-align: middle\">EAVPT (European Association of Veterinary Pharmacology and Toxicology)<\/td> <td style=\"width: 168px;text-align: center;vertical-align: middle\">2012-<\/td> <td style=\"width: 208px;text-align: center;vertical-align: middle\">tag<\/td> <\/tr> <tr> <td style=\"width: 202px;text-align: center;vertical-align: middle\">ESVD (European Society of Veterinary Dermatology)<\/td> <td style=\"width: 168px;text-align: center;vertical-align: middle\">2013-<\/td> <td style=\"width: 208px;text-align: center;vertical-align: middle\">tag<\/td> <\/tr> <tr> <td style=\"width: 202px;text-align: center;vertical-align: middle\">Magyar Mikrobiol\u00f3gusok T\u00e1rsas\u00e1ga<\/td> <td style=\"width: 168px;text-align: center;vertical-align: middle\">2013-<\/td> <td style=\"width: 208px;text-align: center;vertical-align: middle\">tag<\/td> <\/tr> <tr> <td style=\"width: 202px;text-align: center;vertical-align: middle\">Magyar \u00c1llatorvosi Kamara<\/td> <td style=\"width: 168px;text-align: center;vertical-align: middle\">2004-<\/td> <td style=\"width: 208px;text-align: center;vertical-align: middle\">tag<\/td> <\/tr> <tr> <td style=\"width: 202px;text-align: center;vertical-align: middle\">Magyar Rektori Konferencia Innov\u00e1ci\u00f3s Bizotts\u00e1ga<\/td> <td style=\"width: 168px;text-align: center;vertical-align: middle\">2019-<\/td> <td style=\"width: 208px;text-align: center;vertical-align: middle\">tag<\/td> <\/tr> <\/tbody> <\/table> <p style=\"text-align: center\"><strong><br \/> Eddigi szakdolgozat\/TDK hallgat\u00f3k sz\u00e1ma:<\/strong> 30<\/p> <p>&nbsp;<\/p> <table class=\"aligncenter\" style=\"height: 213px;width: 56.4974%\" width=\"616\"> <tbody> <tr style=\"height: 24px\"> <td style=\"text-align: center;width: 558px;height: 24px\" colspan=\"2\"><strong>PhD-hallgat\u00f3k<\/strong><\/td> <\/tr> <tr style=\"height: 24px\"> <td style=\"text-align: center;width: 276px;height: 24px\">Dr. Gyetvai B\u00e9la<\/td> <td style=\"text-align: center;width: 276px;height: 24px\">2012<\/td> <\/tr> <tr style=\"height: 24px\"> <td style=\"text-align: center;width: 276px;height: 24px\">Dr. Veres Adrienn Merc\u00e9desz<\/td> <td style=\"text-align: center;width: 276px;height: 24px\">2015<\/td> <\/tr> <tr style=\"height: 24px\"> <td style=\"text-align: center;width: 276px;height: 24px\">Dr. Somogyi Zolt\u00e1n<\/td> <td style=\"text-align: center;width: 276px;height: 24px\">2017<\/td> <\/tr> <tr style=\"height: 24px\"> <td style=\"text-align: center;width: 276px;height: 24px\">Dr. Kov\u00e1cs D\u00f3ra<\/td> <td style=\"text-align: center;width: 276px;height: 24px\">2018<\/td> <\/tr> <tr style=\"height: 24px\"> <td style=\"text-align: center;width: 276px;height: 24px\">Dr. Kerek \u00c1d\u00e1m<\/td> <td style=\"text-align: center;width: 276px;height: 24px\">2020<\/td> <\/tr> <tr> <td style=\"text-align: center;width: 276px\">Dr. Mag Patrik<\/td> <td style=\"text-align: center;width: 276px\">2022<\/td> <\/tr> <\/tbody> <\/table> <p>&nbsp;<\/p> <p style=\"text-align: center\"><strong>Publik\u00e1ci\u00f3s lista (Top10)<\/strong><\/p> <p style=\"text-align: center\">MTMT:\u00a0<a href=\"https:\/\/m2.mtmt.hu\/gui2\/?type=authors&amp;mode=browse&amp;sel=authors10023378\">https:\/\/m2.mtmt.hu\/gui2\/?type=authors&amp;mode=browse&amp;sel=authors10023378<\/a><\/p> <table class=\"aligncenter\" style=\"height: 663px;width: 1270px\"> <tbody> <tr> <td style=\"width: 122px;text-align: center\">1.<\/td> <td style=\"width: 1132px\">L\u00e1nyi Katalin, Monostory Katalin, Steinmetzer Torsten, Jerzsele \u00c1kos, P\u00e1szti-Gere Erzs\u00e9bet: In Vitro Pharmacokinetic Behavior of Antiviral 3-Amidinophenylalanine Derivatives in Rat, Dog and Monkey Hepatocytes, BIOMEDICINES 11: (3) p. 682.<\/td> <\/tr> <tr> <td style=\"width: 122px;text-align: center\">2.<\/td> <td style=\"width: 1132px\">Tr\u00e1j Patrik, Seb\u0151k Csilla, Mackei M\u00e1t\u00e9, Kem\u00e9ny \u00c1gnes, Farkas Orsolya, K\u00e1konyi \u00c1kos, Kov\u00e1cs L\u00e1szl\u00f3, Neogr\u00e1dy Zsuzsanna, Jerzsele \u00c1kos, M\u00e1tis G\u00e1bor: Luteolin: A Phytochemical to Mitigate S. Typhimurium Flagellin-Induced Inflammation in a Chicken In Vitro Hepatic Model, ANIMALS 13: (8) 1410<\/td> <\/tr> <tr> <td style=\"width: 122px;text-align: center\">3.<\/td> <td style=\"width: 1132px\">Somogyi Z., Mag P., Simon R., Kerek \u00c1., Szab\u00f3 P., Albert E., Biksi I., Jerzsele \u00c1.: Pharmacokinetics and Pharmacodynamics of Florfenicol in Plasma and Synovial Fluid of Pigs at a Dose of 30 mg\/kgbw Following Intramuscular Administration, ANTIBIOTICS 12: (4) 758<\/td> <\/tr> <tr> <td style=\"width: 122px;text-align: center\">4.<\/td> <td style=\"width: 1132px\">Somogyi Zolt\u00e1n, Mag Patrik, Kov\u00e1cs D\u00f3ra, Kerek \u00c1d\u00e1m, Szab\u00f3 P\u00e1l, Makrai L\u00e1szl\u00f3, Jerzsele \u00c1kos: Synovial and Systemic Pharmacokinetics of Florfenicol and PK\/PD Integration against Streptococcus suis in Pigs, PHARMACEUTICS 14: (1) 109<\/td> <\/tr> <tr> <td style=\"width: 122px;text-align: center\">5.<\/td> <td style=\"width: 1132px\">Kov\u00e1cs D\u00f3ra, Palkovicsn\u00e9 P\u00e9zsa Nikolett, Jerzsele \u00c1kos, S\u00fcth Mikl\u00f3s, Farkas Orsolya: Protective Effects of Grape Seed Oligomeric Proanthocyanidins in IPEC-J2\u2013Escherichia coli\/Salmonella Typhimurium Co-Culture, ANTIBIOTICS 11: (1) 110<\/td> <\/tr> <tr> <td style=\"width: 122px;text-align: center\">6.<\/td> <td style=\"width: 1132px\">Fedor Z., Szentkir\u00e1lyi-T\u00f3th A., Nagy G., Szimr\u00f3k Z., Varga E., P\u00e1szti A., P\u00e1szti Z., Jerzsele \u00c1., Pilgram O., Steinmetzer T., M\u00e1tis G., Neogr\u00e1dy Z., P\u00e1szti-Gere E.: Interspecies Comparisons of the Effects of Potential Antiviral 3-Amidinophenylalanine Derivatives on Cytochrome P450 1A2 Isoenzyme, VETERINARY SCIENCES 9: (4) 156<\/td> <\/tr> <tr> <td style=\"width: 122px;text-align: center\">7.<\/td> <td style=\"width: 1132px\">Kerek \u00c1d\u00e1m, Sasv\u00e1ri M\u00e1ty\u00e1s, Jerzsele \u00c1kos, Somogyi Zolt\u00e1n, Janov\u00e1k L\u00e1szl\u00f3, Abonyi-T\u00f3th Zsolt, D\u00e9k\u00e1ny Imre: Photoreactive Coating Material as an Effective and Durable Antimicrobial Composite in Reducing Bacterial Load on Surfaces in Livestock, BIOMEDICINES 10: (9) 2312<\/td> <\/tr> <tr> <td style=\"width: 122px;text-align: center\">8.<\/td> <td style=\"width: 1132px\">Tuska-Szalay Barbara, Sipos G\u00e1bor, Tak\u00e1cs N\u00f3ra, Kontsch\u00e1n Jen\u0151, S\u00e1ndor Attila D., P\u00e9ter \u00c1ron, Berta Kriszti\u00e1n, Kerek \u00c1d\u00e1m, Jerzsele \u00c1kos, Vot\u00fdpka Jan, Hornok S\u00e1ndor: Molecular epidemiological study of Trichomonas gallinae focusing on central and southeastern Europe, FRONTIERS IN VETERINARY SCIENCE 9: 1050561<\/td> <\/tr> <tr> <td style=\"width: 122px;text-align: center\">9.<\/td> <td style=\"width: 1132px\">T\u00f3th Adrienn Gr\u00e9ta, Csabai Istv\u00e1n, Mar\u00f3ti Gergely, Jerzsele \u00c1kos, Dubecz Attila, Patai \u00c1rp\u00e1d V., Judge Maura Fiona, Nagy S\u00e1ra \u00c1gnes, Makrai L\u00e1szl\u00f3, B\u00e1nyai Kriszti\u00e1n, Szita G\u00e9za, Solymosi Norbert: A glimpse of antimicrobial resistance gene diversity in kefir and yoghurt, SCIENTIFIC REPORTS 10: (1) 22458<\/td> <\/tr> <tr> <td style=\"width: 122px;text-align: center\">10.<\/td> <td style=\"width: 1132px\">Bek\u0151 Katinka, Felde Orsolya, Sulyok Kinga M., Kreizinger Zsuzsa, Hrivn\u00e1k Veronika, Kiss Kriszti\u00e1n, Biksi Imre, Jerzsele \u00c1kos, Gyuranecz Mikl\u00f3s: Antibiotic susceptibility profiles of Mycoplasma hyorhinis strains isolated from swine in Hungary, VETERINARY MICROBIOLOGY 228: pp. 196-201.<\/td> <\/tr> <\/tbody> <\/table> <p>(Friss\u00edtve: 2025. janu\u00e1r)<\/p>","protected":false},"excerpt":{"rendered":"<p>Bemutatkoz\u00e1s Dr. Jerzsele \u00c1kos Budapesten sz\u00fcletett, gimn\u00e1ziumi tanulm\u00e1nyait k\u00f6vet\u0151en 1999-ben felv\u00e9telt nyert a budapesti \u00c1llatorvostudom\u00e1nyi Egyetemre.\u00a0Dr. Jerzsele \u00c1kos 2004-ben, diplom\u00e1j\u00e1nak k\u00e9zhezv\u00e9tel\u00e9t k\u00f6vet\u0151en azonnal, 2004. december 1-t\u0151l az Egyetem Gy\u00f3gyszertani \u00e9s M\u00e9regtani Tansz\u00e9k\u00e9nek munkat\u00e1rsa lett. 2009-ben szerezte meg PhD-fokozat\u00e1t, miut\u00e1n megv\u00e9dte doktori disszert\u00e1ci\u00f3j\u00e1t \u201cAz amoxicillin-klavul\u00e1nsav \u00f6sszehasonl\u00edt\u00f3 farmakokinetik\u00e1ja brojlercsirk\u00e9kben \u00e9s pulyk\u00e1kban, valamint bakt\u00e9rium-\u00e9rz\u00e9kenys\u00e9gi \u00e9s stabilit\u00e1si vizsg\u00e1lata\u201d c\u00edmmel.<\/p>\n","protected":false},"author":5824,"featured_media":0,"parent":858,"menu_order":211,"comment_status":"closed","ping_status":"closed","template":"","meta":{"_acf_changed":false,"footnotes":""},"categories":[56],"tags":[],"class_list":["post-4003","page","type-page","status-publish","hentry","category-munkatarsak"],"acf":[],"_links":{"self":[{"href":"https:\/\/univet.hu\/hu\/wp-json\/wp\/v2\/pages\/4003","targetHints":{"allow":["GET"]}}],"collection":[{"href":"https:\/\/univet.hu\/hu\/wp-json\/wp\/v2\/pages"}],"about":[{"href":"https:\/\/univet.hu\/hu\/wp-json\/wp\/v2\/types\/page"}],"author":[{"embeddable":true,"href":"https:\/\/univet.hu\/hu\/wp-json\/wp\/v2\/users\/5824"}],"replies":[{"embeddable":true,"href":"https:\/\/univet.hu\/hu\/wp-json\/wp\/v2\/comments?post=4003"}],"version-history":[{"count":3,"href":"https:\/\/univet.hu\/hu\/wp-json\/wp\/v2\/pages\/4003\/revisions"}],"predecessor-version":[{"id":172698,"href":"https:\/\/univet.hu\/hu\/wp-json\/wp\/v2\/pages\/4003\/revisions\/172698"}],"up":[{"embeddable":true,"href":"https:\/\/univet.hu\/hu\/wp-json\/wp\/v2\/pages\/858"}],"wp:attachment":[{"href":"https:\/\/univet.hu\/hu\/wp-json\/wp\/v2\/media?parent=4003"}],"wp:term":[{"taxonomy":"category","embeddable":true,"href":"https:\/\/univet.hu\/hu\/wp-json\/wp\/v2\/categories?post=4003"},{"taxonomy":"post_tag","embeddable":true,"href":"https:\/\/univet.hu\/hu\/wp-json\/wp\/v2\/tags?post=4003"}],"curies":[{"name":"wp","href":"https:\/\/api.w.org\/{rel}","templated":true}]}}