{"id":4006,"date":"2018-04-10T09:32:00","date_gmt":"2018-04-10T07:32:00","guid":{"rendered":"http:\/\/univet.hu\/egyetem\/munkatarsak\/jocsak-gergely\/"},"modified":"2026-02-10T04:01:01","modified_gmt":"2026-02-10T03:01:01","slug":"jocsak-gergely","status":"publish","type":"page","link":"https:\/\/univet.hu\/hu\/egyetem\/munkatarsak\/jocsak-gergely\/","title":{"rendered":"J\u00f3cs\u00e1k Gergely"},"content":{"rendered":"<p><strong>Bemutatkoz\u00e1s<\/strong><\/p> <p>1987-ben sz\u00fclettem Budapesten. K\u00f6z\u00e9piskolai tanulm\u00e1nyaimat k\u00f6vet\u0151en el\u0151sz\u00f6r a Szegedi Tudom\u00e1nyegyetemen kezdtem el, majd az E\u00f6tv\u00f6s Lor\u00e1nd Tudom\u00e1nyegyetem Term\u00e9szettudom\u00e1nyi Kar\u00e1n fejeztem be, mint neurobiol\u00f3gus.<\/p> <p>A diplom\u00e1m megszerz\u00e9s\u00e9t k\u00f6vet\u0151en az \u00c1llatorvostudom\u00e1nyi Egyetemen helyezkedtem el, mint tansz\u00e9ki munkat\u00e1rs. Jelenleg is itt dolgozom, tudom\u00e1nyos munkat\u00e1rsi poz\u00edci\u00f3ban, \u00e9lettan el\u0151ad\u00e1sokat \u00e9s gyakorlatokat tartok magyar, angol \u00e9s n\u00e9met nyelven, valamint fakultat\u00edv t\u00e1rgyakat kommunik\u00e1ci\u00f3-, sug\u00e1rbiol\u00f3gia, illetve idegtudom\u00e1ny t\u00e9mak\u00f6r\u00f6kben.<\/p> <p>A doktori fokozatomat 2018-ban szereztem meg ugyanitt, t\u00e9m\u00e1ja a k\u00fcl\u00f6nb\u00f6z\u0151 endokrin szennyez\u0151anyagok egyedi \u00e9s \u00f6sszes\u00edtett hat\u00e1smechanizmusa a szervezet saj\u00e1t \u00f6sztrog\u00e9n- \u00e9s pajzsmirigy-hormon receptorain. A kutat\u00e1si ter\u00fcleteim jellemz\u0151en e t\u00e9m\u00e1hoz kapcsol\u00f3dnak.<\/p> <p>Az oktat\u00e1si \u00e9s kutat\u00e1si tev\u00e9kenys\u00e9geim mellett az egyetem idegennyelv\u0171 k\u00e9pz\u00e9s\u00e9t is koordin\u00e1lom, szorosan egy\u00fctt dolgozva a Nemzetk\u00f6zi Kapcsolatok Oszt\u00e1ly\u00e1val \u00e9s a Tanulm\u00e1nyi Oszt\u00e1llyal is.<\/p> <p><strong>F\u0151bb kutat\u00e1si ter\u00fcletek<\/strong><\/p> <ul> <li>K\u00f6zponti idegrendszeri glutam\u00e1treceptorok (AMPA, NMDA, KAR) \u00e9s m\u0171k\u00f6d\u00e9s\u00fck<\/li> <li>Endokrin diszruptorok hat\u00e1sa az emberi \u00e9s haszon\u00e1llatok fejl\u0151d\u00e9s\u00e9re, hormonrendszer\u00e9re (bisfenol A, zearalenon, arz\u00e9n, k\u00e1mfor, <em>etinil\u00f6sztradiol<\/em>)<\/li> <li>Idegi primer sejtkult\u00far\u00e1k l\u00e9trehoz\u00e1sa \u00e9s fenntart\u00e1sa<\/li> <\/ul> <p><strong>El\u0151rehalad\u00e1s<\/strong><\/p> <p>2005\u00a0\u00a0\u00a0 Sz\u00e1m\u00edt\u00e1stechnikai szoftver\u00fczemeltet\u0151 k\u00e9pes\u00edt\u00e9s<\/p> <p>2011\u00a0\u00a0\u00a0 Biol\u00f3gus MSc., Struktur\u00e1lis \u00e9s funkcion\u00e1lis biol\u00f3gia alszakir\u00e1ny, neurobiol\u00f3gia; E\u00f6tv\u00f6s Lor\u00e1nd Tudom\u00e1nyegyetem, Term\u00e9szettudom\u00e1nyi Kar, Budapest<\/p> <p>2018\u00a0\u00a0\u00a0 PhD; \u00c1llatorvostudom\u00e1nyi Egyetem, Budapest<\/p> <p>2022\u00a0\u00a0\u00a0 Experiment\u00e1lis toxikol\u00f3gus (folyamatban); \u00c1llatorvostudom\u00e1nyi Egyetem, Budapest<\/p> <p>&nbsp;<\/p> <p><strong>Szakmai szervezeti tags\u00e1g<\/strong><\/p> <ul> <li>Magyar Idegtudom\u00e1nyi T\u00e1rsas\u00e1g<\/li> <li>Magyar \u00c9lettani T\u00e1rsas\u00e1g<\/li> <li>Magyar Ker\u00e9kp\u00e1rosklub<\/li> <\/ul> <p>&nbsp;<\/p> <p><strong>Eddigi szakdolgozat\/TDK hallgat\u00f3k sz\u00e1ma<\/strong><\/p> <p>16<\/p> <table width=\"569\"> <tbody> <tr> <td colspan=\"2\" width=\"569\"><strong>PhD-hallgat\u00f3k<\/strong><\/td> <\/tr> <tr> <td width=\"281\">&#8211;<\/td> <td width=\"288\"><\/td> <\/tr> <\/tbody> <\/table> <p>&nbsp;<\/p> <p><strong>Publik\u00e1ci\u00f3s lista (Top10)<\/strong><\/p> <p>MTMT: 10039543<\/p> <p>(<a href=\"https:\/\/m2.mtmt.hu\/gui2\/?type=authors&amp;mode=browse&amp;sel=10039543\">https:\/\/m2.mtmt.hu\/gui2\/?type=authors&amp;mode=browse&amp;sel=10039543<\/a>)<\/p> <ol> <li>Kiss DS., Jocsak G., Zsarnovszky A.: <strong>Az inzulin szerepe a t\u00e1pl\u00e1l\u00e9kf\u00f6lv\u00e9tel k\u00f6zponti idegrendszeri szab\u00e1lyoz\u00e1s\u00e1ban<\/strong>, Magyar \u00c1llatorvosok Lapja\/Hungarian Veterinary Journal, 134(10):635\u2013640, 2012. (IF: 0.185)<\/li> <li>Toth I., Kiss DS., Jocsak G., Somogyi V., Toronyi E., Bartha T., Frenyo VL., Horvath TL., Zsarnovszky A.: <strong>Estrogen- and Satiety State-Dependent Metabolic Lateralization in the Hypothalamus of Female Rats<\/strong>, PLoSONE, 10(9):e0137462, 2015. (IF: 3.234)<\/li> <li>Kiss DS., Toth I., Jocsak G., Sterczer A., Bartha T., Frenyo VL., Zsarnovszky A.: <strong>Preparation of purified perikaryal and synaptosomal mitochondrial fractions from relatively small hypothalamic brain samples<\/strong>, <em>MethodsX, <\/em>3:417\u2013429, 2016. (IF: 1.34)<\/li> <li>Jocsak G., Kiss DS., Toth I., Goszleth G., Bartha T., Frenyo LV., Horvath TL., Zsarnovszky A.: <strong>Comparison of Individual and Combined Effects of Four Endocrine Disruptors on Estrogen Receptor Beta Transcription in Cerebellar Cell Culture: The Modulatory Role of Estradiol and Triiodo-Thyronine<\/strong>, <em>Int J Environ Res Public Health<\/em>, 13(6). pii: E619. doi: 10.3390\/ijerph13060619., 2016. (IF: 2.035)<\/li> <li>Zsarnovszky A., Kiss DS., Jocsak G., Nemeth G.; Toth I., Horvath TL.: <strong>Thyroid hormone- and estrogen receptor interactions with natural ligands and endocrine disruptors in the cerebellum<\/strong>, <em>Frontiers in Neuroendocrinology,<\/em> 48:23-36, 2018. (IF: 9.425)<\/li> <li>Kiss DS., Ioja E., Toth I., Barany Z., Jocsak G., Bartha T., Horvath TL., Zsarnovszky A.: <strong>Comparative analysis of zearalenone effects on thyroid receptor alpha (TR\u03b1) and beta (TR\u03b2) expression in rat primary cerebellar cell cultures<\/strong>, <em>International Journal of Molecular Sciences, <\/em>19(5). pii: E1440. doi: 10.3390\/ijms19051440, 2018. (IF: 3.226)<\/li> <li>Toth I., Jocsak G., Szilasi A., Kiss DS., Barany Z., Bartha T., Mandoki M.: <strong>\u00c1llatorvostudom\u00e1nyok oktat\u00e1sa a digit\u00e1lis korszakban (Teaching veterinary medicine in the digital age)<\/strong>, <em>Magyar \u00c1llatorvosok Lapja\/Hungarian Veterinary Journal, <\/em>140(4):697-703, 2018. (IF: 0.185)<\/li> <li>Jocsak G., Ioja E, Kiss DS., Toth I., Barany Z., Bartha T., Frenyo VL., Zsarnovszky A.: <strong>Endocrine Disruptors Induced Distinct Expression of Thyroid and Estrogen Receptors in Rat versus Mouse Primary Cerebellar Cell Cultures<\/strong>, Brain Sci., 9(12), 359, 2019. (IF: 2.786)<\/li> <li>Kiss DS., Toth I., Jocsak G., Barha T., Frenyo VL., Barany Z., Horvath TL., Zsarnovszky A.: <strong>Metabolic lateralization in the hypothalamus of male rats related to reproductive and satiety states<\/strong>. Reprod Sci., DOI: 10.1007\/s43032-019-00131-3, 2020. (IF: 2.559)<\/li> <li>Kiss DS., Toth I., Jocsak G., Barany Z., Barha T., Frenyo VL., Horvath TL., Zsarnovszky A..: <strong>Functional aspects of hypothalamic asymmetry<\/strong>. Brain Sci., 10(6),389, DOI: 10.3390\/brainsci10060389, 2020. (IF: 3.332)<\/li> <\/ol>","protected":false},"excerpt":{"rendered":"<p>Bemutatkoz\u00e1s 1987-ben sz\u00fclettem Budapesten. K\u00f6z\u00e9piskolai tanulm\u00e1nyaimat k\u00f6vet\u0151en el\u0151sz\u00f6r a Szegedi Tudom\u00e1nyegyetemen kezdtem el, majd az E\u00f6tv\u00f6s Lor\u00e1nd Tudom\u00e1nyegyetem Term\u00e9szettudom\u00e1nyi Kar\u00e1n fejeztem be, mint neurobiol\u00f3gus. A diplom\u00e1m megszerz\u00e9s\u00e9t k\u00f6vet\u0151en az \u00c1llatorvostudom\u00e1nyi Egyetemen helyezkedtem el, mint tansz\u00e9ki munkat\u00e1rs. Jelenleg is itt dolgozom, tudom\u00e1nyos munkat\u00e1rsi poz\u00edci\u00f3ban, \u00e9lettan el\u0151ad\u00e1sokat \u00e9s gyakorlatokat tartok magyar, angol \u00e9s n\u00e9met nyelven, valamint fakultat\u00edv<\/p>\n","protected":false},"author":5824,"featured_media":0,"parent":858,"menu_order":211,"comment_status":"closed","ping_status":"closed","template":"","meta":{"_acf_changed":false,"footnotes":""},"categories":[56],"tags":[],"class_list":["post-4006","page","type-page","status-publish","hentry","category-munkatarsak"],"acf":[],"_links":{"self":[{"href":"https:\/\/univet.hu\/hu\/wp-json\/wp\/v2\/pages\/4006","targetHints":{"allow":["GET"]}}],"collection":[{"href":"https:\/\/univet.hu\/hu\/wp-json\/wp\/v2\/pages"}],"about":[{"href":"https:\/\/univet.hu\/hu\/wp-json\/wp\/v2\/types\/page"}],"author":[{"embeddable":true,"href":"https:\/\/univet.hu\/hu\/wp-json\/wp\/v2\/users\/5824"}],"replies":[{"embeddable":true,"href":"https:\/\/univet.hu\/hu\/wp-json\/wp\/v2\/comments?post=4006"}],"version-history":[{"count":2,"href":"https:\/\/univet.hu\/hu\/wp-json\/wp\/v2\/pages\/4006\/revisions"}],"predecessor-version":[{"id":188024,"href":"https:\/\/univet.hu\/hu\/wp-json\/wp\/v2\/pages\/4006\/revisions\/188024"}],"up":[{"embeddable":true,"href":"https:\/\/univet.hu\/hu\/wp-json\/wp\/v2\/pages\/858"}],"wp:attachment":[{"href":"https:\/\/univet.hu\/hu\/wp-json\/wp\/v2\/media?parent=4006"}],"wp:term":[{"taxonomy":"category","embeddable":true,"href":"https:\/\/univet.hu\/hu\/wp-json\/wp\/v2\/categories?post=4006"},{"taxonomy":"post_tag","embeddable":true,"href":"https:\/\/univet.hu\/hu\/wp-json\/wp\/v2\/tags?post=4006"}],"curies":[{"name":"wp","href":"https:\/\/api.w.org\/{rel}","templated":true}]}}